
{"id":2562,"date":"2021-03-19T21:07:02","date_gmt":"2021-03-19T20:07:02","guid":{"rendered":"https:\/\/vitaliafarm.com\/?post_type=product&#038;p=2562"},"modified":"2026-01-15T23:57:05","modified_gmt":"2026-01-15T22:57:05","slug":"caj-kod-povisenog-holesterola","status":"publish","type":"product","link":"https:\/\/vitaliafarm.com\/en\/prodavnica\/cajne-mesavine\/caj-kod-povisenog-holesterola\/","title":{"rendered":"\u010caj kod povi\u0161enog holesterola"},"content":{"rendered":"<p><strong>Priprema \u010daja\u00a0(jedna doza<\/strong>):\u00a0\u00a01 supenu ka\u0161iku \u010daja preliti sa 250 ml klju\u010dale vode (1 \u0161olja), sud poklopiti i ostaviti da stoji 20 min. pa procediti.<\/p>\n<p>Piti 2-3 puta dnevno po jednu \u0161olju \u010daja.<\/p>\n<p><strong>Napomena:<\/strong> O indikacijma, merama opreza i ne\u017eeljenim dejstvima posavetujte se sa lekarom ili farmaceutom.<\/p>\n<p><strong>Sastav:<\/strong><\/p>\n<ul>\n<li>Cynarae folium<\/li>\n<li>Oleae folium<\/li>\n<li>Teucrii montani herba<\/li>\n<li>Taraxaci radix<\/li>\n<li>Foenigraeci semen<\/li>\n<\/ul>\n<p><strong>Na\u010din \u010duvanja:<\/strong> \u010cuvati na suvom i tamnom mestu, na sobnoj temperaturi.<br \/>\n<strong>Pakovanje:<\/strong> 80g<br \/>\n<strong>Pakuje:<\/strong> \u201cVitalia Farm\u201cd.o.o., Beograd, Srbija<br \/>\nDODATAK ISHRANI<\/p>","protected":false},"excerpt":{"rendered":"<p><strong>Upotreba:<\/strong><\/p>\n<p>Vitalia Farm \u010caj kod povi\u0161enog holesterola upotrebljava se kod uve\u0107anih vrednosti holesterola i triglicerida u krvi.<\/p>\n<p><strong>Pakovanje:<\/strong> 80 g<\/p>\n<p>&nbsp;<\/p>","protected":false},"featured_media":3860,"comment_status":"open","ping_status":"closed","template":"","meta":{"_monsterinsights_skip_tracking":false,"_monsterinsights_sitenote_active":false,"_monsterinsights_sitenote_note":"","_monsterinsights_sitenote_category":0},"product_brand":[],"product_cat":[314],"product_tag":[735,861,800,858,864,862,776,859,802,803,374,860,801,863],"class_list":{"0":"post-2562","1":"product","2":"type-product","3":"status-publish","4":"has-post-thumbnail","6":"product_cat-cajne-mesavine","7":"product_tag-biljni-cajevi","8":"product_tag-biljni-lek-za-holesterol","9":"product_tag-caj-kod-povisenog-holesterola","10":"product_tag-caj-za-holesterol","11":"product_tag-caj-za-povisen-holesterol","12":"product_tag-caj-za-trigliceride","13":"product_tag-cajne-mesavine","14":"product_tag-kako-smanjiti-holesterol","15":"product_tag-poviseni-holesterol","16":"product_tag-poviseni-trigliceridi-u-krvi","17":"product_tag-prirodni-preparati","18":"product_tag-sta-znaci-povisen-holesterol","19":"product_tag-uvecane-vrednosti-holesterola","20":"product_tag-vitalia-farm-cajne-mesavine","22":"first","23":"instock","24":"taxable","25":"shipping-taxable","26":"purchasable","27":"product-type-simple"},"aioseo_notices":[],"yoast_head":"<!-- This site is optimized with the Yoast SEO plugin v26.2 - https:\/\/yoast.com\/wordpress\/plugins\/seo\/ -->\n<title>\u010caj kod povi\u0161enog holesterola - Vitalia Farm<\/title>\n<meta name=\"description\" content=\"Vitalia Farm \u010dajna me\u0161avina upotrebljava se kod povi\u0161enog nivoa holesterola i triglicerida u krvi. Piti 2-3 puta dnevno po jednu \u0161olju \u010daja.\" \/>\n<meta name=\"robots\" content=\"index, follow, max-snippet:-1, max-image-preview:large, max-video-preview:-1\" \/>\n<link rel=\"canonical\" href=\"https:\/\/vitaliafarm.com\/en\/prodavnica\/cajne-mesavine\/caj-kod-povisenog-holesterola\/\" \/>\n<meta property=\"og:locale\" content=\"en_US\" \/>\n<meta property=\"og:type\" content=\"article\" \/>\n<meta property=\"og:title\" content=\"\u010caj kod povi\u0161enog holesterola - Vitalia Farm\" \/>\n<meta property=\"og:description\" content=\"Vitalia Farm \u010dajna me\u0161avina upotrebljava se kod povi\u0161enog nivoa holesterola i triglicerida u krvi. Piti 2-3 puta dnevno po jednu \u0161olju \u010daja.\" \/>\n<meta property=\"og:url\" content=\"https:\/\/vitaliafarm.com\/en\/prodavnica\/cajne-mesavine\/caj-kod-povisenog-holesterola\/\" \/>\n<meta property=\"og:site_name\" content=\"Vitalia Farm\" \/>\n<meta property=\"article:publisher\" content=\"https:\/\/www.facebook.com\/vitaliafarm\/\" \/>\n<meta property=\"article:modified_time\" content=\"2026-01-15T22:57:05+00:00\" \/>\n<meta property=\"og:image\" content=\"https:\/\/vitaliafarm.com\/wp-content\/uploads\/2021\/05\/caj-poviseni-holesterol.png\" \/>\n\t<meta property=\"og:image:width\" content=\"500\" \/>\n\t<meta property=\"og:image:height\" content=\"600\" \/>\n\t<meta property=\"og:image:type\" content=\"image\/png\" \/>\n<meta name=\"twitter:card\" content=\"summary_large_image\" \/>\n<script type=\"application\/ld+json\" class=\"yoast-schema-graph\">{\"@context\":\"https:\/\/schema.org\",\"@graph\":[{\"@type\":\"WebPage\",\"@id\":\"https:\/\/vitaliafarm.com\/prodavnica\/cajne-mesavine\/caj-kod-povisenog-holesterola\/\",\"url\":\"https:\/\/vitaliafarm.com\/prodavnica\/cajne-mesavine\/caj-kod-povisenog-holesterola\/\",\"name\":\"\u010caj kod povi\u0161enog holesterola - Vitalia Farm\",\"isPartOf\":{\"@id\":\"https:\/\/vitaliafarm.com\/#website\"},\"primaryImageOfPage\":{\"@id\":\"https:\/\/vitaliafarm.com\/prodavnica\/cajne-mesavine\/caj-kod-povisenog-holesterola\/#primaryimage\"},\"image\":{\"@id\":\"https:\/\/vitaliafarm.com\/prodavnica\/cajne-mesavine\/caj-kod-povisenog-holesterola\/#primaryimage\"},\"thumbnailUrl\":\"https:\/\/vitaliafarm.com\/wp-content\/uploads\/2021\/05\/caj-poviseni-holesterol.png\",\"datePublished\":\"2021-03-19T20:07:02+00:00\",\"dateModified\":\"2026-01-15T22:57:05+00:00\",\"description\":\"Vitalia Farm \u010dajna me\u0161avina upotrebljava se kod povi\u0161enog nivoa holesterola i triglicerida u krvi. Piti 2-3 puta dnevno po jednu \u0161olju \u010daja.\",\"breadcrumb\":{\"@id\":\"https:\/\/vitaliafarm.com\/prodavnica\/cajne-mesavine\/caj-kod-povisenog-holesterola\/#breadcrumb\"},\"inLanguage\":\"en-US\",\"potentialAction\":[{\"@type\":\"ReadAction\",\"target\":[\"https:\/\/vitaliafarm.com\/prodavnica\/cajne-mesavine\/caj-kod-povisenog-holesterola\/\"]}]},{\"@type\":\"ImageObject\",\"inLanguage\":\"en-US\",\"@id\":\"https:\/\/vitaliafarm.com\/prodavnica\/cajne-mesavine\/caj-kod-povisenog-holesterola\/#primaryimage\",\"url\":\"https:\/\/vitaliafarm.com\/wp-content\/uploads\/2021\/05\/caj-poviseni-holesterol.png\",\"contentUrl\":\"https:\/\/vitaliafarm.com\/wp-content\/uploads\/2021\/05\/caj-poviseni-holesterol.png\",\"width\":500,\"height\":600,\"caption\":\"Vitalia Farm - \u010daj kod povi\u0161enog holesterola\"},{\"@type\":\"BreadcrumbList\",\"@id\":\"https:\/\/vitaliafarm.com\/prodavnica\/cajne-mesavine\/caj-kod-povisenog-holesterola\/#breadcrumb\",\"itemListElement\":[{\"@type\":\"ListItem\",\"position\":1,\"name\":\"Po\u010detna\",\"item\":\"https:\/\/vitaliafarm.com\/\"},{\"@type\":\"ListItem\",\"position\":2,\"name\":\"Prodavnica\",\"item\":\"https:\/\/vitaliafarm.com\/prodavnica\/\"},{\"@type\":\"ListItem\",\"position\":3,\"name\":\"\u010caj kod povi\u0161enog holesterola\"}]},{\"@type\":\"WebSite\",\"@id\":\"https:\/\/vitaliafarm.com\/#website\",\"url\":\"https:\/\/vitaliafarm.com\/\",\"name\":\"Vitalia Farm\",\"description\":\"Svet lekovitog bilja\",\"publisher\":{\"@id\":\"https:\/\/vitaliafarm.com\/#organization\"},\"potentialAction\":[{\"@type\":\"SearchAction\",\"target\":{\"@type\":\"EntryPoint\",\"urlTemplate\":\"https:\/\/vitaliafarm.com\/?s={search_term_string}\"},\"query-input\":{\"@type\":\"PropertyValueSpecification\",\"valueRequired\":true,\"valueName\":\"search_term_string\"}}],\"inLanguage\":\"en-US\"},{\"@type\":\"Organization\",\"@id\":\"https:\/\/vitaliafarm.com\/#organization\",\"name\":\"Vitalia Farm d.o.o.\",\"url\":\"https:\/\/vitaliafarm.com\/\",\"logo\":{\"@type\":\"ImageObject\",\"inLanguage\":\"en-US\",\"@id\":\"https:\/\/vitaliafarm.com\/#\/schema\/logo\/image\/\",\"url\":\"https:\/\/vitaliafarm.com\/wp-content\/uploads\/2022\/02\/logo.png\",\"contentUrl\":\"https:\/\/vitaliafarm.com\/wp-content\/uploads\/2022\/02\/logo.png\",\"width\":270,\"height\":111,\"caption\":\"Vitalia Farm d.o.o.\"},\"image\":{\"@id\":\"https:\/\/vitaliafarm.com\/#\/schema\/logo\/image\/\"},\"sameAs\":[\"https:\/\/www.facebook.com\/vitaliafarm\/\",\"https:\/\/www.instagram.com\/vitaliafarm\/\"]}]}<\/script>\n<!-- \/ Yoast SEO plugin. -->","yoast_head_json":{"title":"\u010caj kod povi\u0161enog holesterola - Vitalia Farm","description":"Vitalia Farm \u010dajna me\u0161avina upotrebljava se kod povi\u0161enog nivoa holesterola i triglicerida u krvi. Piti 2-3 puta dnevno po jednu \u0161olju \u010daja.","robots":{"index":"index","follow":"follow","max-snippet":"max-snippet:-1","max-image-preview":"max-image-preview:large","max-video-preview":"max-video-preview:-1"},"canonical":"https:\/\/vitaliafarm.com\/en\/prodavnica\/cajne-mesavine\/caj-kod-povisenog-holesterola\/","og_locale":"en_US","og_type":"article","og_title":"\u010caj kod povi\u0161enog holesterola - Vitalia Farm","og_description":"Vitalia Farm \u010dajna me\u0161avina upotrebljava se kod povi\u0161enog nivoa holesterola i triglicerida u krvi. Piti 2-3 puta dnevno po jednu \u0161olju \u010daja.","og_url":"https:\/\/vitaliafarm.com\/en\/prodavnica\/cajne-mesavine\/caj-kod-povisenog-holesterola\/","og_site_name":"Vitalia Farm","article_publisher":"https:\/\/www.facebook.com\/vitaliafarm\/","article_modified_time":"2026-01-15T22:57:05+00:00","og_image":[{"width":500,"height":600,"url":"https:\/\/vitaliafarm.com\/wp-content\/uploads\/2021\/05\/caj-poviseni-holesterol.png","type":"image\/png"}],"twitter_card":"summary_large_image","schema":{"@context":"https:\/\/schema.org","@graph":[{"@type":"WebPage","@id":"https:\/\/vitaliafarm.com\/prodavnica\/cajne-mesavine\/caj-kod-povisenog-holesterola\/","url":"https:\/\/vitaliafarm.com\/prodavnica\/cajne-mesavine\/caj-kod-povisenog-holesterola\/","name":"\u010caj kod povi\u0161enog holesterola - Vitalia Farm","isPartOf":{"@id":"https:\/\/vitaliafarm.com\/#website"},"primaryImageOfPage":{"@id":"https:\/\/vitaliafarm.com\/prodavnica\/cajne-mesavine\/caj-kod-povisenog-holesterola\/#primaryimage"},"image":{"@id":"https:\/\/vitaliafarm.com\/prodavnica\/cajne-mesavine\/caj-kod-povisenog-holesterola\/#primaryimage"},"thumbnailUrl":"https:\/\/vitaliafarm.com\/wp-content\/uploads\/2021\/05\/caj-poviseni-holesterol.png","datePublished":"2021-03-19T20:07:02+00:00","dateModified":"2026-01-15T22:57:05+00:00","description":"Vitalia Farm \u010dajna me\u0161avina upotrebljava se kod povi\u0161enog nivoa holesterola i triglicerida u krvi. Piti 2-3 puta dnevno po jednu \u0161olju \u010daja.","breadcrumb":{"@id":"https:\/\/vitaliafarm.com\/prodavnica\/cajne-mesavine\/caj-kod-povisenog-holesterola\/#breadcrumb"},"inLanguage":"en-US","potentialAction":[{"@type":"ReadAction","target":["https:\/\/vitaliafarm.com\/prodavnica\/cajne-mesavine\/caj-kod-povisenog-holesterola\/"]}]},{"@type":"ImageObject","inLanguage":"en-US","@id":"https:\/\/vitaliafarm.com\/prodavnica\/cajne-mesavine\/caj-kod-povisenog-holesterola\/#primaryimage","url":"https:\/\/vitaliafarm.com\/wp-content\/uploads\/2021\/05\/caj-poviseni-holesterol.png","contentUrl":"https:\/\/vitaliafarm.com\/wp-content\/uploads\/2021\/05\/caj-poviseni-holesterol.png","width":500,"height":600,"caption":"Vitalia Farm - \u010daj kod povi\u0161enog holesterola"},{"@type":"BreadcrumbList","@id":"https:\/\/vitaliafarm.com\/prodavnica\/cajne-mesavine\/caj-kod-povisenog-holesterola\/#breadcrumb","itemListElement":[{"@type":"ListItem","position":1,"name":"Po\u010detna","item":"https:\/\/vitaliafarm.com\/"},{"@type":"ListItem","position":2,"name":"Prodavnica","item":"https:\/\/vitaliafarm.com\/prodavnica\/"},{"@type":"ListItem","position":3,"name":"\u010caj kod povi\u0161enog holesterola"}]},{"@type":"WebSite","@id":"https:\/\/vitaliafarm.com\/#website","url":"https:\/\/vitaliafarm.com\/","name":"Vitalia Farm","description":"Svet lekovitog bilja","publisher":{"@id":"https:\/\/vitaliafarm.com\/#organization"},"potentialAction":[{"@type":"SearchAction","target":{"@type":"EntryPoint","urlTemplate":"https:\/\/vitaliafarm.com\/?s={search_term_string}"},"query-input":{"@type":"PropertyValueSpecification","valueRequired":true,"valueName":"search_term_string"}}],"inLanguage":"en-US"},{"@type":"Organization","@id":"https:\/\/vitaliafarm.com\/#organization","name":"Vitalia Farm d.o.o.","url":"https:\/\/vitaliafarm.com\/","logo":{"@type":"ImageObject","inLanguage":"en-US","@id":"https:\/\/vitaliafarm.com\/#\/schema\/logo\/image\/","url":"https:\/\/vitaliafarm.com\/wp-content\/uploads\/2022\/02\/logo.png","contentUrl":"https:\/\/vitaliafarm.com\/wp-content\/uploads\/2022\/02\/logo.png","width":270,"height":111,"caption":"Vitalia Farm d.o.o."},"image":{"@id":"https:\/\/vitaliafarm.com\/#\/schema\/logo\/image\/"},"sameAs":["https:\/\/www.facebook.com\/vitaliafarm\/","https:\/\/www.instagram.com\/vitaliafarm\/"]}]}},"_links":{"self":[{"href":"https:\/\/vitaliafarm.com\/en\/wp-json\/wp\/v2\/product\/2562","targetHints":{"allow":["GET"]}}],"collection":[{"href":"https:\/\/vitaliafarm.com\/en\/wp-json\/wp\/v2\/product"}],"about":[{"href":"https:\/\/vitaliafarm.com\/en\/wp-json\/wp\/v2\/types\/product"}],"replies":[{"embeddable":true,"href":"https:\/\/vitaliafarm.com\/en\/wp-json\/wp\/v2\/comments?post=2562"}],"wp:featuredmedia":[{"embeddable":true,"href":"https:\/\/vitaliafarm.com\/en\/wp-json\/wp\/v2\/media\/3860"}],"wp:attachment":[{"href":"https:\/\/vitaliafarm.com\/en\/wp-json\/wp\/v2\/media?parent=2562"}],"wp:term":[{"taxonomy":"product_brand","embeddable":true,"href":"https:\/\/vitaliafarm.com\/en\/wp-json\/wp\/v2\/product_brand?post=2562"},{"taxonomy":"product_cat","embeddable":true,"href":"https:\/\/vitaliafarm.com\/en\/wp-json\/wp\/v2\/product_cat?post=2562"},{"taxonomy":"product_tag","embeddable":true,"href":"https:\/\/vitaliafarm.com\/en\/wp-json\/wp\/v2\/product_tag?post=2562"}],"curies":[{"name":"wp","href":"https:\/\/api.w.org\/{rel}","templated":true}]}}