
{"id":2569,"date":"2021-03-19T21:07:03","date_gmt":"2021-03-19T20:07:03","guid":{"rendered":"https:\/\/vitaliafarm.com\/?post_type=product&#038;p=2569"},"modified":"2026-01-15T23:53:29","modified_gmt":"2026-01-15T22:53:29","slug":"cajna-mesavina-kod-regulisanja-telesne-tezine","status":"publish","type":"product","link":"https:\/\/vitaliafarm.com\/en\/prodavnica\/cajne-mesavine\/cajna-mesavina-kod-regulisanja-telesne-tezine\/","title":{"rendered":"\u010cajna me\u0161avina kod regulisanja telesne te\u017eine"},"content":{"rendered":"<p>Pa\u017eljivo kreirana \u010dajna me\u0161avina koristi se za regulisanje telesne te\u017eine. Ubrzava metabolizam, pospe\u0161uje sagorevannje masnih naslaga&#8230;<\/p>\n<p><strong>Priprema \u010daja\u00a0(jedna doza)<\/strong>:\u00a0\u00a01 supenu ka\u0161iku \u010daja preliti sa 250 ml klju\u010dale vode (1 \u0161olja), sud poklopiti i ostaviti da stoji 20 min. pa procediti.<\/p>\n<p>Piti dva puta dnevno po jednu \u0161olju nezasla\u0111enog \u010daja.<\/p>\n<p><strong>Napomena:<\/strong> O indikacijma, merama opreza i ne\u017eeljenim dejstvima posavetujte se sa lekarom ili farmaceutom.<\/p>\n<p><strong>Sastav:<\/strong><\/p>\n<ul>\n<li>Frangulae cortex<\/li>\n<li>Melissae folium<\/li>\n<li>Taraxaci radix<\/li>\n<li>Utricae folium<\/li>\n<li>Chamaedryos herba<\/li>\n<li>Poeniculi fructus<\/li>\n<\/ul>\n<p><strong>Na\u010din \u010duvanja:<\/strong> \u010cuvati na suvom i tamnom mestu, na sobnoj temperaturi.<br \/>\n<strong>Pakovanje:<\/strong> 80g<br \/>\n<strong>Pakuje:<\/strong> \u201cVitalia Farm\u201cd.o.o., Beograd, Srbija<br \/>\nDODATAK ISHRANI<\/p>","protected":false},"excerpt":{"rendered":"<p><strong>Upotreba<\/strong>:<\/p>\n<p>Vitalia Farm \u010cajna me\u0161avina kod regulisanja telesne te\u017eine koristi se kod neregulisane telesne te\u017eine.<\/p>\n<p>&nbsp;<\/p>\n<p><strong>Pakovanje:<\/strong> 80 g<\/p>","protected":false},"featured_media":3861,"comment_status":"open","ping_status":"closed","template":"","meta":{"_monsterinsights_skip_tracking":false,"_monsterinsights_sitenote_active":false,"_monsterinsights_sitenote_note":"","_monsterinsights_sitenote_category":0},"product_brand":[],"product_cat":[314],"product_tag":[855,852,856,857,467,853,367,851,854],"class_list":{"0":"post-2569","1":"product","2":"type-product","3":"status-publish","4":"has-post-thumbnail","6":"product_cat-cajne-mesavine","7":"product_tag-beograd-vitalia-farm","8":"product_tag-caj-za-mrsavljenje","9":"product_tag-caj-za-regulisanje-telesne-mase","10":"product_tag-cajevi-za-mrsanje","11":"product_tag-mrsavljenje","12":"product_tag-najbolji-cajevi-za-mrsavljenje","13":"product_tag-prirodni-preparati-biljni-cajevi-cajne-mesavine-caj-kod-regulisanja-telesne-tezine-caj-za-mrsavljenje-mrsavljenje-regulisanje-telesne-tezine-smanjenje-kilograma","14":"product_tag-ubrzavanje-metabolizma","15":"product_tag-vitalia-farm-cajevi","17":"first","18":"instock","19":"taxable","20":"shipping-taxable","21":"purchasable","22":"product-type-simple"},"aioseo_notices":[],"yoast_head":"<!-- This site is optimized with the Yoast SEO plugin v26.2 - https:\/\/yoast.com\/wordpress\/plugins\/seo\/ -->\n<title>\u010cajna me\u0161avina kod regulisanja telesne te\u017eine - Vitalia Farm<\/title>\n<meta name=\"description\" content=\"Pa\u017eljivo kreirana \u010dajna me\u0161avina koristi se za regulisanje telesne te\u017eine. Ubrzava metabolizam, pospe\u0161uje sagorevannje masnih naslaga...\" \/>\n<meta name=\"robots\" content=\"index, follow, max-snippet:-1, max-image-preview:large, max-video-preview:-1\" \/>\n<link rel=\"canonical\" href=\"https:\/\/vitaliafarm.com\/en\/prodavnica\/cajne-mesavine\/cajna-mesavina-kod-regulisanja-telesne-tezine\/\" \/>\n<meta property=\"og:locale\" content=\"en_US\" \/>\n<meta property=\"og:type\" content=\"article\" \/>\n<meta property=\"og:title\" content=\"\u010cajna me\u0161avina kod regulisanja telesne te\u017eine - Vitalia Farm\" \/>\n<meta property=\"og:description\" content=\"Pa\u017eljivo kreirana \u010dajna me\u0161avina koristi se za regulisanje telesne te\u017eine. Ubrzava metabolizam, pospe\u0161uje sagorevannje masnih naslaga...\" \/>\n<meta property=\"og:url\" content=\"https:\/\/vitaliafarm.com\/en\/prodavnica\/cajne-mesavine\/cajna-mesavina-kod-regulisanja-telesne-tezine\/\" \/>\n<meta property=\"og:site_name\" content=\"Vitalia Farm\" \/>\n<meta property=\"article:publisher\" content=\"https:\/\/www.facebook.com\/vitaliafarm\/\" \/>\n<meta property=\"article:modified_time\" content=\"2026-01-15T22:53:29+00:00\" \/>\n<meta property=\"og:image\" content=\"https:\/\/vitaliafarm.com\/wp-content\/uploads\/2021\/05\/caj-regulisanje-telesne-tezine.png\" \/>\n\t<meta property=\"og:image:width\" content=\"500\" \/>\n\t<meta property=\"og:image:height\" content=\"600\" \/>\n\t<meta property=\"og:image:type\" content=\"image\/png\" \/>\n<meta name=\"twitter:card\" content=\"summary_large_image\" \/>\n<meta name=\"twitter:label1\" content=\"Est. reading time\" \/>\n\t<meta name=\"twitter:data1\" content=\"1 minute\" \/>\n<script type=\"application\/ld+json\" class=\"yoast-schema-graph\">{\"@context\":\"https:\/\/schema.org\",\"@graph\":[{\"@type\":\"WebPage\",\"@id\":\"https:\/\/vitaliafarm.com\/prodavnica\/cajne-mesavine\/cajna-mesavina-kod-regulisanja-telesne-tezine\/\",\"url\":\"https:\/\/vitaliafarm.com\/prodavnica\/cajne-mesavine\/cajna-mesavina-kod-regulisanja-telesne-tezine\/\",\"name\":\"\u010cajna me\u0161avina kod regulisanja telesne te\u017eine - Vitalia Farm\",\"isPartOf\":{\"@id\":\"https:\/\/vitaliafarm.com\/#website\"},\"primaryImageOfPage\":{\"@id\":\"https:\/\/vitaliafarm.com\/prodavnica\/cajne-mesavine\/cajna-mesavina-kod-regulisanja-telesne-tezine\/#primaryimage\"},\"image\":{\"@id\":\"https:\/\/vitaliafarm.com\/prodavnica\/cajne-mesavine\/cajna-mesavina-kod-regulisanja-telesne-tezine\/#primaryimage\"},\"thumbnailUrl\":\"https:\/\/vitaliafarm.com\/wp-content\/uploads\/2021\/05\/caj-regulisanje-telesne-tezine.png\",\"datePublished\":\"2021-03-19T20:07:03+00:00\",\"dateModified\":\"2026-01-15T22:53:29+00:00\",\"description\":\"Pa\u017eljivo kreirana \u010dajna me\u0161avina koristi se za regulisanje telesne te\u017eine. Ubrzava metabolizam, pospe\u0161uje sagorevannje masnih naslaga...\",\"breadcrumb\":{\"@id\":\"https:\/\/vitaliafarm.com\/prodavnica\/cajne-mesavine\/cajna-mesavina-kod-regulisanja-telesne-tezine\/#breadcrumb\"},\"inLanguage\":\"en-US\",\"potentialAction\":[{\"@type\":\"ReadAction\",\"target\":[\"https:\/\/vitaliafarm.com\/prodavnica\/cajne-mesavine\/cajna-mesavina-kod-regulisanja-telesne-tezine\/\"]}]},{\"@type\":\"ImageObject\",\"inLanguage\":\"en-US\",\"@id\":\"https:\/\/vitaliafarm.com\/prodavnica\/cajne-mesavine\/cajna-mesavina-kod-regulisanja-telesne-tezine\/#primaryimage\",\"url\":\"https:\/\/vitaliafarm.com\/wp-content\/uploads\/2021\/05\/caj-regulisanje-telesne-tezine.png\",\"contentUrl\":\"https:\/\/vitaliafarm.com\/wp-content\/uploads\/2021\/05\/caj-regulisanje-telesne-tezine.png\",\"width\":500,\"height\":600,\"caption\":\"Vitalia Farm - \u010daj za mr\u0161avljevnje\"},{\"@type\":\"BreadcrumbList\",\"@id\":\"https:\/\/vitaliafarm.com\/prodavnica\/cajne-mesavine\/cajna-mesavina-kod-regulisanja-telesne-tezine\/#breadcrumb\",\"itemListElement\":[{\"@type\":\"ListItem\",\"position\":1,\"name\":\"Po\u010detna\",\"item\":\"https:\/\/vitaliafarm.com\/\"},{\"@type\":\"ListItem\",\"position\":2,\"name\":\"Prodavnica\",\"item\":\"https:\/\/vitaliafarm.com\/prodavnica\/\"},{\"@type\":\"ListItem\",\"position\":3,\"name\":\"\u010cajna me\u0161avina kod regulisanja telesne te\u017eine\"}]},{\"@type\":\"WebSite\",\"@id\":\"https:\/\/vitaliafarm.com\/#website\",\"url\":\"https:\/\/vitaliafarm.com\/\",\"name\":\"Vitalia Farm\",\"description\":\"Svet lekovitog bilja\",\"publisher\":{\"@id\":\"https:\/\/vitaliafarm.com\/#organization\"},\"potentialAction\":[{\"@type\":\"SearchAction\",\"target\":{\"@type\":\"EntryPoint\",\"urlTemplate\":\"https:\/\/vitaliafarm.com\/?s={search_term_string}\"},\"query-input\":{\"@type\":\"PropertyValueSpecification\",\"valueRequired\":true,\"valueName\":\"search_term_string\"}}],\"inLanguage\":\"en-US\"},{\"@type\":\"Organization\",\"@id\":\"https:\/\/vitaliafarm.com\/#organization\",\"name\":\"Vitalia Farm d.o.o.\",\"url\":\"https:\/\/vitaliafarm.com\/\",\"logo\":{\"@type\":\"ImageObject\",\"inLanguage\":\"en-US\",\"@id\":\"https:\/\/vitaliafarm.com\/#\/schema\/logo\/image\/\",\"url\":\"https:\/\/vitaliafarm.com\/wp-content\/uploads\/2022\/02\/logo.png\",\"contentUrl\":\"https:\/\/vitaliafarm.com\/wp-content\/uploads\/2022\/02\/logo.png\",\"width\":270,\"height\":111,\"caption\":\"Vitalia Farm d.o.o.\"},\"image\":{\"@id\":\"https:\/\/vitaliafarm.com\/#\/schema\/logo\/image\/\"},\"sameAs\":[\"https:\/\/www.facebook.com\/vitaliafarm\/\",\"https:\/\/www.instagram.com\/vitaliafarm\/\"]}]}<\/script>\n<!-- \/ Yoast SEO plugin. -->","yoast_head_json":{"title":"\u010cajna me\u0161avina kod regulisanja telesne te\u017eine - Vitalia Farm","description":"Pa\u017eljivo kreirana \u010dajna me\u0161avina koristi se za regulisanje telesne te\u017eine. Ubrzava metabolizam, pospe\u0161uje sagorevannje masnih naslaga...","robots":{"index":"index","follow":"follow","max-snippet":"max-snippet:-1","max-image-preview":"max-image-preview:large","max-video-preview":"max-video-preview:-1"},"canonical":"https:\/\/vitaliafarm.com\/en\/prodavnica\/cajne-mesavine\/cajna-mesavina-kod-regulisanja-telesne-tezine\/","og_locale":"en_US","og_type":"article","og_title":"\u010cajna me\u0161avina kod regulisanja telesne te\u017eine - Vitalia Farm","og_description":"Pa\u017eljivo kreirana \u010dajna me\u0161avina koristi se za regulisanje telesne te\u017eine. Ubrzava metabolizam, pospe\u0161uje sagorevannje masnih naslaga...","og_url":"https:\/\/vitaliafarm.com\/en\/prodavnica\/cajne-mesavine\/cajna-mesavina-kod-regulisanja-telesne-tezine\/","og_site_name":"Vitalia Farm","article_publisher":"https:\/\/www.facebook.com\/vitaliafarm\/","article_modified_time":"2026-01-15T22:53:29+00:00","og_image":[{"width":500,"height":600,"url":"https:\/\/vitaliafarm.com\/wp-content\/uploads\/2021\/05\/caj-regulisanje-telesne-tezine.png","type":"image\/png"}],"twitter_card":"summary_large_image","twitter_misc":{"Est. reading time":"1 minute"},"schema":{"@context":"https:\/\/schema.org","@graph":[{"@type":"WebPage","@id":"https:\/\/vitaliafarm.com\/prodavnica\/cajne-mesavine\/cajna-mesavina-kod-regulisanja-telesne-tezine\/","url":"https:\/\/vitaliafarm.com\/prodavnica\/cajne-mesavine\/cajna-mesavina-kod-regulisanja-telesne-tezine\/","name":"\u010cajna me\u0161avina kod regulisanja telesne te\u017eine - Vitalia Farm","isPartOf":{"@id":"https:\/\/vitaliafarm.com\/#website"},"primaryImageOfPage":{"@id":"https:\/\/vitaliafarm.com\/prodavnica\/cajne-mesavine\/cajna-mesavina-kod-regulisanja-telesne-tezine\/#primaryimage"},"image":{"@id":"https:\/\/vitaliafarm.com\/prodavnica\/cajne-mesavine\/cajna-mesavina-kod-regulisanja-telesne-tezine\/#primaryimage"},"thumbnailUrl":"https:\/\/vitaliafarm.com\/wp-content\/uploads\/2021\/05\/caj-regulisanje-telesne-tezine.png","datePublished":"2021-03-19T20:07:03+00:00","dateModified":"2026-01-15T22:53:29+00:00","description":"Pa\u017eljivo kreirana \u010dajna me\u0161avina koristi se za regulisanje telesne te\u017eine. Ubrzava metabolizam, pospe\u0161uje sagorevannje masnih naslaga...","breadcrumb":{"@id":"https:\/\/vitaliafarm.com\/prodavnica\/cajne-mesavine\/cajna-mesavina-kod-regulisanja-telesne-tezine\/#breadcrumb"},"inLanguage":"en-US","potentialAction":[{"@type":"ReadAction","target":["https:\/\/vitaliafarm.com\/prodavnica\/cajne-mesavine\/cajna-mesavina-kod-regulisanja-telesne-tezine\/"]}]},{"@type":"ImageObject","inLanguage":"en-US","@id":"https:\/\/vitaliafarm.com\/prodavnica\/cajne-mesavine\/cajna-mesavina-kod-regulisanja-telesne-tezine\/#primaryimage","url":"https:\/\/vitaliafarm.com\/wp-content\/uploads\/2021\/05\/caj-regulisanje-telesne-tezine.png","contentUrl":"https:\/\/vitaliafarm.com\/wp-content\/uploads\/2021\/05\/caj-regulisanje-telesne-tezine.png","width":500,"height":600,"caption":"Vitalia Farm - \u010daj za mr\u0161avljevnje"},{"@type":"BreadcrumbList","@id":"https:\/\/vitaliafarm.com\/prodavnica\/cajne-mesavine\/cajna-mesavina-kod-regulisanja-telesne-tezine\/#breadcrumb","itemListElement":[{"@type":"ListItem","position":1,"name":"Po\u010detna","item":"https:\/\/vitaliafarm.com\/"},{"@type":"ListItem","position":2,"name":"Prodavnica","item":"https:\/\/vitaliafarm.com\/prodavnica\/"},{"@type":"ListItem","position":3,"name":"\u010cajna me\u0161avina kod regulisanja telesne te\u017eine"}]},{"@type":"WebSite","@id":"https:\/\/vitaliafarm.com\/#website","url":"https:\/\/vitaliafarm.com\/","name":"Vitalia Farm","description":"Svet lekovitog bilja","publisher":{"@id":"https:\/\/vitaliafarm.com\/#organization"},"potentialAction":[{"@type":"SearchAction","target":{"@type":"EntryPoint","urlTemplate":"https:\/\/vitaliafarm.com\/?s={search_term_string}"},"query-input":{"@type":"PropertyValueSpecification","valueRequired":true,"valueName":"search_term_string"}}],"inLanguage":"en-US"},{"@type":"Organization","@id":"https:\/\/vitaliafarm.com\/#organization","name":"Vitalia Farm d.o.o.","url":"https:\/\/vitaliafarm.com\/","logo":{"@type":"ImageObject","inLanguage":"en-US","@id":"https:\/\/vitaliafarm.com\/#\/schema\/logo\/image\/","url":"https:\/\/vitaliafarm.com\/wp-content\/uploads\/2022\/02\/logo.png","contentUrl":"https:\/\/vitaliafarm.com\/wp-content\/uploads\/2022\/02\/logo.png","width":270,"height":111,"caption":"Vitalia Farm d.o.o."},"image":{"@id":"https:\/\/vitaliafarm.com\/#\/schema\/logo\/image\/"},"sameAs":["https:\/\/www.facebook.com\/vitaliafarm\/","https:\/\/www.instagram.com\/vitaliafarm\/"]}]}},"_links":{"self":[{"href":"https:\/\/vitaliafarm.com\/en\/wp-json\/wp\/v2\/product\/2569","targetHints":{"allow":["GET"]}}],"collection":[{"href":"https:\/\/vitaliafarm.com\/en\/wp-json\/wp\/v2\/product"}],"about":[{"href":"https:\/\/vitaliafarm.com\/en\/wp-json\/wp\/v2\/types\/product"}],"replies":[{"embeddable":true,"href":"https:\/\/vitaliafarm.com\/en\/wp-json\/wp\/v2\/comments?post=2569"}],"wp:featuredmedia":[{"embeddable":true,"href":"https:\/\/vitaliafarm.com\/en\/wp-json\/wp\/v2\/media\/3861"}],"wp:attachment":[{"href":"https:\/\/vitaliafarm.com\/en\/wp-json\/wp\/v2\/media?parent=2569"}],"wp:term":[{"taxonomy":"product_brand","embeddable":true,"href":"https:\/\/vitaliafarm.com\/en\/wp-json\/wp\/v2\/product_brand?post=2569"},{"taxonomy":"product_cat","embeddable":true,"href":"https:\/\/vitaliafarm.com\/en\/wp-json\/wp\/v2\/product_cat?post=2569"},{"taxonomy":"product_tag","embeddable":true,"href":"https:\/\/vitaliafarm.com\/en\/wp-json\/wp\/v2\/product_tag?post=2569"}],"curies":[{"name":"wp","href":"https:\/\/api.w.org\/{rel}","templated":true}]}}