
{"id":2574,"date":"2021-03-19T22:07:03","date_gmt":"2021-03-19T21:07:03","guid":{"rendered":"https:\/\/vitaliafarm.com\/?post_type=product&#038;p=2574"},"modified":"2026-01-15T23:46:35","modified_gmt":"2026-01-15T22:46:35","slug":"origano-caj","status":"publish","type":"product","link":"https:\/\/vitaliafarm.com\/en\/prodavnica\/cajevi-monokomponentni\/origano-caj\/","title":{"rendered":"Origano \u010daj"},"content":{"rendered":"<p><strong>Vitalia Farm Origano \u010daj koristi se:<\/strong><\/p>\n<ul>\n<li>kod tegoba disajnih puteva.<\/li>\n<li>Poma\u017ee u suzbijanju ka\u0161lja i kod bronhitisa<\/li>\n<li>Poma\u017ee u borbi sa urinarnim infekcijama, a naro\u010dito kod problema sa upornom bakterijom E\u0161erihijom koli.<\/li>\n<\/ul>\n<p><strong>Sastav:<\/strong> Origani herba 100%<\/p>\n<p><strong>Na\u010din pripreme i upotrebe \u010daja:<\/strong> Kafenu ka\u0161iku \u010daja preliti sa 200 ml klju\u010dale vode, poklopiti i ostaviti da stoji 15 min pa procediti i po \u017eelji zasladiti medom.<\/p>\n<p>Piti tri puta dnevno po 200 ml \u010daja pre jela.<\/p>\n<p>&nbsp;<\/p>\n<p><strong>Napomena:<\/strong> Pre upotrebe pro\u010ditati uputstvo.<\/p>\n<p><strong>Na\u010din \u010duvanja:<\/strong> \u010cuvati na suvom i tamnom mestu, na sobnoj temperaturi.<br \/>\n<strong>Zemlja porekla:<\/strong> Srbija<br \/>\n<strong>Pakovanje:<\/strong> 50g<br \/>\n<strong>Pakuje:<\/strong> \u201cVitalia Farm\u201cd.o.o., Beograd, Srbija<\/p>","protected":false},"excerpt":{"rendered":"<p><strong>Vitalia Farm Origano \u010daj koristi se da:<\/strong><\/p>\n<ul>\n<li>\u0161titi od virusa, gljivica i bakterija (efikasno suzbija kandidu, e\u0161erihiju, stafilokoke, salmonelu&#8230;)<\/li>\n<li>ubla\u017eava tegobe disajnih organa<\/li>\n<li>spre\u010dava infekcije urinarnog trakta<\/li>\n<li>ubla\u017eava tegobe usled nadimanja<\/li>\n<\/ul>\n<p><strong>Pakovanje:<\/strong> 50 g<\/p>","protected":false},"featured_media":4000,"comment_status":"open","ping_status":"closed","template":"","meta":{"_monsterinsights_skip_tracking":false,"_monsterinsights_sitenote_active":false,"_monsterinsights_sitenote_note":"","_monsterinsights_sitenote_category":0},"product_brand":[],"product_cat":[315],"product_tag":[749,735,816,820,750,390,822,817,821,776,815,818,479,819,381,746,824,374,427,814,747,748,823],"class_list":{"0":"post-2574","1":"product","2":"type-product","3":"status-publish","4":"has-post-thumbnail","6":"product_cat-cajevi-monokomponentni","7":"product_tag-antimikrobno-dejstvo","8":"product_tag-biljni-cajevi","9":"product_tag-biljni-lek-za-eserihiju","10":"product_tag-biljni-lek-za-kasalj","11":"product_tag-bolesti-organa-za-varenje","12":"product_tag-bronhitis","13":"product_tag-bronhitis-lecenje","14":"product_tag-caj-za-eserihiju","15":"product_tag-caj-za-kasalj","16":"product_tag-cajne-mesavine","17":"product_tag-eserihija-koli","18":"product_tag-eserihija-lecenje","19":"product_tag-kasalj","20":"product_tag-lecenje-cajevima","21":"product_tag-lekovito-bilje","22":"product_tag-origano-caj","23":"product_tag-origano-caj-delovanje","24":"product_tag-prirodni-preparati","25":"product_tag-urinarne-infekcije","26":"product_tag-vitalia-farm-origano-caj","27":"product_tag-vranilova-trava","28":"product_tag-vranilovka","29":"product_tag-za-sta-je-dobar-origano-caj","31":"first","32":"instock","33":"taxable","34":"shipping-taxable","35":"purchasable","36":"product-type-simple"},"aioseo_notices":[],"yoast_head":"<!-- This site is optimized with the Yoast SEO plugin v26.2 - https:\/\/yoast.com\/wordpress\/plugins\/seo\/ -->\n<title>Origano \u010daj - Vitalia Farm<\/title>\n<meta name=\"description\" content=\"Vitalia Farm Origano \u010daj koristi se kod tegoba vezanih za oboljenja disajnih puteva (ka\u0161alj i bronhitis) i infekcija urinarnog trakta (E\u0161erihija koli).\" \/>\n<meta name=\"robots\" content=\"index, follow, max-snippet:-1, max-image-preview:large, max-video-preview:-1\" \/>\n<link rel=\"canonical\" href=\"https:\/\/vitaliafarm.com\/en\/prodavnica\/cajevi-monokomponentni\/origano-caj\/\" \/>\n<meta property=\"og:locale\" content=\"en_US\" \/>\n<meta property=\"og:type\" content=\"article\" \/>\n<meta property=\"og:title\" content=\"Origano \u010daj - Vitalia Farm\" \/>\n<meta property=\"og:description\" content=\"Vitalia Farm Origano \u010daj koristi se kod tegoba vezanih za oboljenja disajnih puteva (ka\u0161alj i bronhitis) i infekcija urinarnog trakta (E\u0161erihija koli).\" \/>\n<meta property=\"og:url\" content=\"https:\/\/vitaliafarm.com\/en\/prodavnica\/cajevi-monokomponentni\/origano-caj\/\" \/>\n<meta property=\"og:site_name\" content=\"Vitalia Farm\" \/>\n<meta property=\"article:publisher\" content=\"https:\/\/www.facebook.com\/vitaliafarm\/\" \/>\n<meta property=\"article:modified_time\" content=\"2026-01-15T22:46:35+00:00\" \/>\n<meta property=\"og:image\" content=\"https:\/\/vitaliafarm.com\/wp-content\/uploads\/2021\/03\/origano-caj.png\" \/>\n\t<meta property=\"og:image:width\" content=\"500\" \/>\n\t<meta property=\"og:image:height\" content=\"600\" \/>\n\t<meta property=\"og:image:type\" content=\"image\/png\" \/>\n<meta name=\"twitter:card\" content=\"summary_large_image\" \/>\n<meta name=\"twitter:label1\" content=\"Est. reading time\" \/>\n\t<meta name=\"twitter:data1\" content=\"1 minute\" \/>\n<script type=\"application\/ld+json\" class=\"yoast-schema-graph\">{\"@context\":\"https:\/\/schema.org\",\"@graph\":[{\"@type\":\"WebPage\",\"@id\":\"https:\/\/vitaliafarm.com\/prodavnica\/cajevi-monokomponentni\/origano-caj\/\",\"url\":\"https:\/\/vitaliafarm.com\/prodavnica\/cajevi-monokomponentni\/origano-caj\/\",\"name\":\"Origano \u010daj - Vitalia Farm\",\"isPartOf\":{\"@id\":\"https:\/\/vitaliafarm.com\/#website\"},\"primaryImageOfPage\":{\"@id\":\"https:\/\/vitaliafarm.com\/prodavnica\/cajevi-monokomponentni\/origano-caj\/#primaryimage\"},\"image\":{\"@id\":\"https:\/\/vitaliafarm.com\/prodavnica\/cajevi-monokomponentni\/origano-caj\/#primaryimage\"},\"thumbnailUrl\":\"https:\/\/vitaliafarm.com\/wp-content\/uploads\/2021\/03\/origano-caj.png\",\"datePublished\":\"2021-03-19T21:07:03+00:00\",\"dateModified\":\"2026-01-15T22:46:35+00:00\",\"description\":\"Vitalia Farm Origano \u010daj koristi se kod tegoba vezanih za oboljenja disajnih puteva (ka\u0161alj i bronhitis) i infekcija urinarnog trakta (E\u0161erihija koli).\",\"breadcrumb\":{\"@id\":\"https:\/\/vitaliafarm.com\/prodavnica\/cajevi-monokomponentni\/origano-caj\/#breadcrumb\"},\"inLanguage\":\"en-US\",\"potentialAction\":[{\"@type\":\"ReadAction\",\"target\":[\"https:\/\/vitaliafarm.com\/prodavnica\/cajevi-monokomponentni\/origano-caj\/\"]}]},{\"@type\":\"ImageObject\",\"inLanguage\":\"en-US\",\"@id\":\"https:\/\/vitaliafarm.com\/prodavnica\/cajevi-monokomponentni\/origano-caj\/#primaryimage\",\"url\":\"https:\/\/vitaliafarm.com\/wp-content\/uploads\/2021\/03\/origano-caj.png\",\"contentUrl\":\"https:\/\/vitaliafarm.com\/wp-content\/uploads\/2021\/03\/origano-caj.png\",\"width\":500,\"height\":600,\"caption\":\"Vitalia Farm - origano \u010daj\"},{\"@type\":\"BreadcrumbList\",\"@id\":\"https:\/\/vitaliafarm.com\/prodavnica\/cajevi-monokomponentni\/origano-caj\/#breadcrumb\",\"itemListElement\":[{\"@type\":\"ListItem\",\"position\":1,\"name\":\"Po\u010detna\",\"item\":\"https:\/\/vitaliafarm.com\/\"},{\"@type\":\"ListItem\",\"position\":2,\"name\":\"Prodavnica\",\"item\":\"https:\/\/vitaliafarm.com\/prodavnica\/\"},{\"@type\":\"ListItem\",\"position\":3,\"name\":\"Origano \u010daj\"}]},{\"@type\":\"WebSite\",\"@id\":\"https:\/\/vitaliafarm.com\/#website\",\"url\":\"https:\/\/vitaliafarm.com\/\",\"name\":\"Vitalia Farm\",\"description\":\"Svet lekovitog bilja\",\"publisher\":{\"@id\":\"https:\/\/vitaliafarm.com\/#organization\"},\"potentialAction\":[{\"@type\":\"SearchAction\",\"target\":{\"@type\":\"EntryPoint\",\"urlTemplate\":\"https:\/\/vitaliafarm.com\/?s={search_term_string}\"},\"query-input\":{\"@type\":\"PropertyValueSpecification\",\"valueRequired\":true,\"valueName\":\"search_term_string\"}}],\"inLanguage\":\"en-US\"},{\"@type\":\"Organization\",\"@id\":\"https:\/\/vitaliafarm.com\/#organization\",\"name\":\"Vitalia Farm d.o.o.\",\"url\":\"https:\/\/vitaliafarm.com\/\",\"logo\":{\"@type\":\"ImageObject\",\"inLanguage\":\"en-US\",\"@id\":\"https:\/\/vitaliafarm.com\/#\/schema\/logo\/image\/\",\"url\":\"https:\/\/vitaliafarm.com\/wp-content\/uploads\/2022\/02\/logo.png\",\"contentUrl\":\"https:\/\/vitaliafarm.com\/wp-content\/uploads\/2022\/02\/logo.png\",\"width\":270,\"height\":111,\"caption\":\"Vitalia Farm d.o.o.\"},\"image\":{\"@id\":\"https:\/\/vitaliafarm.com\/#\/schema\/logo\/image\/\"},\"sameAs\":[\"https:\/\/www.facebook.com\/vitaliafarm\/\",\"https:\/\/www.instagram.com\/vitaliafarm\/\"]}]}<\/script>\n<!-- \/ Yoast SEO plugin. -->","yoast_head_json":{"title":"Origano \u010daj - Vitalia Farm","description":"Vitalia Farm Origano \u010daj koristi se kod tegoba vezanih za oboljenja disajnih puteva (ka\u0161alj i bronhitis) i infekcija urinarnog trakta (E\u0161erihija koli).","robots":{"index":"index","follow":"follow","max-snippet":"max-snippet:-1","max-image-preview":"max-image-preview:large","max-video-preview":"max-video-preview:-1"},"canonical":"https:\/\/vitaliafarm.com\/en\/prodavnica\/cajevi-monokomponentni\/origano-caj\/","og_locale":"en_US","og_type":"article","og_title":"Origano \u010daj - Vitalia Farm","og_description":"Vitalia Farm Origano \u010daj koristi se kod tegoba vezanih za oboljenja disajnih puteva (ka\u0161alj i bronhitis) i infekcija urinarnog trakta (E\u0161erihija koli).","og_url":"https:\/\/vitaliafarm.com\/en\/prodavnica\/cajevi-monokomponentni\/origano-caj\/","og_site_name":"Vitalia Farm","article_publisher":"https:\/\/www.facebook.com\/vitaliafarm\/","article_modified_time":"2026-01-15T22:46:35+00:00","og_image":[{"width":500,"height":600,"url":"https:\/\/vitaliafarm.com\/wp-content\/uploads\/2021\/03\/origano-caj.png","type":"image\/png"}],"twitter_card":"summary_large_image","twitter_misc":{"Est. reading time":"1 minute"},"schema":{"@context":"https:\/\/schema.org","@graph":[{"@type":"WebPage","@id":"https:\/\/vitaliafarm.com\/prodavnica\/cajevi-monokomponentni\/origano-caj\/","url":"https:\/\/vitaliafarm.com\/prodavnica\/cajevi-monokomponentni\/origano-caj\/","name":"Origano \u010daj - Vitalia Farm","isPartOf":{"@id":"https:\/\/vitaliafarm.com\/#website"},"primaryImageOfPage":{"@id":"https:\/\/vitaliafarm.com\/prodavnica\/cajevi-monokomponentni\/origano-caj\/#primaryimage"},"image":{"@id":"https:\/\/vitaliafarm.com\/prodavnica\/cajevi-monokomponentni\/origano-caj\/#primaryimage"},"thumbnailUrl":"https:\/\/vitaliafarm.com\/wp-content\/uploads\/2021\/03\/origano-caj.png","datePublished":"2021-03-19T21:07:03+00:00","dateModified":"2026-01-15T22:46:35+00:00","description":"Vitalia Farm Origano \u010daj koristi se kod tegoba vezanih za oboljenja disajnih puteva (ka\u0161alj i bronhitis) i infekcija urinarnog trakta (E\u0161erihija koli).","breadcrumb":{"@id":"https:\/\/vitaliafarm.com\/prodavnica\/cajevi-monokomponentni\/origano-caj\/#breadcrumb"},"inLanguage":"en-US","potentialAction":[{"@type":"ReadAction","target":["https:\/\/vitaliafarm.com\/prodavnica\/cajevi-monokomponentni\/origano-caj\/"]}]},{"@type":"ImageObject","inLanguage":"en-US","@id":"https:\/\/vitaliafarm.com\/prodavnica\/cajevi-monokomponentni\/origano-caj\/#primaryimage","url":"https:\/\/vitaliafarm.com\/wp-content\/uploads\/2021\/03\/origano-caj.png","contentUrl":"https:\/\/vitaliafarm.com\/wp-content\/uploads\/2021\/03\/origano-caj.png","width":500,"height":600,"caption":"Vitalia Farm - origano \u010daj"},{"@type":"BreadcrumbList","@id":"https:\/\/vitaliafarm.com\/prodavnica\/cajevi-monokomponentni\/origano-caj\/#breadcrumb","itemListElement":[{"@type":"ListItem","position":1,"name":"Po\u010detna","item":"https:\/\/vitaliafarm.com\/"},{"@type":"ListItem","position":2,"name":"Prodavnica","item":"https:\/\/vitaliafarm.com\/prodavnica\/"},{"@type":"ListItem","position":3,"name":"Origano \u010daj"}]},{"@type":"WebSite","@id":"https:\/\/vitaliafarm.com\/#website","url":"https:\/\/vitaliafarm.com\/","name":"Vitalia Farm","description":"Svet lekovitog bilja","publisher":{"@id":"https:\/\/vitaliafarm.com\/#organization"},"potentialAction":[{"@type":"SearchAction","target":{"@type":"EntryPoint","urlTemplate":"https:\/\/vitaliafarm.com\/?s={search_term_string}"},"query-input":{"@type":"PropertyValueSpecification","valueRequired":true,"valueName":"search_term_string"}}],"inLanguage":"en-US"},{"@type":"Organization","@id":"https:\/\/vitaliafarm.com\/#organization","name":"Vitalia Farm d.o.o.","url":"https:\/\/vitaliafarm.com\/","logo":{"@type":"ImageObject","inLanguage":"en-US","@id":"https:\/\/vitaliafarm.com\/#\/schema\/logo\/image\/","url":"https:\/\/vitaliafarm.com\/wp-content\/uploads\/2022\/02\/logo.png","contentUrl":"https:\/\/vitaliafarm.com\/wp-content\/uploads\/2022\/02\/logo.png","width":270,"height":111,"caption":"Vitalia Farm d.o.o."},"image":{"@id":"https:\/\/vitaliafarm.com\/#\/schema\/logo\/image\/"},"sameAs":["https:\/\/www.facebook.com\/vitaliafarm\/","https:\/\/www.instagram.com\/vitaliafarm\/"]}]}},"_links":{"self":[{"href":"https:\/\/vitaliafarm.com\/en\/wp-json\/wp\/v2\/product\/2574","targetHints":{"allow":["GET"]}}],"collection":[{"href":"https:\/\/vitaliafarm.com\/en\/wp-json\/wp\/v2\/product"}],"about":[{"href":"https:\/\/vitaliafarm.com\/en\/wp-json\/wp\/v2\/types\/product"}],"replies":[{"embeddable":true,"href":"https:\/\/vitaliafarm.com\/en\/wp-json\/wp\/v2\/comments?post=2574"}],"wp:featuredmedia":[{"embeddable":true,"href":"https:\/\/vitaliafarm.com\/en\/wp-json\/wp\/v2\/media\/4000"}],"wp:attachment":[{"href":"https:\/\/vitaliafarm.com\/en\/wp-json\/wp\/v2\/media?parent=2574"}],"wp:term":[{"taxonomy":"product_brand","embeddable":true,"href":"https:\/\/vitaliafarm.com\/en\/wp-json\/wp\/v2\/product_brand?post=2574"},{"taxonomy":"product_cat","embeddable":true,"href":"https:\/\/vitaliafarm.com\/en\/wp-json\/wp\/v2\/product_cat?post=2574"},{"taxonomy":"product_tag","embeddable":true,"href":"https:\/\/vitaliafarm.com\/en\/wp-json\/wp\/v2\/product_tag?post=2574"}],"curies":[{"name":"wp","href":"https:\/\/api.w.org\/{rel}","templated":true}]}}