
{"id":2576,"date":"2021-03-19T21:07:03","date_gmt":"2021-03-19T20:07:03","guid":{"rendered":"https:\/\/vitaliafarm.com\/?post_type=product&#038;p=2576"},"modified":"2026-01-15T23:55:14","modified_gmt":"2026-01-15T22:55:14","slug":"virak-caj","status":"publish","type":"product","link":"https:\/\/vitaliafarm.com\/en\/prodavnica\/cajevi-monokomponentni\/virak-caj\/","title":{"rendered":"Virak \u010daj"},"content":{"rendered":"<p><strong>Sastav:<\/strong> Nadzemni deo virka Alchemillae herba<\/p>\n<p>&nbsp;<\/p>\n<p><strong>Na\u010din pripreme i upotrebe \u010daja:<\/strong> Kafenu ka\u0161iku \u010daja preliti sa 200 ml klju\u010dale vode, poklopiti i ostaviti da stoji 15 min. pa procediti.<\/p>\n<p>Piti tri puta dnevno po 200 ml nezasla\u0111enog \u010daja.<\/p>\n<p>&nbsp;<\/p>\n<p><strong>Napomena: <\/strong>Pre upotrebe pro\u010ditati uputstvo.<\/p>\n<p>&nbsp;<\/p>\n<p><strong>Na\u010din \u010duvanja:<\/strong> \u010cuvati na suvom i tamnom mestu, na sobnoj temperaturi.<\/p>\n<p><strong>Zemlja porekla:<\/strong> Srbija<\/p>\n<p><strong>Pakovanje<\/strong>: 50g<\/p>\n<p><strong>Pakuje:<\/strong> Vitalia Farm, Beograd, Srbija, Vojvode Vlahovi\u0107a 60<\/p>","protected":false},"excerpt":{"rendered":"<p><strong>Vitalia Farm Virak \u010daj povoljno deluje kod:<\/strong><\/p>\n<ul>\n<li>menstrualnih tegoba (neredovan menstrualni ciklus obilno krvarenje, gr\u010devi pra\u0107eni bolovima);<\/li>\n<li>cista i mioma;<\/li>\n<li>upale jajnika<\/li>\n<\/ul>\n<p>&nbsp;<\/p>\n<p><strong>Pakovanje:<\/strong> 50 g<\/p>","protected":false},"featured_media":3870,"comment_status":"open","ping_status":"closed","template":"","meta":{"_monsterinsights_skip_tracking":false,"_monsterinsights_sitenote_active":false,"_monsterinsights_sitenote_note":"","_monsterinsights_sitenote_category":0},"product_brand":[],"product_cat":[315],"product_tag":[735,739,737,894,892,893,895,891,381,738,374,633,736,896,634],"class_list":{"0":"post-2576","1":"product","2":"type-product","3":"status-publish","4":"has-post-thumbnail","6":"product_cat-cajevi-monokomponentni","7":"product_tag-biljni-cajevi","8":"product_tag-blage-dijareje","9":"product_tag-caj-od-virka","10":"product_tag-caj-za-grceve","11":"product_tag-caj-za-menstrualne-tegobe","12":"product_tag-caj-za-neredovne-menstruacije","13":"product_tag-caj-za-zene","14":"product_tag-caj-za-zenske-probleme","15":"product_tag-lekovito-bilje","16":"product_tag-pojacana-menstrualna-krvarenja","17":"product_tag-prirodni-preparati","18":"product_tag-virak","19":"product_tag-virak-caj","20":"product_tag-vitalia-farm-virak-caj","21":"product_tag-vrkuta","23":"first","24":"instock","25":"taxable","26":"shipping-taxable","27":"purchasable","28":"product-type-simple"},"aioseo_notices":[],"yoast_head":"<!-- This site is optimized with the Yoast SEO plugin v26.2 - https:\/\/yoast.com\/wordpress\/plugins\/seo\/ -->\n<title>Virak \u010daj - Vitalia Farm<\/title>\n<meta name=\"description\" content=\"Povoljno deluje kod menstrualnih tegoba (neredovan menstrualni ciklus, obilno krvarenje, gr\u010devi pra\u0107eni bolovima) cista i mioma.\" \/>\n<meta name=\"robots\" content=\"index, follow, max-snippet:-1, max-image-preview:large, max-video-preview:-1\" \/>\n<link rel=\"canonical\" href=\"https:\/\/vitaliafarm.com\/en\/prodavnica\/cajevi-monokomponentni\/virak-caj\/\" \/>\n<meta property=\"og:locale\" content=\"en_US\" \/>\n<meta property=\"og:type\" content=\"article\" \/>\n<meta property=\"og:title\" content=\"Virak \u010daj - Vitalia Farm\" \/>\n<meta property=\"og:description\" content=\"Povoljno deluje kod menstrualnih tegoba (neredovan menstrualni ciklus, obilno krvarenje, gr\u010devi pra\u0107eni bolovima) cista i mioma.\" \/>\n<meta property=\"og:url\" content=\"https:\/\/vitaliafarm.com\/en\/prodavnica\/cajevi-monokomponentni\/virak-caj\/\" \/>\n<meta property=\"og:site_name\" content=\"Vitalia Farm\" \/>\n<meta property=\"article:publisher\" content=\"https:\/\/www.facebook.com\/vitaliafarm\/\" \/>\n<meta property=\"article:modified_time\" content=\"2026-01-15T22:55:14+00:00\" \/>\n<meta property=\"og:image\" content=\"https:\/\/vitaliafarm.com\/wp-content\/uploads\/2021\/05\/caj-virak.png\" \/>\n\t<meta property=\"og:image:width\" content=\"500\" \/>\n\t<meta property=\"og:image:height\" content=\"600\" \/>\n\t<meta property=\"og:image:type\" content=\"image\/png\" \/>\n<meta name=\"twitter:card\" content=\"summary_large_image\" \/>\n<script type=\"application\/ld+json\" class=\"yoast-schema-graph\">{\"@context\":\"https:\/\/schema.org\",\"@graph\":[{\"@type\":\"WebPage\",\"@id\":\"https:\/\/vitaliafarm.com\/prodavnica\/cajevi-monokomponentni\/virak-caj\/\",\"url\":\"https:\/\/vitaliafarm.com\/prodavnica\/cajevi-monokomponentni\/virak-caj\/\",\"name\":\"Virak \u010daj - Vitalia Farm\",\"isPartOf\":{\"@id\":\"https:\/\/vitaliafarm.com\/#website\"},\"primaryImageOfPage\":{\"@id\":\"https:\/\/vitaliafarm.com\/prodavnica\/cajevi-monokomponentni\/virak-caj\/#primaryimage\"},\"image\":{\"@id\":\"https:\/\/vitaliafarm.com\/prodavnica\/cajevi-monokomponentni\/virak-caj\/#primaryimage\"},\"thumbnailUrl\":\"https:\/\/vitaliafarm.com\/wp-content\/uploads\/2021\/05\/caj-virak.png\",\"datePublished\":\"2021-03-19T20:07:03+00:00\",\"dateModified\":\"2026-01-15T22:55:14+00:00\",\"description\":\"Povoljno deluje kod menstrualnih tegoba (neredovan menstrualni ciklus, obilno krvarenje, gr\u010devi pra\u0107eni bolovima) cista i mioma.\",\"breadcrumb\":{\"@id\":\"https:\/\/vitaliafarm.com\/prodavnica\/cajevi-monokomponentni\/virak-caj\/#breadcrumb\"},\"inLanguage\":\"en-US\",\"potentialAction\":[{\"@type\":\"ReadAction\",\"target\":[\"https:\/\/vitaliafarm.com\/prodavnica\/cajevi-monokomponentni\/virak-caj\/\"]}]},{\"@type\":\"ImageObject\",\"inLanguage\":\"en-US\",\"@id\":\"https:\/\/vitaliafarm.com\/prodavnica\/cajevi-monokomponentni\/virak-caj\/#primaryimage\",\"url\":\"https:\/\/vitaliafarm.com\/wp-content\/uploads\/2021\/05\/caj-virak.png\",\"contentUrl\":\"https:\/\/vitaliafarm.com\/wp-content\/uploads\/2021\/05\/caj-virak.png\",\"width\":500,\"height\":600,\"caption\":\"Vitalia Farm - \u010daj od virka\"},{\"@type\":\"BreadcrumbList\",\"@id\":\"https:\/\/vitaliafarm.com\/prodavnica\/cajevi-monokomponentni\/virak-caj\/#breadcrumb\",\"itemListElement\":[{\"@type\":\"ListItem\",\"position\":1,\"name\":\"Po\u010detna\",\"item\":\"https:\/\/vitaliafarm.com\/\"},{\"@type\":\"ListItem\",\"position\":2,\"name\":\"Prodavnica\",\"item\":\"https:\/\/vitaliafarm.com\/prodavnica\/\"},{\"@type\":\"ListItem\",\"position\":3,\"name\":\"Virak \u010daj\"}]},{\"@type\":\"WebSite\",\"@id\":\"https:\/\/vitaliafarm.com\/#website\",\"url\":\"https:\/\/vitaliafarm.com\/\",\"name\":\"Vitalia Farm\",\"description\":\"Svet lekovitog bilja\",\"publisher\":{\"@id\":\"https:\/\/vitaliafarm.com\/#organization\"},\"potentialAction\":[{\"@type\":\"SearchAction\",\"target\":{\"@type\":\"EntryPoint\",\"urlTemplate\":\"https:\/\/vitaliafarm.com\/?s={search_term_string}\"},\"query-input\":{\"@type\":\"PropertyValueSpecification\",\"valueRequired\":true,\"valueName\":\"search_term_string\"}}],\"inLanguage\":\"en-US\"},{\"@type\":\"Organization\",\"@id\":\"https:\/\/vitaliafarm.com\/#organization\",\"name\":\"Vitalia Farm d.o.o.\",\"url\":\"https:\/\/vitaliafarm.com\/\",\"logo\":{\"@type\":\"ImageObject\",\"inLanguage\":\"en-US\",\"@id\":\"https:\/\/vitaliafarm.com\/#\/schema\/logo\/image\/\",\"url\":\"https:\/\/vitaliafarm.com\/wp-content\/uploads\/2022\/02\/logo.png\",\"contentUrl\":\"https:\/\/vitaliafarm.com\/wp-content\/uploads\/2022\/02\/logo.png\",\"width\":270,\"height\":111,\"caption\":\"Vitalia Farm d.o.o.\"},\"image\":{\"@id\":\"https:\/\/vitaliafarm.com\/#\/schema\/logo\/image\/\"},\"sameAs\":[\"https:\/\/www.facebook.com\/vitaliafarm\/\",\"https:\/\/www.instagram.com\/vitaliafarm\/\"]}]}<\/script>\n<!-- \/ Yoast SEO plugin. -->","yoast_head_json":{"title":"Virak \u010daj - Vitalia Farm","description":"Povoljno deluje kod menstrualnih tegoba (neredovan menstrualni ciklus, obilno krvarenje, gr\u010devi pra\u0107eni bolovima) cista i mioma.","robots":{"index":"index","follow":"follow","max-snippet":"max-snippet:-1","max-image-preview":"max-image-preview:large","max-video-preview":"max-video-preview:-1"},"canonical":"https:\/\/vitaliafarm.com\/en\/prodavnica\/cajevi-monokomponentni\/virak-caj\/","og_locale":"en_US","og_type":"article","og_title":"Virak \u010daj - Vitalia Farm","og_description":"Povoljno deluje kod menstrualnih tegoba (neredovan menstrualni ciklus, obilno krvarenje, gr\u010devi pra\u0107eni bolovima) cista i mioma.","og_url":"https:\/\/vitaliafarm.com\/en\/prodavnica\/cajevi-monokomponentni\/virak-caj\/","og_site_name":"Vitalia Farm","article_publisher":"https:\/\/www.facebook.com\/vitaliafarm\/","article_modified_time":"2026-01-15T22:55:14+00:00","og_image":[{"width":500,"height":600,"url":"https:\/\/vitaliafarm.com\/wp-content\/uploads\/2021\/05\/caj-virak.png","type":"image\/png"}],"twitter_card":"summary_large_image","schema":{"@context":"https:\/\/schema.org","@graph":[{"@type":"WebPage","@id":"https:\/\/vitaliafarm.com\/prodavnica\/cajevi-monokomponentni\/virak-caj\/","url":"https:\/\/vitaliafarm.com\/prodavnica\/cajevi-monokomponentni\/virak-caj\/","name":"Virak \u010daj - Vitalia Farm","isPartOf":{"@id":"https:\/\/vitaliafarm.com\/#website"},"primaryImageOfPage":{"@id":"https:\/\/vitaliafarm.com\/prodavnica\/cajevi-monokomponentni\/virak-caj\/#primaryimage"},"image":{"@id":"https:\/\/vitaliafarm.com\/prodavnica\/cajevi-monokomponentni\/virak-caj\/#primaryimage"},"thumbnailUrl":"https:\/\/vitaliafarm.com\/wp-content\/uploads\/2021\/05\/caj-virak.png","datePublished":"2021-03-19T20:07:03+00:00","dateModified":"2026-01-15T22:55:14+00:00","description":"Povoljno deluje kod menstrualnih tegoba (neredovan menstrualni ciklus, obilno krvarenje, gr\u010devi pra\u0107eni bolovima) cista i mioma.","breadcrumb":{"@id":"https:\/\/vitaliafarm.com\/prodavnica\/cajevi-monokomponentni\/virak-caj\/#breadcrumb"},"inLanguage":"en-US","potentialAction":[{"@type":"ReadAction","target":["https:\/\/vitaliafarm.com\/prodavnica\/cajevi-monokomponentni\/virak-caj\/"]}]},{"@type":"ImageObject","inLanguage":"en-US","@id":"https:\/\/vitaliafarm.com\/prodavnica\/cajevi-monokomponentni\/virak-caj\/#primaryimage","url":"https:\/\/vitaliafarm.com\/wp-content\/uploads\/2021\/05\/caj-virak.png","contentUrl":"https:\/\/vitaliafarm.com\/wp-content\/uploads\/2021\/05\/caj-virak.png","width":500,"height":600,"caption":"Vitalia Farm - \u010daj od virka"},{"@type":"BreadcrumbList","@id":"https:\/\/vitaliafarm.com\/prodavnica\/cajevi-monokomponentni\/virak-caj\/#breadcrumb","itemListElement":[{"@type":"ListItem","position":1,"name":"Po\u010detna","item":"https:\/\/vitaliafarm.com\/"},{"@type":"ListItem","position":2,"name":"Prodavnica","item":"https:\/\/vitaliafarm.com\/prodavnica\/"},{"@type":"ListItem","position":3,"name":"Virak \u010daj"}]},{"@type":"WebSite","@id":"https:\/\/vitaliafarm.com\/#website","url":"https:\/\/vitaliafarm.com\/","name":"Vitalia Farm","description":"Svet lekovitog bilja","publisher":{"@id":"https:\/\/vitaliafarm.com\/#organization"},"potentialAction":[{"@type":"SearchAction","target":{"@type":"EntryPoint","urlTemplate":"https:\/\/vitaliafarm.com\/?s={search_term_string}"},"query-input":{"@type":"PropertyValueSpecification","valueRequired":true,"valueName":"search_term_string"}}],"inLanguage":"en-US"},{"@type":"Organization","@id":"https:\/\/vitaliafarm.com\/#organization","name":"Vitalia Farm d.o.o.","url":"https:\/\/vitaliafarm.com\/","logo":{"@type":"ImageObject","inLanguage":"en-US","@id":"https:\/\/vitaliafarm.com\/#\/schema\/logo\/image\/","url":"https:\/\/vitaliafarm.com\/wp-content\/uploads\/2022\/02\/logo.png","contentUrl":"https:\/\/vitaliafarm.com\/wp-content\/uploads\/2022\/02\/logo.png","width":270,"height":111,"caption":"Vitalia Farm d.o.o."},"image":{"@id":"https:\/\/vitaliafarm.com\/#\/schema\/logo\/image\/"},"sameAs":["https:\/\/www.facebook.com\/vitaliafarm\/","https:\/\/www.instagram.com\/vitaliafarm\/"]}]}},"_links":{"self":[{"href":"https:\/\/vitaliafarm.com\/en\/wp-json\/wp\/v2\/product\/2576","targetHints":{"allow":["GET"]}}],"collection":[{"href":"https:\/\/vitaliafarm.com\/en\/wp-json\/wp\/v2\/product"}],"about":[{"href":"https:\/\/vitaliafarm.com\/en\/wp-json\/wp\/v2\/types\/product"}],"replies":[{"embeddable":true,"href":"https:\/\/vitaliafarm.com\/en\/wp-json\/wp\/v2\/comments?post=2576"}],"wp:featuredmedia":[{"embeddable":true,"href":"https:\/\/vitaliafarm.com\/en\/wp-json\/wp\/v2\/media\/3870"}],"wp:attachment":[{"href":"https:\/\/vitaliafarm.com\/en\/wp-json\/wp\/v2\/media?parent=2576"}],"wp:term":[{"taxonomy":"product_brand","embeddable":true,"href":"https:\/\/vitaliafarm.com\/en\/wp-json\/wp\/v2\/product_brand?post=2576"},{"taxonomy":"product_cat","embeddable":true,"href":"https:\/\/vitaliafarm.com\/en\/wp-json\/wp\/v2\/product_cat?post=2576"},{"taxonomy":"product_tag","embeddable":true,"href":"https:\/\/vitaliafarm.com\/en\/wp-json\/wp\/v2\/product_tag?post=2576"}],"curies":[{"name":"wp","href":"https:\/\/api.w.org\/{rel}","templated":true}]}}