
{"id":2577,"date":"2021-03-19T21:07:03","date_gmt":"2021-03-19T20:07:03","guid":{"rendered":"https:\/\/vitaliafarm.com\/?post_type=product&#038;p=2577"},"modified":"2026-01-15T23:55:30","modified_gmt":"2026-01-15T22:55:30","slug":"vrbovica-caj","status":"publish","type":"product","link":"https:\/\/vitaliafarm.com\/en\/prodavnica\/cajevi-monokomponentni\/vrbovica-caj\/","title":{"rendered":"Vrbovica \u010daj"},"content":{"rendered":"<p><strong>Sastav:<\/strong> Herba sitnocvetne vrbovice (Epilobii parviflori herba) 100%<\/p>\n<p><strong>\u010caj od nadzemnog dela Vrbovice povoljno deluje kod:<\/strong><\/p>\n<ul>\n<li>problema sa prostatom<\/li>\n<li>uve\u0107ana prostata (adenom prostate)<\/li>\n<li>tegoba prilikom mokrenja<\/li>\n<li>urinarne infekcije<\/li>\n<\/ul>\n<p><strong>Na\u010din pripreme i upotrebe \u010daja:<\/strong> Kafenu ka\u0161iku \u010daja, 1-2g preliti sa 250 ml klju\u010dale vode, poklopiti i ostaviti da stoji 30 min pa procediti.<\/p>\n<p>Piti dva do tri puta dnevno po 250 ml nezasla\u0111enog \u010daja.<\/p>\n<p><strong>Napomena: <\/strong>Pre upotrebe pro\u010ditati uputstvo.<\/p>\n<p>&nbsp;<\/p>\n<p><strong>Na\u010din \u010duvanja:<\/strong> \u010cuvati na tamnom i hladnom mestu, za\u0161ti\u0107eno od svetlosti.<\/p>\n<p><strong>Zemlja porekla<\/strong>: Srbija<\/p>\n<p><strong>Pakovanje:<\/strong> 50g<\/p>\n<p><strong>Pakuje:<\/strong> Vitalia Farm<\/p>","protected":false},"excerpt":{"rendered":"<p><strong>Vitalia Farm Vrbovica \u010daj povoljno deluje kod:<\/strong><\/p>\n<ul>\n<li>problema sa prostatom<\/li>\n<li>uve\u0107ana prostata (adenom prostate)<\/li>\n<li>tegoba prilikom mokrenja<\/li>\n<li>urinarne infekcije<\/li>\n<\/ul>\n<p>&nbsp;<\/p>\n<p><strong>Pakovanje:<\/strong> 50 g<\/p>","protected":false},"featured_media":3871,"comment_status":"open","ping_status":"closed","template":"","meta":{"_monsterinsights_skip_tracking":false,"_monsterinsights_sitenote_active":false,"_monsterinsights_sitenote_note":"","_monsterinsights_sitenote_category":0},"product_brand":[],"product_cat":[315],"product_tag":[742,743,735,741,872,898,381,656,744,374,745,897,655,740],"class_list":{"0":"post-2577","1":"product","2":"type-product","3":"status-publish","4":"has-post-thumbnail","6":"product_cat-cajevi-monokomponentni","7":"product_tag-benigna-hiperplazija-prostate","8":"product_tag-benigno-uvecanje-prostate","9":"product_tag-biljni-cajevi","10":"product_tag-caj-od-vrbovice","11":"product_tag-dm-drogerije","12":"product_tag-gde-kupiti-vitalia-farm-cajeve","13":"product_tag-lekovito-bilje","14":"product_tag-mala-sitnocvetna-mlecika","15":"product_tag-olaksankje-mokrenja","16":"product_tag-prirodni-preparati","17":"product_tag-stimulise-izlucivanje-mokrace","18":"product_tag-vitalia-farm-vrbovica-caj","19":"product_tag-vrbovica","20":"product_tag-vrbovica-caj","22":"first","23":"instock","24":"taxable","25":"shipping-taxable","26":"purchasable","27":"product-type-simple"},"aioseo_notices":[],"yoast_head":"<!-- This site is optimized with the Yoast SEO plugin v26.2 - https:\/\/yoast.com\/wordpress\/plugins\/seo\/ -->\n<title>Vrbovica \u010daj - Vitalia Farm<\/title>\n<meta name=\"description\" content=\"Povoljno deluje kod problema sa prostatom, uve\u0107ane prostate (adenom prostate), tegoba prilikom mokrenja i urinarnih infekcija.\" \/>\n<meta name=\"robots\" content=\"index, follow, max-snippet:-1, max-image-preview:large, max-video-preview:-1\" \/>\n<link rel=\"canonical\" href=\"https:\/\/vitaliafarm.com\/en\/prodavnica\/cajevi-monokomponentni\/vrbovica-caj\/\" \/>\n<meta property=\"og:locale\" content=\"en_US\" \/>\n<meta property=\"og:type\" content=\"article\" \/>\n<meta property=\"og:title\" content=\"Vrbovica \u010daj - Vitalia Farm\" \/>\n<meta property=\"og:description\" content=\"Povoljno deluje kod problema sa prostatom, uve\u0107ane prostate (adenom prostate), tegoba prilikom mokrenja i urinarnih infekcija.\" \/>\n<meta property=\"og:url\" content=\"https:\/\/vitaliafarm.com\/en\/prodavnica\/cajevi-monokomponentni\/vrbovica-caj\/\" \/>\n<meta property=\"og:site_name\" content=\"Vitalia Farm\" \/>\n<meta property=\"article:publisher\" content=\"https:\/\/www.facebook.com\/vitaliafarm\/\" \/>\n<meta property=\"article:modified_time\" content=\"2026-01-15T22:55:30+00:00\" \/>\n<meta property=\"og:image\" content=\"https:\/\/vitaliafarm.com\/wp-content\/uploads\/2021\/05\/caj-vrbovica.png\" \/>\n\t<meta property=\"og:image:width\" content=\"500\" \/>\n\t<meta property=\"og:image:height\" content=\"600\" \/>\n\t<meta property=\"og:image:type\" content=\"image\/png\" \/>\n<meta name=\"twitter:card\" content=\"summary_large_image\" \/>\n<script type=\"application\/ld+json\" class=\"yoast-schema-graph\">{\"@context\":\"https:\/\/schema.org\",\"@graph\":[{\"@type\":\"WebPage\",\"@id\":\"https:\/\/vitaliafarm.com\/prodavnica\/cajevi-monokomponentni\/vrbovica-caj\/\",\"url\":\"https:\/\/vitaliafarm.com\/prodavnica\/cajevi-monokomponentni\/vrbovica-caj\/\",\"name\":\"Vrbovica \u010daj - Vitalia Farm\",\"isPartOf\":{\"@id\":\"https:\/\/vitaliafarm.com\/#website\"},\"primaryImageOfPage\":{\"@id\":\"https:\/\/vitaliafarm.com\/prodavnica\/cajevi-monokomponentni\/vrbovica-caj\/#primaryimage\"},\"image\":{\"@id\":\"https:\/\/vitaliafarm.com\/prodavnica\/cajevi-monokomponentni\/vrbovica-caj\/#primaryimage\"},\"thumbnailUrl\":\"https:\/\/vitaliafarm.com\/wp-content\/uploads\/2021\/05\/caj-vrbovica.png\",\"datePublished\":\"2021-03-19T20:07:03+00:00\",\"dateModified\":\"2026-01-15T22:55:30+00:00\",\"description\":\"Povoljno deluje kod problema sa prostatom, uve\u0107ane prostate (adenom prostate), tegoba prilikom mokrenja i urinarnih infekcija.\",\"breadcrumb\":{\"@id\":\"https:\/\/vitaliafarm.com\/prodavnica\/cajevi-monokomponentni\/vrbovica-caj\/#breadcrumb\"},\"inLanguage\":\"en-US\",\"potentialAction\":[{\"@type\":\"ReadAction\",\"target\":[\"https:\/\/vitaliafarm.com\/prodavnica\/cajevi-monokomponentni\/vrbovica-caj\/\"]}]},{\"@type\":\"ImageObject\",\"inLanguage\":\"en-US\",\"@id\":\"https:\/\/vitaliafarm.com\/prodavnica\/cajevi-monokomponentni\/vrbovica-caj\/#primaryimage\",\"url\":\"https:\/\/vitaliafarm.com\/wp-content\/uploads\/2021\/05\/caj-vrbovica.png\",\"contentUrl\":\"https:\/\/vitaliafarm.com\/wp-content\/uploads\/2021\/05\/caj-vrbovica.png\",\"width\":500,\"height\":600,\"caption\":\"Vitalia Farm - \u010daj od vrbovice\"},{\"@type\":\"BreadcrumbList\",\"@id\":\"https:\/\/vitaliafarm.com\/prodavnica\/cajevi-monokomponentni\/vrbovica-caj\/#breadcrumb\",\"itemListElement\":[{\"@type\":\"ListItem\",\"position\":1,\"name\":\"Po\u010detna\",\"item\":\"https:\/\/vitaliafarm.com\/\"},{\"@type\":\"ListItem\",\"position\":2,\"name\":\"Prodavnica\",\"item\":\"https:\/\/vitaliafarm.com\/prodavnica\/\"},{\"@type\":\"ListItem\",\"position\":3,\"name\":\"Vrbovica \u010daj\"}]},{\"@type\":\"WebSite\",\"@id\":\"https:\/\/vitaliafarm.com\/#website\",\"url\":\"https:\/\/vitaliafarm.com\/\",\"name\":\"Vitalia Farm\",\"description\":\"Svet lekovitog bilja\",\"publisher\":{\"@id\":\"https:\/\/vitaliafarm.com\/#organization\"},\"potentialAction\":[{\"@type\":\"SearchAction\",\"target\":{\"@type\":\"EntryPoint\",\"urlTemplate\":\"https:\/\/vitaliafarm.com\/?s={search_term_string}\"},\"query-input\":{\"@type\":\"PropertyValueSpecification\",\"valueRequired\":true,\"valueName\":\"search_term_string\"}}],\"inLanguage\":\"en-US\"},{\"@type\":\"Organization\",\"@id\":\"https:\/\/vitaliafarm.com\/#organization\",\"name\":\"Vitalia Farm d.o.o.\",\"url\":\"https:\/\/vitaliafarm.com\/\",\"logo\":{\"@type\":\"ImageObject\",\"inLanguage\":\"en-US\",\"@id\":\"https:\/\/vitaliafarm.com\/#\/schema\/logo\/image\/\",\"url\":\"https:\/\/vitaliafarm.com\/wp-content\/uploads\/2022\/02\/logo.png\",\"contentUrl\":\"https:\/\/vitaliafarm.com\/wp-content\/uploads\/2022\/02\/logo.png\",\"width\":270,\"height\":111,\"caption\":\"Vitalia Farm d.o.o.\"},\"image\":{\"@id\":\"https:\/\/vitaliafarm.com\/#\/schema\/logo\/image\/\"},\"sameAs\":[\"https:\/\/www.facebook.com\/vitaliafarm\/\",\"https:\/\/www.instagram.com\/vitaliafarm\/\"]}]}<\/script>\n<!-- \/ Yoast SEO plugin. -->","yoast_head_json":{"title":"Vrbovica \u010daj - Vitalia Farm","description":"Povoljno deluje kod problema sa prostatom, uve\u0107ane prostate (adenom prostate), tegoba prilikom mokrenja i urinarnih infekcija.","robots":{"index":"index","follow":"follow","max-snippet":"max-snippet:-1","max-image-preview":"max-image-preview:large","max-video-preview":"max-video-preview:-1"},"canonical":"https:\/\/vitaliafarm.com\/en\/prodavnica\/cajevi-monokomponentni\/vrbovica-caj\/","og_locale":"en_US","og_type":"article","og_title":"Vrbovica \u010daj - Vitalia Farm","og_description":"Povoljno deluje kod problema sa prostatom, uve\u0107ane prostate (adenom prostate), tegoba prilikom mokrenja i urinarnih infekcija.","og_url":"https:\/\/vitaliafarm.com\/en\/prodavnica\/cajevi-monokomponentni\/vrbovica-caj\/","og_site_name":"Vitalia Farm","article_publisher":"https:\/\/www.facebook.com\/vitaliafarm\/","article_modified_time":"2026-01-15T22:55:30+00:00","og_image":[{"width":500,"height":600,"url":"https:\/\/vitaliafarm.com\/wp-content\/uploads\/2021\/05\/caj-vrbovica.png","type":"image\/png"}],"twitter_card":"summary_large_image","schema":{"@context":"https:\/\/schema.org","@graph":[{"@type":"WebPage","@id":"https:\/\/vitaliafarm.com\/prodavnica\/cajevi-monokomponentni\/vrbovica-caj\/","url":"https:\/\/vitaliafarm.com\/prodavnica\/cajevi-monokomponentni\/vrbovica-caj\/","name":"Vrbovica \u010daj - Vitalia Farm","isPartOf":{"@id":"https:\/\/vitaliafarm.com\/#website"},"primaryImageOfPage":{"@id":"https:\/\/vitaliafarm.com\/prodavnica\/cajevi-monokomponentni\/vrbovica-caj\/#primaryimage"},"image":{"@id":"https:\/\/vitaliafarm.com\/prodavnica\/cajevi-monokomponentni\/vrbovica-caj\/#primaryimage"},"thumbnailUrl":"https:\/\/vitaliafarm.com\/wp-content\/uploads\/2021\/05\/caj-vrbovica.png","datePublished":"2021-03-19T20:07:03+00:00","dateModified":"2026-01-15T22:55:30+00:00","description":"Povoljno deluje kod problema sa prostatom, uve\u0107ane prostate (adenom prostate), tegoba prilikom mokrenja i urinarnih infekcija.","breadcrumb":{"@id":"https:\/\/vitaliafarm.com\/prodavnica\/cajevi-monokomponentni\/vrbovica-caj\/#breadcrumb"},"inLanguage":"en-US","potentialAction":[{"@type":"ReadAction","target":["https:\/\/vitaliafarm.com\/prodavnica\/cajevi-monokomponentni\/vrbovica-caj\/"]}]},{"@type":"ImageObject","inLanguage":"en-US","@id":"https:\/\/vitaliafarm.com\/prodavnica\/cajevi-monokomponentni\/vrbovica-caj\/#primaryimage","url":"https:\/\/vitaliafarm.com\/wp-content\/uploads\/2021\/05\/caj-vrbovica.png","contentUrl":"https:\/\/vitaliafarm.com\/wp-content\/uploads\/2021\/05\/caj-vrbovica.png","width":500,"height":600,"caption":"Vitalia Farm - \u010daj od vrbovice"},{"@type":"BreadcrumbList","@id":"https:\/\/vitaliafarm.com\/prodavnica\/cajevi-monokomponentni\/vrbovica-caj\/#breadcrumb","itemListElement":[{"@type":"ListItem","position":1,"name":"Po\u010detna","item":"https:\/\/vitaliafarm.com\/"},{"@type":"ListItem","position":2,"name":"Prodavnica","item":"https:\/\/vitaliafarm.com\/prodavnica\/"},{"@type":"ListItem","position":3,"name":"Vrbovica \u010daj"}]},{"@type":"WebSite","@id":"https:\/\/vitaliafarm.com\/#website","url":"https:\/\/vitaliafarm.com\/","name":"Vitalia Farm","description":"Svet lekovitog bilja","publisher":{"@id":"https:\/\/vitaliafarm.com\/#organization"},"potentialAction":[{"@type":"SearchAction","target":{"@type":"EntryPoint","urlTemplate":"https:\/\/vitaliafarm.com\/?s={search_term_string}"},"query-input":{"@type":"PropertyValueSpecification","valueRequired":true,"valueName":"search_term_string"}}],"inLanguage":"en-US"},{"@type":"Organization","@id":"https:\/\/vitaliafarm.com\/#organization","name":"Vitalia Farm d.o.o.","url":"https:\/\/vitaliafarm.com\/","logo":{"@type":"ImageObject","inLanguage":"en-US","@id":"https:\/\/vitaliafarm.com\/#\/schema\/logo\/image\/","url":"https:\/\/vitaliafarm.com\/wp-content\/uploads\/2022\/02\/logo.png","contentUrl":"https:\/\/vitaliafarm.com\/wp-content\/uploads\/2022\/02\/logo.png","width":270,"height":111,"caption":"Vitalia Farm d.o.o."},"image":{"@id":"https:\/\/vitaliafarm.com\/#\/schema\/logo\/image\/"},"sameAs":["https:\/\/www.facebook.com\/vitaliafarm\/","https:\/\/www.instagram.com\/vitaliafarm\/"]}]}},"_links":{"self":[{"href":"https:\/\/vitaliafarm.com\/en\/wp-json\/wp\/v2\/product\/2577","targetHints":{"allow":["GET"]}}],"collection":[{"href":"https:\/\/vitaliafarm.com\/en\/wp-json\/wp\/v2\/product"}],"about":[{"href":"https:\/\/vitaliafarm.com\/en\/wp-json\/wp\/v2\/types\/product"}],"replies":[{"embeddable":true,"href":"https:\/\/vitaliafarm.com\/en\/wp-json\/wp\/v2\/comments?post=2577"}],"wp:featuredmedia":[{"embeddable":true,"href":"https:\/\/vitaliafarm.com\/en\/wp-json\/wp\/v2\/media\/3871"}],"wp:attachment":[{"href":"https:\/\/vitaliafarm.com\/en\/wp-json\/wp\/v2\/media?parent=2577"}],"wp:term":[{"taxonomy":"product_brand","embeddable":true,"href":"https:\/\/vitaliafarm.com\/en\/wp-json\/wp\/v2\/product_brand?post=2577"},{"taxonomy":"product_cat","embeddable":true,"href":"https:\/\/vitaliafarm.com\/en\/wp-json\/wp\/v2\/product_cat?post=2577"},{"taxonomy":"product_tag","embeddable":true,"href":"https:\/\/vitaliafarm.com\/en\/wp-json\/wp\/v2\/product_tag?post=2577"}],"curies":[{"name":"wp","href":"https:\/\/api.w.org\/{rel}","templated":true}]}}