
{"id":2579,"date":"2021-03-19T21:07:03","date_gmt":"2021-03-19T20:07:03","guid":{"rendered":"https:\/\/vitaliafarm.com\/?post_type=product&#038;p=2579"},"modified":"2026-01-15T23:55:40","modified_gmt":"2026-01-15T22:55:40","slug":"etarsko-ulje-bosiljka","status":"publish","type":"product","link":"https:\/\/vitaliafarm.com\/en\/prodavnica\/etarska-ulja\/etarsko-ulje-bosiljka\/","title":{"rendered":"Etarsko ulje bosiljka"},"content":{"rendered":"<p><strong>Biolo\u0161ki izvor: <\/strong>Ocimum basilicum L., Lamiaceae<\/p>\n<p><strong>Na\u010din dobijanja:<\/strong> Destilacijom pomo\u0107u vodene pare iz nadzemnih delova bosiljka u cvetu<\/p>\n<p><strong>Osobine:<\/strong> Bistra, lako pokretljiva te\u010dnost svetlo \u017eute boje, specifi\u010dnog aromati\u010dnog mirisa<\/p>\n<p><strong>Sastav:<\/strong> linalol, metil kavikol,1,8-cineol, geraniol, eugenol, germakren D i dr.<\/p>\n<p><strong>U tradicionalnoj medicini\u00a0 bosiljak se koristi:<\/strong><\/p>\n<ul>\n<li>Za spre\u010davanje\u00a0 razvoja mikroorganizama<\/li>\n<li>Protiv gljivi\u010dnih oboljenja<\/li>\n<li>Za masa\u017eu<\/li>\n<li>Za kupke<\/li>\n<\/ul>\n<p><strong>Preporuka za upotrebu:<\/strong><\/p>\n<p>&#8211; 2 kapi etarskog ulja bosiljka rastvoriti u 2 ml maslinovog ulja (ili nekog drugog biljnog ulja) i popiti<\/p>\n<p>( dnevna doza )<\/p>\n<p>&#8211; 12 kapi etarskog ulja bosiljka rastvoriti u 10 ml maslinovog ulja (ili nekog drugog biljnog ulja) i utrljavati 2-3 puta dnevno na ko\u017eu<\/p>\n<p>&#8211; 3 kapi etarskog ulja bosiljka dodati na 1 L vode ( za kupke, 2-3 puta nedeljno). Preporu\u010duje se da kupke traju 10-20 min.<\/p>\n<p><strong>Napomena:<\/strong><\/p>\n<p>&#8211; Pre upotrebe obavezno pro\u010ditati uputstvo.<\/p>\n<p>&#8211; Nerazbla\u017eeno etarsko ulje ne nanositi direktno na ko\u017eu.<\/p>\n<p>&#8211;\u00a0 Ne preporu\u010duje se upotreba kod \u00a0osoba mla\u0111ih od 12 godina.<\/p>\n<p>&#8211;\u00a0 Ne preporu\u010duje se upotreba kod \u00a0trudnica i dojilja, kao i osobama koje su osetljive na neki od sastojaka.<\/p>\n<p>&#8211;\u00a0 Preporu\u010dena dnevna doza se ne sme prekora\u010diti.<\/p>\n<p>&#8211;\u00a0 U slu\u010daju da do\u0111e do iritacije o\u010diju sa etarskim uljem, o\u010di \u0161to pre isprati hladnom vodom i po potrebi potra\u017eiti pomo\u0107 lekara.<\/p>\n<p style=\"text-align: left;\">&#8211;\u00a0 O indikacijma, merama opreza i ne\u017eeljenim dejstvima posavetujte se sa lekarom ili farmaceutom.<\/p>\n<p><strong>Rok trajanja:<\/strong> 24 meseca<\/p>\n<p><strong>Pakovanje:<\/strong> 10 ml<\/p>","protected":false},"excerpt":{"rendered":"<p><strong>U tradicionalnoj medicini\u00a0 bosiljak se koristi:<\/strong><\/p>\n<ul>\n<li>Za spre\u010davanje\u00a0 razvoja mikroorganizama<\/li>\n<li>Protiv gljivi\u010dnih oboljenja<\/li>\n<li>Za masa\u017eu<\/li>\n<li>Za kupke<\/li>\n<\/ul>\n<p><strong>Pakovanje:<\/strong> 10 ml<\/p>","protected":false},"featured_media":2609,"comment_status":"open","ping_status":"closed","template":"","meta":{"_monsterinsights_skip_tracking":false,"_monsterinsights_sitenote_active":false,"_monsterinsights_sitenote_note":"","_monsterinsights_sitenote_category":0},"product_brand":[],"product_cat":[316],"product_tag":[411,533,538,377,537,380,536,375,540,381,539,424,429,376,374],"class_list":{"0":"post-2579","1":"product","2":"type-product","3":"status-publish","4":"has-post-thumbnail","6":"product_cat-etarska-ulja","7":"product_tag-antibakterijsko-dejstvo","8":"product_tag-antigljivicno-dejstvo","9":"product_tag-antioksidativno","10":"product_tag-biljni-preparati","11":"product_tag-bosiljak","12":"product_tag-etarsko-ulje","13":"product_tag-etarsko-ulje-bosiljka","14":"product_tag-etericna-ulja","15":"product_tag-kupke","16":"product_tag-lekovito-bilje","17":"product_tag-masaza","18":"product_tag-napetost","19":"product_tag-nesanica","20":"product_tag-prirodni-antiseptici","21":"product_tag-prirodni-preparati","23":"first","24":"instock","25":"taxable","26":"shipping-taxable","27":"purchasable","28":"product-type-simple"},"aioseo_notices":[],"yoast_head":"<!-- This site is optimized with the Yoast SEO plugin v26.2 - https:\/\/yoast.com\/wordpress\/plugins\/seo\/ -->\n<title>Etarsko ulje bosiljka - Vitalia Farm<\/title>\n<meta name=\"description\" content=\"Etarsko ulje bosiljka se upotrebljava za spre\u010davanje\u00a0razvoja mikroorganizama, protiv gljivi\u010dnih oboljenja, za masa\u017eu, za kupke...\" \/>\n<meta name=\"robots\" content=\"index, follow, max-snippet:-1, max-image-preview:large, max-video-preview:-1\" \/>\n<link rel=\"canonical\" href=\"https:\/\/vitaliafarm.com\/en\/prodavnica\/etarska-ulja\/etarsko-ulje-bosiljka\/\" \/>\n<meta property=\"og:locale\" content=\"en_US\" \/>\n<meta property=\"og:type\" content=\"article\" \/>\n<meta property=\"og:title\" content=\"Etarsko ulje bosiljka - Vitalia Farm\" \/>\n<meta property=\"og:description\" content=\"Etarsko ulje bosiljka se upotrebljava za spre\u010davanje\u00a0razvoja mikroorganizama, protiv gljivi\u010dnih oboljenja, za masa\u017eu, za kupke...\" \/>\n<meta property=\"og:url\" content=\"https:\/\/vitaliafarm.com\/en\/prodavnica\/etarska-ulja\/etarsko-ulje-bosiljka\/\" \/>\n<meta property=\"og:site_name\" content=\"Vitalia Farm\" \/>\n<meta property=\"article:publisher\" content=\"https:\/\/www.facebook.com\/vitaliafarm\/\" \/>\n<meta property=\"article:modified_time\" content=\"2026-01-15T22:55:40+00:00\" \/>\n<meta property=\"og:image\" content=\"https:\/\/vitaliafarm.com\/wp-content\/uploads\/2021\/03\/Bosiljak.png\" \/>\n\t<meta property=\"og:image:width\" content=\"500\" \/>\n\t<meta property=\"og:image:height\" content=\"600\" \/>\n\t<meta property=\"og:image:type\" content=\"image\/png\" \/>\n<meta name=\"twitter:card\" content=\"summary_large_image\" \/>\n<meta name=\"twitter:label1\" content=\"Est. reading time\" \/>\n\t<meta name=\"twitter:data1\" content=\"1 minute\" \/>\n<script type=\"application\/ld+json\" class=\"yoast-schema-graph\">{\"@context\":\"https:\/\/schema.org\",\"@graph\":[{\"@type\":\"WebPage\",\"@id\":\"https:\/\/vitaliafarm.com\/prodavnica\/etarska-ulja\/etarsko-ulje-bosiljka\/\",\"url\":\"https:\/\/vitaliafarm.com\/prodavnica\/etarska-ulja\/etarsko-ulje-bosiljka\/\",\"name\":\"Etarsko ulje bosiljka - Vitalia Farm\",\"isPartOf\":{\"@id\":\"https:\/\/vitaliafarm.com\/#website\"},\"primaryImageOfPage\":{\"@id\":\"https:\/\/vitaliafarm.com\/prodavnica\/etarska-ulja\/etarsko-ulje-bosiljka\/#primaryimage\"},\"image\":{\"@id\":\"https:\/\/vitaliafarm.com\/prodavnica\/etarska-ulja\/etarsko-ulje-bosiljka\/#primaryimage\"},\"thumbnailUrl\":\"https:\/\/vitaliafarm.com\/wp-content\/uploads\/2021\/03\/Bosiljak.png\",\"datePublished\":\"2021-03-19T20:07:03+00:00\",\"dateModified\":\"2026-01-15T22:55:40+00:00\",\"description\":\"Etarsko ulje bosiljka se upotrebljava za spre\u010davanje\u00a0razvoja mikroorganizama, protiv gljivi\u010dnih oboljenja, za masa\u017eu, za kupke...\",\"breadcrumb\":{\"@id\":\"https:\/\/vitaliafarm.com\/prodavnica\/etarska-ulja\/etarsko-ulje-bosiljka\/#breadcrumb\"},\"inLanguage\":\"en-US\",\"potentialAction\":[{\"@type\":\"ReadAction\",\"target\":[\"https:\/\/vitaliafarm.com\/prodavnica\/etarska-ulja\/etarsko-ulje-bosiljka\/\"]}]},{\"@type\":\"ImageObject\",\"inLanguage\":\"en-US\",\"@id\":\"https:\/\/vitaliafarm.com\/prodavnica\/etarska-ulja\/etarsko-ulje-bosiljka\/#primaryimage\",\"url\":\"https:\/\/vitaliafarm.com\/wp-content\/uploads\/2021\/03\/Bosiljak.png\",\"contentUrl\":\"https:\/\/vitaliafarm.com\/wp-content\/uploads\/2021\/03\/Bosiljak.png\",\"width\":500,\"height\":600,\"caption\":\"Vitalia Farm - etarsko ulje bosiljka\"},{\"@type\":\"BreadcrumbList\",\"@id\":\"https:\/\/vitaliafarm.com\/prodavnica\/etarska-ulja\/etarsko-ulje-bosiljka\/#breadcrumb\",\"itemListElement\":[{\"@type\":\"ListItem\",\"position\":1,\"name\":\"Po\u010detna\",\"item\":\"https:\/\/vitaliafarm.com\/\"},{\"@type\":\"ListItem\",\"position\":2,\"name\":\"Prodavnica\",\"item\":\"https:\/\/vitaliafarm.com\/prodavnica\/\"},{\"@type\":\"ListItem\",\"position\":3,\"name\":\"Etarsko ulje bosiljka\"}]},{\"@type\":\"WebSite\",\"@id\":\"https:\/\/vitaliafarm.com\/#website\",\"url\":\"https:\/\/vitaliafarm.com\/\",\"name\":\"Vitalia Farm\",\"description\":\"Svet lekovitog bilja\",\"publisher\":{\"@id\":\"https:\/\/vitaliafarm.com\/#organization\"},\"potentialAction\":[{\"@type\":\"SearchAction\",\"target\":{\"@type\":\"EntryPoint\",\"urlTemplate\":\"https:\/\/vitaliafarm.com\/?s={search_term_string}\"},\"query-input\":{\"@type\":\"PropertyValueSpecification\",\"valueRequired\":true,\"valueName\":\"search_term_string\"}}],\"inLanguage\":\"en-US\"},{\"@type\":\"Organization\",\"@id\":\"https:\/\/vitaliafarm.com\/#organization\",\"name\":\"Vitalia Farm d.o.o.\",\"url\":\"https:\/\/vitaliafarm.com\/\",\"logo\":{\"@type\":\"ImageObject\",\"inLanguage\":\"en-US\",\"@id\":\"https:\/\/vitaliafarm.com\/#\/schema\/logo\/image\/\",\"url\":\"https:\/\/vitaliafarm.com\/wp-content\/uploads\/2022\/02\/logo.png\",\"contentUrl\":\"https:\/\/vitaliafarm.com\/wp-content\/uploads\/2022\/02\/logo.png\",\"width\":270,\"height\":111,\"caption\":\"Vitalia Farm d.o.o.\"},\"image\":{\"@id\":\"https:\/\/vitaliafarm.com\/#\/schema\/logo\/image\/\"},\"sameAs\":[\"https:\/\/www.facebook.com\/vitaliafarm\/\",\"https:\/\/www.instagram.com\/vitaliafarm\/\"]}]}<\/script>\n<!-- \/ Yoast SEO plugin. -->","yoast_head_json":{"title":"Etarsko ulje bosiljka - Vitalia Farm","description":"Etarsko ulje bosiljka se upotrebljava za spre\u010davanje\u00a0razvoja mikroorganizama, protiv gljivi\u010dnih oboljenja, za masa\u017eu, za kupke...","robots":{"index":"index","follow":"follow","max-snippet":"max-snippet:-1","max-image-preview":"max-image-preview:large","max-video-preview":"max-video-preview:-1"},"canonical":"https:\/\/vitaliafarm.com\/en\/prodavnica\/etarska-ulja\/etarsko-ulje-bosiljka\/","og_locale":"en_US","og_type":"article","og_title":"Etarsko ulje bosiljka - Vitalia Farm","og_description":"Etarsko ulje bosiljka se upotrebljava za spre\u010davanje\u00a0razvoja mikroorganizama, protiv gljivi\u010dnih oboljenja, za masa\u017eu, za kupke...","og_url":"https:\/\/vitaliafarm.com\/en\/prodavnica\/etarska-ulja\/etarsko-ulje-bosiljka\/","og_site_name":"Vitalia Farm","article_publisher":"https:\/\/www.facebook.com\/vitaliafarm\/","article_modified_time":"2026-01-15T22:55:40+00:00","og_image":[{"width":500,"height":600,"url":"https:\/\/vitaliafarm.com\/wp-content\/uploads\/2021\/03\/Bosiljak.png","type":"image\/png"}],"twitter_card":"summary_large_image","twitter_misc":{"Est. reading time":"1 minute"},"schema":{"@context":"https:\/\/schema.org","@graph":[{"@type":"WebPage","@id":"https:\/\/vitaliafarm.com\/prodavnica\/etarska-ulja\/etarsko-ulje-bosiljka\/","url":"https:\/\/vitaliafarm.com\/prodavnica\/etarska-ulja\/etarsko-ulje-bosiljka\/","name":"Etarsko ulje bosiljka - Vitalia Farm","isPartOf":{"@id":"https:\/\/vitaliafarm.com\/#website"},"primaryImageOfPage":{"@id":"https:\/\/vitaliafarm.com\/prodavnica\/etarska-ulja\/etarsko-ulje-bosiljka\/#primaryimage"},"image":{"@id":"https:\/\/vitaliafarm.com\/prodavnica\/etarska-ulja\/etarsko-ulje-bosiljka\/#primaryimage"},"thumbnailUrl":"https:\/\/vitaliafarm.com\/wp-content\/uploads\/2021\/03\/Bosiljak.png","datePublished":"2021-03-19T20:07:03+00:00","dateModified":"2026-01-15T22:55:40+00:00","description":"Etarsko ulje bosiljka se upotrebljava za spre\u010davanje\u00a0razvoja mikroorganizama, protiv gljivi\u010dnih oboljenja, za masa\u017eu, za kupke...","breadcrumb":{"@id":"https:\/\/vitaliafarm.com\/prodavnica\/etarska-ulja\/etarsko-ulje-bosiljka\/#breadcrumb"},"inLanguage":"en-US","potentialAction":[{"@type":"ReadAction","target":["https:\/\/vitaliafarm.com\/prodavnica\/etarska-ulja\/etarsko-ulje-bosiljka\/"]}]},{"@type":"ImageObject","inLanguage":"en-US","@id":"https:\/\/vitaliafarm.com\/prodavnica\/etarska-ulja\/etarsko-ulje-bosiljka\/#primaryimage","url":"https:\/\/vitaliafarm.com\/wp-content\/uploads\/2021\/03\/Bosiljak.png","contentUrl":"https:\/\/vitaliafarm.com\/wp-content\/uploads\/2021\/03\/Bosiljak.png","width":500,"height":600,"caption":"Vitalia Farm - etarsko ulje bosiljka"},{"@type":"BreadcrumbList","@id":"https:\/\/vitaliafarm.com\/prodavnica\/etarska-ulja\/etarsko-ulje-bosiljka\/#breadcrumb","itemListElement":[{"@type":"ListItem","position":1,"name":"Po\u010detna","item":"https:\/\/vitaliafarm.com\/"},{"@type":"ListItem","position":2,"name":"Prodavnica","item":"https:\/\/vitaliafarm.com\/prodavnica\/"},{"@type":"ListItem","position":3,"name":"Etarsko ulje bosiljka"}]},{"@type":"WebSite","@id":"https:\/\/vitaliafarm.com\/#website","url":"https:\/\/vitaliafarm.com\/","name":"Vitalia Farm","description":"Svet lekovitog bilja","publisher":{"@id":"https:\/\/vitaliafarm.com\/#organization"},"potentialAction":[{"@type":"SearchAction","target":{"@type":"EntryPoint","urlTemplate":"https:\/\/vitaliafarm.com\/?s={search_term_string}"},"query-input":{"@type":"PropertyValueSpecification","valueRequired":true,"valueName":"search_term_string"}}],"inLanguage":"en-US"},{"@type":"Organization","@id":"https:\/\/vitaliafarm.com\/#organization","name":"Vitalia Farm d.o.o.","url":"https:\/\/vitaliafarm.com\/","logo":{"@type":"ImageObject","inLanguage":"en-US","@id":"https:\/\/vitaliafarm.com\/#\/schema\/logo\/image\/","url":"https:\/\/vitaliafarm.com\/wp-content\/uploads\/2022\/02\/logo.png","contentUrl":"https:\/\/vitaliafarm.com\/wp-content\/uploads\/2022\/02\/logo.png","width":270,"height":111,"caption":"Vitalia Farm d.o.o."},"image":{"@id":"https:\/\/vitaliafarm.com\/#\/schema\/logo\/image\/"},"sameAs":["https:\/\/www.facebook.com\/vitaliafarm\/","https:\/\/www.instagram.com\/vitaliafarm\/"]}]}},"_links":{"self":[{"href":"https:\/\/vitaliafarm.com\/en\/wp-json\/wp\/v2\/product\/2579","targetHints":{"allow":["GET"]}}],"collection":[{"href":"https:\/\/vitaliafarm.com\/en\/wp-json\/wp\/v2\/product"}],"about":[{"href":"https:\/\/vitaliafarm.com\/en\/wp-json\/wp\/v2\/types\/product"}],"replies":[{"embeddable":true,"href":"https:\/\/vitaliafarm.com\/en\/wp-json\/wp\/v2\/comments?post=2579"}],"wp:featuredmedia":[{"embeddable":true,"href":"https:\/\/vitaliafarm.com\/en\/wp-json\/wp\/v2\/media\/2609"}],"wp:attachment":[{"href":"https:\/\/vitaliafarm.com\/en\/wp-json\/wp\/v2\/media?parent=2579"}],"wp:term":[{"taxonomy":"product_brand","embeddable":true,"href":"https:\/\/vitaliafarm.com\/en\/wp-json\/wp\/v2\/product_brand?post=2579"},{"taxonomy":"product_cat","embeddable":true,"href":"https:\/\/vitaliafarm.com\/en\/wp-json\/wp\/v2\/product_cat?post=2579"},{"taxonomy":"product_tag","embeddable":true,"href":"https:\/\/vitaliafarm.com\/en\/wp-json\/wp\/v2\/product_tag?post=2579"}],"curies":[{"name":"wp","href":"https:\/\/api.w.org\/{rel}","templated":true}]}}