
{"id":2580,"date":"2021-03-19T21:07:03","date_gmt":"2021-03-19T20:07:03","guid":{"rendered":"https:\/\/vitaliafarm.com\/?post_type=product&#038;p=2580"},"modified":"2026-01-15T23:55:49","modified_gmt":"2026-01-15T22:55:49","slug":"etarsko-ulje-cajnog-drveta","status":"publish","type":"product","link":"https:\/\/vitaliafarm.com\/en\/prodavnica\/etarska-ulja\/etarsko-ulje-cajnog-drveta\/","title":{"rendered":"Etarsko ulje \u010dajnog drveta"},"content":{"rendered":"<p><strong>Biolo\u0161ki izvor:\u00a0 \u00a0<\/strong>Melaleuca alternifolia (Maiden and Betche) Cheel, M. linariifolia Smith, M. dissitiflora F. Mueller Myrtaceae<\/p>\n<p><strong>Na\u010din dobijanja: <\/strong>Destilacijom pomo\u0107u vodene pare iz listova ili terminalnih grana \u010dajnog drveta.<\/p>\n<p><strong>Osobine:<\/strong> Lako pokretljiva te\u010dnost \u017eute do bledo \u017eute boje.<\/p>\n<p><strong>Sastav:<\/strong> Terpinen-4-ol, \u03b3-terpinen, \u03b1- terpinen, 1,8-cineol, p-cimen, \u03b1 -pinen i dr.<\/p>\n<p><strong>Delovanje:<\/strong><\/p>\n<p>&#8211; Za tretiranje manjih zapaljenskih promena na ko\u017ei (\u010direvi, akne&#8230;)<\/p>\n<p>&#8211; Za ubla\u017eavanje simptoma gljivi\u010dne infekcije stopala ( atletsko stopalo )<\/p>\n<p>&#8211; Za ubla\u017eavanje tegoba kod upale sluzoko\u017ee usta<\/p>\n<p>&#8211; Za le\u010denje manjih povr\u0161inskih rana i uboda insekata.<\/p>\n<p><strong>Preporuka za upotrebu:<\/strong><\/p>\n<p>&#8211; Kod tretiranja ko\u017enih infekcija, povr\u0161inskih rana i gljivi\u010dnih oboljenja 12 kapi etarskog ulja \u010dajnog drveta \u00a0rastvoriti u 10 ml maslinovog ulja (ili nekog drugog biljnog ulja) i utrljavati 1-3 puta dnevno na ko\u017eu<\/p>\n<p>&#8211; Kod pojave akni najbolje je malo ulja \u010dajnog drveta,\u00a0 rastvorenog u maslinovom ulju, naneti uve\u010de ( samo na akne )<\/p>\n<p>&#8211; Za ispiranje usta:\u00a0 4 kapi etarskog ulja \u010dajnog drveta\u00a0 dodati u 100 ml vode \u2013 koristiti za ispiranje usta ili za grgljanje nekoliko puta dnevno.<\/p>\n<p>&#8211; Kod atletskog stopala: 4 kapi etarskog ulja dodati u odgovaraju\u0107u zapremini tople vode da pokrije stopala. Potopiti noge\u00a0 5-10 minuta dnevno.\u00a0 Alternativno: Nerazre\u0111eno etarsko ulje naneti na zahva\u0107eno podru\u010dje pamu\u010dnim \u0161tapi\u0107em, 2-3 puta dnevno.<\/p>\n<p><strong>Napomena:<\/strong><\/p>\n<p>&#8211; \u00a0Pre upotrebe obavezno pro\u010ditati uputstvo.<\/p>\n<p>&#8211;\u00a0 Ne preporu\u010duje se upotreba etarskog ulja \u010dajnog drveta za ispiranje usta kod \u00a0dece mla\u0111e od 12 godina.<\/p>\n<p>&#8211;\u00a0 Ne preporu\u010duje se upotreba kod \u00a0trudnica i dojilja, kao i osobama osetljivim na neki od sastojaka.<\/p>\n<p>&#8211;\u00a0 Preporu\u010dena dnevna doza se ne sme prekora\u010diti.<\/p>\n<p>&#8211; \u00a0U slu\u010daju da do\u0111e do iritacije o\u010diju sa etarskim uljem \u010dajnog drveta, o\u010di \u0161to pre isprati hladnom vodom i po potrebi potra\u017eiti pomo\u0107 lekara.<\/p>\n<p>&#8211;\u00a0 O indikacijma, merama opreza i ne\u017eeljenim dejstvima posavetujte se sa lekarom ili farmaceutom.<\/p>\n<p><strong>Na\u010din \u010duvanja:<\/strong> \u00a0\u010cuvati na tamnom i hladnom mestu za\u0161ti\u0107eno od svetlosti, van doma\u0161aja dece. Od momenta otvaranja bo\u010dice, savetuje se upotreba najdu\u017ee godinu dana.<\/p>\n<p><strong>Rok trajanja:<\/strong>\u00a0 24 meseca<\/p>\n<p><strong>Pakovanje: \u00a0<\/strong>10 ml<\/p>","protected":false},"excerpt":{"rendered":"<p><strong>Delovanje:<\/strong><\/p>\n<ul>\n<li>Za tretiranje manjih zapaljenskih promena na ko\u017ei (\u010direvi, akne&#8230;)<\/li>\n<li>Za ubla\u017eavanje simptoma gljivi\u010dne infekcije stopala ( atletsko stopalo )<\/li>\n<li>Za ubla\u017eavanje tegoba kod upale sluzoko\u017ee usta<\/li>\n<li>Za le\u010denje manjih povr\u0161inskih rana i uboda insekata.<\/li>\n<\/ul>\n<p><strong>Pakovanje:<\/strong> 10 ml<\/p>","protected":false},"featured_media":4018,"comment_status":"open","ping_status":"closed","template":"","meta":{"_monsterinsights_skip_tracking":false,"_monsterinsights_sitenote_active":false,"_monsterinsights_sitenote_note":"","_monsterinsights_sitenote_category":0},"product_brand":[],"product_cat":[316],"product_tag":[411,533,433,474,529,532,380,531,530,375,381,409,376,374,485,535,534],"class_list":{"0":"post-2580","1":"product","2":"type-product","3":"status-publish","4":"has-post-thumbnail","6":"product_cat-etarska-ulja","7":"product_tag-antibakterijsko-dejstvo","8":"product_tag-antigljivicno-dejstvo","9":"product_tag-antiinflamatorno-dejstvo","10":"product_tag-antivirusno-dejstvo","11":"product_tag-biljna-preparati","12":"product_tag-cajno-drvo","13":"product_tag-etarsko-ulje","14":"product_tag-etarsko-ulje-cajevca","15":"product_tag-etarsko-ulje-cajnog-drveta","16":"product_tag-etericna-ulja","17":"product_tag-lekovito-bilje","18":"product_tag-parodontopatija","19":"product_tag-prirodni-antiseptici","20":"product_tag-prirodni-preparati","21":"product_tag-reuma","22":"product_tag-upala-misica","23":"product_tag-upala-sluznice-usta","25":"first","26":"instock","27":"taxable","28":"shipping-taxable","29":"purchasable","30":"product-type-simple"},"aioseo_notices":[],"yoast_head":"<!-- This site is optimized with the Yoast SEO plugin v26.2 - https:\/\/yoast.com\/wordpress\/plugins\/seo\/ -->\n<title>Etarsko ulje \u010dajnog drveta - Vitalia Farm<\/title>\n<meta name=\"description\" content=\"Koristi se za tretiranje zapaljenskih promena na ko\u017ei (\u010direvi, akne), za smanjenje simptoma gljivi\u010dne infekcije stopala, za upale sluzoko\u017ee usta.\" \/>\n<meta name=\"robots\" content=\"index, follow, max-snippet:-1, max-image-preview:large, max-video-preview:-1\" \/>\n<link rel=\"canonical\" href=\"https:\/\/vitaliafarm.com\/en\/prodavnica\/etarska-ulja\/etarsko-ulje-cajnog-drveta\/\" \/>\n<meta property=\"og:locale\" content=\"en_US\" \/>\n<meta property=\"og:type\" content=\"article\" \/>\n<meta property=\"og:title\" content=\"Etarsko ulje \u010dajnog drveta - Vitalia Farm\" \/>\n<meta property=\"og:description\" content=\"Koristi se za tretiranje zapaljenskih promena na ko\u017ei (\u010direvi, akne), za smanjenje simptoma gljivi\u010dne infekcije stopala, za upale sluzoko\u017ee usta.\" \/>\n<meta property=\"og:url\" content=\"https:\/\/vitaliafarm.com\/en\/prodavnica\/etarska-ulja\/etarsko-ulje-cajnog-drveta\/\" \/>\n<meta property=\"og:site_name\" content=\"Vitalia Farm\" \/>\n<meta property=\"article:publisher\" content=\"https:\/\/www.facebook.com\/vitaliafarm\/\" \/>\n<meta property=\"article:modified_time\" content=\"2026-01-15T22:55:49+00:00\" \/>\n<meta property=\"og:image\" content=\"https:\/\/vitaliafarm.com\/wp-content\/uploads\/2021\/03\/ulje-cajnog-drveta.png\" \/>\n\t<meta property=\"og:image:width\" content=\"300\" \/>\n\t<meta property=\"og:image:height\" content=\"400\" \/>\n\t<meta property=\"og:image:type\" content=\"image\/png\" \/>\n<meta name=\"twitter:card\" content=\"summary_large_image\" \/>\n<meta name=\"twitter:label1\" content=\"Est. reading time\" \/>\n\t<meta name=\"twitter:data1\" content=\"2 minutes\" \/>\n<script type=\"application\/ld+json\" class=\"yoast-schema-graph\">{\"@context\":\"https:\/\/schema.org\",\"@graph\":[{\"@type\":\"WebPage\",\"@id\":\"https:\/\/vitaliafarm.com\/prodavnica\/etarska-ulja\/etarsko-ulje-cajnog-drveta\/\",\"url\":\"https:\/\/vitaliafarm.com\/prodavnica\/etarska-ulja\/etarsko-ulje-cajnog-drveta\/\",\"name\":\"Etarsko ulje \u010dajnog drveta - Vitalia Farm\",\"isPartOf\":{\"@id\":\"https:\/\/vitaliafarm.com\/#website\"},\"primaryImageOfPage\":{\"@id\":\"https:\/\/vitaliafarm.com\/prodavnica\/etarska-ulja\/etarsko-ulje-cajnog-drveta\/#primaryimage\"},\"image\":{\"@id\":\"https:\/\/vitaliafarm.com\/prodavnica\/etarska-ulja\/etarsko-ulje-cajnog-drveta\/#primaryimage\"},\"thumbnailUrl\":\"https:\/\/vitaliafarm.com\/wp-content\/uploads\/2021\/03\/ulje-cajnog-drveta.png\",\"datePublished\":\"2021-03-19T20:07:03+00:00\",\"dateModified\":\"2026-01-15T22:55:49+00:00\",\"description\":\"Koristi se za tretiranje zapaljenskih promena na ko\u017ei (\u010direvi, akne), za smanjenje simptoma gljivi\u010dne infekcije stopala, za upale sluzoko\u017ee usta.\",\"breadcrumb\":{\"@id\":\"https:\/\/vitaliafarm.com\/prodavnica\/etarska-ulja\/etarsko-ulje-cajnog-drveta\/#breadcrumb\"},\"inLanguage\":\"en-US\",\"potentialAction\":[{\"@type\":\"ReadAction\",\"target\":[\"https:\/\/vitaliafarm.com\/prodavnica\/etarska-ulja\/etarsko-ulje-cajnog-drveta\/\"]}]},{\"@type\":\"ImageObject\",\"inLanguage\":\"en-US\",\"@id\":\"https:\/\/vitaliafarm.com\/prodavnica\/etarska-ulja\/etarsko-ulje-cajnog-drveta\/#primaryimage\",\"url\":\"https:\/\/vitaliafarm.com\/wp-content\/uploads\/2021\/03\/ulje-cajnog-drveta.png\",\"contentUrl\":\"https:\/\/vitaliafarm.com\/wp-content\/uploads\/2021\/03\/ulje-cajnog-drveta.png\",\"width\":300,\"height\":400,\"caption\":\"Vitalia Farm - etarsko ulje \u010dajnog drveta\"},{\"@type\":\"BreadcrumbList\",\"@id\":\"https:\/\/vitaliafarm.com\/prodavnica\/etarska-ulja\/etarsko-ulje-cajnog-drveta\/#breadcrumb\",\"itemListElement\":[{\"@type\":\"ListItem\",\"position\":1,\"name\":\"Po\u010detna\",\"item\":\"https:\/\/vitaliafarm.com\/\"},{\"@type\":\"ListItem\",\"position\":2,\"name\":\"Prodavnica\",\"item\":\"https:\/\/vitaliafarm.com\/prodavnica\/\"},{\"@type\":\"ListItem\",\"position\":3,\"name\":\"Etarsko ulje \u010dajnog drveta\"}]},{\"@type\":\"WebSite\",\"@id\":\"https:\/\/vitaliafarm.com\/#website\",\"url\":\"https:\/\/vitaliafarm.com\/\",\"name\":\"Vitalia Farm\",\"description\":\"Svet lekovitog bilja\",\"publisher\":{\"@id\":\"https:\/\/vitaliafarm.com\/#organization\"},\"potentialAction\":[{\"@type\":\"SearchAction\",\"target\":{\"@type\":\"EntryPoint\",\"urlTemplate\":\"https:\/\/vitaliafarm.com\/?s={search_term_string}\"},\"query-input\":{\"@type\":\"PropertyValueSpecification\",\"valueRequired\":true,\"valueName\":\"search_term_string\"}}],\"inLanguage\":\"en-US\"},{\"@type\":\"Organization\",\"@id\":\"https:\/\/vitaliafarm.com\/#organization\",\"name\":\"Vitalia Farm d.o.o.\",\"url\":\"https:\/\/vitaliafarm.com\/\",\"logo\":{\"@type\":\"ImageObject\",\"inLanguage\":\"en-US\",\"@id\":\"https:\/\/vitaliafarm.com\/#\/schema\/logo\/image\/\",\"url\":\"https:\/\/vitaliafarm.com\/wp-content\/uploads\/2022\/02\/logo.png\",\"contentUrl\":\"https:\/\/vitaliafarm.com\/wp-content\/uploads\/2022\/02\/logo.png\",\"width\":270,\"height\":111,\"caption\":\"Vitalia Farm d.o.o.\"},\"image\":{\"@id\":\"https:\/\/vitaliafarm.com\/#\/schema\/logo\/image\/\"},\"sameAs\":[\"https:\/\/www.facebook.com\/vitaliafarm\/\",\"https:\/\/www.instagram.com\/vitaliafarm\/\"]}]}<\/script>\n<!-- \/ Yoast SEO plugin. -->","yoast_head_json":{"title":"Etarsko ulje \u010dajnog drveta - Vitalia Farm","description":"Koristi se za tretiranje zapaljenskih promena na ko\u017ei (\u010direvi, akne), za smanjenje simptoma gljivi\u010dne infekcije stopala, za upale sluzoko\u017ee usta.","robots":{"index":"index","follow":"follow","max-snippet":"max-snippet:-1","max-image-preview":"max-image-preview:large","max-video-preview":"max-video-preview:-1"},"canonical":"https:\/\/vitaliafarm.com\/en\/prodavnica\/etarska-ulja\/etarsko-ulje-cajnog-drveta\/","og_locale":"en_US","og_type":"article","og_title":"Etarsko ulje \u010dajnog drveta - Vitalia Farm","og_description":"Koristi se za tretiranje zapaljenskih promena na ko\u017ei (\u010direvi, akne), za smanjenje simptoma gljivi\u010dne infekcije stopala, za upale sluzoko\u017ee usta.","og_url":"https:\/\/vitaliafarm.com\/en\/prodavnica\/etarska-ulja\/etarsko-ulje-cajnog-drveta\/","og_site_name":"Vitalia Farm","article_publisher":"https:\/\/www.facebook.com\/vitaliafarm\/","article_modified_time":"2026-01-15T22:55:49+00:00","og_image":[{"width":300,"height":400,"url":"https:\/\/vitaliafarm.com\/wp-content\/uploads\/2021\/03\/ulje-cajnog-drveta.png","type":"image\/png"}],"twitter_card":"summary_large_image","twitter_misc":{"Est. reading time":"2 minutes"},"schema":{"@context":"https:\/\/schema.org","@graph":[{"@type":"WebPage","@id":"https:\/\/vitaliafarm.com\/prodavnica\/etarska-ulja\/etarsko-ulje-cajnog-drveta\/","url":"https:\/\/vitaliafarm.com\/prodavnica\/etarska-ulja\/etarsko-ulje-cajnog-drveta\/","name":"Etarsko ulje \u010dajnog drveta - Vitalia Farm","isPartOf":{"@id":"https:\/\/vitaliafarm.com\/#website"},"primaryImageOfPage":{"@id":"https:\/\/vitaliafarm.com\/prodavnica\/etarska-ulja\/etarsko-ulje-cajnog-drveta\/#primaryimage"},"image":{"@id":"https:\/\/vitaliafarm.com\/prodavnica\/etarska-ulja\/etarsko-ulje-cajnog-drveta\/#primaryimage"},"thumbnailUrl":"https:\/\/vitaliafarm.com\/wp-content\/uploads\/2021\/03\/ulje-cajnog-drveta.png","datePublished":"2021-03-19T20:07:03+00:00","dateModified":"2026-01-15T22:55:49+00:00","description":"Koristi se za tretiranje zapaljenskih promena na ko\u017ei (\u010direvi, akne), za smanjenje simptoma gljivi\u010dne infekcije stopala, za upale sluzoko\u017ee usta.","breadcrumb":{"@id":"https:\/\/vitaliafarm.com\/prodavnica\/etarska-ulja\/etarsko-ulje-cajnog-drveta\/#breadcrumb"},"inLanguage":"en-US","potentialAction":[{"@type":"ReadAction","target":["https:\/\/vitaliafarm.com\/prodavnica\/etarska-ulja\/etarsko-ulje-cajnog-drveta\/"]}]},{"@type":"ImageObject","inLanguage":"en-US","@id":"https:\/\/vitaliafarm.com\/prodavnica\/etarska-ulja\/etarsko-ulje-cajnog-drveta\/#primaryimage","url":"https:\/\/vitaliafarm.com\/wp-content\/uploads\/2021\/03\/ulje-cajnog-drveta.png","contentUrl":"https:\/\/vitaliafarm.com\/wp-content\/uploads\/2021\/03\/ulje-cajnog-drveta.png","width":300,"height":400,"caption":"Vitalia Farm - etarsko ulje \u010dajnog drveta"},{"@type":"BreadcrumbList","@id":"https:\/\/vitaliafarm.com\/prodavnica\/etarska-ulja\/etarsko-ulje-cajnog-drveta\/#breadcrumb","itemListElement":[{"@type":"ListItem","position":1,"name":"Po\u010detna","item":"https:\/\/vitaliafarm.com\/"},{"@type":"ListItem","position":2,"name":"Prodavnica","item":"https:\/\/vitaliafarm.com\/prodavnica\/"},{"@type":"ListItem","position":3,"name":"Etarsko ulje \u010dajnog drveta"}]},{"@type":"WebSite","@id":"https:\/\/vitaliafarm.com\/#website","url":"https:\/\/vitaliafarm.com\/","name":"Vitalia Farm","description":"Svet lekovitog bilja","publisher":{"@id":"https:\/\/vitaliafarm.com\/#organization"},"potentialAction":[{"@type":"SearchAction","target":{"@type":"EntryPoint","urlTemplate":"https:\/\/vitaliafarm.com\/?s={search_term_string}"},"query-input":{"@type":"PropertyValueSpecification","valueRequired":true,"valueName":"search_term_string"}}],"inLanguage":"en-US"},{"@type":"Organization","@id":"https:\/\/vitaliafarm.com\/#organization","name":"Vitalia Farm d.o.o.","url":"https:\/\/vitaliafarm.com\/","logo":{"@type":"ImageObject","inLanguage":"en-US","@id":"https:\/\/vitaliafarm.com\/#\/schema\/logo\/image\/","url":"https:\/\/vitaliafarm.com\/wp-content\/uploads\/2022\/02\/logo.png","contentUrl":"https:\/\/vitaliafarm.com\/wp-content\/uploads\/2022\/02\/logo.png","width":270,"height":111,"caption":"Vitalia Farm d.o.o."},"image":{"@id":"https:\/\/vitaliafarm.com\/#\/schema\/logo\/image\/"},"sameAs":["https:\/\/www.facebook.com\/vitaliafarm\/","https:\/\/www.instagram.com\/vitaliafarm\/"]}]}},"_links":{"self":[{"href":"https:\/\/vitaliafarm.com\/en\/wp-json\/wp\/v2\/product\/2580","targetHints":{"allow":["GET"]}}],"collection":[{"href":"https:\/\/vitaliafarm.com\/en\/wp-json\/wp\/v2\/product"}],"about":[{"href":"https:\/\/vitaliafarm.com\/en\/wp-json\/wp\/v2\/types\/product"}],"replies":[{"embeddable":true,"href":"https:\/\/vitaliafarm.com\/en\/wp-json\/wp\/v2\/comments?post=2580"}],"wp:featuredmedia":[{"embeddable":true,"href":"https:\/\/vitaliafarm.com\/en\/wp-json\/wp\/v2\/media\/4018"}],"wp:attachment":[{"href":"https:\/\/vitaliafarm.com\/en\/wp-json\/wp\/v2\/media?parent=2580"}],"wp:term":[{"taxonomy":"product_brand","embeddable":true,"href":"https:\/\/vitaliafarm.com\/en\/wp-json\/wp\/v2\/product_brand?post=2580"},{"taxonomy":"product_cat","embeddable":true,"href":"https:\/\/vitaliafarm.com\/en\/wp-json\/wp\/v2\/product_cat?post=2580"},{"taxonomy":"product_tag","embeddable":true,"href":"https:\/\/vitaliafarm.com\/en\/wp-json\/wp\/v2\/product_tag?post=2580"}],"curies":[{"name":"wp","href":"https:\/\/api.w.org\/{rel}","templated":true}]}}