
{"id":2581,"date":"2021-03-19T21:15:03","date_gmt":"2021-03-19T20:15:03","guid":{"rendered":"https:\/\/vitaliafarm.com\/?post_type=product&#038;p=2581"},"modified":"2026-02-20T13:33:51","modified_gmt":"2026-02-20T12:33:51","slug":"etarsko-ulje-divljeg-origana","status":"publish","type":"product","link":"https:\/\/vitaliafarm.com\/en\/prodavnica\/etarska-ulja\/etarsko-ulje-divljeg-origana\/","title":{"rendered":"Etarsko ulje divljeg origana"},"content":{"rendered":"<p><strong>Biolo\u0161ki izvor:<\/strong> Origanum vulgare L, Lamiaceae<\/p>\n<p><strong>Na\u010din dobijanja:<\/strong> Destilacijom pomo\u0107u vodene pare iz sve\u017eih izdanaka u cvetu (herbe).<\/p>\n<p><strong>Osobine:<\/strong> Bistra, gotovo bezbojna ili svetlo\u017euta te\u010dnost, karakteristi\u010dnog kamforastog mirisa i naljutog ukusa koji prati ose\u0107aj hladno\u0107e.<\/p>\n<p><strong>Sastav: <\/strong>Karvakrol i timol i\u00a0 (najva\u017eniji sastojci), borneol, \u03b2-kariofilen, mircen, \u03b1-terpinen i dr.<\/p>\n<p><strong>U tradicionalnoj medicini divlji origano se koristi:<\/strong><\/p>\n<ul>\n<li>Kao za\u0161tita od virusa, gljivica i bakterija (efikasno suzbija kandidu, e\u0161erihiju, stafilokoke, salmonelu&#8230;)<\/li>\n<li>Delotvorno je kod ve\u0107ine bakterija koje uzrokuju infekcije debelog creva i urinarnog trakta<\/li>\n<li>Ubla\u017eava tegobe usled nadimanja<\/li>\n<li>Stimuli\u0161e apetit<\/li>\n<li>Kao antiseptik ubrzava zaceljenje rana, posekotina, ko\u017enih iritacija, ekcema i akni (nikako direktno na ko\u017eu nerazbla\u017een)<\/li>\n<li>Putem inhalacije ubla\u017eava tegobe kod\u00a0 bronhitisa,upale sinusa, gripa, ka\u0161lja i glavobolje<\/li>\n<li>Kada se koristi kao sredstvo za grgljanje, ubla\u017eava zubobolju i nadra\u017eaj sluzoko\u017ee grla<\/li>\n<li>Primenjeno u kupkama, nekoliko kapi etarskog ulja origana ubla\u017eava mi\u0161i\u0107ne spazme, reumati\u010dne bolove i bolove u zglobovima<\/li>\n<li>Dodato u kupku povoljno deluje kod gljivi\u010dnih infekcija stopala<\/li>\n<\/ul>\n<p>Preporuka za upotrebu:<\/p>\n<p><strong>Oralno:<\/strong><\/p>\n<ol>\n<li>a) <em>Kod za\u0161tite od virusa, gljivica i bakterija<\/em> :U kafenu ka\u0161i\u010dicu jestivog ulja (maslinovo,suncokretovo ili kokosovo) sipati 1-2 kapi ulja oigana (pojedina\u010dna doza) i piti tri puta dnevno posle obroka.<\/li>\n<\/ol>\n<p>Kod oralne primene optimalna terapija traje 21 dan, nakon \u010dega treba napraviti pauzu od 7 dana. Po potrebi postupak ponoviti.<\/p>\n<p><strong>Inhaliranje:<\/strong><\/p>\n<p><em>Kod upale sinusa i bronhitisa:<\/em> Sipati 1-4 kapi u 500 ml vru\u0107e vode.Udisati vodenu paru u trajanju do 5 minuta.( Preko o\u010diju staviti \u010dist pe\u0161kir ili pamu\u010dni povez kako vodena para ne bi dospela u o\u010di.)<\/p>\n<p>Alternativno mo\u017ee se staviti 2-3 kapi na maramicu ili vatu i udisati isparenja.<\/p>\n<p><strong>Napomena:<\/strong><\/p>\n<p>&#8211; Pre upotrebe obavezno pro\u010ditati uputstvo.<\/p>\n<p>&#8211; Ne preporu\u010duje se upotreba kod dece mla\u0111e od 6 godina..<\/p>\n<p>&#8211; Ne preporu\u010duje se upotreba kod \u00a0trudnica i dojilja, kao i osobama koje su osetljive na neki od sastojaka.<\/p>\n<p>&#8211; Ulje origana se ne smete nanositi na intimne delove tela.<\/p>\n<p>&#8211; Nerazbla\u017eeno etarsko ulje origana ne nanositi direktno na ko\u017eu.<\/p>\n<p>&#8211; Preporu\u010dena dnevna doza se ne sme prekora\u010diti.<\/p>\n<p>&#8211; U slu\u010daju da do\u0111e do iritacije o\u010diju sa etarskim uljem divljeg origana, o\u010di \u0161to pre isprati hladnom vodom i po potrebi potra\u017eiti pomo\u0107 lekara.<\/p>\n<p style=\"text-align: left;\">&#8211; O indikacijma, merama opreza i ne\u017eeljenim dejstvima posavetujte se sa lekarom ili farmaceutom.<\/p>\n<p><strong>Na\u010din \u010duvanja:<\/strong> \u00a0\u010cuvati na tamnom i hladnom mestu za\u0161ti\u0107eno od svetlosti,van doma\u0161aja dece.<\/p>\n<p>Od momenta otvaranja bo\u010dice, savetuje se upotreba najdu\u017ee godinu dana.<\/p>\n<p><strong>Rok trajanja:<\/strong>\u00a0 24 meseca<\/p>\n<p><strong>Pakovanje:\u00a0 <\/strong>10 ml<\/p>\n<p>&nbsp;<\/p>\n<p><strong>\u00a0<\/strong><\/p>","protected":false},"excerpt":{"rendered":"<p><strong>U tradicionalnoj medicini divlji origano se koristi:<\/strong><\/p>\n<ul>\n<li>Kao za\u0161tita od virusa, gljivica i bakterija (efikasno suzbija kandidu, e\u0161erihiju, stafilokoke, salmonelu&#8230;)<\/li>\n<li>Delotvorno je kod ve\u0107ine bakterija koje uzrokuju infekcije debelog creva i urinarnog trakta<\/li>\n<li>Ubla\u017eava tegobe usled nadimanja<\/li>\n<li>Stimuli\u0161e apetit<\/li>\n<li>Kao antiseptik ubrzava zaceljenje rana, posekotina, ko\u017enih iritacija, ekcema i akni (nikako direktno na ko\u017eu nerazbla\u017een)<\/li>\n<li>Putem inhalacije ubla\u017eava tegobe kod\u00a0 bronhitisa,upale sinusa, gripa, ka\u0161lja i glavobolje<\/li>\n<li>Kada se koristi kao sredstvo za grgljanje, ubla\u017eava zubobolju i nadra\u017eaj sluzoko\u017ee grla<\/li>\n<li>Primenjeno u kupkama, nekoliko kapi etarskog ulja origana ubla\u017eava mi\u0161i\u0107ne spazme, reumati\u010dne bolove i bolove u zglobovima<\/li>\n<li>Dodato u kupku povoljno deluje kod gljivi\u010dnih infekcija stopala<\/li>\n<\/ul>\n<p><strong>Pakovanje: <\/strong>10 ml<\/p>","protected":false},"featured_media":4410,"comment_status":"open","ping_status":"closed","template":"","meta":{"_monsterinsights_skip_tracking":false,"_monsterinsights_sitenote_active":false,"_monsterinsights_sitenote_note":"","_monsterinsights_sitenote_category":0},"product_brand":[],"product_cat":[316],"product_tag":[411,412,385,474,478,377,486,390,473,476,380,472,375,441,488,475,479,381,484,415,482,376,374,485,477,480,483,487,389,481],"class_list":{"0":"post-2581","1":"product","2":"type-product","3":"status-publish","4":"has-post-thumbnail","6":"product_cat-etarska-ulja","7":"product_tag-antibakterijsko-dejstvo","8":"product_tag-antifungicidno-dejstvo","9":"product_tag-antiseptik","10":"product_tag-antivirusno-dejstvo","11":"product_tag-astma","12":"product_tag-biljni-preparati","13":"product_tag-bolovi-u-zglobovima","14":"product_tag-bronhitis","15":"product_tag-divlji-origano","16":"product_tag-eserihija","17":"product_tag-etarsko-ulje","18":"product_tag-etarsko-ulje-divljeg-origana","19":"product_tag-etericna-ulja","20":"product_tag-glavobolja","21":"product_tag-gljivicna-infekcija-stopala","22":"product_tag-kandida","23":"product_tag-kasalj","24":"product_tag-lekovito-bilje","25":"product_tag-misicni-spazam","26":"product_tag-nadimanje","27":"product_tag-nadrazena-sluzokoza-grla","28":"product_tag-prirodni-antiseptici","29":"product_tag-prirodni-preparati","30":"product_tag-reuma","31":"product_tag-salmonela","32":"product_tag-stimulacija-apetita","33":"product_tag-ublazavanje-menstrualnih-bolova","34":"product_tag-umirenje-nervnog-sistema","35":"product_tag-upala-sinusa","36":"product_tag-zubobolje","38":"first","39":"instock","40":"taxable","41":"shipping-taxable","42":"purchasable","43":"product-type-simple"},"aioseo_notices":[],"yoast_head":"<!-- This site is optimized with the Yoast SEO plugin v26.2 - https:\/\/yoast.com\/wordpress\/plugins\/seo\/ -->\n<title>Etarsko ulje divljeg origana - Vitalia Farm<\/title>\n<meta name=\"description\" content=\"Ima brojna blagotvorna dejstva i koristi se kao za\u0161tita od virusa, gljivica i bakterija (efikasno suzbija kandidu, e\u0161erihiju, stafilokoke...)\" \/>\n<meta name=\"robots\" content=\"index, follow, max-snippet:-1, max-image-preview:large, max-video-preview:-1\" \/>\n<link rel=\"canonical\" href=\"https:\/\/vitaliafarm.com\/en\/prodavnica\/etarska-ulja\/etarsko-ulje-divljeg-origana\/\" \/>\n<meta property=\"og:locale\" content=\"en_US\" \/>\n<meta property=\"og:type\" content=\"article\" \/>\n<meta property=\"og:title\" content=\"Etarsko ulje divljeg origana - Vitalia Farm\" \/>\n<meta property=\"og:description\" content=\"Ima brojna blagotvorna dejstva i koristi se kao za\u0161tita od virusa, gljivica i bakterija (efikasno suzbija kandidu, e\u0161erihiju, stafilokoke...)\" \/>\n<meta property=\"og:url\" content=\"https:\/\/vitaliafarm.com\/en\/prodavnica\/etarska-ulja\/etarsko-ulje-divljeg-origana\/\" \/>\n<meta property=\"og:site_name\" content=\"Vitalia Farm\" \/>\n<meta property=\"article:publisher\" content=\"https:\/\/www.facebook.com\/vitaliafarm\/\" \/>\n<meta property=\"article:modified_time\" content=\"2026-02-20T12:33:51+00:00\" \/>\n<meta property=\"og:image\" content=\"https:\/\/vitaliafarm.com\/wp-content\/uploads\/2022\/02\/Vitalia-Farm-etarsko-ulje-origana-pic.png\" \/>\n\t<meta property=\"og:image:width\" content=\"469\" \/>\n\t<meta property=\"og:image:height\" content=\"620\" \/>\n\t<meta property=\"og:image:type\" content=\"image\/png\" \/>\n<meta name=\"twitter:card\" content=\"summary_large_image\" \/>\n<meta name=\"twitter:label1\" content=\"Est. reading time\" \/>\n\t<meta name=\"twitter:data1\" content=\"2 minutes\" \/>\n<script type=\"application\/ld+json\" class=\"yoast-schema-graph\">{\"@context\":\"https:\/\/schema.org\",\"@graph\":[{\"@type\":\"WebPage\",\"@id\":\"https:\/\/vitaliafarm.com\/prodavnica\/etarska-ulja\/etarsko-ulje-divljeg-origana\/\",\"url\":\"https:\/\/vitaliafarm.com\/prodavnica\/etarska-ulja\/etarsko-ulje-divljeg-origana\/\",\"name\":\"Etarsko ulje divljeg origana - Vitalia Farm\",\"isPartOf\":{\"@id\":\"https:\/\/vitaliafarm.com\/#website\"},\"primaryImageOfPage\":{\"@id\":\"https:\/\/vitaliafarm.com\/prodavnica\/etarska-ulja\/etarsko-ulje-divljeg-origana\/#primaryimage\"},\"image\":{\"@id\":\"https:\/\/vitaliafarm.com\/prodavnica\/etarska-ulja\/etarsko-ulje-divljeg-origana\/#primaryimage\"},\"thumbnailUrl\":\"https:\/\/vitaliafarm.com\/wp-content\/uploads\/2022\/02\/Vitalia-Farm-etarsko-ulje-origana-pic.png\",\"datePublished\":\"2021-03-19T20:15:03+00:00\",\"dateModified\":\"2026-02-20T12:33:51+00:00\",\"description\":\"Ima brojna blagotvorna dejstva i koristi se kao za\u0161tita od virusa, gljivica i bakterija (efikasno suzbija kandidu, e\u0161erihiju, stafilokoke...)\",\"breadcrumb\":{\"@id\":\"https:\/\/vitaliafarm.com\/prodavnica\/etarska-ulja\/etarsko-ulje-divljeg-origana\/#breadcrumb\"},\"inLanguage\":\"en-US\",\"potentialAction\":[{\"@type\":\"ReadAction\",\"target\":[\"https:\/\/vitaliafarm.com\/prodavnica\/etarska-ulja\/etarsko-ulje-divljeg-origana\/\"]}]},{\"@type\":\"ImageObject\",\"inLanguage\":\"en-US\",\"@id\":\"https:\/\/vitaliafarm.com\/prodavnica\/etarska-ulja\/etarsko-ulje-divljeg-origana\/#primaryimage\",\"url\":\"https:\/\/vitaliafarm.com\/wp-content\/uploads\/2022\/02\/Vitalia-Farm-etarsko-ulje-origana-pic.png\",\"contentUrl\":\"https:\/\/vitaliafarm.com\/wp-content\/uploads\/2022\/02\/Vitalia-Farm-etarsko-ulje-origana-pic.png\",\"width\":469,\"height\":620,\"caption\":\"Vitalia Farm - cover photo\"},{\"@type\":\"BreadcrumbList\",\"@id\":\"https:\/\/vitaliafarm.com\/prodavnica\/etarska-ulja\/etarsko-ulje-divljeg-origana\/#breadcrumb\",\"itemListElement\":[{\"@type\":\"ListItem\",\"position\":1,\"name\":\"Po\u010detna\",\"item\":\"https:\/\/vitaliafarm.com\/\"},{\"@type\":\"ListItem\",\"position\":2,\"name\":\"Prodavnica\",\"item\":\"https:\/\/vitaliafarm.com\/prodavnica\/\"},{\"@type\":\"ListItem\",\"position\":3,\"name\":\"Etarsko ulje divljeg origana\"}]},{\"@type\":\"WebSite\",\"@id\":\"https:\/\/vitaliafarm.com\/#website\",\"url\":\"https:\/\/vitaliafarm.com\/\",\"name\":\"Vitalia Farm\",\"description\":\"Svet lekovitog bilja\",\"publisher\":{\"@id\":\"https:\/\/vitaliafarm.com\/#organization\"},\"potentialAction\":[{\"@type\":\"SearchAction\",\"target\":{\"@type\":\"EntryPoint\",\"urlTemplate\":\"https:\/\/vitaliafarm.com\/?s={search_term_string}\"},\"query-input\":{\"@type\":\"PropertyValueSpecification\",\"valueRequired\":true,\"valueName\":\"search_term_string\"}}],\"inLanguage\":\"en-US\"},{\"@type\":\"Organization\",\"@id\":\"https:\/\/vitaliafarm.com\/#organization\",\"name\":\"Vitalia Farm d.o.o.\",\"url\":\"https:\/\/vitaliafarm.com\/\",\"logo\":{\"@type\":\"ImageObject\",\"inLanguage\":\"en-US\",\"@id\":\"https:\/\/vitaliafarm.com\/#\/schema\/logo\/image\/\",\"url\":\"https:\/\/vitaliafarm.com\/wp-content\/uploads\/2022\/02\/logo.png\",\"contentUrl\":\"https:\/\/vitaliafarm.com\/wp-content\/uploads\/2022\/02\/logo.png\",\"width\":270,\"height\":111,\"caption\":\"Vitalia Farm d.o.o.\"},\"image\":{\"@id\":\"https:\/\/vitaliafarm.com\/#\/schema\/logo\/image\/\"},\"sameAs\":[\"https:\/\/www.facebook.com\/vitaliafarm\/\",\"https:\/\/www.instagram.com\/vitaliafarm\/\"]}]}<\/script>\n<!-- \/ Yoast SEO plugin. -->","yoast_head_json":{"title":"Etarsko ulje divljeg origana - Vitalia Farm","description":"Ima brojna blagotvorna dejstva i koristi se kao za\u0161tita od virusa, gljivica i bakterija (efikasno suzbija kandidu, e\u0161erihiju, stafilokoke...)","robots":{"index":"index","follow":"follow","max-snippet":"max-snippet:-1","max-image-preview":"max-image-preview:large","max-video-preview":"max-video-preview:-1"},"canonical":"https:\/\/vitaliafarm.com\/en\/prodavnica\/etarska-ulja\/etarsko-ulje-divljeg-origana\/","og_locale":"en_US","og_type":"article","og_title":"Etarsko ulje divljeg origana - Vitalia Farm","og_description":"Ima brojna blagotvorna dejstva i koristi se kao za\u0161tita od virusa, gljivica i bakterija (efikasno suzbija kandidu, e\u0161erihiju, stafilokoke...)","og_url":"https:\/\/vitaliafarm.com\/en\/prodavnica\/etarska-ulja\/etarsko-ulje-divljeg-origana\/","og_site_name":"Vitalia Farm","article_publisher":"https:\/\/www.facebook.com\/vitaliafarm\/","article_modified_time":"2026-02-20T12:33:51+00:00","og_image":[{"width":469,"height":620,"url":"https:\/\/vitaliafarm.com\/wp-content\/uploads\/2022\/02\/Vitalia-Farm-etarsko-ulje-origana-pic.png","type":"image\/png"}],"twitter_card":"summary_large_image","twitter_misc":{"Est. reading time":"2 minutes"},"schema":{"@context":"https:\/\/schema.org","@graph":[{"@type":"WebPage","@id":"https:\/\/vitaliafarm.com\/prodavnica\/etarska-ulja\/etarsko-ulje-divljeg-origana\/","url":"https:\/\/vitaliafarm.com\/prodavnica\/etarska-ulja\/etarsko-ulje-divljeg-origana\/","name":"Etarsko ulje divljeg origana - Vitalia Farm","isPartOf":{"@id":"https:\/\/vitaliafarm.com\/#website"},"primaryImageOfPage":{"@id":"https:\/\/vitaliafarm.com\/prodavnica\/etarska-ulja\/etarsko-ulje-divljeg-origana\/#primaryimage"},"image":{"@id":"https:\/\/vitaliafarm.com\/prodavnica\/etarska-ulja\/etarsko-ulje-divljeg-origana\/#primaryimage"},"thumbnailUrl":"https:\/\/vitaliafarm.com\/wp-content\/uploads\/2022\/02\/Vitalia-Farm-etarsko-ulje-origana-pic.png","datePublished":"2021-03-19T20:15:03+00:00","dateModified":"2026-02-20T12:33:51+00:00","description":"Ima brojna blagotvorna dejstva i koristi se kao za\u0161tita od virusa, gljivica i bakterija (efikasno suzbija kandidu, e\u0161erihiju, stafilokoke...)","breadcrumb":{"@id":"https:\/\/vitaliafarm.com\/prodavnica\/etarska-ulja\/etarsko-ulje-divljeg-origana\/#breadcrumb"},"inLanguage":"en-US","potentialAction":[{"@type":"ReadAction","target":["https:\/\/vitaliafarm.com\/prodavnica\/etarska-ulja\/etarsko-ulje-divljeg-origana\/"]}]},{"@type":"ImageObject","inLanguage":"en-US","@id":"https:\/\/vitaliafarm.com\/prodavnica\/etarska-ulja\/etarsko-ulje-divljeg-origana\/#primaryimage","url":"https:\/\/vitaliafarm.com\/wp-content\/uploads\/2022\/02\/Vitalia-Farm-etarsko-ulje-origana-pic.png","contentUrl":"https:\/\/vitaliafarm.com\/wp-content\/uploads\/2022\/02\/Vitalia-Farm-etarsko-ulje-origana-pic.png","width":469,"height":620,"caption":"Vitalia Farm - cover photo"},{"@type":"BreadcrumbList","@id":"https:\/\/vitaliafarm.com\/prodavnica\/etarska-ulja\/etarsko-ulje-divljeg-origana\/#breadcrumb","itemListElement":[{"@type":"ListItem","position":1,"name":"Po\u010detna","item":"https:\/\/vitaliafarm.com\/"},{"@type":"ListItem","position":2,"name":"Prodavnica","item":"https:\/\/vitaliafarm.com\/prodavnica\/"},{"@type":"ListItem","position":3,"name":"Etarsko ulje divljeg origana"}]},{"@type":"WebSite","@id":"https:\/\/vitaliafarm.com\/#website","url":"https:\/\/vitaliafarm.com\/","name":"Vitalia Farm","description":"Svet lekovitog bilja","publisher":{"@id":"https:\/\/vitaliafarm.com\/#organization"},"potentialAction":[{"@type":"SearchAction","target":{"@type":"EntryPoint","urlTemplate":"https:\/\/vitaliafarm.com\/?s={search_term_string}"},"query-input":{"@type":"PropertyValueSpecification","valueRequired":true,"valueName":"search_term_string"}}],"inLanguage":"en-US"},{"@type":"Organization","@id":"https:\/\/vitaliafarm.com\/#organization","name":"Vitalia Farm d.o.o.","url":"https:\/\/vitaliafarm.com\/","logo":{"@type":"ImageObject","inLanguage":"en-US","@id":"https:\/\/vitaliafarm.com\/#\/schema\/logo\/image\/","url":"https:\/\/vitaliafarm.com\/wp-content\/uploads\/2022\/02\/logo.png","contentUrl":"https:\/\/vitaliafarm.com\/wp-content\/uploads\/2022\/02\/logo.png","width":270,"height":111,"caption":"Vitalia Farm d.o.o."},"image":{"@id":"https:\/\/vitaliafarm.com\/#\/schema\/logo\/image\/"},"sameAs":["https:\/\/www.facebook.com\/vitaliafarm\/","https:\/\/www.instagram.com\/vitaliafarm\/"]}]}},"_links":{"self":[{"href":"https:\/\/vitaliafarm.com\/en\/wp-json\/wp\/v2\/product\/2581","targetHints":{"allow":["GET"]}}],"collection":[{"href":"https:\/\/vitaliafarm.com\/en\/wp-json\/wp\/v2\/product"}],"about":[{"href":"https:\/\/vitaliafarm.com\/en\/wp-json\/wp\/v2\/types\/product"}],"replies":[{"embeddable":true,"href":"https:\/\/vitaliafarm.com\/en\/wp-json\/wp\/v2\/comments?post=2581"}],"wp:featuredmedia":[{"embeddable":true,"href":"https:\/\/vitaliafarm.com\/en\/wp-json\/wp\/v2\/media\/4410"}],"wp:attachment":[{"href":"https:\/\/vitaliafarm.com\/en\/wp-json\/wp\/v2\/media?parent=2581"}],"wp:term":[{"taxonomy":"product_brand","embeddable":true,"href":"https:\/\/vitaliafarm.com\/en\/wp-json\/wp\/v2\/product_brand?post=2581"},{"taxonomy":"product_cat","embeddable":true,"href":"https:\/\/vitaliafarm.com\/en\/wp-json\/wp\/v2\/product_cat?post=2581"},{"taxonomy":"product_tag","embeddable":true,"href":"https:\/\/vitaliafarm.com\/en\/wp-json\/wp\/v2\/product_tag?post=2581"}],"curies":[{"name":"wp","href":"https:\/\/api.w.org\/{rel}","templated":true}]}}