
{"id":2582,"date":"2021-03-19T21:15:03","date_gmt":"2021-03-19T20:15:03","guid":{"rendered":"https:\/\/vitaliafarm.com\/?post_type=product&#038;p=2582"},"modified":"2026-01-16T00:02:58","modified_gmt":"2026-01-15T23:02:58","slug":"etarsko-ulje-eukaliptusa","status":"publish","type":"product","link":"https:\/\/vitaliafarm.com\/en\/prodavnica\/etarska-ulja\/etarsko-ulje-eukaliptusa\/","title":{"rendered":"Etarsko ulje eukaliptusa"},"content":{"rendered":"<p><strong>Biolo\u0161ki izvor:<\/strong> Eucalyptus globulus Labill., Eucalyptus polybractea R.T. Baker,<br \/>\nEucalyptus smithii R.T. Baker, Myrtaceae<\/p>\n<p><strong>Na\u010din dobijanja:<\/strong>\u00a0Destilacijom pomo\u0107u vodene pare iz sve\u017eih listova ili sve\u017eih mladih izdanaka eukaliptusa.<\/p>\n<p><strong>Osobine:<\/strong>\u00a0Bistra, gotovo bezbojna ili svetlo\u017euta te\u010dnost, karakteristi\u010dnog kamforastog mirisa i naljutog ukusa koji prati ose\u0107aj hladno\u0107e.<\/p>\n<p><strong>Sastav:<\/strong>\u00a01,8-cineol (preko 70%), \u03b1-pinen, \u03b2-pinen, p-cimen, \u03b1-terpineol, trans-pinocarveol i dr.<\/p>\n<p><strong>Preporuka za upotrebu:<\/strong><\/p>\n<p><strong>1.<\/strong>Kod simptoma prehlade ili hroni\u010dnog katara (upale) gornjih disajnih puteva povezanih sa postojanom koli\u010dinom sluzi, odnosno za ubla\u017eavanje ka\u0161lja povezanog sa prehladom.<\/p>\n<p>Adolescenti i odrasli:<\/p>\n<p>&#8211;\u00a0 2-3 \u00a0kapi etarskog ulja rastvoriti u ka\u0161i\u010dici nekog jestivog ulja i piti 2 do 3 puta dnevno posle jela.<\/p>\n<p>&#8211;\u00a0 nekoliko kapi etarskog ulja utrljati na grudi ili le\u0111a, 2 do 3 puta dnevno.<\/p>\n<p>&#8211;\u00a0 8 do 10 kapi etarskog ulja staviti u 1 litar klju\u010dale vode,za\u0161titi o\u010di i koristiti za inhalaciju 3 puta dnevno. Alternativno: 1-3 kapi na kompresi i udisati.<\/p>\n<p><strong>2.<\/strong>Simptomatsko ubla\u017eavanje prehlade i kod reumatskih tegoba<strong> (<\/strong>bolovi u zglobovima, le\u0111ima, vratu, kostima i mi\u0161i\u0107ima) tj. za ubla\u017eavanje lokalizovanog bola u mi\u0161i\u0107ima.<\/p>\n<p>Adolescenti i odrasli:<\/p>\n<p>&#8211; 3-5 kapi rastvoriti u 10 ml bademovog ulja (ili nekog drugog jestivog biljnog ulja) i utrljavati na bolno mesto.<\/p>\n<p><strong>Napomena:<\/strong><\/p>\n<p>&#8211; Pre upotrebe obavezno pro\u010ditati uputstvo.<\/p>\n<p>&#8211; Ne preporu\u010duje se upotreba kod \u00a0dece mla\u0111e od 12 godina.<\/p>\n<p>&#8211; Ne preporu\u010duje se upotreba kod \u00a0trudnica i dojilja, kao i osobama koje su osetljive na neki od\u00a0 \u00a0 \u00a0 \u00a0sastojaka.<\/p>\n<p>&#8211; Nerazbla\u017eeno etarsko ulje eukaliptusa ne nanositi direktno na ko\u017eu.<\/p>\n<p>&#8211; U slu\u010daju da do\u0111e do iritacije o\u010diju sa etarskim uljem eukaliptusa, o\u010di \u0161to pre isprati hladnom vodom\u00a0 \u00a0 i po potrebi potra\u017eiti pomo\u0107 lekara.<\/p>\n<p>&#8211; O indikacijma, merama opreza i ne\u017eeljenim dejstvima posavetujte se sa lekarom ili farmaceutom.<\/p>\n<p><strong>Na\u010din \u010duvanja:<\/strong>\u00a0\u010cuvati na tamnom i hladnom mestu za\u0161ti\u0107eno od svetlosti,van doma\u0161aja dece. Od otvaranja bo\u010dice, savetuje se da se koristi najdu\u017ee godinu dana.<\/p>\n<p><strong>Rok trajanja:<\/strong>\u00a0 24 meseca<\/p>\n<p><strong>Pakovanje: \u00a0<\/strong>10 ml<\/p>","protected":false},"excerpt":{"rendered":"<p><strong>Delovanje:<\/strong><\/p>\n<ul>\n<li>Kod simptoma prehlade ili hroni\u010dne upale disajnih puteva (upala grla, zapaljenje sluzoko\u017ee nosa, upala sinusa, akutni i hroni\u010dni bronhitis, i sl. )<\/li>\n<li>Poma\u017ee kod upala i bolova u mi\u0161i\u0107ima i zglobovima<\/li>\n<\/ul>\n<p><strong>Pakovanje: <\/strong>10 ml<\/p>","protected":false},"featured_media":2612,"comment_status":"open","ping_status":"closed","template":"","meta":{"_monsterinsights_skip_tracking":false,"_monsterinsights_sitenote_active":false,"_monsterinsights_sitenote_note":"","_monsterinsights_sitenote_category":0},"product_brand":[],"product_cat":[316],"product_tag":[385,378,377,396,383,391,390,386,380,379,375,382,398,393,397,381,376,374,399,387,400,384,389,394,395,392,388],"class_list":{"0":"post-2582","1":"product","2":"type-product","3":"status-publish","4":"has-post-thumbnail","6":"product_cat-etarska-ulja","7":"product_tag-antiseptik","8":"product_tag-bilje-i-zdravlje","9":"product_tag-biljni-preparati","10":"product_tag-bol-u-misicima-i-zglobovima","11":"product_tag-bolesti-pluca","12":"product_tag-bronhijalna-astma","13":"product_tag-bronhitis","14":"product_tag-ekspektorans","15":"product_tag-etarsko-ulje","16":"product_tag-etarsko-ulje-eukaliptusa","17":"product_tag-etericna-ulja","18":"product_tag-eukaliptus","19":"product_tag-glavobolje","20":"product_tag-inhaliranja","21":"product_tag-jaca-energiju","22":"product_tag-lekovito-bilje","23":"product_tag-prirodni-antiseptici","24":"product_tag-prirodni-preparati","25":"product_tag-reumatski-bolovi","26":"product_tag-rubefacijens-izaziva-crvenilo-i-osecaj-toplote-na-kozi","27":"product_tag-upala-desni","28":"product_tag-upala-grla","29":"product_tag-upala-sinusa","30":"product_tag-upale-misica","31":"product_tag-upale-zglobova","32":"product_tag-zapaljenje-pluca","33":"product_tag-zapaljenje-sluznice-nosa","35":"first","36":"instock","37":"taxable","38":"shipping-taxable","39":"purchasable","40":"product-type-simple"},"aioseo_notices":[],"yoast_head":"<!-- This site is optimized with the Yoast SEO plugin v26.2 - https:\/\/yoast.com\/wordpress\/plugins\/seo\/ -->\n<title>Etarsko ulje eukaliptusa - Vitalia Farm<\/title>\n<meta name=\"description\" content=\"Blagotvorno dejstvo kod simptoma prehlade ili hroni\u010dne upale gornjih disajnih puteva - za ubla\u017eavanje ka\u0161lja povezanog sa prehladom.\" \/>\n<meta name=\"robots\" content=\"index, follow, max-snippet:-1, max-image-preview:large, max-video-preview:-1\" \/>\n<link rel=\"canonical\" href=\"https:\/\/vitaliafarm.com\/en\/prodavnica\/etarska-ulja\/etarsko-ulje-eukaliptusa\/\" \/>\n<meta property=\"og:locale\" content=\"en_US\" \/>\n<meta property=\"og:type\" content=\"article\" \/>\n<meta property=\"og:title\" content=\"Etarsko ulje eukaliptusa - Vitalia Farm\" \/>\n<meta property=\"og:description\" content=\"Blagotvorno dejstvo kod simptoma prehlade ili hroni\u010dne upale gornjih disajnih puteva - za ubla\u017eavanje ka\u0161lja povezanog sa prehladom.\" \/>\n<meta property=\"og:url\" content=\"https:\/\/vitaliafarm.com\/en\/prodavnica\/etarska-ulja\/etarsko-ulje-eukaliptusa\/\" \/>\n<meta property=\"og:site_name\" content=\"Vitalia Farm\" \/>\n<meta property=\"article:publisher\" content=\"https:\/\/www.facebook.com\/vitaliafarm\/\" \/>\n<meta property=\"article:modified_time\" content=\"2026-01-15T23:02:58+00:00\" \/>\n<meta property=\"og:image\" content=\"https:\/\/vitaliafarm.com\/wp-content\/uploads\/2021\/03\/etarsko-ulje-eukaliptus.jpg\" \/>\n\t<meta property=\"og:image:width\" content=\"300\" \/>\n\t<meta property=\"og:image:height\" content=\"400\" \/>\n\t<meta property=\"og:image:type\" content=\"image\/jpeg\" \/>\n<meta name=\"twitter:card\" content=\"summary_large_image\" \/>\n<meta name=\"twitter:label1\" content=\"Est. reading time\" \/>\n\t<meta name=\"twitter:data1\" content=\"2 minutes\" \/>\n<script type=\"application\/ld+json\" class=\"yoast-schema-graph\">{\"@context\":\"https:\/\/schema.org\",\"@graph\":[{\"@type\":\"WebPage\",\"@id\":\"https:\/\/vitaliafarm.com\/prodavnica\/etarska-ulja\/etarsko-ulje-eukaliptusa\/\",\"url\":\"https:\/\/vitaliafarm.com\/prodavnica\/etarska-ulja\/etarsko-ulje-eukaliptusa\/\",\"name\":\"Etarsko ulje eukaliptusa - Vitalia Farm\",\"isPartOf\":{\"@id\":\"https:\/\/vitaliafarm.com\/#website\"},\"primaryImageOfPage\":{\"@id\":\"https:\/\/vitaliafarm.com\/prodavnica\/etarska-ulja\/etarsko-ulje-eukaliptusa\/#primaryimage\"},\"image\":{\"@id\":\"https:\/\/vitaliafarm.com\/prodavnica\/etarska-ulja\/etarsko-ulje-eukaliptusa\/#primaryimage\"},\"thumbnailUrl\":\"https:\/\/vitaliafarm.com\/wp-content\/uploads\/2021\/03\/etarsko-ulje-eukaliptus.jpg\",\"datePublished\":\"2021-03-19T20:15:03+00:00\",\"dateModified\":\"2026-01-15T23:02:58+00:00\",\"description\":\"Blagotvorno dejstvo kod simptoma prehlade ili hroni\u010dne upale gornjih disajnih puteva - za ubla\u017eavanje ka\u0161lja povezanog sa prehladom.\",\"breadcrumb\":{\"@id\":\"https:\/\/vitaliafarm.com\/prodavnica\/etarska-ulja\/etarsko-ulje-eukaliptusa\/#breadcrumb\"},\"inLanguage\":\"en-US\",\"potentialAction\":[{\"@type\":\"ReadAction\",\"target\":[\"https:\/\/vitaliafarm.com\/prodavnica\/etarska-ulja\/etarsko-ulje-eukaliptusa\/\"]}]},{\"@type\":\"ImageObject\",\"inLanguage\":\"en-US\",\"@id\":\"https:\/\/vitaliafarm.com\/prodavnica\/etarska-ulja\/etarsko-ulje-eukaliptusa\/#primaryimage\",\"url\":\"https:\/\/vitaliafarm.com\/wp-content\/uploads\/2021\/03\/etarsko-ulje-eukaliptus.jpg\",\"contentUrl\":\"https:\/\/vitaliafarm.com\/wp-content\/uploads\/2021\/03\/etarsko-ulje-eukaliptus.jpg\",\"width\":300,\"height\":400,\"caption\":\"Vitalia Farm - etarsko ulje eukaliptusa\"},{\"@type\":\"BreadcrumbList\",\"@id\":\"https:\/\/vitaliafarm.com\/prodavnica\/etarska-ulja\/etarsko-ulje-eukaliptusa\/#breadcrumb\",\"itemListElement\":[{\"@type\":\"ListItem\",\"position\":1,\"name\":\"Po\u010detna\",\"item\":\"https:\/\/vitaliafarm.com\/\"},{\"@type\":\"ListItem\",\"position\":2,\"name\":\"Prodavnica\",\"item\":\"https:\/\/vitaliafarm.com\/prodavnica\/\"},{\"@type\":\"ListItem\",\"position\":3,\"name\":\"Etarsko ulje eukaliptusa\"}]},{\"@type\":\"WebSite\",\"@id\":\"https:\/\/vitaliafarm.com\/#website\",\"url\":\"https:\/\/vitaliafarm.com\/\",\"name\":\"Vitalia Farm\",\"description\":\"Svet lekovitog bilja\",\"publisher\":{\"@id\":\"https:\/\/vitaliafarm.com\/#organization\"},\"potentialAction\":[{\"@type\":\"SearchAction\",\"target\":{\"@type\":\"EntryPoint\",\"urlTemplate\":\"https:\/\/vitaliafarm.com\/?s={search_term_string}\"},\"query-input\":{\"@type\":\"PropertyValueSpecification\",\"valueRequired\":true,\"valueName\":\"search_term_string\"}}],\"inLanguage\":\"en-US\"},{\"@type\":\"Organization\",\"@id\":\"https:\/\/vitaliafarm.com\/#organization\",\"name\":\"Vitalia Farm d.o.o.\",\"url\":\"https:\/\/vitaliafarm.com\/\",\"logo\":{\"@type\":\"ImageObject\",\"inLanguage\":\"en-US\",\"@id\":\"https:\/\/vitaliafarm.com\/#\/schema\/logo\/image\/\",\"url\":\"https:\/\/vitaliafarm.com\/wp-content\/uploads\/2022\/02\/logo.png\",\"contentUrl\":\"https:\/\/vitaliafarm.com\/wp-content\/uploads\/2022\/02\/logo.png\",\"width\":270,\"height\":111,\"caption\":\"Vitalia Farm d.o.o.\"},\"image\":{\"@id\":\"https:\/\/vitaliafarm.com\/#\/schema\/logo\/image\/\"},\"sameAs\":[\"https:\/\/www.facebook.com\/vitaliafarm\/\",\"https:\/\/www.instagram.com\/vitaliafarm\/\"]}]}<\/script>\n<!-- \/ Yoast SEO plugin. -->","yoast_head_json":{"title":"Etarsko ulje eukaliptusa - Vitalia Farm","description":"Blagotvorno dejstvo kod simptoma prehlade ili hroni\u010dne upale gornjih disajnih puteva - za ubla\u017eavanje ka\u0161lja povezanog sa prehladom.","robots":{"index":"index","follow":"follow","max-snippet":"max-snippet:-1","max-image-preview":"max-image-preview:large","max-video-preview":"max-video-preview:-1"},"canonical":"https:\/\/vitaliafarm.com\/en\/prodavnica\/etarska-ulja\/etarsko-ulje-eukaliptusa\/","og_locale":"en_US","og_type":"article","og_title":"Etarsko ulje eukaliptusa - Vitalia Farm","og_description":"Blagotvorno dejstvo kod simptoma prehlade ili hroni\u010dne upale gornjih disajnih puteva - za ubla\u017eavanje ka\u0161lja povezanog sa prehladom.","og_url":"https:\/\/vitaliafarm.com\/en\/prodavnica\/etarska-ulja\/etarsko-ulje-eukaliptusa\/","og_site_name":"Vitalia Farm","article_publisher":"https:\/\/www.facebook.com\/vitaliafarm\/","article_modified_time":"2026-01-15T23:02:58+00:00","og_image":[{"width":300,"height":400,"url":"https:\/\/vitaliafarm.com\/wp-content\/uploads\/2021\/03\/etarsko-ulje-eukaliptus.jpg","type":"image\/jpeg"}],"twitter_card":"summary_large_image","twitter_misc":{"Est. reading time":"2 minutes"},"schema":{"@context":"https:\/\/schema.org","@graph":[{"@type":"WebPage","@id":"https:\/\/vitaliafarm.com\/prodavnica\/etarska-ulja\/etarsko-ulje-eukaliptusa\/","url":"https:\/\/vitaliafarm.com\/prodavnica\/etarska-ulja\/etarsko-ulje-eukaliptusa\/","name":"Etarsko ulje eukaliptusa - Vitalia Farm","isPartOf":{"@id":"https:\/\/vitaliafarm.com\/#website"},"primaryImageOfPage":{"@id":"https:\/\/vitaliafarm.com\/prodavnica\/etarska-ulja\/etarsko-ulje-eukaliptusa\/#primaryimage"},"image":{"@id":"https:\/\/vitaliafarm.com\/prodavnica\/etarska-ulja\/etarsko-ulje-eukaliptusa\/#primaryimage"},"thumbnailUrl":"https:\/\/vitaliafarm.com\/wp-content\/uploads\/2021\/03\/etarsko-ulje-eukaliptus.jpg","datePublished":"2021-03-19T20:15:03+00:00","dateModified":"2026-01-15T23:02:58+00:00","description":"Blagotvorno dejstvo kod simptoma prehlade ili hroni\u010dne upale gornjih disajnih puteva - za ubla\u017eavanje ka\u0161lja povezanog sa prehladom.","breadcrumb":{"@id":"https:\/\/vitaliafarm.com\/prodavnica\/etarska-ulja\/etarsko-ulje-eukaliptusa\/#breadcrumb"},"inLanguage":"en-US","potentialAction":[{"@type":"ReadAction","target":["https:\/\/vitaliafarm.com\/prodavnica\/etarska-ulja\/etarsko-ulje-eukaliptusa\/"]}]},{"@type":"ImageObject","inLanguage":"en-US","@id":"https:\/\/vitaliafarm.com\/prodavnica\/etarska-ulja\/etarsko-ulje-eukaliptusa\/#primaryimage","url":"https:\/\/vitaliafarm.com\/wp-content\/uploads\/2021\/03\/etarsko-ulje-eukaliptus.jpg","contentUrl":"https:\/\/vitaliafarm.com\/wp-content\/uploads\/2021\/03\/etarsko-ulje-eukaliptus.jpg","width":300,"height":400,"caption":"Vitalia Farm - etarsko ulje eukaliptusa"},{"@type":"BreadcrumbList","@id":"https:\/\/vitaliafarm.com\/prodavnica\/etarska-ulja\/etarsko-ulje-eukaliptusa\/#breadcrumb","itemListElement":[{"@type":"ListItem","position":1,"name":"Po\u010detna","item":"https:\/\/vitaliafarm.com\/"},{"@type":"ListItem","position":2,"name":"Prodavnica","item":"https:\/\/vitaliafarm.com\/prodavnica\/"},{"@type":"ListItem","position":3,"name":"Etarsko ulje eukaliptusa"}]},{"@type":"WebSite","@id":"https:\/\/vitaliafarm.com\/#website","url":"https:\/\/vitaliafarm.com\/","name":"Vitalia Farm","description":"Svet lekovitog bilja","publisher":{"@id":"https:\/\/vitaliafarm.com\/#organization"},"potentialAction":[{"@type":"SearchAction","target":{"@type":"EntryPoint","urlTemplate":"https:\/\/vitaliafarm.com\/?s={search_term_string}"},"query-input":{"@type":"PropertyValueSpecification","valueRequired":true,"valueName":"search_term_string"}}],"inLanguage":"en-US"},{"@type":"Organization","@id":"https:\/\/vitaliafarm.com\/#organization","name":"Vitalia Farm d.o.o.","url":"https:\/\/vitaliafarm.com\/","logo":{"@type":"ImageObject","inLanguage":"en-US","@id":"https:\/\/vitaliafarm.com\/#\/schema\/logo\/image\/","url":"https:\/\/vitaliafarm.com\/wp-content\/uploads\/2022\/02\/logo.png","contentUrl":"https:\/\/vitaliafarm.com\/wp-content\/uploads\/2022\/02\/logo.png","width":270,"height":111,"caption":"Vitalia Farm d.o.o."},"image":{"@id":"https:\/\/vitaliafarm.com\/#\/schema\/logo\/image\/"},"sameAs":["https:\/\/www.facebook.com\/vitaliafarm\/","https:\/\/www.instagram.com\/vitaliafarm\/"]}]}},"_links":{"self":[{"href":"https:\/\/vitaliafarm.com\/en\/wp-json\/wp\/v2\/product\/2582","targetHints":{"allow":["GET"]}}],"collection":[{"href":"https:\/\/vitaliafarm.com\/en\/wp-json\/wp\/v2\/product"}],"about":[{"href":"https:\/\/vitaliafarm.com\/en\/wp-json\/wp\/v2\/types\/product"}],"replies":[{"embeddable":true,"href":"https:\/\/vitaliafarm.com\/en\/wp-json\/wp\/v2\/comments?post=2582"}],"wp:featuredmedia":[{"embeddable":true,"href":"https:\/\/vitaliafarm.com\/en\/wp-json\/wp\/v2\/media\/2612"}],"wp:attachment":[{"href":"https:\/\/vitaliafarm.com\/en\/wp-json\/wp\/v2\/media?parent=2582"}],"wp:term":[{"taxonomy":"product_brand","embeddable":true,"href":"https:\/\/vitaliafarm.com\/en\/wp-json\/wp\/v2\/product_brand?post=2582"},{"taxonomy":"product_cat","embeddable":true,"href":"https:\/\/vitaliafarm.com\/en\/wp-json\/wp\/v2\/product_cat?post=2582"},{"taxonomy":"product_tag","embeddable":true,"href":"https:\/\/vitaliafarm.com\/en\/wp-json\/wp\/v2\/product_tag?post=2582"}],"curies":[{"name":"wp","href":"https:\/\/api.w.org\/{rel}","templated":true}]}}