
{"id":2584,"date":"2021-03-19T21:15:03","date_gmt":"2021-03-19T20:15:03","guid":{"rendered":"https:\/\/vitaliafarm.com\/?post_type=product&#038;p=2584"},"modified":"2026-04-26T03:19:24","modified_gmt":"2026-04-26T01:19:24","slug":"etarsko-ulje-karanfilica","status":"publish","type":"product","link":"https:\/\/vitaliafarm.com\/en\/prodavnica\/etarska-ulja\/etarsko-ulje-karanfilica\/","title":{"rendered":"Etarsko ulje karanfili\u0107a"},"content":{"rendered":"<p><strong>Biolo\u0161ki izvor: <\/strong>Syzygium aromaticum (L.) Merr. et L.M. Perry (syn. Eugenia caryophyllus (Spreng.) Bullock et S.G. Harrison)<\/p>\n<p><strong>Na\u010din dobijanja:<\/strong> Destilacijom pomo\u0107u vodene pare iz sve\u017eih ili osu\u0161enih cvetnih pupoljaka karanfili\u0107a.<\/p>\n<p><strong>Osobine:<\/strong>\u00a0Sve\u017ee predestilisano ulje je skoro bezbojno, a stajanjem dobija tamno mrku boju. Karakteristi\u010dnog je mirisa i naljutog ukusa.<\/p>\n<p><strong>Sastav:<\/strong> Glavni sastojci su eugenol i acetileugenol (preko 85%), \u03b2-kariofilen, \u03b1-pinen, \u03b2-pinen, limonen i dr.<\/p>\n<p><strong>Delovanje:<\/strong><\/p>\n<p>&#8211; Kod upale sluznice usne \u0161upljine i \u017edrela\u00a0 i ubla\u017eavanja parodontopatije<\/p>\n<p>&#8211; Za privremeno ubla\u017eavanje zubobolje<\/p>\n<p>&#8211; Kod sportskih povreda za masa\u017eu mi\u0161i\u0107a, radi boljeg u\u010dinka i br\u017eeg oporavka<\/p>\n<p>&#8211; Koristi se i kao prirodni insekticid i repelent<\/p>\n<p><strong>Preporuka za upotrebu:<\/strong><\/p>\n<p><strong>Oralno:<\/strong><\/p>\n<p>&#8211; 2-3 kapi etarskog ulja karanfili\u0107a rastvoriti u jednoj supenoj ka\u0161ici nekog jestivog ulja (pojedina\u010dna doza) i promu\u0107kati u ustima nekoliko puta dnevno.<\/p>\n<p><strong>Spolja:<\/strong><\/p>\n<p>\u2013 Kod tretiranja sportskih povreda 12 kapi etarskog ulja karanfili\u0107a\u00a0 rastvoriti u 10 ml maslinovog ulja (ili nekog drugog biljnog ulja) i utrljavati 1-3 puta dnevno na ko\u017eu<\/p>\n<p>&#8211; 20 kapi\u00a0 sipati u 100ml razbla\u017eenog alkohola. Rastvor sipati u bocu sa prskalicom i naprskati mesta odakle izlaze insekti.<\/p>\n<p><strong>Napomena:<\/strong><\/p>\n<p>&#8211;\u00a0 Pre upotrebe obavezno pro\u010ditati uputstvo.<\/p>\n<p>&#8211;\u00a0 Ne preporu\u010duje se upotreba kod \u00a0osoba mla\u0111ih od 18 godina.<\/p>\n<p>&#8211;\u00a0 Ne preporu\u010duje se upotreba kod \u00a0trudnica i dojilja, kao i osobama koje su osetljive na neki od sastojaka.<\/p>\n<p>&#8211; Nerazbla\u017eeno etarsko ulje karanfili\u0107a ne nanositi direktno na ko\u017eu.<\/p>\n<p>&#8211;\u00a0 Preporu\u010dena dnevna doza se ne sme prekora\u010diti.<\/p>\n<p>&#8211;\u00a0 U slu\u010daju da do\u0111e do iritacije o\u010diju sa etarskim uljem karanfili\u0107a, o\u010di \u0161to pre isprati hladnom vodom i po potrebi potra\u017eiti pomo\u0107 lekara.<\/p>\n<p style=\"text-align: left;\">&#8211;\u00a0 O indikacijma, merama opreza i ne\u017eeljenim dejstvima posavetujte se sa lekarom ili farmaceutom.<\/p>\n<p><strong>Na\u010din \u010duvanja:<\/strong> \u00a0\u010cuvati na tamnom i hladnom mestu za\u0161ti\u0107eno od svetlosti,van doma\u0161aja dece.<\/p>\n<p>Od momenta otvaranja bo\u010dice, savetuje se upotreba najdu\u017ee godinu dana.<\/p>\n<p><strong>Rok trajanja:<\/strong>\u00a0 24 meseca<\/p>\n<p><strong>Pakovanje:\u00a0 <\/strong>10 ml<\/p>","protected":false},"excerpt":{"rendered":"<p><strong>Preporu\u010duje se kod:<\/strong><\/p>\n<p>&nbsp;<\/p>\n<ul>\n<li>Upale sluznice usne \u0161upljine i \u017edrela<\/li>\n<li>Ubla\u017eavanja zubobolje i parodontopatije<\/li>\n<li>Sportskih povreda za masa\u017eu mi\u0161i\u0107a, radi boljeg u\u010dinka i br\u017eeg oporavka<\/li>\n<li>Koristi se i kao prirodni insekticid i repelent<\/li>\n<\/ul>\n<p><strong>Pakovanje: 10 ml<\/strong><\/p>","protected":false},"featured_media":2614,"comment_status":"open","ping_status":"closed","template":"","meta":{"_monsterinsights_skip_tracking":false,"_monsterinsights_sitenote_active":false,"_monsterinsights_sitenote_note":"","_monsterinsights_sitenote_category":0},"product_brand":[],"product_cat":[316],"product_tag":[411,412,404,410,414,377,390,407,380,401,375,402,403,381,415,409,376,374,406,413,408,405],"class_list":{"0":"post-2584","1":"product","2":"type-product","3":"status-publish","4":"has-post-thumbnail","6":"product_cat-etarska-ulja","7":"product_tag-antibakterijsko-dejstvo","8":"product_tag-antifungicidno-dejstvo","9":"product_tag-antiseptik-za-crevnu-floru","10":"product_tag-antiviralno-delovanje","11":"product_tag-artritis","12":"product_tag-biljni-preparati","13":"product_tag-bronhitis","14":"product_tag-digestivni-trakt","15":"product_tag-etarsko-ulje","16":"product_tag-etarsko-ulje-karanfilica","17":"product_tag-etericna-ulja","18":"product_tag-karanfilic","19":"product_tag-klincic","20":"product_tag-lekovito-bilje","21":"product_tag-nadimanje","22":"product_tag-parodontopatija","23":"product_tag-prirodni-antiseptici","24":"product_tag-prirodni-preparati","25":"product_tag-protiv-kandide","26":"product_tag-reumatizam","27":"product_tag-stimulator-kontrakcija-materice","28":"product_tag-stimulator-organa-za-varenje","30":"first","31":"instock","32":"taxable","33":"shipping-taxable","34":"purchasable","35":"product-type-simple"},"aioseo_notices":[],"yoast_head":"<!-- This site is optimized with the Yoast SEO plugin v26.2 - https:\/\/yoast.com\/wordpress\/plugins\/seo\/ -->\n<title>Etarsko ulje karanfili\u0107a - Vitalia Farm<\/title>\n<meta name=\"description\" content=\"Poma\u017ee kod upale sluznice usne \u0161upljine i \u017edrela. Privremeno ubla\u017eava zubobolju i poma\u017ee kod sportskih povreda.\" \/>\n<meta name=\"robots\" content=\"index, follow, max-snippet:-1, max-image-preview:large, max-video-preview:-1\" \/>\n<link rel=\"canonical\" href=\"https:\/\/vitaliafarm.com\/en\/prodavnica\/etarska-ulja\/etarsko-ulje-karanfilica\/\" \/>\n<meta property=\"og:locale\" content=\"en_US\" \/>\n<meta property=\"og:type\" content=\"article\" \/>\n<meta property=\"og:title\" content=\"Etarsko ulje karanfili\u0107a - Vitalia Farm\" \/>\n<meta property=\"og:description\" content=\"Poma\u017ee kod upale sluznice usne \u0161upljine i \u017edrela. Privremeno ubla\u017eava zubobolju i poma\u017ee kod sportskih povreda.\" \/>\n<meta property=\"og:url\" content=\"https:\/\/vitaliafarm.com\/en\/prodavnica\/etarska-ulja\/etarsko-ulje-karanfilica\/\" \/>\n<meta property=\"og:site_name\" content=\"Vitalia Farm\" \/>\n<meta property=\"article:publisher\" content=\"https:\/\/www.facebook.com\/vitaliafarm\/\" \/>\n<meta property=\"article:modified_time\" content=\"2026-04-26T01:19:24+00:00\" \/>\n<meta property=\"og:image\" content=\"https:\/\/vitaliafarm.com\/wp-content\/uploads\/2021\/03\/etarsko-ulje-karanfilica.jpg\" \/>\n\t<meta property=\"og:image:width\" content=\"300\" \/>\n\t<meta property=\"og:image:height\" content=\"400\" \/>\n\t<meta property=\"og:image:type\" content=\"image\/jpeg\" \/>\n<meta name=\"twitter:card\" content=\"summary_large_image\" \/>\n<meta name=\"twitter:label1\" content=\"Est. reading time\" \/>\n\t<meta name=\"twitter:data1\" content=\"2 minutes\" \/>\n<script type=\"application\/ld+json\" class=\"yoast-schema-graph\">{\"@context\":\"https:\/\/schema.org\",\"@graph\":[{\"@type\":\"WebPage\",\"@id\":\"https:\/\/vitaliafarm.com\/prodavnica\/etarska-ulja\/etarsko-ulje-karanfilica\/\",\"url\":\"https:\/\/vitaliafarm.com\/prodavnica\/etarska-ulja\/etarsko-ulje-karanfilica\/\",\"name\":\"Etarsko ulje karanfili\u0107a - Vitalia Farm\",\"isPartOf\":{\"@id\":\"https:\/\/vitaliafarm.com\/#website\"},\"primaryImageOfPage\":{\"@id\":\"https:\/\/vitaliafarm.com\/prodavnica\/etarska-ulja\/etarsko-ulje-karanfilica\/#primaryimage\"},\"image\":{\"@id\":\"https:\/\/vitaliafarm.com\/prodavnica\/etarska-ulja\/etarsko-ulje-karanfilica\/#primaryimage\"},\"thumbnailUrl\":\"https:\/\/vitaliafarm.com\/wp-content\/uploads\/2021\/03\/etarsko-ulje-karanfilica.jpg\",\"datePublished\":\"2021-03-19T20:15:03+00:00\",\"dateModified\":\"2026-04-26T01:19:24+00:00\",\"description\":\"Poma\u017ee kod upale sluznice usne \u0161upljine i \u017edrela. Privremeno ubla\u017eava zubobolju i poma\u017ee kod sportskih povreda.\",\"breadcrumb\":{\"@id\":\"https:\/\/vitaliafarm.com\/prodavnica\/etarska-ulja\/etarsko-ulje-karanfilica\/#breadcrumb\"},\"inLanguage\":\"en-US\",\"potentialAction\":[{\"@type\":\"ReadAction\",\"target\":[\"https:\/\/vitaliafarm.com\/prodavnica\/etarska-ulja\/etarsko-ulje-karanfilica\/\"]}]},{\"@type\":\"ImageObject\",\"inLanguage\":\"en-US\",\"@id\":\"https:\/\/vitaliafarm.com\/prodavnica\/etarska-ulja\/etarsko-ulje-karanfilica\/#primaryimage\",\"url\":\"https:\/\/vitaliafarm.com\/wp-content\/uploads\/2021\/03\/etarsko-ulje-karanfilica.jpg\",\"contentUrl\":\"https:\/\/vitaliafarm.com\/wp-content\/uploads\/2021\/03\/etarsko-ulje-karanfilica.jpg\",\"width\":300,\"height\":400,\"caption\":\"Vitalia Farm - etarsko ulje karanfili\u0107a\"},{\"@type\":\"BreadcrumbList\",\"@id\":\"https:\/\/vitaliafarm.com\/prodavnica\/etarska-ulja\/etarsko-ulje-karanfilica\/#breadcrumb\",\"itemListElement\":[{\"@type\":\"ListItem\",\"position\":1,\"name\":\"Po\u010detna\",\"item\":\"https:\/\/vitaliafarm.com\/\"},{\"@type\":\"ListItem\",\"position\":2,\"name\":\"Prodavnica\",\"item\":\"https:\/\/vitaliafarm.com\/prodavnica\/\"},{\"@type\":\"ListItem\",\"position\":3,\"name\":\"Etarsko ulje karanfili\u0107a\"}]},{\"@type\":\"WebSite\",\"@id\":\"https:\/\/vitaliafarm.com\/#website\",\"url\":\"https:\/\/vitaliafarm.com\/\",\"name\":\"Vitalia Farm\",\"description\":\"Svet lekovitog bilja\",\"publisher\":{\"@id\":\"https:\/\/vitaliafarm.com\/#organization\"},\"potentialAction\":[{\"@type\":\"SearchAction\",\"target\":{\"@type\":\"EntryPoint\",\"urlTemplate\":\"https:\/\/vitaliafarm.com\/?s={search_term_string}\"},\"query-input\":{\"@type\":\"PropertyValueSpecification\",\"valueRequired\":true,\"valueName\":\"search_term_string\"}}],\"inLanguage\":\"en-US\"},{\"@type\":\"Organization\",\"@id\":\"https:\/\/vitaliafarm.com\/#organization\",\"name\":\"Vitalia Farm d.o.o.\",\"url\":\"https:\/\/vitaliafarm.com\/\",\"logo\":{\"@type\":\"ImageObject\",\"inLanguage\":\"en-US\",\"@id\":\"https:\/\/vitaliafarm.com\/#\/schema\/logo\/image\/\",\"url\":\"https:\/\/vitaliafarm.com\/wp-content\/uploads\/2022\/02\/logo.png\",\"contentUrl\":\"https:\/\/vitaliafarm.com\/wp-content\/uploads\/2022\/02\/logo.png\",\"width\":270,\"height\":111,\"caption\":\"Vitalia Farm d.o.o.\"},\"image\":{\"@id\":\"https:\/\/vitaliafarm.com\/#\/schema\/logo\/image\/\"},\"sameAs\":[\"https:\/\/www.facebook.com\/vitaliafarm\/\",\"https:\/\/www.instagram.com\/vitaliafarm\/\"]}]}<\/script>\n<!-- \/ Yoast SEO plugin. -->","yoast_head_json":{"title":"Etarsko ulje karanfili\u0107a - Vitalia Farm","description":"Poma\u017ee kod upale sluznice usne \u0161upljine i \u017edrela. Privremeno ubla\u017eava zubobolju i poma\u017ee kod sportskih povreda.","robots":{"index":"index","follow":"follow","max-snippet":"max-snippet:-1","max-image-preview":"max-image-preview:large","max-video-preview":"max-video-preview:-1"},"canonical":"https:\/\/vitaliafarm.com\/en\/prodavnica\/etarska-ulja\/etarsko-ulje-karanfilica\/","og_locale":"en_US","og_type":"article","og_title":"Etarsko ulje karanfili\u0107a - Vitalia Farm","og_description":"Poma\u017ee kod upale sluznice usne \u0161upljine i \u017edrela. Privremeno ubla\u017eava zubobolju i poma\u017ee kod sportskih povreda.","og_url":"https:\/\/vitaliafarm.com\/en\/prodavnica\/etarska-ulja\/etarsko-ulje-karanfilica\/","og_site_name":"Vitalia Farm","article_publisher":"https:\/\/www.facebook.com\/vitaliafarm\/","article_modified_time":"2026-04-26T01:19:24+00:00","og_image":[{"width":300,"height":400,"url":"https:\/\/vitaliafarm.com\/wp-content\/uploads\/2021\/03\/etarsko-ulje-karanfilica.jpg","type":"image\/jpeg"}],"twitter_card":"summary_large_image","twitter_misc":{"Est. reading time":"2 minutes"},"schema":{"@context":"https:\/\/schema.org","@graph":[{"@type":"WebPage","@id":"https:\/\/vitaliafarm.com\/prodavnica\/etarska-ulja\/etarsko-ulje-karanfilica\/","url":"https:\/\/vitaliafarm.com\/prodavnica\/etarska-ulja\/etarsko-ulje-karanfilica\/","name":"Etarsko ulje karanfili\u0107a - Vitalia Farm","isPartOf":{"@id":"https:\/\/vitaliafarm.com\/#website"},"primaryImageOfPage":{"@id":"https:\/\/vitaliafarm.com\/prodavnica\/etarska-ulja\/etarsko-ulje-karanfilica\/#primaryimage"},"image":{"@id":"https:\/\/vitaliafarm.com\/prodavnica\/etarska-ulja\/etarsko-ulje-karanfilica\/#primaryimage"},"thumbnailUrl":"https:\/\/vitaliafarm.com\/wp-content\/uploads\/2021\/03\/etarsko-ulje-karanfilica.jpg","datePublished":"2021-03-19T20:15:03+00:00","dateModified":"2026-04-26T01:19:24+00:00","description":"Poma\u017ee kod upale sluznice usne \u0161upljine i \u017edrela. Privremeno ubla\u017eava zubobolju i poma\u017ee kod sportskih povreda.","breadcrumb":{"@id":"https:\/\/vitaliafarm.com\/prodavnica\/etarska-ulja\/etarsko-ulje-karanfilica\/#breadcrumb"},"inLanguage":"en-US","potentialAction":[{"@type":"ReadAction","target":["https:\/\/vitaliafarm.com\/prodavnica\/etarska-ulja\/etarsko-ulje-karanfilica\/"]}]},{"@type":"ImageObject","inLanguage":"en-US","@id":"https:\/\/vitaliafarm.com\/prodavnica\/etarska-ulja\/etarsko-ulje-karanfilica\/#primaryimage","url":"https:\/\/vitaliafarm.com\/wp-content\/uploads\/2021\/03\/etarsko-ulje-karanfilica.jpg","contentUrl":"https:\/\/vitaliafarm.com\/wp-content\/uploads\/2021\/03\/etarsko-ulje-karanfilica.jpg","width":300,"height":400,"caption":"Vitalia Farm - etarsko ulje karanfili\u0107a"},{"@type":"BreadcrumbList","@id":"https:\/\/vitaliafarm.com\/prodavnica\/etarska-ulja\/etarsko-ulje-karanfilica\/#breadcrumb","itemListElement":[{"@type":"ListItem","position":1,"name":"Po\u010detna","item":"https:\/\/vitaliafarm.com\/"},{"@type":"ListItem","position":2,"name":"Prodavnica","item":"https:\/\/vitaliafarm.com\/prodavnica\/"},{"@type":"ListItem","position":3,"name":"Etarsko ulje karanfili\u0107a"}]},{"@type":"WebSite","@id":"https:\/\/vitaliafarm.com\/#website","url":"https:\/\/vitaliafarm.com\/","name":"Vitalia Farm","description":"Svet lekovitog bilja","publisher":{"@id":"https:\/\/vitaliafarm.com\/#organization"},"potentialAction":[{"@type":"SearchAction","target":{"@type":"EntryPoint","urlTemplate":"https:\/\/vitaliafarm.com\/?s={search_term_string}"},"query-input":{"@type":"PropertyValueSpecification","valueRequired":true,"valueName":"search_term_string"}}],"inLanguage":"en-US"},{"@type":"Organization","@id":"https:\/\/vitaliafarm.com\/#organization","name":"Vitalia Farm d.o.o.","url":"https:\/\/vitaliafarm.com\/","logo":{"@type":"ImageObject","inLanguage":"en-US","@id":"https:\/\/vitaliafarm.com\/#\/schema\/logo\/image\/","url":"https:\/\/vitaliafarm.com\/wp-content\/uploads\/2022\/02\/logo.png","contentUrl":"https:\/\/vitaliafarm.com\/wp-content\/uploads\/2022\/02\/logo.png","width":270,"height":111,"caption":"Vitalia Farm d.o.o."},"image":{"@id":"https:\/\/vitaliafarm.com\/#\/schema\/logo\/image\/"},"sameAs":["https:\/\/www.facebook.com\/vitaliafarm\/","https:\/\/www.instagram.com\/vitaliafarm\/"]}]}},"_links":{"self":[{"href":"https:\/\/vitaliafarm.com\/en\/wp-json\/wp\/v2\/product\/2584","targetHints":{"allow":["GET"]}}],"collection":[{"href":"https:\/\/vitaliafarm.com\/en\/wp-json\/wp\/v2\/product"}],"about":[{"href":"https:\/\/vitaliafarm.com\/en\/wp-json\/wp\/v2\/types\/product"}],"replies":[{"embeddable":true,"href":"https:\/\/vitaliafarm.com\/en\/wp-json\/wp\/v2\/comments?post=2584"}],"wp:featuredmedia":[{"embeddable":true,"href":"https:\/\/vitaliafarm.com\/en\/wp-json\/wp\/v2\/media\/2614"}],"wp:attachment":[{"href":"https:\/\/vitaliafarm.com\/en\/wp-json\/wp\/v2\/media?parent=2584"}],"wp:term":[{"taxonomy":"product_brand","embeddable":true,"href":"https:\/\/vitaliafarm.com\/en\/wp-json\/wp\/v2\/product_brand?post=2584"},{"taxonomy":"product_cat","embeddable":true,"href":"https:\/\/vitaliafarm.com\/en\/wp-json\/wp\/v2\/product_cat?post=2584"},{"taxonomy":"product_tag","embeddable":true,"href":"https:\/\/vitaliafarm.com\/en\/wp-json\/wp\/v2\/product_tag?post=2584"}],"curies":[{"name":"wp","href":"https:\/\/api.w.org\/{rel}","templated":true}]}}