
{"id":2586,"date":"2021-03-19T21:15:03","date_gmt":"2021-03-19T20:15:03","guid":{"rendered":"https:\/\/vitaliafarm.com\/?post_type=product&#038;p=2586"},"modified":"2026-01-15T23:47:56","modified_gmt":"2026-01-15T22:47:56","slug":"etarsko-ulje-lavande","status":"publish","type":"product","link":"https:\/\/vitaliafarm.com\/en\/prodavnica\/etarska-ulja\/etarsko-ulje-lavande\/","title":{"rendered":"Etarsko ulje lavande"},"content":{"rendered":"<p><strong>Biolo\u0161ki izvor:<\/strong>\u00a0Lavandula angustifolia Mill., Lamiaceae<\/p>\n<p><strong>Na\u010din dobijanja:<\/strong>\u00a0Destilacijom pomo\u0107u vodene pare iz sve\u017eih cvetova lavande.<\/p>\n<p><strong>Osobine:<\/strong> Bistra do bledo \u017euta te\u010dnost, veoma karakteristi\u010dnog, prepoznatljivog mirisa, izuzetno isparljiva.<\/p>\n<p><strong>Sastav:<\/strong> Linalilacetat (30-55%), linalol (20-35%), cineol, kamfor, \u03b2- ocimen, kariofilen i dr.<\/p>\n<p><strong>Delovanje etarskog ulja lavande:<\/strong><\/p>\n<ul>\n<li>Umiruje i ubla\u017eava bolove \u2013 primenjeno direktno na solarni pleksus, ru\u010dne zglobove, vrat i tabane, izaziva osecaj umirenja.<\/li>\n<li>U slu\u010daju nervoze, kod nesanice ili \u010destog bu\u0111enja.<\/li>\n<li>Ubla\u017eava simptome nastale usled mentalnog stresa i iscrpljenosti<\/li>\n<li>Stimuli\u0161e proces zarastanja rana i opekotina, varikoznih ulceracija i dekubitusa<\/li>\n<li>Ubla\u017eava bolove u tetivama i smiruje bolove pri mi\u0161i\u0107nim kontrakcijama<\/li>\n<\/ul>\n<p><strong>Preporuka za upotrebu:<\/strong><\/p>\n<p><strong>Oralno:<\/strong><\/p>\n<p>&#8211; 1 kap etarskog ulja (pojedina\u010dna doza) rastvoriti u ka\u0161i\u010dici nekog jestivog ulja i piti tri puta dnavno posle jela<\/p>\n<p><strong>Spolja:<\/strong><\/p>\n<p>&#8211; 10 kapi etarskog ulja lavande rastvoriti u 10 ml maslinovog ulja; nekoliko kapi ove me\u0161avine koristiti za masa\u017eu solarnog pleksusa ili tabana kod nesanice<\/p>\n<p>&#8211; 10 kapi etarskog ulja lavande rastvoriti u 10 ml maslinovog ulja (ili nekog drugog jestivog biljnog ulja) i blago naneti na opekotine<\/p>\n<p><strong>Napomena:<\/strong><\/p>\n<p>&#8211; \u00a0Pre upotrebe obavezno pro\u010ditati uputstvo.<\/p>\n<p>&#8211; \u00a0Ne koristiti etarsko ulje lavande kod dece mla\u0111e od 12 god., kao i osobama koje su osetljive na neki od sastojaka<\/p>\n<p>&#8211;\u00a0 Ne preporu\u010duje se upotreba kod \u00a0trudnica i dojilja.<\/p>\n<p>&#8211;\u00a0 Preporu\u010dena dnevna doza se ne sme prekora\u010diti<\/p>\n<p>&#8211; \u00a0U slu\u010daju da do\u0111e do iritacije o\u010diju sa etarskim uljem lavande, o\u010di \u0161to pre isprati hladnom vodom i po potrebi potra\u017eiti pomo\u0107 lekara.<\/p>\n<p>&#8211;\u00a0 O indikacijma, merama opreza i ne\u017eeljenim dejstvima posavetujte se sa lekarom ili farmaceutom.<\/p>\n<p><strong>Na\u010din \u010duvanja:<\/strong>\u00a0U tamnim staklenim bo\u010dicama na hladnom i tamnom mestu. Od momenta otvaranja bo\u010dice, savetuje se upotreba najdu\u017ee godinu dana.<\/p>\n<p><strong>Rok trajanja:<\/strong>\u00a0 24 meseca<\/p>\n<p><strong>Pakovanje: \u00a0<\/strong>10 ml<\/p>","protected":false},"excerpt":{"rendered":"<p><strong>Delovanje:<\/strong><\/p>\n<ul>\n<li>Umiruje i ubla\u017eava bolove \u2013 primenjeno direktno na solarni pleksus, ru\u010dne zglobove, vrat i tabane, izaziva osecaj umirenja.<\/li>\n<li>U slu\u010daju nervoze, kod nesanice ili \u010destog bu\u0111enja.<\/li>\n<li>Ubla\u017eava simptome nastale usled mentalnog stresa i scrpljenosti<\/li>\n<li>Stimuli\u0161e proces zarastanja rana i opekotina, varikoznih ulceracija i dekubitusa<\/li>\n<li>Ubla\u017eava bolove u tetivama i smiruje bolove pri mi\u0161i\u0107nim kontrakcijama<\/li>\n<\/ul>\n<p><strong>Pakovanje: <\/strong>10 ml<\/p>","protected":false},"featured_media":2616,"comment_status":"open","ping_status":"closed","template":"","meta":{"_monsterinsights_skip_tracking":false,"_monsterinsights_sitenote_active":false,"_monsterinsights_sitenote_note":"","_monsterinsights_sitenote_category":0},"product_brand":[],"product_cat":[316],"product_tag":[433,385,428,430,377,425,419,380,417,836,837,375,839,435,432,838,418,381,423,424,429,434,416,374,426,420,421,431,427,422,835],"class_list":{"0":"post-2586","1":"product","2":"type-product","3":"status-publish","4":"has-post-thumbnail","6":"product_cat-etarska-ulja","7":"product_tag-antiinflamatorno-dejstvo","8":"product_tag-antiseptik","9":"product_tag-antispazmolitik","10":"product_tag-astmaticni-napad","11":"product_tag-biljni-preparati","12":"product_tag-depresija","13":"product_tag-despik","14":"product_tag-etarsko-ulje","15":"product_tag-etarsko-ulje-lavande","16":"product_tag-etarsko-ulje-lavande-delovanje","17":"product_tag-etarsko-ulje-lavande-je-dobro-za","18":"product_tag-etericna-ulja","19":"product_tag-etericno-ulje-lavande","20":"product_tag-flebitis","21":"product_tag-imunostimulator","22":"product_tag-kako-se-koristi-etarsko-ulje-lavande","23":"product_tag-lavandula","24":"product_tag-lekovito-bilje","25":"product_tag-migrene","26":"product_tag-napetost","27":"product_tag-nesanica","28":"product_tag-poboljsavanje-cirkulacije","29":"product_tag-prirodni-antiseptic","30":"product_tag-prirodni-preparati","31":"product_tag-respiratorne-infekcije","32":"product_tag-sedativno-dejstvo","33":"product_tag-tonicno-dejstvo","34":"product_tag-umirenje-menstrualnih-bolova","35":"product_tag-urinarne-infekcije","36":"product_tag-uspostavljanje-psihicke-i-fizicke-ravnoteze","37":"product_tag-vitalia-farm-etarsko-ulje-lavande","39":"first","40":"instock","41":"taxable","42":"shipping-taxable","43":"purchasable","44":"product-type-simple"},"aioseo_notices":[],"yoast_head":"<!-- This site is optimized with the Yoast SEO plugin v26.2 - https:\/\/yoast.com\/wordpress\/plugins\/seo\/ -->\n<title>Etarsko ulje lavande - Vitalia Farm<\/title>\n<meta name=\"description\" content=\"Vitalia Farm etarsko ulje lavande umiruje i ubla\u017eava bolove \u2013 primenjeno direktno na solarni pleksus, ru\u010dne zglobove, vrat i tabane, izaziva osecaj umirenja u slu\u010daju nervoze.\" \/>\n<meta name=\"robots\" content=\"index, follow, max-snippet:-1, max-image-preview:large, max-video-preview:-1\" \/>\n<link rel=\"canonical\" href=\"https:\/\/vitaliafarm.com\/en\/prodavnica\/etarska-ulja\/etarsko-ulje-lavande\/\" \/>\n<meta property=\"og:locale\" content=\"en_US\" \/>\n<meta property=\"og:type\" content=\"article\" \/>\n<meta property=\"og:title\" content=\"Etarsko ulje lavande - Vitalia Farm\" \/>\n<meta property=\"og:description\" content=\"Vitalia Farm etarsko ulje lavande umiruje i ubla\u017eava bolove \u2013 primenjeno direktno na solarni pleksus, ru\u010dne zglobove, vrat i tabane, izaziva osecaj umirenja u slu\u010daju nervoze.\" \/>\n<meta property=\"og:url\" content=\"https:\/\/vitaliafarm.com\/en\/prodavnica\/etarska-ulja\/etarsko-ulje-lavande\/\" \/>\n<meta property=\"og:site_name\" content=\"Vitalia Farm\" \/>\n<meta property=\"article:publisher\" content=\"https:\/\/www.facebook.com\/vitaliafarm\/\" \/>\n<meta property=\"article:modified_time\" content=\"2026-01-15T22:47:56+00:00\" \/>\n<meta property=\"og:image\" content=\"https:\/\/vitaliafarm.com\/wp-content\/uploads\/2021\/03\/etarsko-ulje-lavande.jpg\" \/>\n\t<meta property=\"og:image:width\" content=\"300\" \/>\n\t<meta property=\"og:image:height\" content=\"400\" \/>\n\t<meta property=\"og:image:type\" content=\"image\/jpeg\" \/>\n<meta name=\"twitter:card\" content=\"summary_large_image\" \/>\n<meta name=\"twitter:label1\" content=\"Est. reading time\" \/>\n\t<meta name=\"twitter:data1\" content=\"2 minutes\" \/>\n<script type=\"application\/ld+json\" class=\"yoast-schema-graph\">{\"@context\":\"https:\/\/schema.org\",\"@graph\":[{\"@type\":\"WebPage\",\"@id\":\"https:\/\/vitaliafarm.com\/prodavnica\/etarska-ulja\/etarsko-ulje-lavande\/\",\"url\":\"https:\/\/vitaliafarm.com\/prodavnica\/etarska-ulja\/etarsko-ulje-lavande\/\",\"name\":\"Etarsko ulje lavande - Vitalia Farm\",\"isPartOf\":{\"@id\":\"https:\/\/vitaliafarm.com\/#website\"},\"primaryImageOfPage\":{\"@id\":\"https:\/\/vitaliafarm.com\/prodavnica\/etarska-ulja\/etarsko-ulje-lavande\/#primaryimage\"},\"image\":{\"@id\":\"https:\/\/vitaliafarm.com\/prodavnica\/etarska-ulja\/etarsko-ulje-lavande\/#primaryimage\"},\"thumbnailUrl\":\"https:\/\/vitaliafarm.com\/wp-content\/uploads\/2021\/03\/etarsko-ulje-lavande.jpg\",\"datePublished\":\"2021-03-19T20:15:03+00:00\",\"dateModified\":\"2026-01-15T22:47:56+00:00\",\"description\":\"Vitalia Farm etarsko ulje lavande umiruje i ubla\u017eava bolove \u2013 primenjeno direktno na solarni pleksus, ru\u010dne zglobove, vrat i tabane, izaziva osecaj umirenja u slu\u010daju nervoze.\",\"breadcrumb\":{\"@id\":\"https:\/\/vitaliafarm.com\/prodavnica\/etarska-ulja\/etarsko-ulje-lavande\/#breadcrumb\"},\"inLanguage\":\"en-US\",\"potentialAction\":[{\"@type\":\"ReadAction\",\"target\":[\"https:\/\/vitaliafarm.com\/prodavnica\/etarska-ulja\/etarsko-ulje-lavande\/\"]}]},{\"@type\":\"ImageObject\",\"inLanguage\":\"en-US\",\"@id\":\"https:\/\/vitaliafarm.com\/prodavnica\/etarska-ulja\/etarsko-ulje-lavande\/#primaryimage\",\"url\":\"https:\/\/vitaliafarm.com\/wp-content\/uploads\/2021\/03\/etarsko-ulje-lavande.jpg\",\"contentUrl\":\"https:\/\/vitaliafarm.com\/wp-content\/uploads\/2021\/03\/etarsko-ulje-lavande.jpg\",\"width\":300,\"height\":400,\"caption\":\"Vitalia Farm - etarsko ulje lavande\"},{\"@type\":\"BreadcrumbList\",\"@id\":\"https:\/\/vitaliafarm.com\/prodavnica\/etarska-ulja\/etarsko-ulje-lavande\/#breadcrumb\",\"itemListElement\":[{\"@type\":\"ListItem\",\"position\":1,\"name\":\"Po\u010detna\",\"item\":\"https:\/\/vitaliafarm.com\/\"},{\"@type\":\"ListItem\",\"position\":2,\"name\":\"Prodavnica\",\"item\":\"https:\/\/vitaliafarm.com\/prodavnica\/\"},{\"@type\":\"ListItem\",\"position\":3,\"name\":\"Etarsko ulje lavande\"}]},{\"@type\":\"WebSite\",\"@id\":\"https:\/\/vitaliafarm.com\/#website\",\"url\":\"https:\/\/vitaliafarm.com\/\",\"name\":\"Vitalia Farm\",\"description\":\"Svet lekovitog bilja\",\"publisher\":{\"@id\":\"https:\/\/vitaliafarm.com\/#organization\"},\"potentialAction\":[{\"@type\":\"SearchAction\",\"target\":{\"@type\":\"EntryPoint\",\"urlTemplate\":\"https:\/\/vitaliafarm.com\/?s={search_term_string}\"},\"query-input\":{\"@type\":\"PropertyValueSpecification\",\"valueRequired\":true,\"valueName\":\"search_term_string\"}}],\"inLanguage\":\"en-US\"},{\"@type\":\"Organization\",\"@id\":\"https:\/\/vitaliafarm.com\/#organization\",\"name\":\"Vitalia Farm d.o.o.\",\"url\":\"https:\/\/vitaliafarm.com\/\",\"logo\":{\"@type\":\"ImageObject\",\"inLanguage\":\"en-US\",\"@id\":\"https:\/\/vitaliafarm.com\/#\/schema\/logo\/image\/\",\"url\":\"https:\/\/vitaliafarm.com\/wp-content\/uploads\/2022\/02\/logo.png\",\"contentUrl\":\"https:\/\/vitaliafarm.com\/wp-content\/uploads\/2022\/02\/logo.png\",\"width\":270,\"height\":111,\"caption\":\"Vitalia Farm d.o.o.\"},\"image\":{\"@id\":\"https:\/\/vitaliafarm.com\/#\/schema\/logo\/image\/\"},\"sameAs\":[\"https:\/\/www.facebook.com\/vitaliafarm\/\",\"https:\/\/www.instagram.com\/vitaliafarm\/\"]}]}<\/script>\n<!-- \/ Yoast SEO plugin. -->","yoast_head_json":{"title":"Etarsko ulje lavande - Vitalia Farm","description":"Vitalia Farm etarsko ulje lavande umiruje i ubla\u017eava bolove \u2013 primenjeno direktno na solarni pleksus, ru\u010dne zglobove, vrat i tabane, izaziva osecaj umirenja u slu\u010daju nervoze.","robots":{"index":"index","follow":"follow","max-snippet":"max-snippet:-1","max-image-preview":"max-image-preview:large","max-video-preview":"max-video-preview:-1"},"canonical":"https:\/\/vitaliafarm.com\/en\/prodavnica\/etarska-ulja\/etarsko-ulje-lavande\/","og_locale":"en_US","og_type":"article","og_title":"Etarsko ulje lavande - Vitalia Farm","og_description":"Vitalia Farm etarsko ulje lavande umiruje i ubla\u017eava bolove \u2013 primenjeno direktno na solarni pleksus, ru\u010dne zglobove, vrat i tabane, izaziva osecaj umirenja u slu\u010daju nervoze.","og_url":"https:\/\/vitaliafarm.com\/en\/prodavnica\/etarska-ulja\/etarsko-ulje-lavande\/","og_site_name":"Vitalia Farm","article_publisher":"https:\/\/www.facebook.com\/vitaliafarm\/","article_modified_time":"2026-01-15T22:47:56+00:00","og_image":[{"width":300,"height":400,"url":"https:\/\/vitaliafarm.com\/wp-content\/uploads\/2021\/03\/etarsko-ulje-lavande.jpg","type":"image\/jpeg"}],"twitter_card":"summary_large_image","twitter_misc":{"Est. reading time":"2 minutes"},"schema":{"@context":"https:\/\/schema.org","@graph":[{"@type":"WebPage","@id":"https:\/\/vitaliafarm.com\/prodavnica\/etarska-ulja\/etarsko-ulje-lavande\/","url":"https:\/\/vitaliafarm.com\/prodavnica\/etarska-ulja\/etarsko-ulje-lavande\/","name":"Etarsko ulje lavande - Vitalia Farm","isPartOf":{"@id":"https:\/\/vitaliafarm.com\/#website"},"primaryImageOfPage":{"@id":"https:\/\/vitaliafarm.com\/prodavnica\/etarska-ulja\/etarsko-ulje-lavande\/#primaryimage"},"image":{"@id":"https:\/\/vitaliafarm.com\/prodavnica\/etarska-ulja\/etarsko-ulje-lavande\/#primaryimage"},"thumbnailUrl":"https:\/\/vitaliafarm.com\/wp-content\/uploads\/2021\/03\/etarsko-ulje-lavande.jpg","datePublished":"2021-03-19T20:15:03+00:00","dateModified":"2026-01-15T22:47:56+00:00","description":"Vitalia Farm etarsko ulje lavande umiruje i ubla\u017eava bolove \u2013 primenjeno direktno na solarni pleksus, ru\u010dne zglobove, vrat i tabane, izaziva osecaj umirenja u slu\u010daju nervoze.","breadcrumb":{"@id":"https:\/\/vitaliafarm.com\/prodavnica\/etarska-ulja\/etarsko-ulje-lavande\/#breadcrumb"},"inLanguage":"en-US","potentialAction":[{"@type":"ReadAction","target":["https:\/\/vitaliafarm.com\/prodavnica\/etarska-ulja\/etarsko-ulje-lavande\/"]}]},{"@type":"ImageObject","inLanguage":"en-US","@id":"https:\/\/vitaliafarm.com\/prodavnica\/etarska-ulja\/etarsko-ulje-lavande\/#primaryimage","url":"https:\/\/vitaliafarm.com\/wp-content\/uploads\/2021\/03\/etarsko-ulje-lavande.jpg","contentUrl":"https:\/\/vitaliafarm.com\/wp-content\/uploads\/2021\/03\/etarsko-ulje-lavande.jpg","width":300,"height":400,"caption":"Vitalia Farm - etarsko ulje lavande"},{"@type":"BreadcrumbList","@id":"https:\/\/vitaliafarm.com\/prodavnica\/etarska-ulja\/etarsko-ulje-lavande\/#breadcrumb","itemListElement":[{"@type":"ListItem","position":1,"name":"Po\u010detna","item":"https:\/\/vitaliafarm.com\/"},{"@type":"ListItem","position":2,"name":"Prodavnica","item":"https:\/\/vitaliafarm.com\/prodavnica\/"},{"@type":"ListItem","position":3,"name":"Etarsko ulje lavande"}]},{"@type":"WebSite","@id":"https:\/\/vitaliafarm.com\/#website","url":"https:\/\/vitaliafarm.com\/","name":"Vitalia Farm","description":"Svet lekovitog bilja","publisher":{"@id":"https:\/\/vitaliafarm.com\/#organization"},"potentialAction":[{"@type":"SearchAction","target":{"@type":"EntryPoint","urlTemplate":"https:\/\/vitaliafarm.com\/?s={search_term_string}"},"query-input":{"@type":"PropertyValueSpecification","valueRequired":true,"valueName":"search_term_string"}}],"inLanguage":"en-US"},{"@type":"Organization","@id":"https:\/\/vitaliafarm.com\/#organization","name":"Vitalia Farm d.o.o.","url":"https:\/\/vitaliafarm.com\/","logo":{"@type":"ImageObject","inLanguage":"en-US","@id":"https:\/\/vitaliafarm.com\/#\/schema\/logo\/image\/","url":"https:\/\/vitaliafarm.com\/wp-content\/uploads\/2022\/02\/logo.png","contentUrl":"https:\/\/vitaliafarm.com\/wp-content\/uploads\/2022\/02\/logo.png","width":270,"height":111,"caption":"Vitalia Farm d.o.o."},"image":{"@id":"https:\/\/vitaliafarm.com\/#\/schema\/logo\/image\/"},"sameAs":["https:\/\/www.facebook.com\/vitaliafarm\/","https:\/\/www.instagram.com\/vitaliafarm\/"]}]}},"_links":{"self":[{"href":"https:\/\/vitaliafarm.com\/en\/wp-json\/wp\/v2\/product\/2586","targetHints":{"allow":["GET"]}}],"collection":[{"href":"https:\/\/vitaliafarm.com\/en\/wp-json\/wp\/v2\/product"}],"about":[{"href":"https:\/\/vitaliafarm.com\/en\/wp-json\/wp\/v2\/types\/product"}],"replies":[{"embeddable":true,"href":"https:\/\/vitaliafarm.com\/en\/wp-json\/wp\/v2\/comments?post=2586"}],"wp:featuredmedia":[{"embeddable":true,"href":"https:\/\/vitaliafarm.com\/en\/wp-json\/wp\/v2\/media\/2616"}],"wp:attachment":[{"href":"https:\/\/vitaliafarm.com\/en\/wp-json\/wp\/v2\/media?parent=2586"}],"wp:term":[{"taxonomy":"product_brand","embeddable":true,"href":"https:\/\/vitaliafarm.com\/en\/wp-json\/wp\/v2\/product_brand?post=2586"},{"taxonomy":"product_cat","embeddable":true,"href":"https:\/\/vitaliafarm.com\/en\/wp-json\/wp\/v2\/product_cat?post=2586"},{"taxonomy":"product_tag","embeddable":true,"href":"https:\/\/vitaliafarm.com\/en\/wp-json\/wp\/v2\/product_tag?post=2586"}],"curies":[{"name":"wp","href":"https:\/\/api.w.org\/{rel}","templated":true}]}}