
{"id":2587,"date":"2021-03-19T21:15:03","date_gmt":"2021-03-19T20:15:03","guid":{"rendered":"https:\/\/vitaliafarm.com\/?post_type=product&#038;p=2587"},"modified":"2026-01-15T23:48:32","modified_gmt":"2026-01-15T22:48:32","slug":"etarsko-ulje-limuna","status":"publish","type":"product","link":"https:\/\/vitaliafarm.com\/en\/prodavnica\/etarska-ulja\/etarsko-ulje-limuna\/","title":{"rendered":"Etarsko ulje limuna"},"content":{"rendered":"<p><strong>Biolo\u0161ki izvor:<\/strong>\u00a0Citrus limon (L.) Burm., Rutacaeae<\/p>\n<p><strong>Na\u010din dobijanja:<\/strong> Ce\u0111enjem (presovanjem) kore sve\u017eih plodova limuna.<\/p>\n<p><strong>Osobine:<\/strong> Sve\u017eeg i o\u0161trog mirisa, \u017eu\u0107kaste ili zeleno-\u017eu\u0107kaste boje<\/p>\n<p><strong>Sastav:<\/strong>\u00a0Limonen, citral,\u00a0 gama-terpinen, alfa-pinen, beta-pinen, mircen, geraniol, citronelal, oktanol, nonanal<\/p>\n<p><strong>Delovanje:<\/strong><\/p>\n<p>Aktivni sastojci etarskog ulja limuna pokazuju antispeti\u010dko, antiviralno i baktericidno dejstvo. Etarsko ulje limuna tradicionalno se koristi kod reumatskih tegoba i povi\u0161ene telesne temperature, kod sni\u017eenja povi\u0161enog krvnog pritiska i nadimanja.<\/p>\n<p><strong>U aromaterapiji se preporu\u010duje:<\/strong><br \/>\n&#8211; kod virusnih infekcija, bronhitisa i astme<br \/>\n&#8211; za pobolj\u0161anje cirkulacije<br \/>\n&#8211; u kozmeti\u010dke svrhe, za negu masne ko\u017ee, kod akni i protiv peruti<br \/>\n&#8211; kod celulita<\/p>\n<p>Etarsko ulje limuna se koristi i u ishrani kao dodatak slanim i slatkim jelima kao i za pripremu napitaka (\u010dajevi i limunade).<\/p>\n<p><strong>Preporuka za upotrebu:<\/strong><\/p>\n<p><strong>Oralno (kod virusnih infekcija):<\/strong><\/p>\n<p>Dve kapi etarskog ulja limuna, pome\u0161ati sa jednom kafenom ka\u0161i\u010dicom jestivog ulja ( maslinovo, suncokretovo, kokosovo i sl.) i uzimati dva puta dnevno posle jela<\/p>\n<p><strong>Inhaliranje i osve\u017eavanje prostorija:<\/strong><\/p>\n<p>Nakapati dve kapi etarskog ulja limuna na maramicu i udisati po potrebi, ili 4-5 kapi etrskog ulja limuna dodati u difuzer za osve\u017eenje prostorija<\/p>\n<p><strong>U kozmeti\u010dke svrhe:<\/strong><\/p>\n<p>-dve kapi etarskog ulja limuna dodato u tonik za lice doprinosi dubinskom \u010di\u0161\u0107enju ko\u017ee<\/p>\n<p>&#8211; kod \u010di\u0161\u0107enja temena glave i smanjenja peruti dodati 20-tak kapi etarskog ulja limuna u \u0161ampon za kosu<\/p>\n<p><strong>Napomena:<\/strong><\/p>\n<p>&#8211;\u00a0 Pre upotrebe obavezno pro\u010ditati uputstvo.<\/p>\n<p>&#8211; Ukoliko se etarsko ulje limuna koristi oralno, nakon mesec dana svakodnevne upotrebe potrebno je pauzirati sa upotrebom dve nedelje, jer produ\u017eeno kori\u0161\u0107enje bez pauze mo\u017ee izazvati sni\u017eenje krvnog pritiska i kolaps.<\/p>\n<p>&#8211; Ne koristiti ga u spolja\u0161njoj upotrebi pri izlaganju suncu.<\/p>\n<p>&#8211; Nerazbla\u017eeno etarsko ulje limuna ne nanositi direktno na ko\u017eu.<\/p>\n<p>&#8211;\u00a0 Ne preporu\u010duje se upotreba kod \u00a0osoba mla\u0111ih od 12 godina.<\/p>\n<p>&#8211;\u00a0 Ne preporu\u010duje se upotreba kod \u00a0trudnica i dojilja, kao i osobama koje su osetljive na neki od sastojaka.<\/p>\n<p>&#8211; Nerazbla\u017eeno etarsko ulje limuna ne nanositi direktno na ko\u017eu.<\/p>\n<p>&#8211;\u00a0 Preporu\u010dena dnevna doza se ne sme prekora\u010diti.<\/p>\n<p>&#8211;\u00a0 U slu\u010daju da do\u0111e do iritacije o\u010diju sa etarskim uljem limuna, o\u010di \u0161to pre isprati hladnom vodom i po potrebi potra\u017eiti pomo\u0107 lekara.<\/p>\n<p style=\"text-align: left;\">&#8211;\u00a0 O indikacijma, merama opreza i ne\u017eeljenim dejstvima posavetujte se sa lekarom ili farmaceutom.<\/p>\n<p><strong>Na\u010din \u010duvanja:<\/strong>\u00a0\u010cuvati na tamnom i hladnom mestu za\u0161ti\u0107eno od svetlosti, van doma\u0161aja dece. Od trenutka otvaranja bo\u010dice, ulje se mo\u017ee koristiti najdu\u017ee godinu dana.<\/p>\n<p><strong>Rok trajanja:<\/strong> 24 meseca<\/p>\n<p><strong>Pakovanje :<\/strong> 10 ml<\/p>","protected":false},"excerpt":{"rendered":"<p><strong>Delovanje:<\/strong><\/p>\n<ul>\n<li>Ubla\u017eava reumatske tegobe<\/li>\n<li>povoljno deluje na sni\u017eenje povi\u0161ene telesne temperature<\/li>\n<li>povoljno deluje na sni\u017eenje povi\u0161enog krvnog pritiska<\/li>\n<li>ubla\u017eava glavobolju i migrene<\/li>\n<li>u kozmeti\u010dke svrhe, za negu masne ko\u017ee, kod akni i protiv peruti<\/li>\n<\/ul>\n<p><strong>Pakovanje: <\/strong>10 ml<\/p>","protected":false},"featured_media":2617,"comment_status":"open","ping_status":"closed","template":"","meta":{"_monsterinsights_skip_tracking":false,"_monsterinsights_sitenote_active":false,"_monsterinsights_sitenote_note":"","_monsterinsights_sitenote_category":0},"product_brand":[],"product_cat":[316],"product_tag":[385,507,508,377,468,380,505,375,518,381,506,415,513,516,517,512,510,416,374,519,514,515,509,511],"class_list":{"0":"post-2587","1":"product","2":"type-product","3":"status-publish","4":"has-post-thumbnail","6":"product_cat-etarska-ulja","7":"product_tag-antiseptik","8":"product_tag-antiviralno-dejstvo","9":"product_tag-baktericidno-dejstvo","10":"product_tag-biljni-preparati","11":"product_tag-celulit","12":"product_tag-etarsko-ulje","13":"product_tag-etarsko-ulje-limuna","14":"product_tag-etericna-ulja","15":"product_tag-ispucali-kapilari","16":"product_tag-lekovito-bilje","17":"product_tag-limun","18":"product_tag-nadimanje","19":"product_tag-otklanjanje-psihickog-umora","20":"product_tag-poboljsanje-cirkulacije","21":"product_tag-poboljsanje-varenja","22":"product_tag-poboljsavanje-koncentracije","23":"product_tag-povisena-telesna-temperatura","24":"product_tag-prirodni-antiseptic","25":"product_tag-prirodni-preparati","26":"product_tag-prosirene-vene","27":"product_tag-protiv-masne-koze-i-akni","28":"product_tag-protiv-peruti","29":"product_tag-reumatske-tegobe","30":"product_tag-snizenje-krvnog-pritiska","32":"first","33":"instock","34":"taxable","35":"shipping-taxable","36":"purchasable","37":"product-type-simple"},"aioseo_notices":[],"yoast_head":"<!-- This site is optimized with the Yoast SEO plugin v26.2 - https:\/\/yoast.com\/wordpress\/plugins\/seo\/ -->\n<title>Etarsko ulje limuna - Vitalia Farm<\/title>\n<meta name=\"description\" content=\"Aktivni sastojci etarskog ulja limuna imaju antispeti\u010dko, antiviralno i baktericidno dejstvo. Poma\u017eu za sni\u017eenje krvnog pritiska i nadimanja.\" \/>\n<meta name=\"robots\" content=\"index, follow, max-snippet:-1, max-image-preview:large, max-video-preview:-1\" \/>\n<link rel=\"canonical\" href=\"https:\/\/vitaliafarm.com\/en\/prodavnica\/etarska-ulja\/etarsko-ulje-limuna\/\" \/>\n<meta property=\"og:locale\" content=\"en_US\" \/>\n<meta property=\"og:type\" content=\"article\" \/>\n<meta property=\"og:title\" content=\"Etarsko ulje limuna - Vitalia Farm\" \/>\n<meta property=\"og:description\" content=\"Aktivni sastojci etarskog ulja limuna imaju antispeti\u010dko, antiviralno i baktericidno dejstvo. Poma\u017eu za sni\u017eenje krvnog pritiska i nadimanja.\" \/>\n<meta property=\"og:url\" content=\"https:\/\/vitaliafarm.com\/en\/prodavnica\/etarska-ulja\/etarsko-ulje-limuna\/\" \/>\n<meta property=\"og:site_name\" content=\"Vitalia Farm\" \/>\n<meta property=\"article:publisher\" content=\"https:\/\/www.facebook.com\/vitaliafarm\/\" \/>\n<meta property=\"article:modified_time\" content=\"2026-01-15T22:48:32+00:00\" \/>\n<meta property=\"og:image\" content=\"https:\/\/vitaliafarm.com\/wp-content\/uploads\/2021\/03\/etarsko-ulje-limuna.jpg\" \/>\n\t<meta property=\"og:image:width\" content=\"300\" \/>\n\t<meta property=\"og:image:height\" content=\"400\" \/>\n\t<meta property=\"og:image:type\" content=\"image\/jpeg\" \/>\n<meta name=\"twitter:card\" content=\"summary_large_image\" \/>\n<meta name=\"twitter:label1\" content=\"Est. reading time\" \/>\n\t<meta name=\"twitter:data1\" content=\"2 minutes\" \/>\n<script type=\"application\/ld+json\" class=\"yoast-schema-graph\">{\"@context\":\"https:\/\/schema.org\",\"@graph\":[{\"@type\":\"WebPage\",\"@id\":\"https:\/\/vitaliafarm.com\/prodavnica\/etarska-ulja\/etarsko-ulje-limuna\/\",\"url\":\"https:\/\/vitaliafarm.com\/prodavnica\/etarska-ulja\/etarsko-ulje-limuna\/\",\"name\":\"Etarsko ulje limuna - Vitalia Farm\",\"isPartOf\":{\"@id\":\"https:\/\/vitaliafarm.com\/#website\"},\"primaryImageOfPage\":{\"@id\":\"https:\/\/vitaliafarm.com\/prodavnica\/etarska-ulja\/etarsko-ulje-limuna\/#primaryimage\"},\"image\":{\"@id\":\"https:\/\/vitaliafarm.com\/prodavnica\/etarska-ulja\/etarsko-ulje-limuna\/#primaryimage\"},\"thumbnailUrl\":\"https:\/\/vitaliafarm.com\/wp-content\/uploads\/2021\/03\/etarsko-ulje-limuna.jpg\",\"datePublished\":\"2021-03-19T20:15:03+00:00\",\"dateModified\":\"2026-01-15T22:48:32+00:00\",\"description\":\"Aktivni sastojci etarskog ulja limuna imaju antispeti\u010dko, antiviralno i baktericidno dejstvo. Poma\u017eu za sni\u017eenje krvnog pritiska i nadimanja.\",\"breadcrumb\":{\"@id\":\"https:\/\/vitaliafarm.com\/prodavnica\/etarska-ulja\/etarsko-ulje-limuna\/#breadcrumb\"},\"inLanguage\":\"en-US\",\"potentialAction\":[{\"@type\":\"ReadAction\",\"target\":[\"https:\/\/vitaliafarm.com\/prodavnica\/etarska-ulja\/etarsko-ulje-limuna\/\"]}]},{\"@type\":\"ImageObject\",\"inLanguage\":\"en-US\",\"@id\":\"https:\/\/vitaliafarm.com\/prodavnica\/etarska-ulja\/etarsko-ulje-limuna\/#primaryimage\",\"url\":\"https:\/\/vitaliafarm.com\/wp-content\/uploads\/2021\/03\/etarsko-ulje-limuna.jpg\",\"contentUrl\":\"https:\/\/vitaliafarm.com\/wp-content\/uploads\/2021\/03\/etarsko-ulje-limuna.jpg\",\"width\":300,\"height\":400,\"caption\":\"Vitalia Farm - etarsko ulje limuna\"},{\"@type\":\"BreadcrumbList\",\"@id\":\"https:\/\/vitaliafarm.com\/prodavnica\/etarska-ulja\/etarsko-ulje-limuna\/#breadcrumb\",\"itemListElement\":[{\"@type\":\"ListItem\",\"position\":1,\"name\":\"Po\u010detna\",\"item\":\"https:\/\/vitaliafarm.com\/\"},{\"@type\":\"ListItem\",\"position\":2,\"name\":\"Prodavnica\",\"item\":\"https:\/\/vitaliafarm.com\/prodavnica\/\"},{\"@type\":\"ListItem\",\"position\":3,\"name\":\"Etarsko ulje limuna\"}]},{\"@type\":\"WebSite\",\"@id\":\"https:\/\/vitaliafarm.com\/#website\",\"url\":\"https:\/\/vitaliafarm.com\/\",\"name\":\"Vitalia Farm\",\"description\":\"Svet lekovitog bilja\",\"publisher\":{\"@id\":\"https:\/\/vitaliafarm.com\/#organization\"},\"potentialAction\":[{\"@type\":\"SearchAction\",\"target\":{\"@type\":\"EntryPoint\",\"urlTemplate\":\"https:\/\/vitaliafarm.com\/?s={search_term_string}\"},\"query-input\":{\"@type\":\"PropertyValueSpecification\",\"valueRequired\":true,\"valueName\":\"search_term_string\"}}],\"inLanguage\":\"en-US\"},{\"@type\":\"Organization\",\"@id\":\"https:\/\/vitaliafarm.com\/#organization\",\"name\":\"Vitalia Farm d.o.o.\",\"url\":\"https:\/\/vitaliafarm.com\/\",\"logo\":{\"@type\":\"ImageObject\",\"inLanguage\":\"en-US\",\"@id\":\"https:\/\/vitaliafarm.com\/#\/schema\/logo\/image\/\",\"url\":\"https:\/\/vitaliafarm.com\/wp-content\/uploads\/2022\/02\/logo.png\",\"contentUrl\":\"https:\/\/vitaliafarm.com\/wp-content\/uploads\/2022\/02\/logo.png\",\"width\":270,\"height\":111,\"caption\":\"Vitalia Farm d.o.o.\"},\"image\":{\"@id\":\"https:\/\/vitaliafarm.com\/#\/schema\/logo\/image\/\"},\"sameAs\":[\"https:\/\/www.facebook.com\/vitaliafarm\/\",\"https:\/\/www.instagram.com\/vitaliafarm\/\"]}]}<\/script>\n<!-- \/ Yoast SEO plugin. -->","yoast_head_json":{"title":"Etarsko ulje limuna - Vitalia Farm","description":"Aktivni sastojci etarskog ulja limuna imaju antispeti\u010dko, antiviralno i baktericidno dejstvo. Poma\u017eu za sni\u017eenje krvnog pritiska i nadimanja.","robots":{"index":"index","follow":"follow","max-snippet":"max-snippet:-1","max-image-preview":"max-image-preview:large","max-video-preview":"max-video-preview:-1"},"canonical":"https:\/\/vitaliafarm.com\/en\/prodavnica\/etarska-ulja\/etarsko-ulje-limuna\/","og_locale":"en_US","og_type":"article","og_title":"Etarsko ulje limuna - Vitalia Farm","og_description":"Aktivni sastojci etarskog ulja limuna imaju antispeti\u010dko, antiviralno i baktericidno dejstvo. Poma\u017eu za sni\u017eenje krvnog pritiska i nadimanja.","og_url":"https:\/\/vitaliafarm.com\/en\/prodavnica\/etarska-ulja\/etarsko-ulje-limuna\/","og_site_name":"Vitalia Farm","article_publisher":"https:\/\/www.facebook.com\/vitaliafarm\/","article_modified_time":"2026-01-15T22:48:32+00:00","og_image":[{"width":300,"height":400,"url":"https:\/\/vitaliafarm.com\/wp-content\/uploads\/2021\/03\/etarsko-ulje-limuna.jpg","type":"image\/jpeg"}],"twitter_card":"summary_large_image","twitter_misc":{"Est. reading time":"2 minutes"},"schema":{"@context":"https:\/\/schema.org","@graph":[{"@type":"WebPage","@id":"https:\/\/vitaliafarm.com\/prodavnica\/etarska-ulja\/etarsko-ulje-limuna\/","url":"https:\/\/vitaliafarm.com\/prodavnica\/etarska-ulja\/etarsko-ulje-limuna\/","name":"Etarsko ulje limuna - Vitalia Farm","isPartOf":{"@id":"https:\/\/vitaliafarm.com\/#website"},"primaryImageOfPage":{"@id":"https:\/\/vitaliafarm.com\/prodavnica\/etarska-ulja\/etarsko-ulje-limuna\/#primaryimage"},"image":{"@id":"https:\/\/vitaliafarm.com\/prodavnica\/etarska-ulja\/etarsko-ulje-limuna\/#primaryimage"},"thumbnailUrl":"https:\/\/vitaliafarm.com\/wp-content\/uploads\/2021\/03\/etarsko-ulje-limuna.jpg","datePublished":"2021-03-19T20:15:03+00:00","dateModified":"2026-01-15T22:48:32+00:00","description":"Aktivni sastojci etarskog ulja limuna imaju antispeti\u010dko, antiviralno i baktericidno dejstvo. Poma\u017eu za sni\u017eenje krvnog pritiska i nadimanja.","breadcrumb":{"@id":"https:\/\/vitaliafarm.com\/prodavnica\/etarska-ulja\/etarsko-ulje-limuna\/#breadcrumb"},"inLanguage":"en-US","potentialAction":[{"@type":"ReadAction","target":["https:\/\/vitaliafarm.com\/prodavnica\/etarska-ulja\/etarsko-ulje-limuna\/"]}]},{"@type":"ImageObject","inLanguage":"en-US","@id":"https:\/\/vitaliafarm.com\/prodavnica\/etarska-ulja\/etarsko-ulje-limuna\/#primaryimage","url":"https:\/\/vitaliafarm.com\/wp-content\/uploads\/2021\/03\/etarsko-ulje-limuna.jpg","contentUrl":"https:\/\/vitaliafarm.com\/wp-content\/uploads\/2021\/03\/etarsko-ulje-limuna.jpg","width":300,"height":400,"caption":"Vitalia Farm - etarsko ulje limuna"},{"@type":"BreadcrumbList","@id":"https:\/\/vitaliafarm.com\/prodavnica\/etarska-ulja\/etarsko-ulje-limuna\/#breadcrumb","itemListElement":[{"@type":"ListItem","position":1,"name":"Po\u010detna","item":"https:\/\/vitaliafarm.com\/"},{"@type":"ListItem","position":2,"name":"Prodavnica","item":"https:\/\/vitaliafarm.com\/prodavnica\/"},{"@type":"ListItem","position":3,"name":"Etarsko ulje limuna"}]},{"@type":"WebSite","@id":"https:\/\/vitaliafarm.com\/#website","url":"https:\/\/vitaliafarm.com\/","name":"Vitalia Farm","description":"Svet lekovitog bilja","publisher":{"@id":"https:\/\/vitaliafarm.com\/#organization"},"potentialAction":[{"@type":"SearchAction","target":{"@type":"EntryPoint","urlTemplate":"https:\/\/vitaliafarm.com\/?s={search_term_string}"},"query-input":{"@type":"PropertyValueSpecification","valueRequired":true,"valueName":"search_term_string"}}],"inLanguage":"en-US"},{"@type":"Organization","@id":"https:\/\/vitaliafarm.com\/#organization","name":"Vitalia Farm d.o.o.","url":"https:\/\/vitaliafarm.com\/","logo":{"@type":"ImageObject","inLanguage":"en-US","@id":"https:\/\/vitaliafarm.com\/#\/schema\/logo\/image\/","url":"https:\/\/vitaliafarm.com\/wp-content\/uploads\/2022\/02\/logo.png","contentUrl":"https:\/\/vitaliafarm.com\/wp-content\/uploads\/2022\/02\/logo.png","width":270,"height":111,"caption":"Vitalia Farm d.o.o."},"image":{"@id":"https:\/\/vitaliafarm.com\/#\/schema\/logo\/image\/"},"sameAs":["https:\/\/www.facebook.com\/vitaliafarm\/","https:\/\/www.instagram.com\/vitaliafarm\/"]}]}},"_links":{"self":[{"href":"https:\/\/vitaliafarm.com\/en\/wp-json\/wp\/v2\/product\/2587","targetHints":{"allow":["GET"]}}],"collection":[{"href":"https:\/\/vitaliafarm.com\/en\/wp-json\/wp\/v2\/product"}],"about":[{"href":"https:\/\/vitaliafarm.com\/en\/wp-json\/wp\/v2\/types\/product"}],"replies":[{"embeddable":true,"href":"https:\/\/vitaliafarm.com\/en\/wp-json\/wp\/v2\/comments?post=2587"}],"wp:featuredmedia":[{"embeddable":true,"href":"https:\/\/vitaliafarm.com\/en\/wp-json\/wp\/v2\/media\/2617"}],"wp:attachment":[{"href":"https:\/\/vitaliafarm.com\/en\/wp-json\/wp\/v2\/media?parent=2587"}],"wp:term":[{"taxonomy":"product_brand","embeddable":true,"href":"https:\/\/vitaliafarm.com\/en\/wp-json\/wp\/v2\/product_brand?post=2587"},{"taxonomy":"product_cat","embeddable":true,"href":"https:\/\/vitaliafarm.com\/en\/wp-json\/wp\/v2\/product_cat?post=2587"},{"taxonomy":"product_tag","embeddable":true,"href":"https:\/\/vitaliafarm.com\/en\/wp-json\/wp\/v2\/product_tag?post=2587"}],"curies":[{"name":"wp","href":"https:\/\/api.w.org\/{rel}","templated":true}]}}