
{"id":2619,"date":"2021-03-19T21:15:19","date_gmt":"2021-03-19T20:15:19","guid":{"rendered":"https:\/\/vitaliafarm.com\/?post_type=product&#038;p=2619"},"modified":"2026-01-15T23:47:04","modified_gmt":"2026-01-15T22:47:04","slug":"etarsko-ulje-pitome-nane","status":"publish","type":"product","link":"https:\/\/vitaliafarm.com\/en\/prodavnica\/etarska-ulja\/etarsko-ulje-pitome-nane\/","title":{"rendered":"Etarsko ulje pitome nane"},"content":{"rendered":"<p><strong>Biolo\u0161ki izvor:<\/strong>\u00a0Mentha x piperita L., Lamiaceae<\/p>\n<p><strong>Na\u010din dobijanja:<\/strong>\u00a0Destilacijom pomo\u0107u vodene pare iz sve\u017eih listova ili sve\u017eih mladih izdanaka nane.<\/p>\n<p><strong>Osobine:<\/strong>\u00a0Naj\u010de\u0161\u0107e bez boje, veoma karakteristi\u010dnog osve\u017eavaju\u0107eg mirisa na mentol.<\/p>\n<p><strong>Sastav:<\/strong>\u00a0Mentol (30-50%), menton, mentofuran, cineol, izomenton, \u03b1-pinen, \u03b2-pinen, jasmon i dr.<\/p>\n<p><strong>Delovanje:<\/strong> <strong>Vitalia Farm etarsko ulje pitome nane poma\u017ee kod glavobolje, gr\u010deva (problema sa probavnim sistemom), ote\u017eanog disanja usled prehlade, bolova u mi\u0161i\u0107ima i svraba na ko\u017ei, ujeda insekata i sl.<\/strong><\/p>\n<p><strong>Preporuka za upotrebu:<\/strong><\/p>\n<p><strong>Oralno:<\/strong><\/p>\n<ul>\n<li>\u00a01-2 kapi etarskog ulja rastvoriti u ka\u0161i\u010dici nekog jestivog ulja i piti 3 puta dnevno posle jela.<\/li>\n<\/ul>\n<p><strong>Spolja:<\/strong><\/p>\n<ul>\n<li>\u00a03 kapi etarskog ulja nane rastvoriti u 5 ml maslinovog ulja (ili nekog drugog jestivog biljnog ulja) pa koristiti 1-2 kapi ove me\u0161avine za masa\u017eu \u010dela i slepoo\u010dnica kod glavobolje i bolova u mi\u0161i\u0107ima.<\/li>\n<\/ul>\n<p><strong>Za inhalaciju:<\/strong><\/p>\n<ul>\n<li>\u00a08- 10 kapi etarskog ulja staviti u 1 litar klju\u010dale vode, za\u0161titi o\u010di i koristiti za inhalaciju 2- 3 puta dnevno.<\/li>\n<\/ul>\n<p><strong>Napomena:<\/strong><\/p>\n<ul>\n<li>\u00a0 Pre upotrebe obavezno pro\u010ditati uputstvo<\/li>\n<li>\u00a0 Ne preporu\u010duje se upotreba kod dece mla\u0111eod 12 godina<\/li>\n<li>\u00a0 Ne preporu\u010duje se upotreba kod \u00a0trudnica i dojilja, kao i osobama koje su osetljive na neki od sastojaka.<\/li>\n<li>\u00a0 Nerazbla\u017eeno etarsko ulje nane ne nanositi direktno na ko\u017eu.<\/li>\n<li>\u00a0 Preporu\u010dena dnevna doza se ne sme prekora\u010diti<\/li>\n<li>\u00a0 U slu\u010daju da do\u0111e do iritacije o\u010diju sa etarskim uljem nane, o\u010di \u0161to pre isprati hladnom vodom i po potrebi potra\u017eiti pomo\u0107 lekara.<\/li>\n<li>\u00a0 O indikacijma, merama opreza i ne\u017eeljenim dejstvima posavetujte se sa lekarom ili farmaceutom.<\/li>\n<li>\u00a0 Etarsko ulje nane kada se koristi u kombinaciji sa drugim etarskim uljima u koli\u010dini manjoj od 10% omogu\u0107ava da i druga ulja ispolje svoje dejstvo. U ve\u0107oj koncentraciji ima \u010dak i\u00a0 \u00a0 omamljuju\u0107e dejstvo i ne sme se koristiti bez nadzora terapeuta.<\/li>\n<\/ul>\n<p><strong>Na\u010din \u010duvanja:<\/strong>\u00a0\u010cuvati na tamnom i hladnom mestu za\u0161ti\u0107eno od svetlosti,van doma\u0161aja dece. Od otvaranja bo\u010dice, savetuje se da se koristi najdu\u017ee godinu dana.<\/p>\n<p><strong>Rok trajanja:<\/strong>\u00a0 24 meseca<\/p>\n<p><strong>Pakovanje: \u00a0<\/strong>10 ml<\/p>","protected":false},"excerpt":{"rendered":"<p><strong>Preporu\u010duje se kod:<\/strong><\/p>\n<ul>\n<li>Nadutosti, za izbacivanje gasova iz creva<\/li>\n<li>Ubla\u017eavanja simptoma\u00a0 ka\u0161lja i prehlade<\/li>\n<li>Ubla\u017eavanja\u00a0 bolova u mi\u0161i\u0107ima i svraba na\u00a0 ko\u017ei<\/li>\n<\/ul>\n<p><strong>Pakovanje: <\/strong>10 ml<\/p>","protected":false},"featured_media":2639,"comment_status":"open","ping_status":"closed","template":"","meta":{"_monsterinsights_skip_tracking":false,"_monsterinsights_sitenote_active":false,"_monsterinsights_sitenote_note":"","_monsterinsights_sitenote_category":0},"product_brand":[],"product_cat":[316],"product_tag":[449,377,451,452,380,436,375,441,443,453,450,381,439,437,446,445,440,438,444,416,374,448,447,442],"class_list":{"0":"post-2619","1":"product","2":"type-product","3":"status-publish","4":"has-post-thumbnail","6":"product_cat-etarska-ulja","7":"product_tag-anti-infektivno-dejstvo","8":"product_tag-biljni-preparati","9":"product_tag-bolovi-kod-herpes-zoster-a","10":"product_tag-bronhijalni-secret","11":"product_tag-etarsko-ulje","12":"product_tag-etarsko-ulje-nane","13":"product_tag-etericna-ulja","14":"product_tag-glavobolja","15":"product_tag-grcevi","16":"product_tag-iskasljavanje","17":"product_tag-jacanje-imuniteta","18":"product_tag-lekovito-bilje","19":"product_tag-metvica","20":"product_tag-nana","21":"product_tag-opekotine-od-sunca","22":"product_tag-otezano-disanje","23":"product_tag-paprena-metvica","24":"product_tag-pitoma-nana","25":"product_tag-prehlade","26":"product_tag-prirodni-antiseptic","27":"product_tag-prirodni-preparati","28":"product_tag-stimulator","29":"product_tag-ujedi-insekata","30":"product_tag-zubobolja","32":"first","33":"instock","34":"taxable","35":"shipping-taxable","36":"purchasable","37":"product-type-simple"},"aioseo_notices":[],"yoast_head":"<!-- This site is optimized with the Yoast SEO plugin v26.2 - https:\/\/yoast.com\/wordpress\/plugins\/seo\/ -->\n<title>Etarsko ulje pitome nane - Vitalia Farm<\/title>\n<meta name=\"description\" content=\"Delotvorno dejstvo kod glavobolje, gr\u010deva, ote\u017eanog disanja usled prehlade, bolova u mi\u0161i\u0107ima i svraba na ko\u017ei, ujeda insekata i sl.\" \/>\n<meta name=\"robots\" content=\"index, follow, max-snippet:-1, max-image-preview:large, max-video-preview:-1\" \/>\n<link rel=\"canonical\" href=\"https:\/\/vitaliafarm.com\/en\/prodavnica\/etarska-ulja\/etarsko-ulje-pitome-nane\/\" \/>\n<meta property=\"og:locale\" content=\"en_US\" \/>\n<meta property=\"og:type\" content=\"article\" \/>\n<meta property=\"og:title\" content=\"Etarsko ulje pitome nane - Vitalia Farm\" \/>\n<meta property=\"og:description\" content=\"Delotvorno dejstvo kod glavobolje, gr\u010deva, ote\u017eanog disanja usled prehlade, bolova u mi\u0161i\u0107ima i svraba na ko\u017ei, ujeda insekata i sl.\" \/>\n<meta property=\"og:url\" content=\"https:\/\/vitaliafarm.com\/en\/prodavnica\/etarska-ulja\/etarsko-ulje-pitome-nane\/\" \/>\n<meta property=\"og:site_name\" content=\"Vitalia Farm\" \/>\n<meta property=\"article:publisher\" content=\"https:\/\/www.facebook.com\/vitaliafarm\/\" \/>\n<meta property=\"article:modified_time\" content=\"2026-01-15T22:47:04+00:00\" \/>\n<meta property=\"og:image\" content=\"https:\/\/vitaliafarm.com\/wp-content\/uploads\/2021\/03\/etarsko-ulje-nane.jpg\" \/>\n\t<meta property=\"og:image:width\" content=\"300\" \/>\n\t<meta property=\"og:image:height\" content=\"400\" \/>\n\t<meta property=\"og:image:type\" content=\"image\/jpeg\" \/>\n<meta name=\"twitter:card\" content=\"summary_large_image\" \/>\n<meta name=\"twitter:label1\" content=\"Est. reading time\" \/>\n\t<meta name=\"twitter:data1\" content=\"2 minutes\" \/>\n<script type=\"application\/ld+json\" class=\"yoast-schema-graph\">{\"@context\":\"https:\/\/schema.org\",\"@graph\":[{\"@type\":\"WebPage\",\"@id\":\"https:\/\/vitaliafarm.com\/prodavnica\/etarska-ulja\/etarsko-ulje-pitome-nane\/\",\"url\":\"https:\/\/vitaliafarm.com\/prodavnica\/etarska-ulja\/etarsko-ulje-pitome-nane\/\",\"name\":\"Etarsko ulje pitome nane - Vitalia Farm\",\"isPartOf\":{\"@id\":\"https:\/\/vitaliafarm.com\/#website\"},\"primaryImageOfPage\":{\"@id\":\"https:\/\/vitaliafarm.com\/prodavnica\/etarska-ulja\/etarsko-ulje-pitome-nane\/#primaryimage\"},\"image\":{\"@id\":\"https:\/\/vitaliafarm.com\/prodavnica\/etarska-ulja\/etarsko-ulje-pitome-nane\/#primaryimage\"},\"thumbnailUrl\":\"https:\/\/vitaliafarm.com\/wp-content\/uploads\/2021\/03\/etarsko-ulje-nane.jpg\",\"datePublished\":\"2021-03-19T20:15:19+00:00\",\"dateModified\":\"2026-01-15T22:47:04+00:00\",\"description\":\"Delotvorno dejstvo kod glavobolje, gr\u010deva, ote\u017eanog disanja usled prehlade, bolova u mi\u0161i\u0107ima i svraba na ko\u017ei, ujeda insekata i sl.\",\"breadcrumb\":{\"@id\":\"https:\/\/vitaliafarm.com\/prodavnica\/etarska-ulja\/etarsko-ulje-pitome-nane\/#breadcrumb\"},\"inLanguage\":\"en-US\",\"potentialAction\":[{\"@type\":\"ReadAction\",\"target\":[\"https:\/\/vitaliafarm.com\/prodavnica\/etarska-ulja\/etarsko-ulje-pitome-nane\/\"]}]},{\"@type\":\"ImageObject\",\"inLanguage\":\"en-US\",\"@id\":\"https:\/\/vitaliafarm.com\/prodavnica\/etarska-ulja\/etarsko-ulje-pitome-nane\/#primaryimage\",\"url\":\"https:\/\/vitaliafarm.com\/wp-content\/uploads\/2021\/03\/etarsko-ulje-nane.jpg\",\"contentUrl\":\"https:\/\/vitaliafarm.com\/wp-content\/uploads\/2021\/03\/etarsko-ulje-nane.jpg\",\"width\":300,\"height\":400,\"caption\":\"Vitalia Farm - etarsko ulje nane\"},{\"@type\":\"BreadcrumbList\",\"@id\":\"https:\/\/vitaliafarm.com\/prodavnica\/etarska-ulja\/etarsko-ulje-pitome-nane\/#breadcrumb\",\"itemListElement\":[{\"@type\":\"ListItem\",\"position\":1,\"name\":\"Po\u010detna\",\"item\":\"https:\/\/vitaliafarm.com\/\"},{\"@type\":\"ListItem\",\"position\":2,\"name\":\"Prodavnica\",\"item\":\"https:\/\/vitaliafarm.com\/prodavnica\/\"},{\"@type\":\"ListItem\",\"position\":3,\"name\":\"Etarsko ulje pitome nane\"}]},{\"@type\":\"WebSite\",\"@id\":\"https:\/\/vitaliafarm.com\/#website\",\"url\":\"https:\/\/vitaliafarm.com\/\",\"name\":\"Vitalia Farm\",\"description\":\"Svet lekovitog bilja\",\"publisher\":{\"@id\":\"https:\/\/vitaliafarm.com\/#organization\"},\"potentialAction\":[{\"@type\":\"SearchAction\",\"target\":{\"@type\":\"EntryPoint\",\"urlTemplate\":\"https:\/\/vitaliafarm.com\/?s={search_term_string}\"},\"query-input\":{\"@type\":\"PropertyValueSpecification\",\"valueRequired\":true,\"valueName\":\"search_term_string\"}}],\"inLanguage\":\"en-US\"},{\"@type\":\"Organization\",\"@id\":\"https:\/\/vitaliafarm.com\/#organization\",\"name\":\"Vitalia Farm d.o.o.\",\"url\":\"https:\/\/vitaliafarm.com\/\",\"logo\":{\"@type\":\"ImageObject\",\"inLanguage\":\"en-US\",\"@id\":\"https:\/\/vitaliafarm.com\/#\/schema\/logo\/image\/\",\"url\":\"https:\/\/vitaliafarm.com\/wp-content\/uploads\/2022\/02\/logo.png\",\"contentUrl\":\"https:\/\/vitaliafarm.com\/wp-content\/uploads\/2022\/02\/logo.png\",\"width\":270,\"height\":111,\"caption\":\"Vitalia Farm d.o.o.\"},\"image\":{\"@id\":\"https:\/\/vitaliafarm.com\/#\/schema\/logo\/image\/\"},\"sameAs\":[\"https:\/\/www.facebook.com\/vitaliafarm\/\",\"https:\/\/www.instagram.com\/vitaliafarm\/\"]}]}<\/script>\n<!-- \/ Yoast SEO plugin. -->","yoast_head_json":{"title":"Etarsko ulje pitome nane - Vitalia Farm","description":"Delotvorno dejstvo kod glavobolje, gr\u010deva, ote\u017eanog disanja usled prehlade, bolova u mi\u0161i\u0107ima i svraba na ko\u017ei, ujeda insekata i sl.","robots":{"index":"index","follow":"follow","max-snippet":"max-snippet:-1","max-image-preview":"max-image-preview:large","max-video-preview":"max-video-preview:-1"},"canonical":"https:\/\/vitaliafarm.com\/en\/prodavnica\/etarska-ulja\/etarsko-ulje-pitome-nane\/","og_locale":"en_US","og_type":"article","og_title":"Etarsko ulje pitome nane - Vitalia Farm","og_description":"Delotvorno dejstvo kod glavobolje, gr\u010deva, ote\u017eanog disanja usled prehlade, bolova u mi\u0161i\u0107ima i svraba na ko\u017ei, ujeda insekata i sl.","og_url":"https:\/\/vitaliafarm.com\/en\/prodavnica\/etarska-ulja\/etarsko-ulje-pitome-nane\/","og_site_name":"Vitalia Farm","article_publisher":"https:\/\/www.facebook.com\/vitaliafarm\/","article_modified_time":"2026-01-15T22:47:04+00:00","og_image":[{"width":300,"height":400,"url":"https:\/\/vitaliafarm.com\/wp-content\/uploads\/2021\/03\/etarsko-ulje-nane.jpg","type":"image\/jpeg"}],"twitter_card":"summary_large_image","twitter_misc":{"Est. reading time":"2 minutes"},"schema":{"@context":"https:\/\/schema.org","@graph":[{"@type":"WebPage","@id":"https:\/\/vitaliafarm.com\/prodavnica\/etarska-ulja\/etarsko-ulje-pitome-nane\/","url":"https:\/\/vitaliafarm.com\/prodavnica\/etarska-ulja\/etarsko-ulje-pitome-nane\/","name":"Etarsko ulje pitome nane - Vitalia Farm","isPartOf":{"@id":"https:\/\/vitaliafarm.com\/#website"},"primaryImageOfPage":{"@id":"https:\/\/vitaliafarm.com\/prodavnica\/etarska-ulja\/etarsko-ulje-pitome-nane\/#primaryimage"},"image":{"@id":"https:\/\/vitaliafarm.com\/prodavnica\/etarska-ulja\/etarsko-ulje-pitome-nane\/#primaryimage"},"thumbnailUrl":"https:\/\/vitaliafarm.com\/wp-content\/uploads\/2021\/03\/etarsko-ulje-nane.jpg","datePublished":"2021-03-19T20:15:19+00:00","dateModified":"2026-01-15T22:47:04+00:00","description":"Delotvorno dejstvo kod glavobolje, gr\u010deva, ote\u017eanog disanja usled prehlade, bolova u mi\u0161i\u0107ima i svraba na ko\u017ei, ujeda insekata i sl.","breadcrumb":{"@id":"https:\/\/vitaliafarm.com\/prodavnica\/etarska-ulja\/etarsko-ulje-pitome-nane\/#breadcrumb"},"inLanguage":"en-US","potentialAction":[{"@type":"ReadAction","target":["https:\/\/vitaliafarm.com\/prodavnica\/etarska-ulja\/etarsko-ulje-pitome-nane\/"]}]},{"@type":"ImageObject","inLanguage":"en-US","@id":"https:\/\/vitaliafarm.com\/prodavnica\/etarska-ulja\/etarsko-ulje-pitome-nane\/#primaryimage","url":"https:\/\/vitaliafarm.com\/wp-content\/uploads\/2021\/03\/etarsko-ulje-nane.jpg","contentUrl":"https:\/\/vitaliafarm.com\/wp-content\/uploads\/2021\/03\/etarsko-ulje-nane.jpg","width":300,"height":400,"caption":"Vitalia Farm - etarsko ulje nane"},{"@type":"BreadcrumbList","@id":"https:\/\/vitaliafarm.com\/prodavnica\/etarska-ulja\/etarsko-ulje-pitome-nane\/#breadcrumb","itemListElement":[{"@type":"ListItem","position":1,"name":"Po\u010detna","item":"https:\/\/vitaliafarm.com\/"},{"@type":"ListItem","position":2,"name":"Prodavnica","item":"https:\/\/vitaliafarm.com\/prodavnica\/"},{"@type":"ListItem","position":3,"name":"Etarsko ulje pitome nane"}]},{"@type":"WebSite","@id":"https:\/\/vitaliafarm.com\/#website","url":"https:\/\/vitaliafarm.com\/","name":"Vitalia Farm","description":"Svet lekovitog bilja","publisher":{"@id":"https:\/\/vitaliafarm.com\/#organization"},"potentialAction":[{"@type":"SearchAction","target":{"@type":"EntryPoint","urlTemplate":"https:\/\/vitaliafarm.com\/?s={search_term_string}"},"query-input":{"@type":"PropertyValueSpecification","valueRequired":true,"valueName":"search_term_string"}}],"inLanguage":"en-US"},{"@type":"Organization","@id":"https:\/\/vitaliafarm.com\/#organization","name":"Vitalia Farm d.o.o.","url":"https:\/\/vitaliafarm.com\/","logo":{"@type":"ImageObject","inLanguage":"en-US","@id":"https:\/\/vitaliafarm.com\/#\/schema\/logo\/image\/","url":"https:\/\/vitaliafarm.com\/wp-content\/uploads\/2022\/02\/logo.png","contentUrl":"https:\/\/vitaliafarm.com\/wp-content\/uploads\/2022\/02\/logo.png","width":270,"height":111,"caption":"Vitalia Farm d.o.o."},"image":{"@id":"https:\/\/vitaliafarm.com\/#\/schema\/logo\/image\/"},"sameAs":["https:\/\/www.facebook.com\/vitaliafarm\/","https:\/\/www.instagram.com\/vitaliafarm\/"]}]}},"_links":{"self":[{"href":"https:\/\/vitaliafarm.com\/en\/wp-json\/wp\/v2\/product\/2619","targetHints":{"allow":["GET"]}}],"collection":[{"href":"https:\/\/vitaliafarm.com\/en\/wp-json\/wp\/v2\/product"}],"about":[{"href":"https:\/\/vitaliafarm.com\/en\/wp-json\/wp\/v2\/types\/product"}],"replies":[{"embeddable":true,"href":"https:\/\/vitaliafarm.com\/en\/wp-json\/wp\/v2\/comments?post=2619"}],"wp:featuredmedia":[{"embeddable":true,"href":"https:\/\/vitaliafarm.com\/en\/wp-json\/wp\/v2\/media\/2639"}],"wp:attachment":[{"href":"https:\/\/vitaliafarm.com\/en\/wp-json\/wp\/v2\/media?parent=2619"}],"wp:term":[{"taxonomy":"product_brand","embeddable":true,"href":"https:\/\/vitaliafarm.com\/en\/wp-json\/wp\/v2\/product_brand?post=2619"},{"taxonomy":"product_cat","embeddable":true,"href":"https:\/\/vitaliafarm.com\/en\/wp-json\/wp\/v2\/product_cat?post=2619"},{"taxonomy":"product_tag","embeddable":true,"href":"https:\/\/vitaliafarm.com\/en\/wp-json\/wp\/v2\/product_tag?post=2619"}],"curies":[{"name":"wp","href":"https:\/\/api.w.org\/{rel}","templated":true}]}}