
{"id":2623,"date":"2021-03-19T21:07:20","date_gmt":"2021-03-19T20:07:20","guid":{"rendered":"https:\/\/vitaliafarm.com\/?post_type=product&#038;p=2623"},"modified":"2026-01-15T23:49:40","modified_gmt":"2026-01-15T22:49:40","slug":"etarsko-ulje-sibirskog-bora","status":"publish","type":"product","link":"https:\/\/vitaliafarm.com\/en\/prodavnica\/etarska-ulja\/etarsko-ulje-sibirskog-bora\/","title":{"rendered":"Etarsko ulje sibirskog bora"},"content":{"rendered":"<p><strong>Biolo\u0161ki izvor: <\/strong>Pinus sibirica (Rupr.) Mayr, Pinaceae<\/p>\n<p><strong>Na\u010din dobijanja:<\/strong> Destilacijom pomo\u0107u vodene pare iz sve\u017eih iglica ili vr\u0161nih gran\u010dica sibirskog bora<br \/>\n<strong>Osobine:<\/strong> Lako pokretljiva te\u010dnost svetlo\u017eute boje, karakteristi\u010dnog mirisa i ukusa.<br \/>\n<strong>Sastav:<\/strong> \u03b1-pinen, \u03b2- felandren<strong>, <\/strong>\u03b2-pinen, limonen, mircen, kamfen\u00a0 i dr.<\/p>\n<p><strong>U tradicionalnoj medicini sibirski bor se koristi<\/strong> :<\/p>\n<ul>\n<li>\u00a0Kod bakterijskih i gljivi\u010dnih oboljenja,<\/li>\n<li>\u00a0Kod oboljenja ko\u017ee (psorijaza, ekcem, \u010direvi\u2026),<\/li>\n<li>\u00a0Za ubla\u017eavanje bolova kod reumatskih tegoba<\/li>\n<\/ul>\n<p><strong>Preporuka za upotrebu:<\/strong><\/p>\n<p><strong>Oralno:<\/strong><\/p>\n<ul>\n<li>2 kapi etarskog ulja sibirskog bora rastvoriti u 2 ml maslinovog ulja (ili nekog drugog biljnog ulja) i popiti ( dnevna doza )<\/li>\n<\/ul>\n<p><strong>Spolja:<\/strong><\/p>\n<ul>\n<li>12 kapi etarskog ulja sibirskog bora rastvoriti u 10 ml maslinovog ulja (ili nekog drugog biljnog ulja) i utrljavati 2-3 puta dnevno na ko\u017eu<\/li>\n<li>5-8 kapi etarskog ulja sibirskog bora dodati na 1 L vode ( za kupke, 2-3 puta nedeljno). Preporu\u010duje se da kupke traju 10-20 min.<\/li>\n<\/ul>\n<p><strong>Napomena:<\/strong><\/p>\n<ul>\n<li>\u00a0Pre upotrebe obavezno pro\u010ditati uputstvo.<\/li>\n<li>\u00a0Nerazbla\u017eeno etarsko ulje ne nanositi direktno na ko\u017eu.<\/li>\n<li>\u00a0Ne preporu\u010duje se upotreba kod \u00a0osoba mla\u0111ih od 12 godina.<\/li>\n<li>\u00a0Ne preporu\u010duje se upotreba kod \u00a0trudnica i dojilja, kao i osobama koje su osetljive na neki od sastojaka.<\/li>\n<li>\u00a0Preporu\u010dena dnevna doza se ne sme prekora\u010diti.<\/li>\n<li>\u00a0U slu\u010daju da do\u0111e do iritacije o\u010diju sa etarskim uljem, o\u010di \u0161to pre isprati hladnom vodom i po potrebi potra\u017eiti pomo\u0107 lekara.<\/li>\n<li><span style=\"letter-spacing: 0.5px; word-spacing: 0.5px;\">\u00a0O indikacijma, merama opreza i ne\u017eeljenim dejstvima posavetujte se sa lekarom ili farmaceutom.<\/span><\/li>\n<\/ul>\n<p><strong>Rok trajanja:<\/strong> 24 meseca<\/p>\n<p><strong>Pakovanje:<\/strong> 10 ml<\/p>","protected":false},"excerpt":{"rendered":"<p><strong>U tradicionalnoj medicini sibirski bor se koristi<\/strong> :<\/p>\n<p>&#8211; Kod bakterijskih i gljivi\u010dnih oboljenja,<\/p>\n<p>&#8211; Kod oboljenja ko\u017ee (psorijaza, ekcem, \u010direvi\u2026),<\/p>\n<p>&#8211; Za ubla\u017eavanje bolova kod\u00a0 reumatskih tegoba<\/p>\n<p><strong>Pakovanje: <\/strong>10ml<\/p>","protected":false},"featured_media":2643,"comment_status":"open","ping_status":"closed","template":"","meta":{"_monsterinsights_skip_tracking":false,"_monsterinsights_sitenote_active":false,"_monsterinsights_sitenote_note":"","_monsterinsights_sitenote_category":0},"product_brand":[],"product_cat":[316],"product_tag":[411,533,433,567,377,577,576,380,573,375,381,376,374,575,485,574],"class_list":{"0":"post-2623","1":"product","2":"type-product","3":"status-publish","4":"has-post-thumbnail","6":"product_cat-etarska-ulja","7":"product_tag-antibakterijsko-dejstvo","8":"product_tag-antigljivicno-dejstvo","9":"product_tag-antiinflamatorno-dejstvo","10":"product_tag-antioksidans","11":"product_tag-biljni-preparati","12":"product_tag-cirevi","13":"product_tag-ekcem","14":"product_tag-etarsko-ulje","15":"product_tag-etarsko-ulje-sibirskog-bora","16":"product_tag-etericna-ulja","17":"product_tag-lekovito-bilje","18":"product_tag-prirodni-antiseptici","19":"product_tag-prirodni-preparati","20":"product_tag-psorijaza","21":"product_tag-reuma","22":"product_tag-sibirski-bor","24":"first","25":"instock","26":"taxable","27":"shipping-taxable","28":"purchasable","29":"product-type-simple"},"aioseo_notices":[],"yoast_head":"<!-- This site is optimized with the Yoast SEO plugin v26.2 - https:\/\/yoast.com\/wordpress\/plugins\/seo\/ -->\n<title>Etarsko ulje sibirskog bora - Vitalia Farm<\/title>\n<meta name=\"description\" content=\"Koristi se kod bakterijskih i gljivi\u010dnih oboljenja, kod oboljenja ko\u017ee (psorijaza, ekcem, \u010direvi) za ubla\u017eavanje bolova kod\u00a0 reumatskih tegoba\" \/>\n<meta name=\"robots\" content=\"index, follow, max-snippet:-1, max-image-preview:large, max-video-preview:-1\" \/>\n<link rel=\"canonical\" href=\"https:\/\/vitaliafarm.com\/en\/prodavnica\/etarska-ulja\/etarsko-ulje-sibirskog-bora\/\" \/>\n<meta property=\"og:locale\" content=\"en_US\" \/>\n<meta property=\"og:type\" content=\"article\" \/>\n<meta property=\"og:title\" content=\"Etarsko ulje sibirskog bora - Vitalia Farm\" \/>\n<meta property=\"og:description\" content=\"Koristi se kod bakterijskih i gljivi\u010dnih oboljenja, kod oboljenja ko\u017ee (psorijaza, ekcem, \u010direvi) za ubla\u017eavanje bolova kod\u00a0 reumatskih tegoba\" \/>\n<meta property=\"og:url\" content=\"https:\/\/vitaliafarm.com\/en\/prodavnica\/etarska-ulja\/etarsko-ulje-sibirskog-bora\/\" \/>\n<meta property=\"og:site_name\" content=\"Vitalia Farm\" \/>\n<meta property=\"article:publisher\" content=\"https:\/\/www.facebook.com\/vitaliafarm\/\" \/>\n<meta property=\"article:modified_time\" content=\"2026-01-15T22:49:40+00:00\" \/>\n<meta property=\"og:image\" content=\"https:\/\/vitaliafarm.com\/wp-content\/uploads\/2021\/03\/Sibirski-bor.png\" \/>\n\t<meta property=\"og:image:width\" content=\"500\" \/>\n\t<meta property=\"og:image:height\" content=\"600\" \/>\n\t<meta property=\"og:image:type\" content=\"image\/png\" \/>\n<meta name=\"twitter:card\" content=\"summary_large_image\" \/>\n<meta name=\"twitter:label1\" content=\"Est. reading time\" \/>\n\t<meta name=\"twitter:data1\" content=\"2 minutes\" \/>\n<script type=\"application\/ld+json\" class=\"yoast-schema-graph\">{\"@context\":\"https:\/\/schema.org\",\"@graph\":[{\"@type\":\"WebPage\",\"@id\":\"https:\/\/vitaliafarm.com\/prodavnica\/etarska-ulja\/etarsko-ulje-sibirskog-bora\/\",\"url\":\"https:\/\/vitaliafarm.com\/prodavnica\/etarska-ulja\/etarsko-ulje-sibirskog-bora\/\",\"name\":\"Etarsko ulje sibirskog bora - Vitalia Farm\",\"isPartOf\":{\"@id\":\"https:\/\/vitaliafarm.com\/#website\"},\"primaryImageOfPage\":{\"@id\":\"https:\/\/vitaliafarm.com\/prodavnica\/etarska-ulja\/etarsko-ulje-sibirskog-bora\/#primaryimage\"},\"image\":{\"@id\":\"https:\/\/vitaliafarm.com\/prodavnica\/etarska-ulja\/etarsko-ulje-sibirskog-bora\/#primaryimage\"},\"thumbnailUrl\":\"https:\/\/vitaliafarm.com\/wp-content\/uploads\/2021\/03\/Sibirski-bor.png\",\"datePublished\":\"2021-03-19T20:07:20+00:00\",\"dateModified\":\"2026-01-15T22:49:40+00:00\",\"description\":\"Koristi se kod bakterijskih i gljivi\u010dnih oboljenja, kod oboljenja ko\u017ee (psorijaza, ekcem, \u010direvi) za ubla\u017eavanje bolova kod\u00a0 reumatskih tegoba\",\"breadcrumb\":{\"@id\":\"https:\/\/vitaliafarm.com\/prodavnica\/etarska-ulja\/etarsko-ulje-sibirskog-bora\/#breadcrumb\"},\"inLanguage\":\"en-US\",\"potentialAction\":[{\"@type\":\"ReadAction\",\"target\":[\"https:\/\/vitaliafarm.com\/prodavnica\/etarska-ulja\/etarsko-ulje-sibirskog-bora\/\"]}]},{\"@type\":\"ImageObject\",\"inLanguage\":\"en-US\",\"@id\":\"https:\/\/vitaliafarm.com\/prodavnica\/etarska-ulja\/etarsko-ulje-sibirskog-bora\/#primaryimage\",\"url\":\"https:\/\/vitaliafarm.com\/wp-content\/uploads\/2021\/03\/Sibirski-bor.png\",\"contentUrl\":\"https:\/\/vitaliafarm.com\/wp-content\/uploads\/2021\/03\/Sibirski-bor.png\",\"width\":500,\"height\":600},{\"@type\":\"BreadcrumbList\",\"@id\":\"https:\/\/vitaliafarm.com\/prodavnica\/etarska-ulja\/etarsko-ulje-sibirskog-bora\/#breadcrumb\",\"itemListElement\":[{\"@type\":\"ListItem\",\"position\":1,\"name\":\"Po\u010detna\",\"item\":\"https:\/\/vitaliafarm.com\/\"},{\"@type\":\"ListItem\",\"position\":2,\"name\":\"Prodavnica\",\"item\":\"https:\/\/vitaliafarm.com\/prodavnica\/\"},{\"@type\":\"ListItem\",\"position\":3,\"name\":\"Etarsko ulje sibirskog bora\"}]},{\"@type\":\"WebSite\",\"@id\":\"https:\/\/vitaliafarm.com\/#website\",\"url\":\"https:\/\/vitaliafarm.com\/\",\"name\":\"Vitalia Farm\",\"description\":\"Svet lekovitog bilja\",\"publisher\":{\"@id\":\"https:\/\/vitaliafarm.com\/#organization\"},\"potentialAction\":[{\"@type\":\"SearchAction\",\"target\":{\"@type\":\"EntryPoint\",\"urlTemplate\":\"https:\/\/vitaliafarm.com\/?s={search_term_string}\"},\"query-input\":{\"@type\":\"PropertyValueSpecification\",\"valueRequired\":true,\"valueName\":\"search_term_string\"}}],\"inLanguage\":\"en-US\"},{\"@type\":\"Organization\",\"@id\":\"https:\/\/vitaliafarm.com\/#organization\",\"name\":\"Vitalia Farm d.o.o.\",\"url\":\"https:\/\/vitaliafarm.com\/\",\"logo\":{\"@type\":\"ImageObject\",\"inLanguage\":\"en-US\",\"@id\":\"https:\/\/vitaliafarm.com\/#\/schema\/logo\/image\/\",\"url\":\"https:\/\/vitaliafarm.com\/wp-content\/uploads\/2022\/02\/logo.png\",\"contentUrl\":\"https:\/\/vitaliafarm.com\/wp-content\/uploads\/2022\/02\/logo.png\",\"width\":270,\"height\":111,\"caption\":\"Vitalia Farm d.o.o.\"},\"image\":{\"@id\":\"https:\/\/vitaliafarm.com\/#\/schema\/logo\/image\/\"},\"sameAs\":[\"https:\/\/www.facebook.com\/vitaliafarm\/\",\"https:\/\/www.instagram.com\/vitaliafarm\/\"]}]}<\/script>\n<!-- \/ Yoast SEO plugin. -->","yoast_head_json":{"title":"Etarsko ulje sibirskog bora - Vitalia Farm","description":"Koristi se kod bakterijskih i gljivi\u010dnih oboljenja, kod oboljenja ko\u017ee (psorijaza, ekcem, \u010direvi) za ubla\u017eavanje bolova kod\u00a0 reumatskih tegoba","robots":{"index":"index","follow":"follow","max-snippet":"max-snippet:-1","max-image-preview":"max-image-preview:large","max-video-preview":"max-video-preview:-1"},"canonical":"https:\/\/vitaliafarm.com\/en\/prodavnica\/etarska-ulja\/etarsko-ulje-sibirskog-bora\/","og_locale":"en_US","og_type":"article","og_title":"Etarsko ulje sibirskog bora - Vitalia Farm","og_description":"Koristi se kod bakterijskih i gljivi\u010dnih oboljenja, kod oboljenja ko\u017ee (psorijaza, ekcem, \u010direvi) za ubla\u017eavanje bolova kod\u00a0 reumatskih tegoba","og_url":"https:\/\/vitaliafarm.com\/en\/prodavnica\/etarska-ulja\/etarsko-ulje-sibirskog-bora\/","og_site_name":"Vitalia Farm","article_publisher":"https:\/\/www.facebook.com\/vitaliafarm\/","article_modified_time":"2026-01-15T22:49:40+00:00","og_image":[{"width":500,"height":600,"url":"https:\/\/vitaliafarm.com\/wp-content\/uploads\/2021\/03\/Sibirski-bor.png","type":"image\/png"}],"twitter_card":"summary_large_image","twitter_misc":{"Est. reading time":"2 minutes"},"schema":{"@context":"https:\/\/schema.org","@graph":[{"@type":"WebPage","@id":"https:\/\/vitaliafarm.com\/prodavnica\/etarska-ulja\/etarsko-ulje-sibirskog-bora\/","url":"https:\/\/vitaliafarm.com\/prodavnica\/etarska-ulja\/etarsko-ulje-sibirskog-bora\/","name":"Etarsko ulje sibirskog bora - Vitalia Farm","isPartOf":{"@id":"https:\/\/vitaliafarm.com\/#website"},"primaryImageOfPage":{"@id":"https:\/\/vitaliafarm.com\/prodavnica\/etarska-ulja\/etarsko-ulje-sibirskog-bora\/#primaryimage"},"image":{"@id":"https:\/\/vitaliafarm.com\/prodavnica\/etarska-ulja\/etarsko-ulje-sibirskog-bora\/#primaryimage"},"thumbnailUrl":"https:\/\/vitaliafarm.com\/wp-content\/uploads\/2021\/03\/Sibirski-bor.png","datePublished":"2021-03-19T20:07:20+00:00","dateModified":"2026-01-15T22:49:40+00:00","description":"Koristi se kod bakterijskih i gljivi\u010dnih oboljenja, kod oboljenja ko\u017ee (psorijaza, ekcem, \u010direvi) za ubla\u017eavanje bolova kod\u00a0 reumatskih tegoba","breadcrumb":{"@id":"https:\/\/vitaliafarm.com\/prodavnica\/etarska-ulja\/etarsko-ulje-sibirskog-bora\/#breadcrumb"},"inLanguage":"en-US","potentialAction":[{"@type":"ReadAction","target":["https:\/\/vitaliafarm.com\/prodavnica\/etarska-ulja\/etarsko-ulje-sibirskog-bora\/"]}]},{"@type":"ImageObject","inLanguage":"en-US","@id":"https:\/\/vitaliafarm.com\/prodavnica\/etarska-ulja\/etarsko-ulje-sibirskog-bora\/#primaryimage","url":"https:\/\/vitaliafarm.com\/wp-content\/uploads\/2021\/03\/Sibirski-bor.png","contentUrl":"https:\/\/vitaliafarm.com\/wp-content\/uploads\/2021\/03\/Sibirski-bor.png","width":500,"height":600},{"@type":"BreadcrumbList","@id":"https:\/\/vitaliafarm.com\/prodavnica\/etarska-ulja\/etarsko-ulje-sibirskog-bora\/#breadcrumb","itemListElement":[{"@type":"ListItem","position":1,"name":"Po\u010detna","item":"https:\/\/vitaliafarm.com\/"},{"@type":"ListItem","position":2,"name":"Prodavnica","item":"https:\/\/vitaliafarm.com\/prodavnica\/"},{"@type":"ListItem","position":3,"name":"Etarsko ulje sibirskog bora"}]},{"@type":"WebSite","@id":"https:\/\/vitaliafarm.com\/#website","url":"https:\/\/vitaliafarm.com\/","name":"Vitalia Farm","description":"Svet lekovitog bilja","publisher":{"@id":"https:\/\/vitaliafarm.com\/#organization"},"potentialAction":[{"@type":"SearchAction","target":{"@type":"EntryPoint","urlTemplate":"https:\/\/vitaliafarm.com\/?s={search_term_string}"},"query-input":{"@type":"PropertyValueSpecification","valueRequired":true,"valueName":"search_term_string"}}],"inLanguage":"en-US"},{"@type":"Organization","@id":"https:\/\/vitaliafarm.com\/#organization","name":"Vitalia Farm d.o.o.","url":"https:\/\/vitaliafarm.com\/","logo":{"@type":"ImageObject","inLanguage":"en-US","@id":"https:\/\/vitaliafarm.com\/#\/schema\/logo\/image\/","url":"https:\/\/vitaliafarm.com\/wp-content\/uploads\/2022\/02\/logo.png","contentUrl":"https:\/\/vitaliafarm.com\/wp-content\/uploads\/2022\/02\/logo.png","width":270,"height":111,"caption":"Vitalia Farm d.o.o."},"image":{"@id":"https:\/\/vitaliafarm.com\/#\/schema\/logo\/image\/"},"sameAs":["https:\/\/www.facebook.com\/vitaliafarm\/","https:\/\/www.instagram.com\/vitaliafarm\/"]}]}},"_links":{"self":[{"href":"https:\/\/vitaliafarm.com\/en\/wp-json\/wp\/v2\/product\/2623","targetHints":{"allow":["GET"]}}],"collection":[{"href":"https:\/\/vitaliafarm.com\/en\/wp-json\/wp\/v2\/product"}],"about":[{"href":"https:\/\/vitaliafarm.com\/en\/wp-json\/wp\/v2\/types\/product"}],"replies":[{"embeddable":true,"href":"https:\/\/vitaliafarm.com\/en\/wp-json\/wp\/v2\/comments?post=2623"}],"wp:featuredmedia":[{"embeddable":true,"href":"https:\/\/vitaliafarm.com\/en\/wp-json\/wp\/v2\/media\/2643"}],"wp:attachment":[{"href":"https:\/\/vitaliafarm.com\/en\/wp-json\/wp\/v2\/media?parent=2623"}],"wp:term":[{"taxonomy":"product_brand","embeddable":true,"href":"https:\/\/vitaliafarm.com\/en\/wp-json\/wp\/v2\/product_brand?post=2623"},{"taxonomy":"product_cat","embeddable":true,"href":"https:\/\/vitaliafarm.com\/en\/wp-json\/wp\/v2\/product_cat?post=2623"},{"taxonomy":"product_tag","embeddable":true,"href":"https:\/\/vitaliafarm.com\/en\/wp-json\/wp\/v2\/product_tag?post=2623"}],"curies":[{"name":"wp","href":"https:\/\/api.w.org\/{rel}","templated":true}]}}