
{"id":2625,"date":"2021-03-19T21:07:20","date_gmt":"2021-03-19T20:07:20","guid":{"rendered":"https:\/\/vitaliafarm.com\/?post_type=product&#038;p=2625"},"modified":"2026-03-23T15:13:58","modified_gmt":"2026-03-23T14:13:58","slug":"etarsko-ulje-smilja","status":"publish","type":"product","link":"https:\/\/vitaliafarm.com\/en\/prodavnica\/etarska-ulja\/etarsko-ulje-smilja\/","title":{"rendered":"Etarsko ulje smilja"},"content":{"rendered":"<p><strong>Biolo\u0161ki izvor:<\/strong> Helichrysum italicum (Roth) G. Don fil., Asteraceae<\/p>\n<p><strong>Na\u010din dobijanja:<\/strong> Destilacijom pomo\u0107u vodene pare iz cvetnih glavica smilja<\/p>\n<p><strong>Osobine:<\/strong> Bistra, lako pokretljiva te\u010dnost svetlo \u017eute boje, specifi\u010dnog aromati\u010dnog mirisa<\/p>\n<p><strong>Sastav:<\/strong> \u03b1-pinen, neril-acetat, \u03b1-cedren, geranil-acetat, limonen, nerol, beta-pinen, geraniol, eugenol, linalol, \u03b2-selinen, \u03b3-curcumen, neryl propionat, \u03b2\u2010caryophyllen, i dr.<\/p>\n<p><strong>U tradicionalnoj medicini smilje se koristi:<\/strong><\/p>\n<ul>\n<li>Za regeneraciju ko\u017ee, kod dermatitisa, ekcema i psorijaze<\/li>\n<li>Kao antioksidans &#8211; \u0161titi ko\u017eu od slobodnih radikala i prevremenog starenja<\/li>\n<li>Za tretiranje popucalih kapilara, hematoma i o\u017eiljaka<\/li>\n<li>Za za\u0161titu od bakterijskih infekcija i upala<\/li>\n<li>Za saniranje sportskih povreda i bolova<\/li>\n<li>Kao sredstvo za ubla\u017eavanje bronhitisa<\/li>\n<\/ul>\n<p><strong>Preporuka za upotrebu:<\/strong><\/p>\n<p><strong>Oralno:<\/strong><\/p>\n<p>&#8211; 2 kapi etarskog ulja smilja rastvoriti u 2 ml maslinovog ulja (ili nekog drugog biljnog ulja) i popiti ( dnevna doza )<\/p>\n<p><strong>Spolja:<\/strong><\/p>\n<p>&#8211; 12 kapi etarskog ulja smilja rastvoriti u 10 ml maslinovog ulja (ili nekog drugog biljnog ulja) i utrljavati 2-3 puta dnevno na ko\u017eu.<\/p>\n<p><strong>Napomena:<\/strong><\/p>\n<p>&#8211; Pre upotrebe obavezno pro\u010ditati uputstvo.<\/p>\n<p>&#8211; Nerazbla\u017eeno etarsko ulje ne nanositi direktno na ko\u017eu.<\/p>\n<p>&#8211; Ne preporu\u010duje se upotreba kod \u00a0osoba mla\u0111ih od 12 godina.<\/p>\n<p>&#8211; Ne preporu\u010duje se upotreba kod \u00a0trudnica i dojilja, kao i osobama koje su osetljive na neki od sastojaka.<\/p>\n<p>&#8211; Preporu\u010dena dnevna doza se ne sme prekora\u010diti.<\/p>\n<p>&#8211; U slu\u010daju da do\u0111e do iritacije o\u010diju sa etarskim uljem, o\u010di \u0161to pre isprati hladnom vodom i po potrebi potra\u017eiti pomo\u0107 lekara.<\/p>\n<p style=\"text-align: left;\">&#8211; O indikacijma, merama opreza i ne\u017eeljenim dejstvima posavetujte se sa lekarom ili farmaceutom.<\/p>\n<p><strong>Rok trajanja:<\/strong> 24 meseca<\/p>\n<p><strong>Pakovanje:<\/strong> 5 ml<\/p>","protected":false},"excerpt":{"rendered":"<p><strong>U tradicionalnoj medicini smilje se koristi:<\/strong><\/p>\n<ul>\n<li>Za regeneraciju ko\u017ee, kod dermatitisa, ekcema i psorijaze<\/li>\n<li>Kao antioksidans &#8211; \u0161titi ko\u017eu od slobodnih radikala i prevremenog starenja<\/li>\n<li>Za tretiranje popucalih kapilara, hematoma i o\u017eiljaka<\/li>\n<li>Za za\u0161titu od bakterijskih infekcija i upala<\/li>\n<li>Za saniranje sportskih povreda i bolova<\/li>\n<li>Kao sredstvo za ubla\u017eavanje bronhitisa<\/li>\n<\/ul>\n<p><strong>Pakovanje: <\/strong>5 ml<\/p>","protected":false},"featured_media":2645,"comment_status":"open","ping_status":"closed","template":"","meta":{"_monsterinsights_skip_tracking":false,"_monsterinsights_sitenote_active":false,"_monsterinsights_sitenote_note":"","_monsterinsights_sitenote_category":0},"product_brand":[],"product_cat":[316],"product_tag":[411,412,567,478,377,390,380,565,375,398,570,381,423,557,376,374,572,569,566,571,568],"class_list":{"0":"post-2625","1":"product","2":"type-product","3":"status-publish","4":"has-post-thumbnail","6":"product_cat-etarska-ulja","7":"product_tag-antibakterijsko-dejstvo","8":"product_tag-antifungicidno-dejstvo","9":"product_tag-antioksidans","10":"product_tag-astma","11":"product_tag-biljni-preparati","12":"product_tag-bronhitis","13":"product_tag-etarsko-ulje","14":"product_tag-etarsko-ulje-smilja","15":"product_tag-etericna-ulja","16":"product_tag-glavobolje","17":"product_tag-hematomi","18":"product_tag-lekovito-bilje","19":"product_tag-migrene","20":"product_tag-oziljci","21":"product_tag-prirodni-antiseptici","22":"product_tag-prirodni-preparati","23":"product_tag-protiv-insekata-posebno-komaraca","24":"product_tag-protiv-ispucalih-kapilara","25":"product_tag-smilje","26":"product_tag-sportske-povrede","27":"product_tag-upale","29":"first","30":"instock","31":"taxable","32":"shipping-taxable","33":"purchasable","34":"product-type-simple"},"aioseo_notices":[],"yoast_head":"<!-- This site is optimized with the Yoast SEO plugin v26.2 - https:\/\/yoast.com\/wordpress\/plugins\/seo\/ -->\n<title>Etarsko ulje smilja - Vitalia Farm<\/title>\n<meta name=\"description\" content=\"Koristi se za za\u0161titu od bakterijskih infekcija i upala, spre\u010davanje gljivi\u010dnih infekcija, za ubla\u017eavanje\u00a0glavobolje i kao antiokisidans.\" \/>\n<meta name=\"robots\" content=\"index, follow, max-snippet:-1, max-image-preview:large, max-video-preview:-1\" \/>\n<link rel=\"canonical\" href=\"https:\/\/vitaliafarm.com\/en\/prodavnica\/etarska-ulja\/etarsko-ulje-smilja\/\" \/>\n<meta property=\"og:locale\" content=\"en_US\" \/>\n<meta property=\"og:type\" content=\"article\" \/>\n<meta property=\"og:title\" content=\"Etarsko ulje smilja - Vitalia Farm\" \/>\n<meta property=\"og:description\" content=\"Koristi se za za\u0161titu od bakterijskih infekcija i upala, spre\u010davanje gljivi\u010dnih infekcija, za ubla\u017eavanje\u00a0glavobolje i kao antiokisidans.\" \/>\n<meta property=\"og:url\" content=\"https:\/\/vitaliafarm.com\/en\/prodavnica\/etarska-ulja\/etarsko-ulje-smilja\/\" \/>\n<meta property=\"og:site_name\" content=\"Vitalia Farm\" \/>\n<meta property=\"article:publisher\" content=\"https:\/\/www.facebook.com\/vitaliafarm\/\" \/>\n<meta property=\"article:modified_time\" content=\"2026-03-23T14:13:58+00:00\" \/>\n<meta property=\"og:image\" content=\"https:\/\/vitaliafarm.com\/wp-content\/uploads\/2021\/03\/Smilje.png\" \/>\n\t<meta property=\"og:image:width\" content=\"500\" \/>\n\t<meta property=\"og:image:height\" content=\"600\" \/>\n\t<meta property=\"og:image:type\" content=\"image\/png\" \/>\n<meta name=\"twitter:card\" content=\"summary_large_image\" \/>\n<meta name=\"twitter:label1\" content=\"Est. reading time\" \/>\n\t<meta name=\"twitter:data1\" content=\"2 minutes\" \/>\n<script type=\"application\/ld+json\" class=\"yoast-schema-graph\">{\"@context\":\"https:\/\/schema.org\",\"@graph\":[{\"@type\":\"WebPage\",\"@id\":\"https:\/\/vitaliafarm.com\/prodavnica\/etarska-ulja\/etarsko-ulje-smilja\/\",\"url\":\"https:\/\/vitaliafarm.com\/prodavnica\/etarska-ulja\/etarsko-ulje-smilja\/\",\"name\":\"Etarsko ulje smilja - Vitalia Farm\",\"isPartOf\":{\"@id\":\"https:\/\/vitaliafarm.com\/#website\"},\"primaryImageOfPage\":{\"@id\":\"https:\/\/vitaliafarm.com\/prodavnica\/etarska-ulja\/etarsko-ulje-smilja\/#primaryimage\"},\"image\":{\"@id\":\"https:\/\/vitaliafarm.com\/prodavnica\/etarska-ulja\/etarsko-ulje-smilja\/#primaryimage\"},\"thumbnailUrl\":\"https:\/\/vitaliafarm.com\/wp-content\/uploads\/2021\/03\/Smilje.png\",\"datePublished\":\"2021-03-19T20:07:20+00:00\",\"dateModified\":\"2026-03-23T14:13:58+00:00\",\"description\":\"Koristi se za za\u0161titu od bakterijskih infekcija i upala, spre\u010davanje gljivi\u010dnih infekcija, za ubla\u017eavanje\u00a0glavobolje i kao antiokisidans.\",\"breadcrumb\":{\"@id\":\"https:\/\/vitaliafarm.com\/prodavnica\/etarska-ulja\/etarsko-ulje-smilja\/#breadcrumb\"},\"inLanguage\":\"en-US\",\"potentialAction\":[{\"@type\":\"ReadAction\",\"target\":[\"https:\/\/vitaliafarm.com\/prodavnica\/etarska-ulja\/etarsko-ulje-smilja\/\"]}]},{\"@type\":\"ImageObject\",\"inLanguage\":\"en-US\",\"@id\":\"https:\/\/vitaliafarm.com\/prodavnica\/etarska-ulja\/etarsko-ulje-smilja\/#primaryimage\",\"url\":\"https:\/\/vitaliafarm.com\/wp-content\/uploads\/2021\/03\/Smilje.png\",\"contentUrl\":\"https:\/\/vitaliafarm.com\/wp-content\/uploads\/2021\/03\/Smilje.png\",\"width\":500,\"height\":600},{\"@type\":\"BreadcrumbList\",\"@id\":\"https:\/\/vitaliafarm.com\/prodavnica\/etarska-ulja\/etarsko-ulje-smilja\/#breadcrumb\",\"itemListElement\":[{\"@type\":\"ListItem\",\"position\":1,\"name\":\"Po\u010detna\",\"item\":\"https:\/\/vitaliafarm.com\/\"},{\"@type\":\"ListItem\",\"position\":2,\"name\":\"Prodavnica\",\"item\":\"https:\/\/vitaliafarm.com\/prodavnica\/\"},{\"@type\":\"ListItem\",\"position\":3,\"name\":\"Etarsko ulje smilja\"}]},{\"@type\":\"WebSite\",\"@id\":\"https:\/\/vitaliafarm.com\/#website\",\"url\":\"https:\/\/vitaliafarm.com\/\",\"name\":\"Vitalia Farm\",\"description\":\"Svet lekovitog bilja\",\"publisher\":{\"@id\":\"https:\/\/vitaliafarm.com\/#organization\"},\"potentialAction\":[{\"@type\":\"SearchAction\",\"target\":{\"@type\":\"EntryPoint\",\"urlTemplate\":\"https:\/\/vitaliafarm.com\/?s={search_term_string}\"},\"query-input\":{\"@type\":\"PropertyValueSpecification\",\"valueRequired\":true,\"valueName\":\"search_term_string\"}}],\"inLanguage\":\"en-US\"},{\"@type\":\"Organization\",\"@id\":\"https:\/\/vitaliafarm.com\/#organization\",\"name\":\"Vitalia Farm d.o.o.\",\"url\":\"https:\/\/vitaliafarm.com\/\",\"logo\":{\"@type\":\"ImageObject\",\"inLanguage\":\"en-US\",\"@id\":\"https:\/\/vitaliafarm.com\/#\/schema\/logo\/image\/\",\"url\":\"https:\/\/vitaliafarm.com\/wp-content\/uploads\/2022\/02\/logo.png\",\"contentUrl\":\"https:\/\/vitaliafarm.com\/wp-content\/uploads\/2022\/02\/logo.png\",\"width\":270,\"height\":111,\"caption\":\"Vitalia Farm d.o.o.\"},\"image\":{\"@id\":\"https:\/\/vitaliafarm.com\/#\/schema\/logo\/image\/\"},\"sameAs\":[\"https:\/\/www.facebook.com\/vitaliafarm\/\",\"https:\/\/www.instagram.com\/vitaliafarm\/\"]}]}<\/script>\n<!-- \/ Yoast SEO plugin. -->","yoast_head_json":{"title":"Etarsko ulje smilja - Vitalia Farm","description":"Koristi se za za\u0161titu od bakterijskih infekcija i upala, spre\u010davanje gljivi\u010dnih infekcija, za ubla\u017eavanje\u00a0glavobolje i kao antiokisidans.","robots":{"index":"index","follow":"follow","max-snippet":"max-snippet:-1","max-image-preview":"max-image-preview:large","max-video-preview":"max-video-preview:-1"},"canonical":"https:\/\/vitaliafarm.com\/en\/prodavnica\/etarska-ulja\/etarsko-ulje-smilja\/","og_locale":"en_US","og_type":"article","og_title":"Etarsko ulje smilja - Vitalia Farm","og_description":"Koristi se za za\u0161titu od bakterijskih infekcija i upala, spre\u010davanje gljivi\u010dnih infekcija, za ubla\u017eavanje\u00a0glavobolje i kao antiokisidans.","og_url":"https:\/\/vitaliafarm.com\/en\/prodavnica\/etarska-ulja\/etarsko-ulje-smilja\/","og_site_name":"Vitalia Farm","article_publisher":"https:\/\/www.facebook.com\/vitaliafarm\/","article_modified_time":"2026-03-23T14:13:58+00:00","og_image":[{"width":500,"height":600,"url":"https:\/\/vitaliafarm.com\/wp-content\/uploads\/2021\/03\/Smilje.png","type":"image\/png"}],"twitter_card":"summary_large_image","twitter_misc":{"Est. reading time":"2 minutes"},"schema":{"@context":"https:\/\/schema.org","@graph":[{"@type":"WebPage","@id":"https:\/\/vitaliafarm.com\/prodavnica\/etarska-ulja\/etarsko-ulje-smilja\/","url":"https:\/\/vitaliafarm.com\/prodavnica\/etarska-ulja\/etarsko-ulje-smilja\/","name":"Etarsko ulje smilja - Vitalia Farm","isPartOf":{"@id":"https:\/\/vitaliafarm.com\/#website"},"primaryImageOfPage":{"@id":"https:\/\/vitaliafarm.com\/prodavnica\/etarska-ulja\/etarsko-ulje-smilja\/#primaryimage"},"image":{"@id":"https:\/\/vitaliafarm.com\/prodavnica\/etarska-ulja\/etarsko-ulje-smilja\/#primaryimage"},"thumbnailUrl":"https:\/\/vitaliafarm.com\/wp-content\/uploads\/2021\/03\/Smilje.png","datePublished":"2021-03-19T20:07:20+00:00","dateModified":"2026-03-23T14:13:58+00:00","description":"Koristi se za za\u0161titu od bakterijskih infekcija i upala, spre\u010davanje gljivi\u010dnih infekcija, za ubla\u017eavanje\u00a0glavobolje i kao antiokisidans.","breadcrumb":{"@id":"https:\/\/vitaliafarm.com\/prodavnica\/etarska-ulja\/etarsko-ulje-smilja\/#breadcrumb"},"inLanguage":"en-US","potentialAction":[{"@type":"ReadAction","target":["https:\/\/vitaliafarm.com\/prodavnica\/etarska-ulja\/etarsko-ulje-smilja\/"]}]},{"@type":"ImageObject","inLanguage":"en-US","@id":"https:\/\/vitaliafarm.com\/prodavnica\/etarska-ulja\/etarsko-ulje-smilja\/#primaryimage","url":"https:\/\/vitaliafarm.com\/wp-content\/uploads\/2021\/03\/Smilje.png","contentUrl":"https:\/\/vitaliafarm.com\/wp-content\/uploads\/2021\/03\/Smilje.png","width":500,"height":600},{"@type":"BreadcrumbList","@id":"https:\/\/vitaliafarm.com\/prodavnica\/etarska-ulja\/etarsko-ulje-smilja\/#breadcrumb","itemListElement":[{"@type":"ListItem","position":1,"name":"Po\u010detna","item":"https:\/\/vitaliafarm.com\/"},{"@type":"ListItem","position":2,"name":"Prodavnica","item":"https:\/\/vitaliafarm.com\/prodavnica\/"},{"@type":"ListItem","position":3,"name":"Etarsko ulje smilja"}]},{"@type":"WebSite","@id":"https:\/\/vitaliafarm.com\/#website","url":"https:\/\/vitaliafarm.com\/","name":"Vitalia Farm","description":"Svet lekovitog bilja","publisher":{"@id":"https:\/\/vitaliafarm.com\/#organization"},"potentialAction":[{"@type":"SearchAction","target":{"@type":"EntryPoint","urlTemplate":"https:\/\/vitaliafarm.com\/?s={search_term_string}"},"query-input":{"@type":"PropertyValueSpecification","valueRequired":true,"valueName":"search_term_string"}}],"inLanguage":"en-US"},{"@type":"Organization","@id":"https:\/\/vitaliafarm.com\/#organization","name":"Vitalia Farm d.o.o.","url":"https:\/\/vitaliafarm.com\/","logo":{"@type":"ImageObject","inLanguage":"en-US","@id":"https:\/\/vitaliafarm.com\/#\/schema\/logo\/image\/","url":"https:\/\/vitaliafarm.com\/wp-content\/uploads\/2022\/02\/logo.png","contentUrl":"https:\/\/vitaliafarm.com\/wp-content\/uploads\/2022\/02\/logo.png","width":270,"height":111,"caption":"Vitalia Farm d.o.o."},"image":{"@id":"https:\/\/vitaliafarm.com\/#\/schema\/logo\/image\/"},"sameAs":["https:\/\/www.facebook.com\/vitaliafarm\/","https:\/\/www.instagram.com\/vitaliafarm\/"]}]}},"_links":{"self":[{"href":"https:\/\/vitaliafarm.com\/en\/wp-json\/wp\/v2\/product\/2625","targetHints":{"allow":["GET"]}}],"collection":[{"href":"https:\/\/vitaliafarm.com\/en\/wp-json\/wp\/v2\/product"}],"about":[{"href":"https:\/\/vitaliafarm.com\/en\/wp-json\/wp\/v2\/types\/product"}],"replies":[{"embeddable":true,"href":"https:\/\/vitaliafarm.com\/en\/wp-json\/wp\/v2\/comments?post=2625"}],"wp:featuredmedia":[{"embeddable":true,"href":"https:\/\/vitaliafarm.com\/en\/wp-json\/wp\/v2\/media\/2645"}],"wp:attachment":[{"href":"https:\/\/vitaliafarm.com\/en\/wp-json\/wp\/v2\/media?parent=2625"}],"wp:term":[{"taxonomy":"product_brand","embeddable":true,"href":"https:\/\/vitaliafarm.com\/en\/wp-json\/wp\/v2\/product_brand?post=2625"},{"taxonomy":"product_cat","embeddable":true,"href":"https:\/\/vitaliafarm.com\/en\/wp-json\/wp\/v2\/product_cat?post=2625"},{"taxonomy":"product_tag","embeddable":true,"href":"https:\/\/vitaliafarm.com\/en\/wp-json\/wp\/v2\/product_tag?post=2625"}],"curies":[{"name":"wp","href":"https:\/\/api.w.org\/{rel}","templated":true}]}}