
{"id":2630,"date":"2021-03-19T21:07:20","date_gmt":"2021-03-19T20:07:20","guid":{"rendered":"https:\/\/vitaliafarm.com\/?post_type=product&#038;p=2630"},"modified":"2026-01-15T23:50:39","modified_gmt":"2026-01-15T22:50:39","slug":"biljne-kapi-articoke","status":"publish","type":"product","link":"https:\/\/vitaliafarm.com\/en\/prodavnica\/biljne-kapi-tinkture\/biljne-kapi-articoke\/","title":{"rendered":"Biljne kapi arti\u010doke"},"content":{"rendered":"<p><strong>Biolo\u0161ki izvor:<\/strong> \u00a0Cynara cardunculus L. (syn. Cynara scolymus L.),\u00a0 Asteraceae<\/p>\n<p><strong>Sastav:<\/strong> Etanolno-vodeni ekstrakt lista arti\u010doke (Cynarae folium).<\/p>\n<p><strong>List arti\u010doke povoljno deluje :<\/strong><\/p>\n<p>&#8211; \u00a0Za ubla\u017eavanje probavnih smetnji poput dispepsije (ote\u017eano varenje) sa ose\u0107ajem sitosti, mu\u010dnine, povra\u0107anja, nadimanja\u2026<\/p>\n<p>&#8211;\u00a0 Na poja\u010dano lu\u010denje \u017eu\u010di, smanjenje nivoa holesterola i lipida u krvi.<\/p>\n<p>Redovnom upotrebom arti\u010doke (minimum 60 dana) pove\u0107ava se sekrecija \u017eu\u010di, reguli\u0161e metabolizam masti i holesterola,\u00a0 pobolj\u0161ava se peristaltika creva..<\/p>\n<p><strong>Preporuka za upotrebu: <\/strong><\/p>\n<p>Piti tri puta dnevno po 30 kapi (u malo vode ili \u010daja) posle jela.<\/p>\n<p><strong>Napomena:<\/strong><\/p>\n<p>&#8211;\u00a0 Pre upotrebe obavezno pro\u010ditati uputstvo.<\/p>\n<p>&#8211;\u00a0 Preparat sadr\u017ei alkohol (etanol)..<\/p>\n<p>&#8211; Ne preporu\u010duje se trudnicama, dojiljama i deci mla\u0111oj od 12 godina<\/p>\n<p>&#8211; Preporu\u010dena doza se ne sme prekora\u010diti<br \/>\n&#8211; U slu\u010daju da do\u0111e do iritacije o\u010diju sa biljnim kapima, \u0161to pre o\u010di isprati hladnom vodom i po potrebi potra\u017eiti pomo\u0107 lekara.<br \/>\n&#8211; O indikacijma ,merama opreza i ne\u017eeljenim dejstvima posavetujte se sa lekarom ili farmaceutom.<\/p>\n<p><strong>Na\u010din \u010duvanja:<\/strong><\/p>\n<p>\u010cuvati na tamnom i hladnom mestu,van doma\u0161aja dece.<\/p>\n<p><strong>Rok upotrebe: <\/strong>24 meseca<\/p>\n<p><strong>Pakovanje: <\/strong>\u00a0\u00a030 ml<\/p>","protected":false},"excerpt":{"rendered":"<p>List arti\u010doke povoljno deluju kod:<\/p>\n<ul>\n<li>normalizacije nivoa masti i holesterola u krvi<\/li>\n<li>pobolj\u0161anja funkcije jetre i \u017eu\u010di<\/li>\n<li>poreme\u0107aja varenja i nadutosti<\/li>\n<\/ul>\n<p><strong>Pakovanje: <\/strong>30 ml<\/p>","protected":false},"featured_media":2650,"comment_status":"open","ping_status":"closed","template":"","meta":{"_monsterinsights_skip_tracking":false,"_monsterinsights_sitenote_active":false,"_monsterinsights_sitenote_note":"","_monsterinsights_sitenote_category":0},"product_brand":[],"product_cat":[318],"product_tag":[589,590,588,587,377,381,524,595,594,596,592,591,374,593],"class_list":{"0":"post-2630","1":"product","2":"type-product","3":"status-publish","4":"has-post-thumbnail","6":"product_cat-biljne-kapi-tinkture","7":"product_tag-articoka","8":"product_tag-artisoka","9":"product_tag-biljne-kapi","10":"product_tag-biljne-kapi-articoke","11":"product_tag-biljni-preparati","12":"product_tag-lekovito-bilje","13":"product_tag-nadutost","14":"product_tag-normalizacija-nivoa-masti-i-holesterola-u-krvi","15":"product_tag-poboljsavanje-peristaltike-creva","16":"product_tag-poremecaj-varenja","17":"product_tag-povecavanje-sekrecije-zuci","18":"product_tag-povoljno-dejstvo-na-funkciju-jetre-i-zuci","19":"product_tag-prirodni-preparati","20":"product_tag-regulacija-metabolizma-masti","22":"first","23":"instock","24":"taxable","25":"shipping-taxable","26":"purchasable","27":"product-type-simple"},"aioseo_notices":[],"yoast_head":"<!-- This site is optimized with the Yoast SEO plugin v26.2 - https:\/\/yoast.com\/wordpress\/plugins\/seo\/ -->\n<title>Biljne kapi arti\u010doke - Vitalia Farm<\/title>\n<meta name=\"description\" content=\"List arti\u010doke povoljno deluje za ubla\u017eavanje probavnih smetnji poput dispepsije (ote\u017eano varenje) sa ose\u0107ajem sitosti, mu\u010dnine, nadimanja\u2026\" \/>\n<meta name=\"robots\" content=\"index, follow, max-snippet:-1, max-image-preview:large, max-video-preview:-1\" \/>\n<link rel=\"canonical\" href=\"https:\/\/vitaliafarm.com\/en\/prodavnica\/biljne-kapi-tinkture\/biljne-kapi-articoke\/\" \/>\n<meta property=\"og:locale\" content=\"en_US\" \/>\n<meta property=\"og:type\" content=\"article\" \/>\n<meta property=\"og:title\" content=\"Biljne kapi arti\u010doke - Vitalia Farm\" \/>\n<meta property=\"og:description\" content=\"List arti\u010doke povoljno deluje za ubla\u017eavanje probavnih smetnji poput dispepsije (ote\u017eano varenje) sa ose\u0107ajem sitosti, mu\u010dnine, nadimanja\u2026\" \/>\n<meta property=\"og:url\" content=\"https:\/\/vitaliafarm.com\/en\/prodavnica\/biljne-kapi-tinkture\/biljne-kapi-articoke\/\" \/>\n<meta property=\"og:site_name\" content=\"Vitalia Farm\" \/>\n<meta property=\"article:publisher\" content=\"https:\/\/www.facebook.com\/vitaliafarm\/\" \/>\n<meta property=\"article:modified_time\" content=\"2026-01-15T22:50:39+00:00\" \/>\n<meta property=\"og:image\" content=\"https:\/\/vitaliafarm.com\/wp-content\/uploads\/2021\/03\/biljne-kapi-articoke-2.jpg\" \/>\n\t<meta property=\"og:image:width\" content=\"300\" \/>\n\t<meta property=\"og:image:height\" content=\"400\" \/>\n\t<meta property=\"og:image:type\" content=\"image\/jpeg\" \/>\n<meta name=\"twitter:card\" content=\"summary_large_image\" \/>\n<meta name=\"twitter:label1\" content=\"Est. reading time\" \/>\n\t<meta name=\"twitter:data1\" content=\"1 minute\" \/>\n<script type=\"application\/ld+json\" class=\"yoast-schema-graph\">{\"@context\":\"https:\/\/schema.org\",\"@graph\":[{\"@type\":\"WebPage\",\"@id\":\"https:\/\/vitaliafarm.com\/prodavnica\/biljne-kapi-tinkture\/biljne-kapi-articoke\/\",\"url\":\"https:\/\/vitaliafarm.com\/prodavnica\/biljne-kapi-tinkture\/biljne-kapi-articoke\/\",\"name\":\"Biljne kapi arti\u010doke - Vitalia Farm\",\"isPartOf\":{\"@id\":\"https:\/\/vitaliafarm.com\/#website\"},\"primaryImageOfPage\":{\"@id\":\"https:\/\/vitaliafarm.com\/prodavnica\/biljne-kapi-tinkture\/biljne-kapi-articoke\/#primaryimage\"},\"image\":{\"@id\":\"https:\/\/vitaliafarm.com\/prodavnica\/biljne-kapi-tinkture\/biljne-kapi-articoke\/#primaryimage\"},\"thumbnailUrl\":\"https:\/\/vitaliafarm.com\/wp-content\/uploads\/2021\/03\/biljne-kapi-articoke-2.jpg\",\"datePublished\":\"2021-03-19T20:07:20+00:00\",\"dateModified\":\"2026-01-15T22:50:39+00:00\",\"description\":\"List arti\u010doke povoljno deluje za ubla\u017eavanje probavnih smetnji poput dispepsije (ote\u017eano varenje) sa ose\u0107ajem sitosti, mu\u010dnine, nadimanja\u2026\",\"breadcrumb\":{\"@id\":\"https:\/\/vitaliafarm.com\/prodavnica\/biljne-kapi-tinkture\/biljne-kapi-articoke\/#breadcrumb\"},\"inLanguage\":\"en-US\",\"potentialAction\":[{\"@type\":\"ReadAction\",\"target\":[\"https:\/\/vitaliafarm.com\/prodavnica\/biljne-kapi-tinkture\/biljne-kapi-articoke\/\"]}]},{\"@type\":\"ImageObject\",\"inLanguage\":\"en-US\",\"@id\":\"https:\/\/vitaliafarm.com\/prodavnica\/biljne-kapi-tinkture\/biljne-kapi-articoke\/#primaryimage\",\"url\":\"https:\/\/vitaliafarm.com\/wp-content\/uploads\/2021\/03\/biljne-kapi-articoke-2.jpg\",\"contentUrl\":\"https:\/\/vitaliafarm.com\/wp-content\/uploads\/2021\/03\/biljne-kapi-articoke-2.jpg\",\"width\":300,\"height\":400,\"caption\":\"Vitalia Farm - biljne kapi arti\u010doke\"},{\"@type\":\"BreadcrumbList\",\"@id\":\"https:\/\/vitaliafarm.com\/prodavnica\/biljne-kapi-tinkture\/biljne-kapi-articoke\/#breadcrumb\",\"itemListElement\":[{\"@type\":\"ListItem\",\"position\":1,\"name\":\"Po\u010detna\",\"item\":\"https:\/\/vitaliafarm.com\/\"},{\"@type\":\"ListItem\",\"position\":2,\"name\":\"Prodavnica\",\"item\":\"https:\/\/vitaliafarm.com\/prodavnica\/\"},{\"@type\":\"ListItem\",\"position\":3,\"name\":\"Biljne kapi arti\u010doke\"}]},{\"@type\":\"WebSite\",\"@id\":\"https:\/\/vitaliafarm.com\/#website\",\"url\":\"https:\/\/vitaliafarm.com\/\",\"name\":\"Vitalia Farm\",\"description\":\"Svet lekovitog bilja\",\"publisher\":{\"@id\":\"https:\/\/vitaliafarm.com\/#organization\"},\"potentialAction\":[{\"@type\":\"SearchAction\",\"target\":{\"@type\":\"EntryPoint\",\"urlTemplate\":\"https:\/\/vitaliafarm.com\/?s={search_term_string}\"},\"query-input\":{\"@type\":\"PropertyValueSpecification\",\"valueRequired\":true,\"valueName\":\"search_term_string\"}}],\"inLanguage\":\"en-US\"},{\"@type\":\"Organization\",\"@id\":\"https:\/\/vitaliafarm.com\/#organization\",\"name\":\"Vitalia Farm d.o.o.\",\"url\":\"https:\/\/vitaliafarm.com\/\",\"logo\":{\"@type\":\"ImageObject\",\"inLanguage\":\"en-US\",\"@id\":\"https:\/\/vitaliafarm.com\/#\/schema\/logo\/image\/\",\"url\":\"https:\/\/vitaliafarm.com\/wp-content\/uploads\/2022\/02\/logo.png\",\"contentUrl\":\"https:\/\/vitaliafarm.com\/wp-content\/uploads\/2022\/02\/logo.png\",\"width\":270,\"height\":111,\"caption\":\"Vitalia Farm d.o.o.\"},\"image\":{\"@id\":\"https:\/\/vitaliafarm.com\/#\/schema\/logo\/image\/\"},\"sameAs\":[\"https:\/\/www.facebook.com\/vitaliafarm\/\",\"https:\/\/www.instagram.com\/vitaliafarm\/\"]}]}<\/script>\n<!-- \/ Yoast SEO plugin. -->","yoast_head_json":{"title":"Biljne kapi arti\u010doke - Vitalia Farm","description":"List arti\u010doke povoljno deluje za ubla\u017eavanje probavnih smetnji poput dispepsije (ote\u017eano varenje) sa ose\u0107ajem sitosti, mu\u010dnine, nadimanja\u2026","robots":{"index":"index","follow":"follow","max-snippet":"max-snippet:-1","max-image-preview":"max-image-preview:large","max-video-preview":"max-video-preview:-1"},"canonical":"https:\/\/vitaliafarm.com\/en\/prodavnica\/biljne-kapi-tinkture\/biljne-kapi-articoke\/","og_locale":"en_US","og_type":"article","og_title":"Biljne kapi arti\u010doke - Vitalia Farm","og_description":"List arti\u010doke povoljno deluje za ubla\u017eavanje probavnih smetnji poput dispepsije (ote\u017eano varenje) sa ose\u0107ajem sitosti, mu\u010dnine, nadimanja\u2026","og_url":"https:\/\/vitaliafarm.com\/en\/prodavnica\/biljne-kapi-tinkture\/biljne-kapi-articoke\/","og_site_name":"Vitalia Farm","article_publisher":"https:\/\/www.facebook.com\/vitaliafarm\/","article_modified_time":"2026-01-15T22:50:39+00:00","og_image":[{"width":300,"height":400,"url":"https:\/\/vitaliafarm.com\/wp-content\/uploads\/2021\/03\/biljne-kapi-articoke-2.jpg","type":"image\/jpeg"}],"twitter_card":"summary_large_image","twitter_misc":{"Est. reading time":"1 minute"},"schema":{"@context":"https:\/\/schema.org","@graph":[{"@type":"WebPage","@id":"https:\/\/vitaliafarm.com\/prodavnica\/biljne-kapi-tinkture\/biljne-kapi-articoke\/","url":"https:\/\/vitaliafarm.com\/prodavnica\/biljne-kapi-tinkture\/biljne-kapi-articoke\/","name":"Biljne kapi arti\u010doke - Vitalia Farm","isPartOf":{"@id":"https:\/\/vitaliafarm.com\/#website"},"primaryImageOfPage":{"@id":"https:\/\/vitaliafarm.com\/prodavnica\/biljne-kapi-tinkture\/biljne-kapi-articoke\/#primaryimage"},"image":{"@id":"https:\/\/vitaliafarm.com\/prodavnica\/biljne-kapi-tinkture\/biljne-kapi-articoke\/#primaryimage"},"thumbnailUrl":"https:\/\/vitaliafarm.com\/wp-content\/uploads\/2021\/03\/biljne-kapi-articoke-2.jpg","datePublished":"2021-03-19T20:07:20+00:00","dateModified":"2026-01-15T22:50:39+00:00","description":"List arti\u010doke povoljno deluje za ubla\u017eavanje probavnih smetnji poput dispepsije (ote\u017eano varenje) sa ose\u0107ajem sitosti, mu\u010dnine, nadimanja\u2026","breadcrumb":{"@id":"https:\/\/vitaliafarm.com\/prodavnica\/biljne-kapi-tinkture\/biljne-kapi-articoke\/#breadcrumb"},"inLanguage":"en-US","potentialAction":[{"@type":"ReadAction","target":["https:\/\/vitaliafarm.com\/prodavnica\/biljne-kapi-tinkture\/biljne-kapi-articoke\/"]}]},{"@type":"ImageObject","inLanguage":"en-US","@id":"https:\/\/vitaliafarm.com\/prodavnica\/biljne-kapi-tinkture\/biljne-kapi-articoke\/#primaryimage","url":"https:\/\/vitaliafarm.com\/wp-content\/uploads\/2021\/03\/biljne-kapi-articoke-2.jpg","contentUrl":"https:\/\/vitaliafarm.com\/wp-content\/uploads\/2021\/03\/biljne-kapi-articoke-2.jpg","width":300,"height":400,"caption":"Vitalia Farm - biljne kapi arti\u010doke"},{"@type":"BreadcrumbList","@id":"https:\/\/vitaliafarm.com\/prodavnica\/biljne-kapi-tinkture\/biljne-kapi-articoke\/#breadcrumb","itemListElement":[{"@type":"ListItem","position":1,"name":"Po\u010detna","item":"https:\/\/vitaliafarm.com\/"},{"@type":"ListItem","position":2,"name":"Prodavnica","item":"https:\/\/vitaliafarm.com\/prodavnica\/"},{"@type":"ListItem","position":3,"name":"Biljne kapi arti\u010doke"}]},{"@type":"WebSite","@id":"https:\/\/vitaliafarm.com\/#website","url":"https:\/\/vitaliafarm.com\/","name":"Vitalia Farm","description":"Svet lekovitog bilja","publisher":{"@id":"https:\/\/vitaliafarm.com\/#organization"},"potentialAction":[{"@type":"SearchAction","target":{"@type":"EntryPoint","urlTemplate":"https:\/\/vitaliafarm.com\/?s={search_term_string}"},"query-input":{"@type":"PropertyValueSpecification","valueRequired":true,"valueName":"search_term_string"}}],"inLanguage":"en-US"},{"@type":"Organization","@id":"https:\/\/vitaliafarm.com\/#organization","name":"Vitalia Farm d.o.o.","url":"https:\/\/vitaliafarm.com\/","logo":{"@type":"ImageObject","inLanguage":"en-US","@id":"https:\/\/vitaliafarm.com\/#\/schema\/logo\/image\/","url":"https:\/\/vitaliafarm.com\/wp-content\/uploads\/2022\/02\/logo.png","contentUrl":"https:\/\/vitaliafarm.com\/wp-content\/uploads\/2022\/02\/logo.png","width":270,"height":111,"caption":"Vitalia Farm d.o.o."},"image":{"@id":"https:\/\/vitaliafarm.com\/#\/schema\/logo\/image\/"},"sameAs":["https:\/\/www.facebook.com\/vitaliafarm\/","https:\/\/www.instagram.com\/vitaliafarm\/"]}]}},"_links":{"self":[{"href":"https:\/\/vitaliafarm.com\/en\/wp-json\/wp\/v2\/product\/2630","targetHints":{"allow":["GET"]}}],"collection":[{"href":"https:\/\/vitaliafarm.com\/en\/wp-json\/wp\/v2\/product"}],"about":[{"href":"https:\/\/vitaliafarm.com\/en\/wp-json\/wp\/v2\/types\/product"}],"replies":[{"embeddable":true,"href":"https:\/\/vitaliafarm.com\/en\/wp-json\/wp\/v2\/comments?post=2630"}],"wp:featuredmedia":[{"embeddable":true,"href":"https:\/\/vitaliafarm.com\/en\/wp-json\/wp\/v2\/media\/2650"}],"wp:attachment":[{"href":"https:\/\/vitaliafarm.com\/en\/wp-json\/wp\/v2\/media?parent=2630"}],"wp:term":[{"taxonomy":"product_brand","embeddable":true,"href":"https:\/\/vitaliafarm.com\/en\/wp-json\/wp\/v2\/product_brand?post=2630"},{"taxonomy":"product_cat","embeddable":true,"href":"https:\/\/vitaliafarm.com\/en\/wp-json\/wp\/v2\/product_cat?post=2630"},{"taxonomy":"product_tag","embeddable":true,"href":"https:\/\/vitaliafarm.com\/en\/wp-json\/wp\/v2\/product_tag?post=2630"}],"curies":[{"name":"wp","href":"https:\/\/api.w.org\/{rel}","templated":true}]}}