
{"id":2632,"date":"2021-03-19T21:07:20","date_gmt":"2021-03-19T20:07:20","guid":{"rendered":"https:\/\/vitaliafarm.com\/?post_type=product&#038;p=2632"},"modified":"2026-01-15T23:51:11","modified_gmt":"2026-01-15T22:51:11","slug":"biljne-kapi-koprive","status":"publish","type":"product","link":"https:\/\/vitaliafarm.com\/en\/prodavnica\/biljne-kapi-tinkture\/biljne-kapi-koprive\/","title":{"rendered":"Biljne kapi koprive"},"content":{"rendered":"<p><strong>Biolo\u0161ki izvor:<\/strong> \u00a0Urtica dioica L., \u00a0Urtica urens L., Urticaceae<\/p>\n<p><strong>Sastav: <\/strong>Etanolno-vodeni ekstrakt lista koprive (Urticae folium).<\/p>\n<p>Kopriva sadr\u017ei soli minerala i oligoelemenata (Fe, Mg, K, Na, Ca, P), vitamine (A,C), hlorofil i biljne hormone, neophodne za \u010dove\u010diji organizam.<\/p>\n<p><strong>List koprive povoljno deluje : <\/strong><\/p>\n<p>&#8211;\u00a0 Kod anemije izazvane nedovoljnim uno\u0161enjem gvo\u017e\u0111a putem hrane.<\/p>\n<p>&#8211;\u00a0 Kao diuretik ( za poja\u010dano izmokravanje kod upalnih procesa donjeg urinarnog trakta ) ili kod pojave peska u be\u0161ici i bubrezima.<\/p>\n<p>&#8211;\u00a0 Kod artritisa (upale, zapaljenja zglobova), artroza (hroni\u010dna degenerativna oboljenja zglobova pra\u0107ena\u00a0 bolom i ograni\u010denom pokretljivo\u0161\u0107u, oko\u0161tavanje u zglobovima), kao i kod \u00a0reumatskih stanja<\/p>\n<p>( bolovi u mi\u0161i\u0107ima i zglobovima).<\/p>\n<p>&#8211; \u00a0Kao sredstvo za zaustavljanje krvarenja kod hemoroida ili obilnih menstrualnih krvarenja.<\/p>\n<p>&#8211;\u00a0 Kod promena na ko\u017ei uzrokovanih pojavom ekcema ili manjih ko\u017enih o\u0161te\u0107enja.<\/p>\n<p>Biljne kapi koprive se primenjuju i za spoljnu upotrebu protiv opadanja kose.<\/p>\n<p><strong>Preporuka za upotrebu<\/strong>:<\/p>\n<p>Piti tri puta dnevno po 30 kapi (u malo vode ili \u010daja) posle jela.<\/p>\n<p><strong>Napomena:<\/strong><\/p>\n<p>&#8211; Pre upotrebe obavezno pro\u010ditati uputstvo.<\/p>\n<p>&#8211; Preparat sadr\u017ei alkohol(etanol).<br \/>\n&#8211; Ne preporu\u010duje se trudnicama, dojiljama i deci mla\u0111oj od 12 godina.<\/p>\n<p>&#8211; Preporu\u010dena dnevna doza se ne sme pekora\u010diti.<br \/>\n&#8211; U slu\u010daju da do\u0111e do iritacije o\u010diju sa biljnim kapima, \u0161to pre o\u010di isprati hladnom vodom i po potrebi potra\u017eiti pomo\u0107 lekara.<br \/>\n&#8211; O indikacijma ,merama opreza i ne\u017eeljenim dejstvima posavetujte se sa lekarom ili farmaceutom.<\/p>\n<p><strong>Na\u010din \u010duvanja: <\/strong>\u010cuvati na tamnom i hladnom mestu,van doma\u0161aja dece.<\/p>\n<p><strong>Rok upotrebe: <\/strong>24 meseca<\/p>\n<p><strong>Pakovanje: <\/strong>\u00a0\u00a030 ml<\/p>","protected":false},"excerpt":{"rendered":"<p><strong>List koprive povoljno deluju kod:<\/strong><\/p>\n<ul>\n<li>Anemije usled nedostaka gvo\u017e\u0111a u organizmu<\/li>\n<li>Urinarnih infekcija<\/li>\n<li>Artritisa, artroza i reumatskih tegoba<\/li>\n<li>Ekcema ili manjih ko\u017enih o\u0161te\u0107enja<\/li>\n<\/ul>\n<p><strong>Pakovanje: <\/strong>30 ml<\/p>","protected":false},"featured_media":2652,"comment_status":"open","ping_status":"closed","template":"","meta":{"_monsterinsights_skip_tracking":false,"_monsterinsights_sitenote_active":false,"_monsterinsights_sitenote_note":"","_monsterinsights_sitenote_category":0},"product_brand":[],"product_cat":[318],"product_tag":[613,588,610,377,611,381,374,614,509,427,612],"class_list":{"0":"post-2632","1":"product","2":"type-product","3":"status-publish","4":"has-post-thumbnail","6":"product_cat-biljne-kapi-tinkture","7":"product_tag-anemije","8":"product_tag-biljne-kapi","9":"product_tag-biljne-kapi-koprive","10":"product_tag-biljni-preparati","11":"product_tag-kopriva","12":"product_tag-lekovito-bilje","13":"product_tag-prirodni-preparati","14":"product_tag-protiv-opadanja-kose","15":"product_tag-reumatske-tegobe","16":"product_tag-urinarne-infekcije","17":"product_tag-zara","19":"first","20":"instock","21":"taxable","22":"shipping-taxable","23":"purchasable","24":"product-type-simple"},"aioseo_notices":[],"yoast_head":"<!-- This site is optimized with the Yoast SEO plugin v26.2 - https:\/\/yoast.com\/wordpress\/plugins\/seo\/ -->\n<title>Biljne kapi koprive - Vitalia Farm<\/title>\n<meta name=\"description\" content=\"List koprive povoljno deluje\u00a0kod anemije izazvane nedovoljnim uno\u0161enjem gvo\u017e\u0111a putem hrane, kao diuretik, kod artritisa i artroze.\" \/>\n<meta name=\"robots\" content=\"index, follow, max-snippet:-1, max-image-preview:large, max-video-preview:-1\" \/>\n<link rel=\"canonical\" href=\"https:\/\/vitaliafarm.com\/en\/prodavnica\/biljne-kapi-tinkture\/biljne-kapi-koprive\/\" \/>\n<meta property=\"og:locale\" content=\"en_US\" \/>\n<meta property=\"og:type\" content=\"article\" \/>\n<meta property=\"og:title\" content=\"Biljne kapi koprive - Vitalia Farm\" \/>\n<meta property=\"og:description\" content=\"List koprive povoljno deluje\u00a0kod anemije izazvane nedovoljnim uno\u0161enjem gvo\u017e\u0111a putem hrane, kao diuretik, kod artritisa i artroze.\" \/>\n<meta property=\"og:url\" content=\"https:\/\/vitaliafarm.com\/en\/prodavnica\/biljne-kapi-tinkture\/biljne-kapi-koprive\/\" \/>\n<meta property=\"og:site_name\" content=\"Vitalia Farm\" \/>\n<meta property=\"article:publisher\" content=\"https:\/\/www.facebook.com\/vitaliafarm\/\" \/>\n<meta property=\"article:modified_time\" content=\"2026-01-15T22:51:11+00:00\" \/>\n<meta property=\"og:image\" content=\"https:\/\/vitaliafarm.com\/wp-content\/uploads\/2021\/03\/biljne-kapi-kopriva-1.jpg\" \/>\n\t<meta property=\"og:image:width\" content=\"300\" \/>\n\t<meta property=\"og:image:height\" content=\"400\" \/>\n\t<meta property=\"og:image:type\" content=\"image\/jpeg\" \/>\n<meta name=\"twitter:card\" content=\"summary_large_image\" \/>\n<meta name=\"twitter:label1\" content=\"Est. reading time\" \/>\n\t<meta name=\"twitter:data1\" content=\"1 minute\" \/>\n<script type=\"application\/ld+json\" class=\"yoast-schema-graph\">{\"@context\":\"https:\/\/schema.org\",\"@graph\":[{\"@type\":\"WebPage\",\"@id\":\"https:\/\/vitaliafarm.com\/prodavnica\/biljne-kapi-tinkture\/biljne-kapi-koprive\/\",\"url\":\"https:\/\/vitaliafarm.com\/prodavnica\/biljne-kapi-tinkture\/biljne-kapi-koprive\/\",\"name\":\"Biljne kapi koprive - Vitalia Farm\",\"isPartOf\":{\"@id\":\"https:\/\/vitaliafarm.com\/#website\"},\"primaryImageOfPage\":{\"@id\":\"https:\/\/vitaliafarm.com\/prodavnica\/biljne-kapi-tinkture\/biljne-kapi-koprive\/#primaryimage\"},\"image\":{\"@id\":\"https:\/\/vitaliafarm.com\/prodavnica\/biljne-kapi-tinkture\/biljne-kapi-koprive\/#primaryimage\"},\"thumbnailUrl\":\"https:\/\/vitaliafarm.com\/wp-content\/uploads\/2021\/03\/biljne-kapi-kopriva-1.jpg\",\"datePublished\":\"2021-03-19T20:07:20+00:00\",\"dateModified\":\"2026-01-15T22:51:11+00:00\",\"description\":\"List koprive povoljno deluje\u00a0kod anemije izazvane nedovoljnim uno\u0161enjem gvo\u017e\u0111a putem hrane, kao diuretik, kod artritisa i artroze.\",\"breadcrumb\":{\"@id\":\"https:\/\/vitaliafarm.com\/prodavnica\/biljne-kapi-tinkture\/biljne-kapi-koprive\/#breadcrumb\"},\"inLanguage\":\"en-US\",\"potentialAction\":[{\"@type\":\"ReadAction\",\"target\":[\"https:\/\/vitaliafarm.com\/prodavnica\/biljne-kapi-tinkture\/biljne-kapi-koprive\/\"]}]},{\"@type\":\"ImageObject\",\"inLanguage\":\"en-US\",\"@id\":\"https:\/\/vitaliafarm.com\/prodavnica\/biljne-kapi-tinkture\/biljne-kapi-koprive\/#primaryimage\",\"url\":\"https:\/\/vitaliafarm.com\/wp-content\/uploads\/2021\/03\/biljne-kapi-kopriva-1.jpg\",\"contentUrl\":\"https:\/\/vitaliafarm.com\/wp-content\/uploads\/2021\/03\/biljne-kapi-kopriva-1.jpg\",\"width\":300,\"height\":400,\"caption\":\"Vitalia Farm - biljne kapi koprive\"},{\"@type\":\"BreadcrumbList\",\"@id\":\"https:\/\/vitaliafarm.com\/prodavnica\/biljne-kapi-tinkture\/biljne-kapi-koprive\/#breadcrumb\",\"itemListElement\":[{\"@type\":\"ListItem\",\"position\":1,\"name\":\"Po\u010detna\",\"item\":\"https:\/\/vitaliafarm.com\/\"},{\"@type\":\"ListItem\",\"position\":2,\"name\":\"Prodavnica\",\"item\":\"https:\/\/vitaliafarm.com\/prodavnica\/\"},{\"@type\":\"ListItem\",\"position\":3,\"name\":\"Biljne kapi koprive\"}]},{\"@type\":\"WebSite\",\"@id\":\"https:\/\/vitaliafarm.com\/#website\",\"url\":\"https:\/\/vitaliafarm.com\/\",\"name\":\"Vitalia Farm\",\"description\":\"Svet lekovitog bilja\",\"publisher\":{\"@id\":\"https:\/\/vitaliafarm.com\/#organization\"},\"potentialAction\":[{\"@type\":\"SearchAction\",\"target\":{\"@type\":\"EntryPoint\",\"urlTemplate\":\"https:\/\/vitaliafarm.com\/?s={search_term_string}\"},\"query-input\":{\"@type\":\"PropertyValueSpecification\",\"valueRequired\":true,\"valueName\":\"search_term_string\"}}],\"inLanguage\":\"en-US\"},{\"@type\":\"Organization\",\"@id\":\"https:\/\/vitaliafarm.com\/#organization\",\"name\":\"Vitalia Farm d.o.o.\",\"url\":\"https:\/\/vitaliafarm.com\/\",\"logo\":{\"@type\":\"ImageObject\",\"inLanguage\":\"en-US\",\"@id\":\"https:\/\/vitaliafarm.com\/#\/schema\/logo\/image\/\",\"url\":\"https:\/\/vitaliafarm.com\/wp-content\/uploads\/2022\/02\/logo.png\",\"contentUrl\":\"https:\/\/vitaliafarm.com\/wp-content\/uploads\/2022\/02\/logo.png\",\"width\":270,\"height\":111,\"caption\":\"Vitalia Farm d.o.o.\"},\"image\":{\"@id\":\"https:\/\/vitaliafarm.com\/#\/schema\/logo\/image\/\"},\"sameAs\":[\"https:\/\/www.facebook.com\/vitaliafarm\/\",\"https:\/\/www.instagram.com\/vitaliafarm\/\"]}]}<\/script>\n<!-- \/ Yoast SEO plugin. -->","yoast_head_json":{"title":"Biljne kapi koprive - Vitalia Farm","description":"List koprive povoljno deluje\u00a0kod anemije izazvane nedovoljnim uno\u0161enjem gvo\u017e\u0111a putem hrane, kao diuretik, kod artritisa i artroze.","robots":{"index":"index","follow":"follow","max-snippet":"max-snippet:-1","max-image-preview":"max-image-preview:large","max-video-preview":"max-video-preview:-1"},"canonical":"https:\/\/vitaliafarm.com\/en\/prodavnica\/biljne-kapi-tinkture\/biljne-kapi-koprive\/","og_locale":"en_US","og_type":"article","og_title":"Biljne kapi koprive - Vitalia Farm","og_description":"List koprive povoljno deluje\u00a0kod anemije izazvane nedovoljnim uno\u0161enjem gvo\u017e\u0111a putem hrane, kao diuretik, kod artritisa i artroze.","og_url":"https:\/\/vitaliafarm.com\/en\/prodavnica\/biljne-kapi-tinkture\/biljne-kapi-koprive\/","og_site_name":"Vitalia Farm","article_publisher":"https:\/\/www.facebook.com\/vitaliafarm\/","article_modified_time":"2026-01-15T22:51:11+00:00","og_image":[{"width":300,"height":400,"url":"https:\/\/vitaliafarm.com\/wp-content\/uploads\/2021\/03\/biljne-kapi-kopriva-1.jpg","type":"image\/jpeg"}],"twitter_card":"summary_large_image","twitter_misc":{"Est. reading time":"1 minute"},"schema":{"@context":"https:\/\/schema.org","@graph":[{"@type":"WebPage","@id":"https:\/\/vitaliafarm.com\/prodavnica\/biljne-kapi-tinkture\/biljne-kapi-koprive\/","url":"https:\/\/vitaliafarm.com\/prodavnica\/biljne-kapi-tinkture\/biljne-kapi-koprive\/","name":"Biljne kapi koprive - Vitalia Farm","isPartOf":{"@id":"https:\/\/vitaliafarm.com\/#website"},"primaryImageOfPage":{"@id":"https:\/\/vitaliafarm.com\/prodavnica\/biljne-kapi-tinkture\/biljne-kapi-koprive\/#primaryimage"},"image":{"@id":"https:\/\/vitaliafarm.com\/prodavnica\/biljne-kapi-tinkture\/biljne-kapi-koprive\/#primaryimage"},"thumbnailUrl":"https:\/\/vitaliafarm.com\/wp-content\/uploads\/2021\/03\/biljne-kapi-kopriva-1.jpg","datePublished":"2021-03-19T20:07:20+00:00","dateModified":"2026-01-15T22:51:11+00:00","description":"List koprive povoljno deluje\u00a0kod anemije izazvane nedovoljnim uno\u0161enjem gvo\u017e\u0111a putem hrane, kao diuretik, kod artritisa i artroze.","breadcrumb":{"@id":"https:\/\/vitaliafarm.com\/prodavnica\/biljne-kapi-tinkture\/biljne-kapi-koprive\/#breadcrumb"},"inLanguage":"en-US","potentialAction":[{"@type":"ReadAction","target":["https:\/\/vitaliafarm.com\/prodavnica\/biljne-kapi-tinkture\/biljne-kapi-koprive\/"]}]},{"@type":"ImageObject","inLanguage":"en-US","@id":"https:\/\/vitaliafarm.com\/prodavnica\/biljne-kapi-tinkture\/biljne-kapi-koprive\/#primaryimage","url":"https:\/\/vitaliafarm.com\/wp-content\/uploads\/2021\/03\/biljne-kapi-kopriva-1.jpg","contentUrl":"https:\/\/vitaliafarm.com\/wp-content\/uploads\/2021\/03\/biljne-kapi-kopriva-1.jpg","width":300,"height":400,"caption":"Vitalia Farm - biljne kapi koprive"},{"@type":"BreadcrumbList","@id":"https:\/\/vitaliafarm.com\/prodavnica\/biljne-kapi-tinkture\/biljne-kapi-koprive\/#breadcrumb","itemListElement":[{"@type":"ListItem","position":1,"name":"Po\u010detna","item":"https:\/\/vitaliafarm.com\/"},{"@type":"ListItem","position":2,"name":"Prodavnica","item":"https:\/\/vitaliafarm.com\/prodavnica\/"},{"@type":"ListItem","position":3,"name":"Biljne kapi koprive"}]},{"@type":"WebSite","@id":"https:\/\/vitaliafarm.com\/#website","url":"https:\/\/vitaliafarm.com\/","name":"Vitalia Farm","description":"Svet lekovitog bilja","publisher":{"@id":"https:\/\/vitaliafarm.com\/#organization"},"potentialAction":[{"@type":"SearchAction","target":{"@type":"EntryPoint","urlTemplate":"https:\/\/vitaliafarm.com\/?s={search_term_string}"},"query-input":{"@type":"PropertyValueSpecification","valueRequired":true,"valueName":"search_term_string"}}],"inLanguage":"en-US"},{"@type":"Organization","@id":"https:\/\/vitaliafarm.com\/#organization","name":"Vitalia Farm d.o.o.","url":"https:\/\/vitaliafarm.com\/","logo":{"@type":"ImageObject","inLanguage":"en-US","@id":"https:\/\/vitaliafarm.com\/#\/schema\/logo\/image\/","url":"https:\/\/vitaliafarm.com\/wp-content\/uploads\/2022\/02\/logo.png","contentUrl":"https:\/\/vitaliafarm.com\/wp-content\/uploads\/2022\/02\/logo.png","width":270,"height":111,"caption":"Vitalia Farm d.o.o."},"image":{"@id":"https:\/\/vitaliafarm.com\/#\/schema\/logo\/image\/"},"sameAs":["https:\/\/www.facebook.com\/vitaliafarm\/","https:\/\/www.instagram.com\/vitaliafarm\/"]}]}},"_links":{"self":[{"href":"https:\/\/vitaliafarm.com\/en\/wp-json\/wp\/v2\/product\/2632","targetHints":{"allow":["GET"]}}],"collection":[{"href":"https:\/\/vitaliafarm.com\/en\/wp-json\/wp\/v2\/product"}],"about":[{"href":"https:\/\/vitaliafarm.com\/en\/wp-json\/wp\/v2\/types\/product"}],"replies":[{"embeddable":true,"href":"https:\/\/vitaliafarm.com\/en\/wp-json\/wp\/v2\/comments?post=2632"}],"wp:featuredmedia":[{"embeddable":true,"href":"https:\/\/vitaliafarm.com\/en\/wp-json\/wp\/v2\/media\/2652"}],"wp:attachment":[{"href":"https:\/\/vitaliafarm.com\/en\/wp-json\/wp\/v2\/media?parent=2632"}],"wp:term":[{"taxonomy":"product_brand","embeddable":true,"href":"https:\/\/vitaliafarm.com\/en\/wp-json\/wp\/v2\/product_brand?post=2632"},{"taxonomy":"product_cat","embeddable":true,"href":"https:\/\/vitaliafarm.com\/en\/wp-json\/wp\/v2\/product_cat?post=2632"},{"taxonomy":"product_tag","embeddable":true,"href":"https:\/\/vitaliafarm.com\/en\/wp-json\/wp\/v2\/product_tag?post=2632"}],"curies":[{"name":"wp","href":"https:\/\/api.w.org\/{rel}","templated":true}]}}