
{"id":2633,"date":"2021-03-19T21:07:20","date_gmt":"2021-03-19T20:07:20","guid":{"rendered":"https:\/\/vitaliafarm.com\/?post_type=product&#038;p=2633"},"modified":"2026-02-25T15:41:10","modified_gmt":"2026-02-25T14:41:10","slug":"biljne-kapi-maslacka","status":"publish","type":"product","link":"https:\/\/vitaliafarm.com\/en\/prodavnica\/biljne-kapi-tinkture\/biljne-kapi-maslacka\/","title":{"rendered":"Biljne kapi masla\u010dka"},"content":{"rendered":"<p><strong>Biolo\u0161ki izvor:<\/strong> \u00a0Taraxacum\u00a0 officinale F.H. Wigg., Asteraceae<\/p>\n<p><strong>Sastav:<\/strong> Etanolno-vodeni ekstrakt korena masla\u010dka (Taraxaci radix).<\/p>\n<p><strong>Koren masla\u010dka povoljno deluje kod:<\/strong><\/p>\n<p>&#8211;\u00a0 Zahvaljuju\u0107i svojim sastojcima mo\u017ee za\u0161tititi \u0107elije i tkiva od oksidativnih o\u0161te\u0107enja.<\/p>\n<p>&#8211;\u00a0 Koristi se za stimulisanje apetita, a tako\u0111e i za ubla\u017eavanje simptoma povezanih sa blagim probavnim poreme\u0107ajima, kao \u0161to su ose\u0107aj sitosti u trbuhu, nadimanje, usporena probava&#8230;<\/p>\n<p>&#8211;\u00a0 Kao diuretik doprinosi izlu\u010divanju ve\u0107ih koli\u010dina urina, pa se koristi kod urinarnih tegoba i reumatskih tegoba ( bolovi u mi\u0161i\u0107ima i zglobovima)<\/p>\n<p><strong>Preporuka za upotrebu:\u00a0 <\/strong><\/p>\n<p>Piti tri puta dnevno po 30 kapi (u malo vode ili \u010daja) pre jela.<\/p>\n<p><strong>Napomena<\/strong>:<\/p>\n<p>&#8211; Pre upotrebe obavezno pro\u010ditati uputstvo.<\/p>\n<p>&#8211; Preparat sadr\u017ei alkohol (etanol).<\/p>\n<p>&#8211; Ne preporu\u010duje se trudnicama, dojiljama i deci mla\u0111oj od 12 godina.<\/p>\n<p>&#8211; Preporu\u010dena doza se ne sme prekora\u010diti.<\/p>\n<p>&#8211; U slu\u010daju da do\u0111e do iritacije o\u010diju sa biljnim kapima, \u0161to pre o\u010di isprati hladnom vodom i po potrebi potra\u017eiti pomo\u0107 lekara.<\/p>\n<p>&#8211; O indikacijama, merama opreza i ne\u017eeljenim dejstvima posavetujte se sa lekarom ili farmaceutom.<\/p>\n<p><strong>Na\u010din \u010duvanja:\u00a0<\/strong>\u010cuvati na tamnom i hladnom mestu, van doma\u0161aja dece.<\/p>\n<p><strong>Rok upotrebe:\u00a0<\/strong> 24 meseca<\/p>\n<p><strong>Pakovanje: <\/strong>\u00a0\u00a030 ml<\/p>","protected":false},"excerpt":{"rendered":"<p><strong>Koren masla\u010dka povoljno deluju kod:<\/strong><\/p>\n<ul>\n<li>Prisustva kamen\u010di\u0107a u \u017eu\u010dnoj kesi i lu\u010denja \u017eu\u010di<\/li>\n<\/ul>\n<ul>\n<li>Podsticanja apetita i regulisanja varenja<\/li>\n<\/ul>\n<ul>\n<li>Reumatskih tegoba<\/li>\n<\/ul>\n<ul>\n<li>Normalnog funkcionisanja urinarnog trakta<\/li>\n<\/ul>\n<p><strong>Pakovanje:\u00a0 <\/strong>30ml<\/p>","protected":false},"featured_media":2653,"comment_status":"open","ping_status":"closed","template":"","meta":{"_monsterinsights_skip_tracking":false,"_monsterinsights_sitenote_active":false,"_monsterinsights_sitenote_note":"","_monsterinsights_sitenote_category":0},"product_brand":[],"product_cat":[318],"product_tag":[588,645,377,652,647,381,649,646,650,374,651,653,648],"class_list":{"0":"post-2633","1":"product","2":"type-product","3":"status-publish","4":"has-post-thumbnail","6":"product_cat-biljne-kapi-tinkture","7":"product_tag-biljne-kapi","8":"product_tag-biljne-kapi-maslacka","9":"product_tag-biljni-preparati","10":"product_tag-bubrezne-bolesti","11":"product_tag-kamen-u-zuci","12":"product_tag-lekovito-bilje","13":"product_tag-lucenje-zuci","14":"product_tag-maslacak","15":"product_tag-podsticanje-apetita","16":"product_tag-prirodni-preparati","17":"product_tag-regulisanje-varenja","18":"product_tag-reumatoidni-artritis","19":"product_tag-upala-zuci","21":"first","22":"instock","23":"taxable","24":"shipping-taxable","25":"purchasable","26":"product-type-simple"},"aioseo_notices":[],"yoast_head":"<!-- This site is optimized with the Yoast SEO plugin v26.2 - https:\/\/yoast.com\/wordpress\/plugins\/seo\/ -->\n<title>Biljne kapi masla\u010dka - Vitalia Farm<\/title>\n<meta name=\"description\" content=\"Koren masla\u010dka vr\u0161i za\u0161titu \u0107elija i tkiva od oksidativnih o\u0161te\u0107enja,\u00a0koristi se za stimulisanje apetita i kao diuretik.\" \/>\n<meta name=\"robots\" content=\"index, follow, max-snippet:-1, max-image-preview:large, max-video-preview:-1\" \/>\n<link rel=\"canonical\" href=\"https:\/\/vitaliafarm.com\/en\/prodavnica\/biljne-kapi-tinkture\/biljne-kapi-maslacka\/\" \/>\n<meta property=\"og:locale\" content=\"en_US\" \/>\n<meta property=\"og:type\" content=\"article\" \/>\n<meta property=\"og:title\" content=\"Biljne kapi masla\u010dka - Vitalia Farm\" \/>\n<meta property=\"og:description\" content=\"Koren masla\u010dka vr\u0161i za\u0161titu \u0107elija i tkiva od oksidativnih o\u0161te\u0107enja,\u00a0koristi se za stimulisanje apetita i kao diuretik.\" \/>\n<meta property=\"og:url\" content=\"https:\/\/vitaliafarm.com\/en\/prodavnica\/biljne-kapi-tinkture\/biljne-kapi-maslacka\/\" \/>\n<meta property=\"og:site_name\" content=\"Vitalia Farm\" \/>\n<meta property=\"article:publisher\" content=\"https:\/\/www.facebook.com\/vitaliafarm\/\" \/>\n<meta property=\"article:modified_time\" content=\"2026-02-25T14:41:10+00:00\" \/>\n<meta property=\"og:image\" content=\"https:\/\/vitaliafarm.com\/wp-content\/uploads\/2021\/03\/biljne-kapi-maslacka.jpg\" \/>\n\t<meta property=\"og:image:width\" content=\"300\" \/>\n\t<meta property=\"og:image:height\" content=\"400\" \/>\n\t<meta property=\"og:image:type\" content=\"image\/jpeg\" \/>\n<meta name=\"twitter:card\" content=\"summary_large_image\" \/>\n<meta name=\"twitter:label1\" content=\"Est. reading time\" \/>\n\t<meta name=\"twitter:data1\" content=\"1 minute\" \/>\n<script type=\"application\/ld+json\" class=\"yoast-schema-graph\">{\"@context\":\"https:\/\/schema.org\",\"@graph\":[{\"@type\":\"WebPage\",\"@id\":\"https:\/\/vitaliafarm.com\/prodavnica\/biljne-kapi-tinkture\/biljne-kapi-maslacka\/\",\"url\":\"https:\/\/vitaliafarm.com\/prodavnica\/biljne-kapi-tinkture\/biljne-kapi-maslacka\/\",\"name\":\"Biljne kapi masla\u010dka - Vitalia Farm\",\"isPartOf\":{\"@id\":\"https:\/\/vitaliafarm.com\/#website\"},\"primaryImageOfPage\":{\"@id\":\"https:\/\/vitaliafarm.com\/prodavnica\/biljne-kapi-tinkture\/biljne-kapi-maslacka\/#primaryimage\"},\"image\":{\"@id\":\"https:\/\/vitaliafarm.com\/prodavnica\/biljne-kapi-tinkture\/biljne-kapi-maslacka\/#primaryimage\"},\"thumbnailUrl\":\"https:\/\/vitaliafarm.com\/wp-content\/uploads\/2021\/03\/biljne-kapi-maslacka.jpg\",\"datePublished\":\"2021-03-19T20:07:20+00:00\",\"dateModified\":\"2026-02-25T14:41:10+00:00\",\"description\":\"Koren masla\u010dka vr\u0161i za\u0161titu \u0107elija i tkiva od oksidativnih o\u0161te\u0107enja,\u00a0koristi se za stimulisanje apetita i kao diuretik.\",\"breadcrumb\":{\"@id\":\"https:\/\/vitaliafarm.com\/prodavnica\/biljne-kapi-tinkture\/biljne-kapi-maslacka\/#breadcrumb\"},\"inLanguage\":\"en-US\",\"potentialAction\":[{\"@type\":\"ReadAction\",\"target\":[\"https:\/\/vitaliafarm.com\/prodavnica\/biljne-kapi-tinkture\/biljne-kapi-maslacka\/\"]}]},{\"@type\":\"ImageObject\",\"inLanguage\":\"en-US\",\"@id\":\"https:\/\/vitaliafarm.com\/prodavnica\/biljne-kapi-tinkture\/biljne-kapi-maslacka\/#primaryimage\",\"url\":\"https:\/\/vitaliafarm.com\/wp-content\/uploads\/2021\/03\/biljne-kapi-maslacka.jpg\",\"contentUrl\":\"https:\/\/vitaliafarm.com\/wp-content\/uploads\/2021\/03\/biljne-kapi-maslacka.jpg\",\"width\":300,\"height\":400,\"caption\":\"Vitalia Farm - biljne kapi masla\u010dka\"},{\"@type\":\"BreadcrumbList\",\"@id\":\"https:\/\/vitaliafarm.com\/prodavnica\/biljne-kapi-tinkture\/biljne-kapi-maslacka\/#breadcrumb\",\"itemListElement\":[{\"@type\":\"ListItem\",\"position\":1,\"name\":\"Po\u010detna\",\"item\":\"https:\/\/vitaliafarm.com\/\"},{\"@type\":\"ListItem\",\"position\":2,\"name\":\"Prodavnica\",\"item\":\"https:\/\/vitaliafarm.com\/prodavnica\/\"},{\"@type\":\"ListItem\",\"position\":3,\"name\":\"Biljne kapi masla\u010dka\"}]},{\"@type\":\"WebSite\",\"@id\":\"https:\/\/vitaliafarm.com\/#website\",\"url\":\"https:\/\/vitaliafarm.com\/\",\"name\":\"Vitalia Farm\",\"description\":\"Svet lekovitog bilja\",\"publisher\":{\"@id\":\"https:\/\/vitaliafarm.com\/#organization\"},\"potentialAction\":[{\"@type\":\"SearchAction\",\"target\":{\"@type\":\"EntryPoint\",\"urlTemplate\":\"https:\/\/vitaliafarm.com\/?s={search_term_string}\"},\"query-input\":{\"@type\":\"PropertyValueSpecification\",\"valueRequired\":true,\"valueName\":\"search_term_string\"}}],\"inLanguage\":\"en-US\"},{\"@type\":\"Organization\",\"@id\":\"https:\/\/vitaliafarm.com\/#organization\",\"name\":\"Vitalia Farm d.o.o.\",\"url\":\"https:\/\/vitaliafarm.com\/\",\"logo\":{\"@type\":\"ImageObject\",\"inLanguage\":\"en-US\",\"@id\":\"https:\/\/vitaliafarm.com\/#\/schema\/logo\/image\/\",\"url\":\"https:\/\/vitaliafarm.com\/wp-content\/uploads\/2022\/02\/logo.png\",\"contentUrl\":\"https:\/\/vitaliafarm.com\/wp-content\/uploads\/2022\/02\/logo.png\",\"width\":270,\"height\":111,\"caption\":\"Vitalia Farm d.o.o.\"},\"image\":{\"@id\":\"https:\/\/vitaliafarm.com\/#\/schema\/logo\/image\/\"},\"sameAs\":[\"https:\/\/www.facebook.com\/vitaliafarm\/\",\"https:\/\/www.instagram.com\/vitaliafarm\/\"]}]}<\/script>\n<!-- \/ Yoast SEO plugin. -->","yoast_head_json":{"title":"Biljne kapi masla\u010dka - Vitalia Farm","description":"Koren masla\u010dka vr\u0161i za\u0161titu \u0107elija i tkiva od oksidativnih o\u0161te\u0107enja,\u00a0koristi se za stimulisanje apetita i kao diuretik.","robots":{"index":"index","follow":"follow","max-snippet":"max-snippet:-1","max-image-preview":"max-image-preview:large","max-video-preview":"max-video-preview:-1"},"canonical":"https:\/\/vitaliafarm.com\/en\/prodavnica\/biljne-kapi-tinkture\/biljne-kapi-maslacka\/","og_locale":"en_US","og_type":"article","og_title":"Biljne kapi masla\u010dka - Vitalia Farm","og_description":"Koren masla\u010dka vr\u0161i za\u0161titu \u0107elija i tkiva od oksidativnih o\u0161te\u0107enja,\u00a0koristi se za stimulisanje apetita i kao diuretik.","og_url":"https:\/\/vitaliafarm.com\/en\/prodavnica\/biljne-kapi-tinkture\/biljne-kapi-maslacka\/","og_site_name":"Vitalia Farm","article_publisher":"https:\/\/www.facebook.com\/vitaliafarm\/","article_modified_time":"2026-02-25T14:41:10+00:00","og_image":[{"width":300,"height":400,"url":"https:\/\/vitaliafarm.com\/wp-content\/uploads\/2021\/03\/biljne-kapi-maslacka.jpg","type":"image\/jpeg"}],"twitter_card":"summary_large_image","twitter_misc":{"Est. reading time":"1 minute"},"schema":{"@context":"https:\/\/schema.org","@graph":[{"@type":"WebPage","@id":"https:\/\/vitaliafarm.com\/prodavnica\/biljne-kapi-tinkture\/biljne-kapi-maslacka\/","url":"https:\/\/vitaliafarm.com\/prodavnica\/biljne-kapi-tinkture\/biljne-kapi-maslacka\/","name":"Biljne kapi masla\u010dka - Vitalia Farm","isPartOf":{"@id":"https:\/\/vitaliafarm.com\/#website"},"primaryImageOfPage":{"@id":"https:\/\/vitaliafarm.com\/prodavnica\/biljne-kapi-tinkture\/biljne-kapi-maslacka\/#primaryimage"},"image":{"@id":"https:\/\/vitaliafarm.com\/prodavnica\/biljne-kapi-tinkture\/biljne-kapi-maslacka\/#primaryimage"},"thumbnailUrl":"https:\/\/vitaliafarm.com\/wp-content\/uploads\/2021\/03\/biljne-kapi-maslacka.jpg","datePublished":"2021-03-19T20:07:20+00:00","dateModified":"2026-02-25T14:41:10+00:00","description":"Koren masla\u010dka vr\u0161i za\u0161titu \u0107elija i tkiva od oksidativnih o\u0161te\u0107enja,\u00a0koristi se za stimulisanje apetita i kao diuretik.","breadcrumb":{"@id":"https:\/\/vitaliafarm.com\/prodavnica\/biljne-kapi-tinkture\/biljne-kapi-maslacka\/#breadcrumb"},"inLanguage":"en-US","potentialAction":[{"@type":"ReadAction","target":["https:\/\/vitaliafarm.com\/prodavnica\/biljne-kapi-tinkture\/biljne-kapi-maslacka\/"]}]},{"@type":"ImageObject","inLanguage":"en-US","@id":"https:\/\/vitaliafarm.com\/prodavnica\/biljne-kapi-tinkture\/biljne-kapi-maslacka\/#primaryimage","url":"https:\/\/vitaliafarm.com\/wp-content\/uploads\/2021\/03\/biljne-kapi-maslacka.jpg","contentUrl":"https:\/\/vitaliafarm.com\/wp-content\/uploads\/2021\/03\/biljne-kapi-maslacka.jpg","width":300,"height":400,"caption":"Vitalia Farm - biljne kapi masla\u010dka"},{"@type":"BreadcrumbList","@id":"https:\/\/vitaliafarm.com\/prodavnica\/biljne-kapi-tinkture\/biljne-kapi-maslacka\/#breadcrumb","itemListElement":[{"@type":"ListItem","position":1,"name":"Po\u010detna","item":"https:\/\/vitaliafarm.com\/"},{"@type":"ListItem","position":2,"name":"Prodavnica","item":"https:\/\/vitaliafarm.com\/prodavnica\/"},{"@type":"ListItem","position":3,"name":"Biljne kapi masla\u010dka"}]},{"@type":"WebSite","@id":"https:\/\/vitaliafarm.com\/#website","url":"https:\/\/vitaliafarm.com\/","name":"Vitalia Farm","description":"Svet lekovitog bilja","publisher":{"@id":"https:\/\/vitaliafarm.com\/#organization"},"potentialAction":[{"@type":"SearchAction","target":{"@type":"EntryPoint","urlTemplate":"https:\/\/vitaliafarm.com\/?s={search_term_string}"},"query-input":{"@type":"PropertyValueSpecification","valueRequired":true,"valueName":"search_term_string"}}],"inLanguage":"en-US"},{"@type":"Organization","@id":"https:\/\/vitaliafarm.com\/#organization","name":"Vitalia Farm d.o.o.","url":"https:\/\/vitaliafarm.com\/","logo":{"@type":"ImageObject","inLanguage":"en-US","@id":"https:\/\/vitaliafarm.com\/#\/schema\/logo\/image\/","url":"https:\/\/vitaliafarm.com\/wp-content\/uploads\/2022\/02\/logo.png","contentUrl":"https:\/\/vitaliafarm.com\/wp-content\/uploads\/2022\/02\/logo.png","width":270,"height":111,"caption":"Vitalia Farm d.o.o."},"image":{"@id":"https:\/\/vitaliafarm.com\/#\/schema\/logo\/image\/"},"sameAs":["https:\/\/www.facebook.com\/vitaliafarm\/","https:\/\/www.instagram.com\/vitaliafarm\/"]}]}},"_links":{"self":[{"href":"https:\/\/vitaliafarm.com\/en\/wp-json\/wp\/v2\/product\/2633","targetHints":{"allow":["GET"]}}],"collection":[{"href":"https:\/\/vitaliafarm.com\/en\/wp-json\/wp\/v2\/product"}],"about":[{"href":"https:\/\/vitaliafarm.com\/en\/wp-json\/wp\/v2\/types\/product"}],"replies":[{"embeddable":true,"href":"https:\/\/vitaliafarm.com\/en\/wp-json\/wp\/v2\/comments?post=2633"}],"wp:featuredmedia":[{"embeddable":true,"href":"https:\/\/vitaliafarm.com\/en\/wp-json\/wp\/v2\/media\/2653"}],"wp:attachment":[{"href":"https:\/\/vitaliafarm.com\/en\/wp-json\/wp\/v2\/media?parent=2633"}],"wp:term":[{"taxonomy":"product_brand","embeddable":true,"href":"https:\/\/vitaliafarm.com\/en\/wp-json\/wp\/v2\/product_brand?post=2633"},{"taxonomy":"product_cat","embeddable":true,"href":"https:\/\/vitaliafarm.com\/en\/wp-json\/wp\/v2\/product_cat?post=2633"},{"taxonomy":"product_tag","embeddable":true,"href":"https:\/\/vitaliafarm.com\/en\/wp-json\/wp\/v2\/product_tag?post=2633"}],"curies":[{"name":"wp","href":"https:\/\/api.w.org\/{rel}","templated":true}]}}