
{"id":2635,"date":"2021-03-19T21:07:20","date_gmt":"2021-03-19T20:07:20","guid":{"rendered":"https:\/\/vitaliafarm.com\/?post_type=product&#038;p=2635"},"modified":"2026-01-15T23:52:07","modified_gmt":"2026-01-15T22:52:07","slug":"biljne-kapi-sremusa","status":"publish","type":"product","link":"https:\/\/vitaliafarm.com\/en\/prodavnica\/biljne-kapi-tinkture\/biljne-kapi-sremusa\/","title":{"rendered":"Biljne kapi sremu\u0161a"},"content":{"rendered":"<p><strong>Sastav: <\/strong>Etanolno-vodeni ekstrakt listova sremu\u0161a (Allii ursini folium)<\/p>\n<p>Zahvaljuju\u0107i brojnim mineralima i lekovitim materijama (alin, vitamin C, visok sadr\u017eaj alilsulfida) biljne kapi sremu\u0161a su sna\u017ean antioksidans.<\/p>\n<p><strong>List sremu\u0161a se preporu\u010duje kod:<\/strong><\/p>\n<p>&#8211; Normalizovanja povi\u0161enog krvnog pritiska,<br \/>\n&#8211; Sni\u017eenja povi\u0161enog nivoa holesterola i lipida u krvi,<br \/>\n&#8211; Ja\u010danja imuniteta u periodu epidemije gripa,<\/p>\n<p>&#8211; Upale crevne sluzoko\u017ee i prisustva crevnih parazita.<\/p>\n<p><strong>Preporuka za\u00a0 upotrebu:<\/strong><\/p>\n<p>Piti tri puta dnevno po 20-30 kapi u malo vode ili \u010daja posle jela.<\/p>\n<p><strong>Napomena:<\/strong><\/p>\n<p>&#8211;\u00a0 Pre upotrebe obavezno pro\u010ditati uputstvo.<\/p>\n<p>&#8211;\u00a0 Preparat sadr\u017ei alkohol (etanol)..<\/p>\n<p>&#8211; Ne preporu\u010duje se trudnicama, dojiljama i deci mla\u0111oj od 12 godina<\/p>\n<p>&#8211; Preporu\u010dena doza se ne sme prekora\u010diti<br \/>\n&#8211; U slu\u010daju da do\u0111e do iritacije o\u010diju sa biljnim kapima, \u0161to pre o\u010di isprati hladnom vodom i po potrebi potra\u017eiti pomo\u0107 lekara.<br \/>\n&#8211; O indikacijma ,merama opreza i ne\u017eeljenim dejstvima posavetujte se sa lekarom ili farmaceutom.<\/p>\n<p><strong>Na\u010din \u010duvanja:<\/strong><\/p>\n<p>\u010cuvati na tamnom i hladnom mestu,van doma\u0161aja dece.<\/p>\n<p><strong>Rok upotrebe: <\/strong>24 meseca<\/p>\n<p><strong>Pakovanje<\/strong> <strong>:<\/strong> 30 ml<\/p>\n<p>&nbsp;<\/p>","protected":false},"excerpt":{"rendered":"<p><strong>List sremu\u0161a se preporu\u010duje kod:<\/strong><\/p>\n<ul>\n<li>Povi\u0161enog krvnog pritiska<\/li>\n<li>Normalizacije nivoa masti i holesterola u krvi<\/li>\n<li>Ja\u010danja imuniteta u periodu epidemije gripa<\/li>\n<\/ul>\n<p><strong>Pakovanje: <\/strong>30 ml<\/p>","protected":false},"featured_media":2655,"comment_status":"open","ping_status":"closed","template":"","meta":{"_monsterinsights_skip_tracking":false,"_monsterinsights_sitenote_active":false,"_monsterinsights_sitenote_note":"","_monsterinsights_sitenote_category":0},"product_brand":[],"product_cat":[318],"product_tag":[588,615,377,621,618,616,450,381,617,620,374,623,619,622],"class_list":{"0":"post-2635","1":"product","2":"type-product","3":"status-publish","4":"has-post-thumbnail","6":"product_cat-biljne-kapi-tinkture","7":"product_tag-biljne-kapi","8":"product_tag-biljne-kapi-sremusa","9":"product_tag-biljni-preparati","10":"product_tag-ciscenje-krvi","11":"product_tag-cremos","12":"product_tag-divlji-luk","13":"product_tag-jacanje-imuniteta","14":"product_tag-lekovito-bilje","15":"product_tag-medvedji-luk","16":"product_tag-normalizacija-povisenog-krvnog-pritiska","17":"product_tag-prirodni-preparati","18":"product_tag-prisustvo-crevnih-parazita","19":"product_tag-snizenje-povisenog-holesterola-i-lipida-u-krvi","20":"product_tag-upala-crevne-sluzokoze","22":"first","23":"instock","24":"taxable","25":"shipping-taxable","26":"purchasable","27":"product-type-simple"},"aioseo_notices":[],"yoast_head":"<!-- This site is optimized with the Yoast SEO plugin v26.2 - https:\/\/yoast.com\/wordpress\/plugins\/seo\/ -->\n<title>Biljne kapi sremu\u0161a - Vitalia Farm<\/title>\n<meta name=\"description\" content=\"List sremu\u0161a se preporu\u010duje za normalizaciju povi\u0161enog krvnog pritiska, sni\u017eenje povi\u0161enog nivoa holesterola i lipida u krvi i za imunitet.\" \/>\n<meta name=\"robots\" content=\"index, follow, max-snippet:-1, max-image-preview:large, max-video-preview:-1\" \/>\n<link rel=\"canonical\" href=\"https:\/\/vitaliafarm.com\/en\/prodavnica\/biljne-kapi-tinkture\/biljne-kapi-sremusa\/\" \/>\n<meta property=\"og:locale\" content=\"en_US\" \/>\n<meta property=\"og:type\" content=\"article\" \/>\n<meta property=\"og:title\" content=\"Biljne kapi sremu\u0161a - Vitalia Farm\" \/>\n<meta property=\"og:description\" content=\"List sremu\u0161a se preporu\u010duje za normalizaciju povi\u0161enog krvnog pritiska, sni\u017eenje povi\u0161enog nivoa holesterola i lipida u krvi i za imunitet.\" \/>\n<meta property=\"og:url\" content=\"https:\/\/vitaliafarm.com\/en\/prodavnica\/biljne-kapi-tinkture\/biljne-kapi-sremusa\/\" \/>\n<meta property=\"og:site_name\" content=\"Vitalia Farm\" \/>\n<meta property=\"article:publisher\" content=\"https:\/\/www.facebook.com\/vitaliafarm\/\" \/>\n<meta property=\"article:modified_time\" content=\"2026-01-15T22:52:07+00:00\" \/>\n<meta property=\"og:image\" content=\"https:\/\/vitaliafarm.com\/wp-content\/uploads\/2021\/03\/biljne-kapi-sremusa.jpg\" \/>\n\t<meta property=\"og:image:width\" content=\"300\" \/>\n\t<meta property=\"og:image:height\" content=\"400\" \/>\n\t<meta property=\"og:image:type\" content=\"image\/jpeg\" \/>\n<meta name=\"twitter:card\" content=\"summary_large_image\" \/>\n<meta name=\"twitter:label1\" content=\"Est. reading time\" \/>\n\t<meta name=\"twitter:data1\" content=\"1 minute\" \/>\n<script type=\"application\/ld+json\" class=\"yoast-schema-graph\">{\"@context\":\"https:\/\/schema.org\",\"@graph\":[{\"@type\":\"WebPage\",\"@id\":\"https:\/\/vitaliafarm.com\/prodavnica\/biljne-kapi-tinkture\/biljne-kapi-sremusa\/\",\"url\":\"https:\/\/vitaliafarm.com\/prodavnica\/biljne-kapi-tinkture\/biljne-kapi-sremusa\/\",\"name\":\"Biljne kapi sremu\u0161a - Vitalia Farm\",\"isPartOf\":{\"@id\":\"https:\/\/vitaliafarm.com\/#website\"},\"primaryImageOfPage\":{\"@id\":\"https:\/\/vitaliafarm.com\/prodavnica\/biljne-kapi-tinkture\/biljne-kapi-sremusa\/#primaryimage\"},\"image\":{\"@id\":\"https:\/\/vitaliafarm.com\/prodavnica\/biljne-kapi-tinkture\/biljne-kapi-sremusa\/#primaryimage\"},\"thumbnailUrl\":\"https:\/\/vitaliafarm.com\/wp-content\/uploads\/2021\/03\/biljne-kapi-sremusa.jpg\",\"datePublished\":\"2021-03-19T20:07:20+00:00\",\"dateModified\":\"2026-01-15T22:52:07+00:00\",\"description\":\"List sremu\u0161a se preporu\u010duje za normalizaciju povi\u0161enog krvnog pritiska, sni\u017eenje povi\u0161enog nivoa holesterola i lipida u krvi i za imunitet.\",\"breadcrumb\":{\"@id\":\"https:\/\/vitaliafarm.com\/prodavnica\/biljne-kapi-tinkture\/biljne-kapi-sremusa\/#breadcrumb\"},\"inLanguage\":\"en-US\",\"potentialAction\":[{\"@type\":\"ReadAction\",\"target\":[\"https:\/\/vitaliafarm.com\/prodavnica\/biljne-kapi-tinkture\/biljne-kapi-sremusa\/\"]}]},{\"@type\":\"ImageObject\",\"inLanguage\":\"en-US\",\"@id\":\"https:\/\/vitaliafarm.com\/prodavnica\/biljne-kapi-tinkture\/biljne-kapi-sremusa\/#primaryimage\",\"url\":\"https:\/\/vitaliafarm.com\/wp-content\/uploads\/2021\/03\/biljne-kapi-sremusa.jpg\",\"contentUrl\":\"https:\/\/vitaliafarm.com\/wp-content\/uploads\/2021\/03\/biljne-kapi-sremusa.jpg\",\"width\":300,\"height\":400,\"caption\":\"Vitalia Farm - biljne kapi sremu\u0161a\"},{\"@type\":\"BreadcrumbList\",\"@id\":\"https:\/\/vitaliafarm.com\/prodavnica\/biljne-kapi-tinkture\/biljne-kapi-sremusa\/#breadcrumb\",\"itemListElement\":[{\"@type\":\"ListItem\",\"position\":1,\"name\":\"Po\u010detna\",\"item\":\"https:\/\/vitaliafarm.com\/\"},{\"@type\":\"ListItem\",\"position\":2,\"name\":\"Prodavnica\",\"item\":\"https:\/\/vitaliafarm.com\/prodavnica\/\"},{\"@type\":\"ListItem\",\"position\":3,\"name\":\"Biljne kapi sremu\u0161a\"}]},{\"@type\":\"WebSite\",\"@id\":\"https:\/\/vitaliafarm.com\/#website\",\"url\":\"https:\/\/vitaliafarm.com\/\",\"name\":\"Vitalia Farm\",\"description\":\"Svet lekovitog bilja\",\"publisher\":{\"@id\":\"https:\/\/vitaliafarm.com\/#organization\"},\"potentialAction\":[{\"@type\":\"SearchAction\",\"target\":{\"@type\":\"EntryPoint\",\"urlTemplate\":\"https:\/\/vitaliafarm.com\/?s={search_term_string}\"},\"query-input\":{\"@type\":\"PropertyValueSpecification\",\"valueRequired\":true,\"valueName\":\"search_term_string\"}}],\"inLanguage\":\"en-US\"},{\"@type\":\"Organization\",\"@id\":\"https:\/\/vitaliafarm.com\/#organization\",\"name\":\"Vitalia Farm d.o.o.\",\"url\":\"https:\/\/vitaliafarm.com\/\",\"logo\":{\"@type\":\"ImageObject\",\"inLanguage\":\"en-US\",\"@id\":\"https:\/\/vitaliafarm.com\/#\/schema\/logo\/image\/\",\"url\":\"https:\/\/vitaliafarm.com\/wp-content\/uploads\/2022\/02\/logo.png\",\"contentUrl\":\"https:\/\/vitaliafarm.com\/wp-content\/uploads\/2022\/02\/logo.png\",\"width\":270,\"height\":111,\"caption\":\"Vitalia Farm d.o.o.\"},\"image\":{\"@id\":\"https:\/\/vitaliafarm.com\/#\/schema\/logo\/image\/\"},\"sameAs\":[\"https:\/\/www.facebook.com\/vitaliafarm\/\",\"https:\/\/www.instagram.com\/vitaliafarm\/\"]}]}<\/script>\n<!-- \/ Yoast SEO plugin. -->","yoast_head_json":{"title":"Biljne kapi sremu\u0161a - Vitalia Farm","description":"List sremu\u0161a se preporu\u010duje za normalizaciju povi\u0161enog krvnog pritiska, sni\u017eenje povi\u0161enog nivoa holesterola i lipida u krvi i za imunitet.","robots":{"index":"index","follow":"follow","max-snippet":"max-snippet:-1","max-image-preview":"max-image-preview:large","max-video-preview":"max-video-preview:-1"},"canonical":"https:\/\/vitaliafarm.com\/en\/prodavnica\/biljne-kapi-tinkture\/biljne-kapi-sremusa\/","og_locale":"en_US","og_type":"article","og_title":"Biljne kapi sremu\u0161a - Vitalia Farm","og_description":"List sremu\u0161a se preporu\u010duje za normalizaciju povi\u0161enog krvnog pritiska, sni\u017eenje povi\u0161enog nivoa holesterola i lipida u krvi i za imunitet.","og_url":"https:\/\/vitaliafarm.com\/en\/prodavnica\/biljne-kapi-tinkture\/biljne-kapi-sremusa\/","og_site_name":"Vitalia Farm","article_publisher":"https:\/\/www.facebook.com\/vitaliafarm\/","article_modified_time":"2026-01-15T22:52:07+00:00","og_image":[{"width":300,"height":400,"url":"https:\/\/vitaliafarm.com\/wp-content\/uploads\/2021\/03\/biljne-kapi-sremusa.jpg","type":"image\/jpeg"}],"twitter_card":"summary_large_image","twitter_misc":{"Est. reading time":"1 minute"},"schema":{"@context":"https:\/\/schema.org","@graph":[{"@type":"WebPage","@id":"https:\/\/vitaliafarm.com\/prodavnica\/biljne-kapi-tinkture\/biljne-kapi-sremusa\/","url":"https:\/\/vitaliafarm.com\/prodavnica\/biljne-kapi-tinkture\/biljne-kapi-sremusa\/","name":"Biljne kapi sremu\u0161a - Vitalia Farm","isPartOf":{"@id":"https:\/\/vitaliafarm.com\/#website"},"primaryImageOfPage":{"@id":"https:\/\/vitaliafarm.com\/prodavnica\/biljne-kapi-tinkture\/biljne-kapi-sremusa\/#primaryimage"},"image":{"@id":"https:\/\/vitaliafarm.com\/prodavnica\/biljne-kapi-tinkture\/biljne-kapi-sremusa\/#primaryimage"},"thumbnailUrl":"https:\/\/vitaliafarm.com\/wp-content\/uploads\/2021\/03\/biljne-kapi-sremusa.jpg","datePublished":"2021-03-19T20:07:20+00:00","dateModified":"2026-01-15T22:52:07+00:00","description":"List sremu\u0161a se preporu\u010duje za normalizaciju povi\u0161enog krvnog pritiska, sni\u017eenje povi\u0161enog nivoa holesterola i lipida u krvi i za imunitet.","breadcrumb":{"@id":"https:\/\/vitaliafarm.com\/prodavnica\/biljne-kapi-tinkture\/biljne-kapi-sremusa\/#breadcrumb"},"inLanguage":"en-US","potentialAction":[{"@type":"ReadAction","target":["https:\/\/vitaliafarm.com\/prodavnica\/biljne-kapi-tinkture\/biljne-kapi-sremusa\/"]}]},{"@type":"ImageObject","inLanguage":"en-US","@id":"https:\/\/vitaliafarm.com\/prodavnica\/biljne-kapi-tinkture\/biljne-kapi-sremusa\/#primaryimage","url":"https:\/\/vitaliafarm.com\/wp-content\/uploads\/2021\/03\/biljne-kapi-sremusa.jpg","contentUrl":"https:\/\/vitaliafarm.com\/wp-content\/uploads\/2021\/03\/biljne-kapi-sremusa.jpg","width":300,"height":400,"caption":"Vitalia Farm - biljne kapi sremu\u0161a"},{"@type":"BreadcrumbList","@id":"https:\/\/vitaliafarm.com\/prodavnica\/biljne-kapi-tinkture\/biljne-kapi-sremusa\/#breadcrumb","itemListElement":[{"@type":"ListItem","position":1,"name":"Po\u010detna","item":"https:\/\/vitaliafarm.com\/"},{"@type":"ListItem","position":2,"name":"Prodavnica","item":"https:\/\/vitaliafarm.com\/prodavnica\/"},{"@type":"ListItem","position":3,"name":"Biljne kapi sremu\u0161a"}]},{"@type":"WebSite","@id":"https:\/\/vitaliafarm.com\/#website","url":"https:\/\/vitaliafarm.com\/","name":"Vitalia Farm","description":"Svet lekovitog bilja","publisher":{"@id":"https:\/\/vitaliafarm.com\/#organization"},"potentialAction":[{"@type":"SearchAction","target":{"@type":"EntryPoint","urlTemplate":"https:\/\/vitaliafarm.com\/?s={search_term_string}"},"query-input":{"@type":"PropertyValueSpecification","valueRequired":true,"valueName":"search_term_string"}}],"inLanguage":"en-US"},{"@type":"Organization","@id":"https:\/\/vitaliafarm.com\/#organization","name":"Vitalia Farm d.o.o.","url":"https:\/\/vitaliafarm.com\/","logo":{"@type":"ImageObject","inLanguage":"en-US","@id":"https:\/\/vitaliafarm.com\/#\/schema\/logo\/image\/","url":"https:\/\/vitaliafarm.com\/wp-content\/uploads\/2022\/02\/logo.png","contentUrl":"https:\/\/vitaliafarm.com\/wp-content\/uploads\/2022\/02\/logo.png","width":270,"height":111,"caption":"Vitalia Farm d.o.o."},"image":{"@id":"https:\/\/vitaliafarm.com\/#\/schema\/logo\/image\/"},"sameAs":["https:\/\/www.facebook.com\/vitaliafarm\/","https:\/\/www.instagram.com\/vitaliafarm\/"]}]}},"_links":{"self":[{"href":"https:\/\/vitaliafarm.com\/en\/wp-json\/wp\/v2\/product\/2635","targetHints":{"allow":["GET"]}}],"collection":[{"href":"https:\/\/vitaliafarm.com\/en\/wp-json\/wp\/v2\/product"}],"about":[{"href":"https:\/\/vitaliafarm.com\/en\/wp-json\/wp\/v2\/types\/product"}],"replies":[{"embeddable":true,"href":"https:\/\/vitaliafarm.com\/en\/wp-json\/wp\/v2\/comments?post=2635"}],"wp:featuredmedia":[{"embeddable":true,"href":"https:\/\/vitaliafarm.com\/en\/wp-json\/wp\/v2\/media\/2655"}],"wp:attachment":[{"href":"https:\/\/vitaliafarm.com\/en\/wp-json\/wp\/v2\/media?parent=2635"}],"wp:term":[{"taxonomy":"product_brand","embeddable":true,"href":"https:\/\/vitaliafarm.com\/en\/wp-json\/wp\/v2\/product_brand?post=2635"},{"taxonomy":"product_cat","embeddable":true,"href":"https:\/\/vitaliafarm.com\/en\/wp-json\/wp\/v2\/product_cat?post=2635"},{"taxonomy":"product_tag","embeddable":true,"href":"https:\/\/vitaliafarm.com\/en\/wp-json\/wp\/v2\/product_tag?post=2635"}],"curies":[{"name":"wp","href":"https:\/\/api.w.org\/{rel}","templated":true}]}}