
{"id":5053,"date":"2022-04-27T07:18:53","date_gmt":"2022-04-27T05:18:53","guid":{"rendered":"https:\/\/vitaliafarm.com\/?post_type=product&#038;p=5053"},"modified":"2026-01-15T23:43:29","modified_gmt":"2026-01-15T22:43:29","slug":"biljne-kapi-slatkog-pelina","status":"publish","type":"product","link":"https:\/\/vitaliafarm.com\/en\/prodavnica\/biljne-kapi-tinkture\/biljne-kapi-slatkog-pelina\/","title":{"rendered":"Biljne kapi slatkog pelina"},"content":{"rendered":"<p><strong>Slatki pelin\u00a0 &#8211;\u00a0<em>\u00a0Artemisia annua\u00a0<\/em>L., Asteraceae<\/strong><\/p>\n<p><strong><em>\u00a0<\/em><\/strong><\/p>\n<p><u>Narodna imena<\/u>:\u00a0 banovac, bekturam, betjuran, \u0111ul, miri\u0161ljava metlica, pelin\u0111ul, sitna metlica, \u0107aba i dr.<\/p>\n<p>U tradicionalnoj azijskoj medicini (kineska, indijska) list slatkog pelina (<em>Artemisiae annuae folium )<\/em>\u00a0i herba (<em>Artemisiae annuae herba<\/em>\u00a0) se od davnina koriste kao antipiretik kod malarije i tuberkuloze, u le\u010denju karcinoma (dojke, prostate, debelog creva\u2026), \u017eutice, bakterijske dizenterije, rana i hemoroida, \u0161uge,\u00a0 autoimunih bolesti\u2026<\/p>\n<p>Nedavno je otkriveno da slatki pelin pokazuje inhibitorne efekte protiv parazita ( Plasmodium, Toxoplasma gondii, Leishmania, Acanthamoeba, Schistosoma), virusa (Hepatitis A, Herpes simplex),\u00a0 bakterija (Enterococcus, Streptococcus, Staphylococcus, Bacillus, Listeria, Haemophilus, Escherichia, Pseudomonas, Klebsiella, Acinetobacter, Salmonella) i gljivica (Candida,\u00a0 Saccharomyces spp.)<\/p>\n<p>Farmakolo\u0161ke studije koje su danas sprovedene su potvrdile tradicionalnu primenu slatkog pelina i njegovo analgetsko delovanje (protiv bolova), antipireti\u010dko delovanje (protiv povi\u0161ene temperature), antibakterijsko i antiinflamatorno delovanje (protiv zapaljenja).<\/p>","protected":false},"excerpt":{"rendered":"<p>Vitalia Farm kapi slatkog pelina preporu\u010duju se:<\/p>\n<ul>\n<li><strong>za ja<\/strong><strong>\u010danje imuniteta<\/strong><\/li>\n<li>kod bakterijskih, bakterijskih i gljivi\u010dnih infekcija<\/li>\n<li>kao pomo\u0107no sredstvo kod malignih bolesti<\/li>\n<\/ul>\n<p><strong>Preporuka za upotrebu:<\/strong><\/p>\n<p>Piti tri puta dnevno po 20 kapi u malo vode ili \u010daja.<\/p>","protected":false},"featured_media":5059,"comment_status":"open","ping_status":"closed","template":"","meta":{"_monsterinsights_skip_tracking":false,"_monsterinsights_sitenote_active":false,"_monsterinsights_sitenote_note":"","_monsterinsights_sitenote_category":0},"product_brand":[],"product_cat":[318],"product_tag":[845,588,844,502,450,901,846,374,843,899,900],"class_list":{"0":"post-5053","1":"product","2":"type-product","3":"status-publish","4":"has-post-thumbnail","6":"product_cat-biljne-kapi-tinkture","7":"product_tag-bakterijske-infekcije","8":"product_tag-biljne-kapi","9":"product_tag-biljne-kapi-slatkog-pelina","10":"product_tag-gljivicne-infekcije","11":"product_tag-jacanje-imuniteta","12":"product_tag-kako-ojacati-imunitet","13":"product_tag-pomoc-kod-malignih-bolesti","14":"product_tag-prirodni-preparati","15":"product_tag-slatki-pelin","16":"product_tag-vitalia-farm-biljne-kapi-pelina","17":"product_tag-za-jacanje-imuniteta","19":"first","20":"instock","21":"taxable","22":"shipping-taxable","23":"purchasable","24":"product-type-simple"},"aioseo_notices":[],"yoast_head":"<!-- This site is optimized with the Yoast SEO plugin v26.2 - https:\/\/yoast.com\/wordpress\/plugins\/seo\/ -->\n<title>Biljne kapi slatkog pelina - Vitalia Farm<\/title>\n<meta name=\"description\" content=\"Biljne kapi slatkog pelina preporu\u010duju se: kod ja\u010danja imuniteta, kod bakterijskih i gljivi\u010dnih infekcija i kao pomo\u0107no sredstvo kod malignih bolesti.\" \/>\n<meta name=\"robots\" content=\"index, follow, max-snippet:-1, max-image-preview:large, max-video-preview:-1\" \/>\n<link rel=\"canonical\" href=\"https:\/\/vitaliafarm.com\/en\/prodavnica\/biljne-kapi-tinkture\/biljne-kapi-slatkog-pelina\/\" \/>\n<meta property=\"og:locale\" content=\"en_US\" \/>\n<meta property=\"og:type\" content=\"article\" \/>\n<meta property=\"og:title\" content=\"Biljne kapi slatkog pelina - Vitalia Farm\" \/>\n<meta property=\"og:description\" content=\"Biljne kapi slatkog pelina preporu\u010duju se: kod ja\u010danja imuniteta, kod bakterijskih i gljivi\u010dnih infekcija i kao pomo\u0107no sredstvo kod malignih bolesti.\" \/>\n<meta property=\"og:url\" content=\"https:\/\/vitaliafarm.com\/en\/prodavnica\/biljne-kapi-tinkture\/biljne-kapi-slatkog-pelina\/\" \/>\n<meta property=\"og:site_name\" content=\"Vitalia Farm\" \/>\n<meta property=\"article:publisher\" content=\"https:\/\/www.facebook.com\/vitaliafarm\/\" \/>\n<meta property=\"article:modified_time\" content=\"2026-01-15T22:43:29+00:00\" \/>\n<meta property=\"og:image\" content=\"https:\/\/vitaliafarm.com\/wp-content\/uploads\/2022\/04\/Vitalia-Farm-Biljne-kapi-slatkog-pelina.jpg\" \/>\n\t<meta property=\"og:image:width\" content=\"300\" \/>\n\t<meta property=\"og:image:height\" content=\"400\" \/>\n\t<meta property=\"og:image:type\" content=\"image\/jpeg\" \/>\n<meta name=\"twitter:card\" content=\"summary_large_image\" \/>\n<meta name=\"twitter:label1\" content=\"Est. reading time\" \/>\n\t<meta name=\"twitter:data1\" content=\"1 minute\" \/>\n<script type=\"application\/ld+json\" class=\"yoast-schema-graph\">{\"@context\":\"https:\/\/schema.org\",\"@graph\":[{\"@type\":\"WebPage\",\"@id\":\"https:\/\/vitaliafarm.com\/prodavnica\/biljne-kapi-tinkture\/biljne-kapi-slatkog-pelina\/\",\"url\":\"https:\/\/vitaliafarm.com\/prodavnica\/biljne-kapi-tinkture\/biljne-kapi-slatkog-pelina\/\",\"name\":\"Biljne kapi slatkog pelina - Vitalia Farm\",\"isPartOf\":{\"@id\":\"https:\/\/vitaliafarm.com\/#website\"},\"primaryImageOfPage\":{\"@id\":\"https:\/\/vitaliafarm.com\/prodavnica\/biljne-kapi-tinkture\/biljne-kapi-slatkog-pelina\/#primaryimage\"},\"image\":{\"@id\":\"https:\/\/vitaliafarm.com\/prodavnica\/biljne-kapi-tinkture\/biljne-kapi-slatkog-pelina\/#primaryimage\"},\"thumbnailUrl\":\"https:\/\/vitaliafarm.com\/wp-content\/uploads\/2022\/04\/Vitalia-Farm-Biljne-kapi-slatkog-pelina.jpg\",\"datePublished\":\"2022-04-27T05:18:53+00:00\",\"dateModified\":\"2026-01-15T22:43:29+00:00\",\"description\":\"Biljne kapi slatkog pelina preporu\u010duju se: kod ja\u010danja imuniteta, kod bakterijskih i gljivi\u010dnih infekcija i kao pomo\u0107no sredstvo kod malignih bolesti.\",\"breadcrumb\":{\"@id\":\"https:\/\/vitaliafarm.com\/prodavnica\/biljne-kapi-tinkture\/biljne-kapi-slatkog-pelina\/#breadcrumb\"},\"inLanguage\":\"en-US\",\"potentialAction\":[{\"@type\":\"ReadAction\",\"target\":[\"https:\/\/vitaliafarm.com\/prodavnica\/biljne-kapi-tinkture\/biljne-kapi-slatkog-pelina\/\"]}]},{\"@type\":\"ImageObject\",\"inLanguage\":\"en-US\",\"@id\":\"https:\/\/vitaliafarm.com\/prodavnica\/biljne-kapi-tinkture\/biljne-kapi-slatkog-pelina\/#primaryimage\",\"url\":\"https:\/\/vitaliafarm.com\/wp-content\/uploads\/2022\/04\/Vitalia-Farm-Biljne-kapi-slatkog-pelina.jpg\",\"contentUrl\":\"https:\/\/vitaliafarm.com\/wp-content\/uploads\/2022\/04\/Vitalia-Farm-Biljne-kapi-slatkog-pelina.jpg\",\"width\":300,\"height\":400,\"caption\":\"Vitalia Farm - Biljne kapi slatkog pelina\"},{\"@type\":\"BreadcrumbList\",\"@id\":\"https:\/\/vitaliafarm.com\/prodavnica\/biljne-kapi-tinkture\/biljne-kapi-slatkog-pelina\/#breadcrumb\",\"itemListElement\":[{\"@type\":\"ListItem\",\"position\":1,\"name\":\"Po\u010detna\",\"item\":\"https:\/\/vitaliafarm.com\/\"},{\"@type\":\"ListItem\",\"position\":2,\"name\":\"Prodavnica\",\"item\":\"https:\/\/vitaliafarm.com\/prodavnica\/\"},{\"@type\":\"ListItem\",\"position\":3,\"name\":\"Biljne kapi slatkog pelina\"}]},{\"@type\":\"WebSite\",\"@id\":\"https:\/\/vitaliafarm.com\/#website\",\"url\":\"https:\/\/vitaliafarm.com\/\",\"name\":\"Vitalia Farm\",\"description\":\"Svet lekovitog bilja\",\"publisher\":{\"@id\":\"https:\/\/vitaliafarm.com\/#organization\"},\"potentialAction\":[{\"@type\":\"SearchAction\",\"target\":{\"@type\":\"EntryPoint\",\"urlTemplate\":\"https:\/\/vitaliafarm.com\/?s={search_term_string}\"},\"query-input\":{\"@type\":\"PropertyValueSpecification\",\"valueRequired\":true,\"valueName\":\"search_term_string\"}}],\"inLanguage\":\"en-US\"},{\"@type\":\"Organization\",\"@id\":\"https:\/\/vitaliafarm.com\/#organization\",\"name\":\"Vitalia Farm d.o.o.\",\"url\":\"https:\/\/vitaliafarm.com\/\",\"logo\":{\"@type\":\"ImageObject\",\"inLanguage\":\"en-US\",\"@id\":\"https:\/\/vitaliafarm.com\/#\/schema\/logo\/image\/\",\"url\":\"https:\/\/vitaliafarm.com\/wp-content\/uploads\/2022\/02\/logo.png\",\"contentUrl\":\"https:\/\/vitaliafarm.com\/wp-content\/uploads\/2022\/02\/logo.png\",\"width\":270,\"height\":111,\"caption\":\"Vitalia Farm d.o.o.\"},\"image\":{\"@id\":\"https:\/\/vitaliafarm.com\/#\/schema\/logo\/image\/\"},\"sameAs\":[\"https:\/\/www.facebook.com\/vitaliafarm\/\",\"https:\/\/www.instagram.com\/vitaliafarm\/\"]}]}<\/script>\n<!-- \/ Yoast SEO plugin. -->","yoast_head_json":{"title":"Biljne kapi slatkog pelina - Vitalia Farm","description":"Biljne kapi slatkog pelina preporu\u010duju se: kod ja\u010danja imuniteta, kod bakterijskih i gljivi\u010dnih infekcija i kao pomo\u0107no sredstvo kod malignih bolesti.","robots":{"index":"index","follow":"follow","max-snippet":"max-snippet:-1","max-image-preview":"max-image-preview:large","max-video-preview":"max-video-preview:-1"},"canonical":"https:\/\/vitaliafarm.com\/en\/prodavnica\/biljne-kapi-tinkture\/biljne-kapi-slatkog-pelina\/","og_locale":"en_US","og_type":"article","og_title":"Biljne kapi slatkog pelina - Vitalia Farm","og_description":"Biljne kapi slatkog pelina preporu\u010duju se: kod ja\u010danja imuniteta, kod bakterijskih i gljivi\u010dnih infekcija i kao pomo\u0107no sredstvo kod malignih bolesti.","og_url":"https:\/\/vitaliafarm.com\/en\/prodavnica\/biljne-kapi-tinkture\/biljne-kapi-slatkog-pelina\/","og_site_name":"Vitalia Farm","article_publisher":"https:\/\/www.facebook.com\/vitaliafarm\/","article_modified_time":"2026-01-15T22:43:29+00:00","og_image":[{"width":300,"height":400,"url":"https:\/\/vitaliafarm.com\/wp-content\/uploads\/2022\/04\/Vitalia-Farm-Biljne-kapi-slatkog-pelina.jpg","type":"image\/jpeg"}],"twitter_card":"summary_large_image","twitter_misc":{"Est. reading time":"1 minute"},"schema":{"@context":"https:\/\/schema.org","@graph":[{"@type":"WebPage","@id":"https:\/\/vitaliafarm.com\/prodavnica\/biljne-kapi-tinkture\/biljne-kapi-slatkog-pelina\/","url":"https:\/\/vitaliafarm.com\/prodavnica\/biljne-kapi-tinkture\/biljne-kapi-slatkog-pelina\/","name":"Biljne kapi slatkog pelina - Vitalia Farm","isPartOf":{"@id":"https:\/\/vitaliafarm.com\/#website"},"primaryImageOfPage":{"@id":"https:\/\/vitaliafarm.com\/prodavnica\/biljne-kapi-tinkture\/biljne-kapi-slatkog-pelina\/#primaryimage"},"image":{"@id":"https:\/\/vitaliafarm.com\/prodavnica\/biljne-kapi-tinkture\/biljne-kapi-slatkog-pelina\/#primaryimage"},"thumbnailUrl":"https:\/\/vitaliafarm.com\/wp-content\/uploads\/2022\/04\/Vitalia-Farm-Biljne-kapi-slatkog-pelina.jpg","datePublished":"2022-04-27T05:18:53+00:00","dateModified":"2026-01-15T22:43:29+00:00","description":"Biljne kapi slatkog pelina preporu\u010duju se: kod ja\u010danja imuniteta, kod bakterijskih i gljivi\u010dnih infekcija i kao pomo\u0107no sredstvo kod malignih bolesti.","breadcrumb":{"@id":"https:\/\/vitaliafarm.com\/prodavnica\/biljne-kapi-tinkture\/biljne-kapi-slatkog-pelina\/#breadcrumb"},"inLanguage":"en-US","potentialAction":[{"@type":"ReadAction","target":["https:\/\/vitaliafarm.com\/prodavnica\/biljne-kapi-tinkture\/biljne-kapi-slatkog-pelina\/"]}]},{"@type":"ImageObject","inLanguage":"en-US","@id":"https:\/\/vitaliafarm.com\/prodavnica\/biljne-kapi-tinkture\/biljne-kapi-slatkog-pelina\/#primaryimage","url":"https:\/\/vitaliafarm.com\/wp-content\/uploads\/2022\/04\/Vitalia-Farm-Biljne-kapi-slatkog-pelina.jpg","contentUrl":"https:\/\/vitaliafarm.com\/wp-content\/uploads\/2022\/04\/Vitalia-Farm-Biljne-kapi-slatkog-pelina.jpg","width":300,"height":400,"caption":"Vitalia Farm - Biljne kapi slatkog pelina"},{"@type":"BreadcrumbList","@id":"https:\/\/vitaliafarm.com\/prodavnica\/biljne-kapi-tinkture\/biljne-kapi-slatkog-pelina\/#breadcrumb","itemListElement":[{"@type":"ListItem","position":1,"name":"Po\u010detna","item":"https:\/\/vitaliafarm.com\/"},{"@type":"ListItem","position":2,"name":"Prodavnica","item":"https:\/\/vitaliafarm.com\/prodavnica\/"},{"@type":"ListItem","position":3,"name":"Biljne kapi slatkog pelina"}]},{"@type":"WebSite","@id":"https:\/\/vitaliafarm.com\/#website","url":"https:\/\/vitaliafarm.com\/","name":"Vitalia Farm","description":"Svet lekovitog bilja","publisher":{"@id":"https:\/\/vitaliafarm.com\/#organization"},"potentialAction":[{"@type":"SearchAction","target":{"@type":"EntryPoint","urlTemplate":"https:\/\/vitaliafarm.com\/?s={search_term_string}"},"query-input":{"@type":"PropertyValueSpecification","valueRequired":true,"valueName":"search_term_string"}}],"inLanguage":"en-US"},{"@type":"Organization","@id":"https:\/\/vitaliafarm.com\/#organization","name":"Vitalia Farm d.o.o.","url":"https:\/\/vitaliafarm.com\/","logo":{"@type":"ImageObject","inLanguage":"en-US","@id":"https:\/\/vitaliafarm.com\/#\/schema\/logo\/image\/","url":"https:\/\/vitaliafarm.com\/wp-content\/uploads\/2022\/02\/logo.png","contentUrl":"https:\/\/vitaliafarm.com\/wp-content\/uploads\/2022\/02\/logo.png","width":270,"height":111,"caption":"Vitalia Farm d.o.o."},"image":{"@id":"https:\/\/vitaliafarm.com\/#\/schema\/logo\/image\/"},"sameAs":["https:\/\/www.facebook.com\/vitaliafarm\/","https:\/\/www.instagram.com\/vitaliafarm\/"]}]}},"_links":{"self":[{"href":"https:\/\/vitaliafarm.com\/en\/wp-json\/wp\/v2\/product\/5053","targetHints":{"allow":["GET"]}}],"collection":[{"href":"https:\/\/vitaliafarm.com\/en\/wp-json\/wp\/v2\/product"}],"about":[{"href":"https:\/\/vitaliafarm.com\/en\/wp-json\/wp\/v2\/types\/product"}],"replies":[{"embeddable":true,"href":"https:\/\/vitaliafarm.com\/en\/wp-json\/wp\/v2\/comments?post=5053"}],"wp:featuredmedia":[{"embeddable":true,"href":"https:\/\/vitaliafarm.com\/en\/wp-json\/wp\/v2\/media\/5059"}],"wp:attachment":[{"href":"https:\/\/vitaliafarm.com\/en\/wp-json\/wp\/v2\/media?parent=5053"}],"wp:term":[{"taxonomy":"product_brand","embeddable":true,"href":"https:\/\/vitaliafarm.com\/en\/wp-json\/wp\/v2\/product_brand?post=5053"},{"taxonomy":"product_cat","embeddable":true,"href":"https:\/\/vitaliafarm.com\/en\/wp-json\/wp\/v2\/product_cat?post=5053"},{"taxonomy":"product_tag","embeddable":true,"href":"https:\/\/vitaliafarm.com\/en\/wp-json\/wp\/v2\/product_tag?post=5053"}],"curies":[{"name":"wp","href":"https:\/\/api.w.org\/{rel}","templated":true}]}}