
{"id":5711,"date":"2023-07-12T08:02:17","date_gmt":"2023-07-12T06:02:17","guid":{"rendered":"https:\/\/vitaliafarm.com\/?post_type=product&#038;p=5711"},"modified":"2026-02-20T13:19:58","modified_gmt":"2026-02-20T12:19:58","slug":"mystic","status":"publish","type":"product","link":"https:\/\/vitaliafarm.com\/en\/prodavnica\/novo\/mystic\/","title":{"rendered":"Mystic"},"content":{"rendered":"<p class=\"western\" align=\"justify\"><b>Sastav<\/b>: ekstrakti lekovitog bilja (neven, kantarion , hajdu\u010dka trava, majkina du\u0161ica) u hladno ce\u0111enom maslinovom ulju.<\/p>\n<p class=\"western\"><b>Upotreba:<\/b><\/p>\n<p class=\"western\" align=\"justify\"><b>U cilju regeneracije ko\u017ee i za\u0161tite od prevremenog starenja<\/b>, vra\u0107anja prirodnog tonusa ko\u017ee lica, ubla\u017eavanja bora na licu i telu, ubla\u017eavanja star\u010dakih pega, pega od sunca, za\u0161tite ko\u017ee u vreme zimskih dana, otklanjanja perutanja ko\u017ee, ubla\u017eavanja tegoba kod li\u0161ajeva, ekcema, psorijaze i povr\u0161inskih oboljenja ko\u017ee, postupak je slede\u0107i:<\/p>\n<ul>\n<li>\n<p align=\"justify\">Uve\u010de, pre spavanja, na \u010distu, opranu i vla\u017enu ko\u017eu, naneti nekoliko kapi ulja i utrljati kru\u017enim pokretima uz blagu masa\u017eu<\/p>\n<\/li>\n<li>\n<p align=\"justify\">Koli\u010dina ulja se nanosi u zavisnosti od povr\u0161ine koja se tretira<\/p>\n<\/li>\n<\/ul>\n<p class=\"western\" align=\"justify\">Efekat upotrebe ulja vidljiv je ve\u0107 posle desetak dana redovne upotrebe i ispoljava se regeneracijom ko\u017ee lica, pove\u0107anjem elasti\u010dnosti i tonusa i ubla\u017eavanjem ve\u0107 postoje\u0107ih bora.<\/p>\n<p class=\"western\" align=\"justify\"><b>U cilju ubla\u017eavanja posledica kod ujeda insekata<\/b> (komaraca, paukova, krpelja i sl.) postupak je slede\u0107i:<\/p>\n<ul>\n<li>\n<p align=\"justify\">Naneti 1 kap na ujedeno mesto i utrljavati ulje ve\u0107im pritiskom (mo\u017ee i noktom) da bi ispoljio anesteti\u010dki efekat na ubla\u017eavanje svraba<\/p>\n<\/li>\n<li>\n<p align=\"justify\">Po potrebi ponoviti postupak dok svrab potpuno ne nestane.<\/p>\n<\/li>\n<\/ul>\n<p class=\"western\" align=\"justify\"><b>U cilju ubla\u017eavanja crvenila kod prekomernog izlaganja suncu<\/b> <b>i opekotina<\/b> postupak je slede\u0107i:<\/p>\n<ul>\n<li>\n<p align=\"justify\">Na \u010distu i vla\u017enu ko\u017eu naneti ulje u zavisnosti od povr\u0161ine, ne\u017enim pokretima utrljati kratko i pustiti da ko\u017ea upije sloj. Ne treba stavljati obloge, zavoje i sli\u010dno.<\/p>\n<\/li>\n<li>\n<p align=\"justify\">Preporuka je da se tretman primenjuje uve\u010de, kada pro\u0111e dejstvo sun\u010devih zraka, po\u017eeljno u dva ponovljena postupka. Ukoliko se primenjuje danju, o\u0161te\u0107enu povr\u0161inu ko\u017ee nikako ne treba izlagati suncu i toploti.<\/p>\n<\/li>\n<\/ul>\n<p class=\"western\" align=\"justify\">Efekat se ispoljava nekoliko sati posle primene u vidu ubla\u017eavanja bola i crvenila i ubrzane regeneracije o\u0161te\u0107enog tkiva.<\/p>\n<p class=\"western\" align=\"justify\"><b>U cilju uklanjanja akni na licu i telu<\/b> postupak je slede\u0107i:<\/p>\n<ul>\n<li>\n<p align=\"justify\">Uve\u010de, pre spavanja, na prethodno o\u010di\u0161\u0107en i vla\u017ean predeo ko\u017ee zahva\u0107en aknama naneti 1 kap ulja i utrljavati dok ko\u017ea ne upije.<\/p>\n<\/li>\n<\/ul>\n<p class=\"western\" align=\"justify\">Efekat se ispoljava posle 10-15 dana redovne primene u vidu povla\u010denja akni i anti-bakterijske za\u0161tite ko\u017ee.<\/p>\n<p class=\"western\" align=\"justify\"><b>Za tretman povr\u0161inskih rana, ozleda, ogrebotina i poderotina<\/b> postupak je slede\u0107i:<\/p>\n<ul>\n<li>\n<p align=\"justify\">O\u010distiti od pra\u0161ine o\u0161te\u0107eni deo ko\u017ee, blago premazati sa 2-3 kapi ulja, bez utrljavanja ukoliko je tkivo sve\u017ee o\u0161te\u0107eno.<\/p>\n<\/li>\n<\/ul>\n<p class=\"western\" align=\"justify\">Efekat se ispoljava u vidu protivupalnog i antibakterijskog dejstva, za\u0161tite od infekcije i ubrzane regeneracije o\u0161te\u0107enog tkiva.<\/p>\n<p class=\"western\" align=\"justify\"><b>Na\u010din \u010duvanja: <\/b><\/p>\n<p class=\"western\" align=\"justify\">\u010cuvati na suvom i hladnom mestu , za\u0161ti\u0107eno od svetlosti<\/p>\n<p class=\"western\" align=\"justify\"><b>Rok upotrebe<\/b> : 24 meseca<\/p>\n<p class=\"western\"><b><span style=\"color: #212529;\"><span style=\"font-family: Roboto, serif;\"><span style=\"font-size: medium;\">Puni i pakuje<\/span><\/span><\/span><\/b><span style=\"color: #212529;\"><span style=\"font-family: Roboto, serif;\"><span style=\"font-size: medium;\">: \u201cVitaliaFarm\u201cd.o.o., Beograd, Srbija<\/span><\/span><\/span><\/p>\n<p class=\"western\" align=\"justify\"><a name=\"_GoBack\"><\/a> Kvalitet proizvoda kontroli\u0161e Institut za javno zdravlje Kragujevac<\/p>","protected":false},"excerpt":{"rendered":"<p class=\"western\" style=\"text-align: left;\" align=\"center\">\u201e<b>MYSTIC\u201c ulje za regeneraciju i negu <\/b><\/p>\n<p class=\"western\" align=\"justify\">Visoko vredni, biolo\u0161ki aktivni sastojci prisutni u <b>\u201eMYSTIC\u201c ulju<\/b> za negu ko\u017ee podsti\u010du dubinsku regeneraciju ko\u017enog tkiva, odr\u017eavaju\u0107i vitalnost, \u010dvrstinu, puno\u0107u i mladala\u010dki izgled ko\u017ee, uz za\u0161titno dejstvo od infekcija patogenim mikroorganizmima.<\/p>\n<p class=\"western\" align=\"justify\"><b>Preporu\u010duje se za :<\/b><\/p>\n<ul>\n<li class=\"western\">regeneraciju ko\u017ee i za\u0161titu od prevremenog starenja<\/li>\n<li class=\"western\">ubla\u017eavanje crvenila kod prekomernog izlaganja suncu i opekotina<\/li>\n<li class=\"western\">ubla\u017eavanje posledica kod ujeda insekata<\/li>\n<li class=\"western\">uklanjanje akni na licu i telu<\/li>\n<li class=\"western\">tretman povr\u0161inskih rana, ozleda, ogrebotina i poderotina<\/li>\n<\/ul>\n<p class=\"western\" align=\"justify\"><b>Redovna upotreba ulja doprinosi:<\/b><\/p>\n<ul>\n<li>\n<p align=\"justify\">Ja\u010danju i odr\u017eanju elasti\u010dnosti ko\u017enog tkiva, ubla\u017eavanju bora, stara\u010dkih pega, trudni\u010dkih pega, pega od sunca i strija<\/p>\n<\/li>\n<li>\n<p align=\"justify\">Hidriranju ko\u017ee<\/p>\n<\/li>\n<li>\n<p align=\"justify\">Odr\u017eanju vitalnosti i prirodnog tonusa ko\u017ee tokom zimskih meseci<\/p>\n<\/li>\n<li>\n<p align=\"justify\">Ubla\u017eavanju tegoba i crvenila kod opekotina od sunca<\/p>\n<\/li>\n<li>\n<p align=\"justify\">Ubrzanju oporavka kod infekcija ko\u017ee<\/p>\n<\/li>\n<li>\n<p align=\"justify\">Ubla\u017eavanju ekcema, li\u0161ajeva i perutanja ko\u017ee<\/p>\n<\/li>\n<\/ul>\n<p class=\"western\"><b><span style=\"color: #212529;\"><span style=\"font-family: Roboto, serif;\"><span style=\"font-size: medium;\">Pakovanje:<\/span><\/span><\/span><\/b><span style=\"color: #212529;\"><span style=\"font-family: Roboto, serif;\"><span style=\"font-size: medium;\">\u00a010ml<\/span><\/span><\/span><\/p>","protected":false},"featured_media":5712,"comment_status":"open","ping_status":"closed","template":"","meta":{"_monsterinsights_skip_tracking":false,"_monsterinsights_sitenote_active":false,"_monsterinsights_sitenote_note":"","_monsterinsights_sitenote_category":0},"product_brand":[],"product_cat":[964,942],"product_tag":[977,377,984,872,968,988,983,982,965,966,831,976,972,985,987,967,557,981,978,974,374,986,989,973,730,970,559,971,969,979,980,447,975,830],"class_list":{"0":"post-5711","1":"product","2":"type-product","3":"status-publish","4":"has-post-thumbnail","6":"product_cat-kozmetika","7":"product_cat-novo","8":"product_tag-apoteke","9":"product_tag-biljni-preparati","10":"product_tag-bore","11":"product_tag-dm-drogerije","12":"product_tag-elasticnost-koze","13":"product_tag-gde-kupiti","14":"product_tag-hidratacija","15":"product_tag-hidriranje","16":"product_tag-hidriranje-koze","17":"product_tag-infekcije-koze","18":"product_tag-lilly-drogerije","19":"product_tag-mystic-ulje","20":"product_tag-nega-koze-nakon-suncanja","21":"product_tag-nega-lica","22":"product_tag-online-shop","23":"product_tag-opekotine","24":"product_tag-oziljci","25":"product_tag-podmladivanje","26":"product_tag-posle-suncanja","27":"product_tag-prirodna-ulja","28":"product_tag-prirodni-preparati","29":"product_tag-prirodno-sredstvo-za-bore","30":"product_tag-prirodno-ulje","31":"product_tag-putna-apoteka","32":"product_tag-regeneracija-koze","33":"product_tag-staracke-pege","34":"product_tag-strije","35":"product_tag-trudnicke-pege","36":"product_tag-ublazavanje-bora","37":"product_tag-ujed-komaraca","38":"product_tag-ujed-pauka","39":"product_tag-ujedi-insekata","40":"product_tag-ulja-na-biljnoj-bazi","41":"product_tag-vitalia-farm","43":"first","44":"outofstock","45":"taxable","46":"shipping-taxable","47":"purchasable","48":"product-type-simple"},"aioseo_notices":[],"yoast_head":"<!-- This site is optimized with the Yoast SEO plugin v26.2 - https:\/\/yoast.com\/wordpress\/plugins\/seo\/ -->\n<title>Mystic - Vitalia Farm<\/title>\n<meta name=\"description\" content=\"Visoko vredni, biolo\u0161ki aktivni sastojci prisutni u \u201eMYSTIC\u201c ulju za negu ko\u017ee podsti\u010du dubinsku regeneraciju ko\u017enog tkiva, odr\u017eavaju\u0107i vitalnost, \u010dvrstinu, puno\u0107u i mladala\u010dki izgled ko\u017ee, uz za\u0161titno dejstvo od infekcija patogenim mikroorganizmima.\" \/>\n<meta name=\"robots\" content=\"index, follow, max-snippet:-1, max-image-preview:large, max-video-preview:-1\" \/>\n<link rel=\"canonical\" href=\"https:\/\/vitaliafarm.com\/en\/prodavnica\/novo\/mystic\/\" \/>\n<meta property=\"og:locale\" content=\"en_US\" \/>\n<meta property=\"og:type\" content=\"article\" \/>\n<meta property=\"og:title\" content=\"Mystic - Vitalia Farm\" \/>\n<meta property=\"og:description\" content=\"Visoko vredni, biolo\u0161ki aktivni sastojci prisutni u \u201eMYSTIC\u201c ulju za negu ko\u017ee podsti\u010du dubinsku regeneraciju ko\u017enog tkiva, odr\u017eavaju\u0107i vitalnost, \u010dvrstinu, puno\u0107u i mladala\u010dki izgled ko\u017ee, uz za\u0161titno dejstvo od infekcija patogenim mikroorganizmima.\" \/>\n<meta property=\"og:url\" content=\"https:\/\/vitaliafarm.com\/en\/prodavnica\/novo\/mystic\/\" \/>\n<meta property=\"og:site_name\" content=\"Vitalia Farm\" \/>\n<meta property=\"article:publisher\" content=\"https:\/\/www.facebook.com\/vitaliafarm\/\" \/>\n<meta property=\"article:modified_time\" content=\"2026-02-20T12:19:58+00:00\" \/>\n<meta property=\"og:image\" content=\"https:\/\/vitaliafarm.com\/wp-content\/uploads\/2023\/07\/Vitalia-Farm-Mystic-scaled.jpg\" \/>\n\t<meta property=\"og:image:width\" content=\"2308\" \/>\n\t<meta property=\"og:image:height\" content=\"2560\" \/>\n\t<meta property=\"og:image:type\" content=\"image\/jpeg\" \/>\n<meta name=\"twitter:card\" content=\"summary_large_image\" \/>\n<meta name=\"twitter:label1\" content=\"Est. reading time\" \/>\n\t<meta name=\"twitter:data1\" content=\"2 minutes\" \/>\n<script type=\"application\/ld+json\" class=\"yoast-schema-graph\">{\"@context\":\"https:\/\/schema.org\",\"@graph\":[{\"@type\":\"WebPage\",\"@id\":\"https:\/\/vitaliafarm.com\/prodavnica\/novo\/mystic\/\",\"url\":\"https:\/\/vitaliafarm.com\/prodavnica\/novo\/mystic\/\",\"name\":\"Mystic - Vitalia Farm\",\"isPartOf\":{\"@id\":\"https:\/\/vitaliafarm.com\/#website\"},\"primaryImageOfPage\":{\"@id\":\"https:\/\/vitaliafarm.com\/prodavnica\/novo\/mystic\/#primaryimage\"},\"image\":{\"@id\":\"https:\/\/vitaliafarm.com\/prodavnica\/novo\/mystic\/#primaryimage\"},\"thumbnailUrl\":\"https:\/\/vitaliafarm.com\/wp-content\/uploads\/2023\/07\/Vitalia-Farm-Mystic-scaled.jpg\",\"datePublished\":\"2023-07-12T06:02:17+00:00\",\"dateModified\":\"2026-02-20T12:19:58+00:00\",\"description\":\"Visoko vredni, biolo\u0161ki aktivni sastojci prisutni u \u201eMYSTIC\u201c ulju za negu ko\u017ee podsti\u010du dubinsku regeneraciju ko\u017enog tkiva, odr\u017eavaju\u0107i vitalnost, \u010dvrstinu, puno\u0107u i mladala\u010dki izgled ko\u017ee, uz za\u0161titno dejstvo od infekcija patogenim mikroorganizmima.\",\"breadcrumb\":{\"@id\":\"https:\/\/vitaliafarm.com\/prodavnica\/novo\/mystic\/#breadcrumb\"},\"inLanguage\":\"en-US\",\"potentialAction\":[{\"@type\":\"ReadAction\",\"target\":[\"https:\/\/vitaliafarm.com\/prodavnica\/novo\/mystic\/\"]}]},{\"@type\":\"ImageObject\",\"inLanguage\":\"en-US\",\"@id\":\"https:\/\/vitaliafarm.com\/prodavnica\/novo\/mystic\/#primaryimage\",\"url\":\"https:\/\/vitaliafarm.com\/wp-content\/uploads\/2023\/07\/Vitalia-Farm-Mystic-scaled.jpg\",\"contentUrl\":\"https:\/\/vitaliafarm.com\/wp-content\/uploads\/2023\/07\/Vitalia-Farm-Mystic-scaled.jpg\",\"width\":2308,\"height\":2560,\"caption\":\"Vitalia Farm - Mystic.jpg\"},{\"@type\":\"BreadcrumbList\",\"@id\":\"https:\/\/vitaliafarm.com\/prodavnica\/novo\/mystic\/#breadcrumb\",\"itemListElement\":[{\"@type\":\"ListItem\",\"position\":1,\"name\":\"Po\u010detna\",\"item\":\"https:\/\/vitaliafarm.com\/\"},{\"@type\":\"ListItem\",\"position\":2,\"name\":\"Prodavnica\",\"item\":\"https:\/\/vitaliafarm.com\/prodavnica\/\"},{\"@type\":\"ListItem\",\"position\":3,\"name\":\"Mystic\"}]},{\"@type\":\"WebSite\",\"@id\":\"https:\/\/vitaliafarm.com\/#website\",\"url\":\"https:\/\/vitaliafarm.com\/\",\"name\":\"Vitalia Farm\",\"description\":\"Svet lekovitog bilja\",\"publisher\":{\"@id\":\"https:\/\/vitaliafarm.com\/#organization\"},\"potentialAction\":[{\"@type\":\"SearchAction\",\"target\":{\"@type\":\"EntryPoint\",\"urlTemplate\":\"https:\/\/vitaliafarm.com\/?s={search_term_string}\"},\"query-input\":{\"@type\":\"PropertyValueSpecification\",\"valueRequired\":true,\"valueName\":\"search_term_string\"}}],\"inLanguage\":\"en-US\"},{\"@type\":\"Organization\",\"@id\":\"https:\/\/vitaliafarm.com\/#organization\",\"name\":\"Vitalia Farm d.o.o.\",\"url\":\"https:\/\/vitaliafarm.com\/\",\"logo\":{\"@type\":\"ImageObject\",\"inLanguage\":\"en-US\",\"@id\":\"https:\/\/vitaliafarm.com\/#\/schema\/logo\/image\/\",\"url\":\"https:\/\/vitaliafarm.com\/wp-content\/uploads\/2022\/02\/logo.png\",\"contentUrl\":\"https:\/\/vitaliafarm.com\/wp-content\/uploads\/2022\/02\/logo.png\",\"width\":270,\"height\":111,\"caption\":\"Vitalia Farm d.o.o.\"},\"image\":{\"@id\":\"https:\/\/vitaliafarm.com\/#\/schema\/logo\/image\/\"},\"sameAs\":[\"https:\/\/www.facebook.com\/vitaliafarm\/\",\"https:\/\/www.instagram.com\/vitaliafarm\/\"]}]}<\/script>\n<!-- \/ Yoast SEO plugin. -->","yoast_head_json":{"title":"Mystic - Vitalia Farm","description":"Visoko vredni, biolo\u0161ki aktivni sastojci prisutni u \u201eMYSTIC\u201c ulju za negu ko\u017ee podsti\u010du dubinsku regeneraciju ko\u017enog tkiva, odr\u017eavaju\u0107i vitalnost, \u010dvrstinu, puno\u0107u i mladala\u010dki izgled ko\u017ee, uz za\u0161titno dejstvo od infekcija patogenim mikroorganizmima.","robots":{"index":"index","follow":"follow","max-snippet":"max-snippet:-1","max-image-preview":"max-image-preview:large","max-video-preview":"max-video-preview:-1"},"canonical":"https:\/\/vitaliafarm.com\/en\/prodavnica\/novo\/mystic\/","og_locale":"en_US","og_type":"article","og_title":"Mystic - Vitalia Farm","og_description":"Visoko vredni, biolo\u0161ki aktivni sastojci prisutni u \u201eMYSTIC\u201c ulju za negu ko\u017ee podsti\u010du dubinsku regeneraciju ko\u017enog tkiva, odr\u017eavaju\u0107i vitalnost, \u010dvrstinu, puno\u0107u i mladala\u010dki izgled ko\u017ee, uz za\u0161titno dejstvo od infekcija patogenim mikroorganizmima.","og_url":"https:\/\/vitaliafarm.com\/en\/prodavnica\/novo\/mystic\/","og_site_name":"Vitalia Farm","article_publisher":"https:\/\/www.facebook.com\/vitaliafarm\/","article_modified_time":"2026-02-20T12:19:58+00:00","og_image":[{"width":2308,"height":2560,"url":"https:\/\/vitaliafarm.com\/wp-content\/uploads\/2023\/07\/Vitalia-Farm-Mystic-scaled.jpg","type":"image\/jpeg"}],"twitter_card":"summary_large_image","twitter_misc":{"Est. reading time":"2 minutes"},"schema":{"@context":"https:\/\/schema.org","@graph":[{"@type":"WebPage","@id":"https:\/\/vitaliafarm.com\/prodavnica\/novo\/mystic\/","url":"https:\/\/vitaliafarm.com\/prodavnica\/novo\/mystic\/","name":"Mystic - Vitalia Farm","isPartOf":{"@id":"https:\/\/vitaliafarm.com\/#website"},"primaryImageOfPage":{"@id":"https:\/\/vitaliafarm.com\/prodavnica\/novo\/mystic\/#primaryimage"},"image":{"@id":"https:\/\/vitaliafarm.com\/prodavnica\/novo\/mystic\/#primaryimage"},"thumbnailUrl":"https:\/\/vitaliafarm.com\/wp-content\/uploads\/2023\/07\/Vitalia-Farm-Mystic-scaled.jpg","datePublished":"2023-07-12T06:02:17+00:00","dateModified":"2026-02-20T12:19:58+00:00","description":"Visoko vredni, biolo\u0161ki aktivni sastojci prisutni u \u201eMYSTIC\u201c ulju za negu ko\u017ee podsti\u010du dubinsku regeneraciju ko\u017enog tkiva, odr\u017eavaju\u0107i vitalnost, \u010dvrstinu, puno\u0107u i mladala\u010dki izgled ko\u017ee, uz za\u0161titno dejstvo od infekcija patogenim mikroorganizmima.","breadcrumb":{"@id":"https:\/\/vitaliafarm.com\/prodavnica\/novo\/mystic\/#breadcrumb"},"inLanguage":"en-US","potentialAction":[{"@type":"ReadAction","target":["https:\/\/vitaliafarm.com\/prodavnica\/novo\/mystic\/"]}]},{"@type":"ImageObject","inLanguage":"en-US","@id":"https:\/\/vitaliafarm.com\/prodavnica\/novo\/mystic\/#primaryimage","url":"https:\/\/vitaliafarm.com\/wp-content\/uploads\/2023\/07\/Vitalia-Farm-Mystic-scaled.jpg","contentUrl":"https:\/\/vitaliafarm.com\/wp-content\/uploads\/2023\/07\/Vitalia-Farm-Mystic-scaled.jpg","width":2308,"height":2560,"caption":"Vitalia Farm - Mystic.jpg"},{"@type":"BreadcrumbList","@id":"https:\/\/vitaliafarm.com\/prodavnica\/novo\/mystic\/#breadcrumb","itemListElement":[{"@type":"ListItem","position":1,"name":"Po\u010detna","item":"https:\/\/vitaliafarm.com\/"},{"@type":"ListItem","position":2,"name":"Prodavnica","item":"https:\/\/vitaliafarm.com\/prodavnica\/"},{"@type":"ListItem","position":3,"name":"Mystic"}]},{"@type":"WebSite","@id":"https:\/\/vitaliafarm.com\/#website","url":"https:\/\/vitaliafarm.com\/","name":"Vitalia Farm","description":"Svet lekovitog bilja","publisher":{"@id":"https:\/\/vitaliafarm.com\/#organization"},"potentialAction":[{"@type":"SearchAction","target":{"@type":"EntryPoint","urlTemplate":"https:\/\/vitaliafarm.com\/?s={search_term_string}"},"query-input":{"@type":"PropertyValueSpecification","valueRequired":true,"valueName":"search_term_string"}}],"inLanguage":"en-US"},{"@type":"Organization","@id":"https:\/\/vitaliafarm.com\/#organization","name":"Vitalia Farm d.o.o.","url":"https:\/\/vitaliafarm.com\/","logo":{"@type":"ImageObject","inLanguage":"en-US","@id":"https:\/\/vitaliafarm.com\/#\/schema\/logo\/image\/","url":"https:\/\/vitaliafarm.com\/wp-content\/uploads\/2022\/02\/logo.png","contentUrl":"https:\/\/vitaliafarm.com\/wp-content\/uploads\/2022\/02\/logo.png","width":270,"height":111,"caption":"Vitalia Farm d.o.o."},"image":{"@id":"https:\/\/vitaliafarm.com\/#\/schema\/logo\/image\/"},"sameAs":["https:\/\/www.facebook.com\/vitaliafarm\/","https:\/\/www.instagram.com\/vitaliafarm\/"]}]}},"_links":{"self":[{"href":"https:\/\/vitaliafarm.com\/en\/wp-json\/wp\/v2\/product\/5711","targetHints":{"allow":["GET"]}}],"collection":[{"href":"https:\/\/vitaliafarm.com\/en\/wp-json\/wp\/v2\/product"}],"about":[{"href":"https:\/\/vitaliafarm.com\/en\/wp-json\/wp\/v2\/types\/product"}],"replies":[{"embeddable":true,"href":"https:\/\/vitaliafarm.com\/en\/wp-json\/wp\/v2\/comments?post=5711"}],"wp:featuredmedia":[{"embeddable":true,"href":"https:\/\/vitaliafarm.com\/en\/wp-json\/wp\/v2\/media\/5712"}],"wp:attachment":[{"href":"https:\/\/vitaliafarm.com\/en\/wp-json\/wp\/v2\/media?parent=5711"}],"wp:term":[{"taxonomy":"product_brand","embeddable":true,"href":"https:\/\/vitaliafarm.com\/en\/wp-json\/wp\/v2\/product_brand?post=5711"},{"taxonomy":"product_cat","embeddable":true,"href":"https:\/\/vitaliafarm.com\/en\/wp-json\/wp\/v2\/product_cat?post=5711"},{"taxonomy":"product_tag","embeddable":true,"href":"https:\/\/vitaliafarm.com\/en\/wp-json\/wp\/v2\/product_tag?post=5711"}],"curies":[{"name":"wp","href":"https:\/\/api.w.org\/{rel}","templated":true}]}}