
{"id":6072,"date":"2024-04-19T11:54:52","date_gmt":"2024-04-19T09:54:52","guid":{"rendered":"https:\/\/vitaliafarm.com\/?post_type=product&#038;p=6072"},"modified":"2026-01-15T23:41:00","modified_gmt":"2026-01-15T22:41:00","slug":"biljne-kapi-bele-imele","status":"publish","type":"product","link":"https:\/\/vitaliafarm.com\/en\/prodavnica\/biljne-kapi-tinkture\/biljne-kapi-bele-imele\/","title":{"rendered":"Biljne kapi bele imele"},"content":{"rendered":"<p><span style=\"font-family: Times New Roman, serif;\"><strong>Biljne kapi bele imele (Visci albi tinctura)<\/strong>\u00a0<\/span><\/p>\n<p align=\"JUSTIFY\"><span style=\"font-family: Times New Roman, serif;\"><span style=\"font-size: medium;\">U tradicionalnoj narodnoj medicini se koristi u prevenciji portiv stvaranja malignih \u0107elija i pojedinih vrsti tumora.<\/span><\/span><\/p>\n<p><span style=\"font-family: Times New Roman, serif;\"><span style=\"font-size: medium;\">Upotreba:<\/span><\/span><\/p>\n<p><span style=\"font-family: Times New Roman, serif;\"><span style=\"font-size: medium;\">Dva do tri puta dnevno po 30 kapi tinkture sipati u malo vode ili \u010daja i popiti pre jela.<\/span><\/span><\/p>\n<p><span style=\"font-family: Times New Roman, serif;\"><span style=\"font-size: medium;\">Mere opreza:<\/span><\/span><\/p>\n<p>\u2013 <span style=\"font-family: Times New Roman, serif;\"><span style=\"font-size: medium;\">Pre upotrebe obavezno pro\u010ditati uputstvo.<br \/>\n\u2013 Ne preporu\u010duje se trudnicama, dojiljama i deci mla\u0111oj od 12 godina.<br \/>\n\u2013 U slu\u010daju da do\u0111e do iritacije o\u010diju sa biljnim kapima, \u0161to pre o\u010di isprati hladnom vodom i po potrebi potra\u017eiti pomo\u0107 lekara.<br \/>\n\u2013 O indikacijma ,merama opreza i ne\u017eeljenim dejstvima posavetujte se sa lekarom ili farmaceutom.<\/span><\/span><\/p>\n<p><span style=\"font-family: Times New Roman, serif;\"><span style=\"font-size: medium;\">Na\u010din \u010duvanja:<\/span><\/span><\/p>\n<p><span style=\"font-family: Times New Roman, serif;\"><span style=\"font-size: medium;\">\u010cuvati na tamnom i hladnom mestu,van doma\u0161aja dece.<\/span><\/span><\/p>\n<p><span style=\"font-family: Times New Roman, serif;\"><span style=\"font-size: medium;\">Rok upotrebe:<\/span><\/span><\/p>\n<p><span style=\"font-family: Times New Roman, serif;\"><span style=\"font-size: medium;\">24 meseca<\/span><\/span><\/p>\n<p><span style=\"font-family: Times New Roman, serif;\"><span style=\"font-size: medium;\">Pakovanje:<\/span><\/span><\/p>\n<p><span style=\"font-family: Times New Roman, serif;\"><span style=\"font-size: medium;\">30 ml <\/span><\/span><\/p>","protected":false},"excerpt":{"rendered":"<p><span style=\"font-family: Times New Roman, serif;\"><span style=\"font-size: medium;\">Sastav: Etanolno-vodeni ekstrakt herbe bele imele (Visci albi herba).<\/span><\/span><\/p>\n<p><span style=\"font-family: Times New Roman, serif;\"><span style=\"font-size: medium;\">Bela imela (herba) se preporu\u010duje kod:<\/span><\/span><\/p>\n<p><span style=\"font-family: Times New Roman, serif;\"><span style=\"font-size: medium;\">&#8211; regulisanja povi\u0161enog krvnog pritiska<\/span><\/span><\/p>\n<p><span style=\"font-family: Times New Roman, serif;\"><span style=\"font-size: medium;\">&#8211; ateroskleroze i drugih stanja prekomerne arterijske napetosti, <\/span><\/span><\/p>\n<p><span style=\"font-family: Times New Roman, serif;\"><span style=\"font-size: medium;\">&#8211; \u0161irenja krvnih sudova<\/span><\/span><\/p>\n<p><span style=\"font-family: Times New Roman, serif;\"><span style=\"font-size: medium;\">&#8211; nervne tahikardije (ubrzani rad srca)\u2026 <\/span><\/span><\/p>","protected":false},"featured_media":6073,"comment_status":"open","ping_status":"closed","template":"","meta":{"_monsterinsights_skip_tracking":false,"_monsterinsights_sitenote_active":false,"_monsterinsights_sitenote_note":"","_monsterinsights_sitenote_category":0},"product_brand":[],"product_cat":[318],"product_tag":[845,588,844,502,450,901,1002,846,605,1005,1004,374,1003,843,830,899,900],"class_list":{"0":"post-6072","1":"product","2":"type-product","3":"status-publish","4":"has-post-thumbnail","6":"product_cat-biljne-kapi-tinkture","7":"product_tag-bakterijske-infekcije","8":"product_tag-biljne-kapi","9":"product_tag-biljne-kapi-slatkog-pelina","10":"product_tag-gljivicne-infekcije","11":"product_tag-jacanje-imuniteta","12":"product_tag-kako-ojacati-imunitet","13":"product_tag-nervna-tahikardija","14":"product_tag-pomoc-kod-malignih-bolesti","15":"product_tag-poviseni-krvni-pritisak","16":"product_tag-priroda","17":"product_tag-prirodni-lek","18":"product_tag-prirodni-preparati","19":"product_tag-sirenje-krvnih-sudova","20":"product_tag-slatki-pelin","21":"product_tag-vitalia-farm","22":"product_tag-vitalia-farm-biljne-kapi-pelina","23":"product_tag-za-jacanje-imuniteta","25":"first","26":"instock","27":"taxable","28":"shipping-taxable","29":"purchasable","30":"product-type-simple"},"aioseo_notices":[],"yoast_head":"<!-- This site is optimized with the Yoast SEO plugin v26.2 - https:\/\/yoast.com\/wordpress\/plugins\/seo\/ -->\n<title>Biljne kapi bele imele - Vitalia Farm<\/title>\n<meta name=\"description\" content=\"Biljne kapi slatkog pelina preporu\u010duju se: kod ja\u010danja imuniteta, kod bakterijskih i gljivi\u010dnih infekcija i kao pomo\u0107no sredstvo kod malignih bolesti.\" \/>\n<meta name=\"robots\" content=\"index, follow, max-snippet:-1, max-image-preview:large, max-video-preview:-1\" \/>\n<link rel=\"canonical\" href=\"https:\/\/vitaliafarm.com\/en\/prodavnica\/biljne-kapi-tinkture\/biljne-kapi-bele-imele\/\" \/>\n<meta property=\"og:locale\" content=\"en_US\" \/>\n<meta property=\"og:type\" content=\"article\" \/>\n<meta property=\"og:title\" content=\"Biljne kapi bele imele - Vitalia Farm\" \/>\n<meta property=\"og:description\" content=\"Biljne kapi slatkog pelina preporu\u010duju se: kod ja\u010danja imuniteta, kod bakterijskih i gljivi\u010dnih infekcija i kao pomo\u0107no sredstvo kod malignih bolesti.\" \/>\n<meta property=\"og:url\" content=\"https:\/\/vitaliafarm.com\/en\/prodavnica\/biljne-kapi-tinkture\/biljne-kapi-bele-imele\/\" \/>\n<meta property=\"og:site_name\" content=\"Vitalia Farm\" \/>\n<meta property=\"article:publisher\" content=\"https:\/\/www.facebook.com\/vitaliafarm\/\" \/>\n<meta property=\"article:modified_time\" content=\"2026-01-15T22:41:00+00:00\" \/>\n<meta property=\"og:image\" content=\"https:\/\/vitaliafarm.com\/wp-content\/uploads\/2024\/04\/BILJNE-KAPI-BELE-IMELE.png\" \/>\n\t<meta property=\"og:image:width\" content=\"300\" \/>\n\t<meta property=\"og:image:height\" content=\"400\" \/>\n\t<meta property=\"og:image:type\" content=\"image\/png\" \/>\n<meta name=\"twitter:card\" content=\"summary_large_image\" \/>\n<meta name=\"twitter:label1\" content=\"Est. reading time\" \/>\n\t<meta name=\"twitter:data1\" content=\"1 minute\" \/>\n<script type=\"application\/ld+json\" class=\"yoast-schema-graph\">{\"@context\":\"https:\/\/schema.org\",\"@graph\":[{\"@type\":\"WebPage\",\"@id\":\"https:\/\/vitaliafarm.com\/prodavnica\/biljne-kapi-tinkture\/biljne-kapi-bele-imele\/\",\"url\":\"https:\/\/vitaliafarm.com\/prodavnica\/biljne-kapi-tinkture\/biljne-kapi-bele-imele\/\",\"name\":\"Biljne kapi bele imele - Vitalia Farm\",\"isPartOf\":{\"@id\":\"https:\/\/vitaliafarm.com\/#website\"},\"primaryImageOfPage\":{\"@id\":\"https:\/\/vitaliafarm.com\/prodavnica\/biljne-kapi-tinkture\/biljne-kapi-bele-imele\/#primaryimage\"},\"image\":{\"@id\":\"https:\/\/vitaliafarm.com\/prodavnica\/biljne-kapi-tinkture\/biljne-kapi-bele-imele\/#primaryimage\"},\"thumbnailUrl\":\"https:\/\/vitaliafarm.com\/wp-content\/uploads\/2024\/04\/BILJNE-KAPI-BELE-IMELE.png\",\"datePublished\":\"2024-04-19T09:54:52+00:00\",\"dateModified\":\"2026-01-15T22:41:00+00:00\",\"description\":\"Biljne kapi slatkog pelina preporu\u010duju se: kod ja\u010danja imuniteta, kod bakterijskih i gljivi\u010dnih infekcija i kao pomo\u0107no sredstvo kod malignih bolesti.\",\"breadcrumb\":{\"@id\":\"https:\/\/vitaliafarm.com\/prodavnica\/biljne-kapi-tinkture\/biljne-kapi-bele-imele\/#breadcrumb\"},\"inLanguage\":\"en-US\",\"potentialAction\":[{\"@type\":\"ReadAction\",\"target\":[\"https:\/\/vitaliafarm.com\/prodavnica\/biljne-kapi-tinkture\/biljne-kapi-bele-imele\/\"]}]},{\"@type\":\"ImageObject\",\"inLanguage\":\"en-US\",\"@id\":\"https:\/\/vitaliafarm.com\/prodavnica\/biljne-kapi-tinkture\/biljne-kapi-bele-imele\/#primaryimage\",\"url\":\"https:\/\/vitaliafarm.com\/wp-content\/uploads\/2024\/04\/BILJNE-KAPI-BELE-IMELE.png\",\"contentUrl\":\"https:\/\/vitaliafarm.com\/wp-content\/uploads\/2024\/04\/BILJNE-KAPI-BELE-IMELE.png\",\"width\":300,\"height\":400,\"caption\":\"Vitalia Farm - biljne kapi bele imele\"},{\"@type\":\"BreadcrumbList\",\"@id\":\"https:\/\/vitaliafarm.com\/prodavnica\/biljne-kapi-tinkture\/biljne-kapi-bele-imele\/#breadcrumb\",\"itemListElement\":[{\"@type\":\"ListItem\",\"position\":1,\"name\":\"Po\u010detna\",\"item\":\"https:\/\/vitaliafarm.com\/\"},{\"@type\":\"ListItem\",\"position\":2,\"name\":\"Prodavnica\",\"item\":\"https:\/\/vitaliafarm.com\/prodavnica\/\"},{\"@type\":\"ListItem\",\"position\":3,\"name\":\"Biljne kapi bele imele\"}]},{\"@type\":\"WebSite\",\"@id\":\"https:\/\/vitaliafarm.com\/#website\",\"url\":\"https:\/\/vitaliafarm.com\/\",\"name\":\"Vitalia Farm\",\"description\":\"Svet lekovitog bilja\",\"publisher\":{\"@id\":\"https:\/\/vitaliafarm.com\/#organization\"},\"potentialAction\":[{\"@type\":\"SearchAction\",\"target\":{\"@type\":\"EntryPoint\",\"urlTemplate\":\"https:\/\/vitaliafarm.com\/?s={search_term_string}\"},\"query-input\":{\"@type\":\"PropertyValueSpecification\",\"valueRequired\":true,\"valueName\":\"search_term_string\"}}],\"inLanguage\":\"en-US\"},{\"@type\":\"Organization\",\"@id\":\"https:\/\/vitaliafarm.com\/#organization\",\"name\":\"Vitalia Farm d.o.o.\",\"url\":\"https:\/\/vitaliafarm.com\/\",\"logo\":{\"@type\":\"ImageObject\",\"inLanguage\":\"en-US\",\"@id\":\"https:\/\/vitaliafarm.com\/#\/schema\/logo\/image\/\",\"url\":\"https:\/\/vitaliafarm.com\/wp-content\/uploads\/2022\/02\/logo.png\",\"contentUrl\":\"https:\/\/vitaliafarm.com\/wp-content\/uploads\/2022\/02\/logo.png\",\"width\":270,\"height\":111,\"caption\":\"Vitalia Farm d.o.o.\"},\"image\":{\"@id\":\"https:\/\/vitaliafarm.com\/#\/schema\/logo\/image\/\"},\"sameAs\":[\"https:\/\/www.facebook.com\/vitaliafarm\/\",\"https:\/\/www.instagram.com\/vitaliafarm\/\"]}]}<\/script>\n<!-- \/ Yoast SEO plugin. -->","yoast_head_json":{"title":"Biljne kapi bele imele - Vitalia Farm","description":"Biljne kapi slatkog pelina preporu\u010duju se: kod ja\u010danja imuniteta, kod bakterijskih i gljivi\u010dnih infekcija i kao pomo\u0107no sredstvo kod malignih bolesti.","robots":{"index":"index","follow":"follow","max-snippet":"max-snippet:-1","max-image-preview":"max-image-preview:large","max-video-preview":"max-video-preview:-1"},"canonical":"https:\/\/vitaliafarm.com\/en\/prodavnica\/biljne-kapi-tinkture\/biljne-kapi-bele-imele\/","og_locale":"en_US","og_type":"article","og_title":"Biljne kapi bele imele - Vitalia Farm","og_description":"Biljne kapi slatkog pelina preporu\u010duju se: kod ja\u010danja imuniteta, kod bakterijskih i gljivi\u010dnih infekcija i kao pomo\u0107no sredstvo kod malignih bolesti.","og_url":"https:\/\/vitaliafarm.com\/en\/prodavnica\/biljne-kapi-tinkture\/biljne-kapi-bele-imele\/","og_site_name":"Vitalia Farm","article_publisher":"https:\/\/www.facebook.com\/vitaliafarm\/","article_modified_time":"2026-01-15T22:41:00+00:00","og_image":[{"width":300,"height":400,"url":"https:\/\/vitaliafarm.com\/wp-content\/uploads\/2024\/04\/BILJNE-KAPI-BELE-IMELE.png","type":"image\/png"}],"twitter_card":"summary_large_image","twitter_misc":{"Est. reading time":"1 minute"},"schema":{"@context":"https:\/\/schema.org","@graph":[{"@type":"WebPage","@id":"https:\/\/vitaliafarm.com\/prodavnica\/biljne-kapi-tinkture\/biljne-kapi-bele-imele\/","url":"https:\/\/vitaliafarm.com\/prodavnica\/biljne-kapi-tinkture\/biljne-kapi-bele-imele\/","name":"Biljne kapi bele imele - Vitalia Farm","isPartOf":{"@id":"https:\/\/vitaliafarm.com\/#website"},"primaryImageOfPage":{"@id":"https:\/\/vitaliafarm.com\/prodavnica\/biljne-kapi-tinkture\/biljne-kapi-bele-imele\/#primaryimage"},"image":{"@id":"https:\/\/vitaliafarm.com\/prodavnica\/biljne-kapi-tinkture\/biljne-kapi-bele-imele\/#primaryimage"},"thumbnailUrl":"https:\/\/vitaliafarm.com\/wp-content\/uploads\/2024\/04\/BILJNE-KAPI-BELE-IMELE.png","datePublished":"2024-04-19T09:54:52+00:00","dateModified":"2026-01-15T22:41:00+00:00","description":"Biljne kapi slatkog pelina preporu\u010duju se: kod ja\u010danja imuniteta, kod bakterijskih i gljivi\u010dnih infekcija i kao pomo\u0107no sredstvo kod malignih bolesti.","breadcrumb":{"@id":"https:\/\/vitaliafarm.com\/prodavnica\/biljne-kapi-tinkture\/biljne-kapi-bele-imele\/#breadcrumb"},"inLanguage":"en-US","potentialAction":[{"@type":"ReadAction","target":["https:\/\/vitaliafarm.com\/prodavnica\/biljne-kapi-tinkture\/biljne-kapi-bele-imele\/"]}]},{"@type":"ImageObject","inLanguage":"en-US","@id":"https:\/\/vitaliafarm.com\/prodavnica\/biljne-kapi-tinkture\/biljne-kapi-bele-imele\/#primaryimage","url":"https:\/\/vitaliafarm.com\/wp-content\/uploads\/2024\/04\/BILJNE-KAPI-BELE-IMELE.png","contentUrl":"https:\/\/vitaliafarm.com\/wp-content\/uploads\/2024\/04\/BILJNE-KAPI-BELE-IMELE.png","width":300,"height":400,"caption":"Vitalia Farm - biljne kapi bele imele"},{"@type":"BreadcrumbList","@id":"https:\/\/vitaliafarm.com\/prodavnica\/biljne-kapi-tinkture\/biljne-kapi-bele-imele\/#breadcrumb","itemListElement":[{"@type":"ListItem","position":1,"name":"Po\u010detna","item":"https:\/\/vitaliafarm.com\/"},{"@type":"ListItem","position":2,"name":"Prodavnica","item":"https:\/\/vitaliafarm.com\/prodavnica\/"},{"@type":"ListItem","position":3,"name":"Biljne kapi bele imele"}]},{"@type":"WebSite","@id":"https:\/\/vitaliafarm.com\/#website","url":"https:\/\/vitaliafarm.com\/","name":"Vitalia Farm","description":"Svet lekovitog bilja","publisher":{"@id":"https:\/\/vitaliafarm.com\/#organization"},"potentialAction":[{"@type":"SearchAction","target":{"@type":"EntryPoint","urlTemplate":"https:\/\/vitaliafarm.com\/?s={search_term_string}"},"query-input":{"@type":"PropertyValueSpecification","valueRequired":true,"valueName":"search_term_string"}}],"inLanguage":"en-US"},{"@type":"Organization","@id":"https:\/\/vitaliafarm.com\/#organization","name":"Vitalia Farm d.o.o.","url":"https:\/\/vitaliafarm.com\/","logo":{"@type":"ImageObject","inLanguage":"en-US","@id":"https:\/\/vitaliafarm.com\/#\/schema\/logo\/image\/","url":"https:\/\/vitaliafarm.com\/wp-content\/uploads\/2022\/02\/logo.png","contentUrl":"https:\/\/vitaliafarm.com\/wp-content\/uploads\/2022\/02\/logo.png","width":270,"height":111,"caption":"Vitalia Farm d.o.o."},"image":{"@id":"https:\/\/vitaliafarm.com\/#\/schema\/logo\/image\/"},"sameAs":["https:\/\/www.facebook.com\/vitaliafarm\/","https:\/\/www.instagram.com\/vitaliafarm\/"]}]}},"_links":{"self":[{"href":"https:\/\/vitaliafarm.com\/en\/wp-json\/wp\/v2\/product\/6072","targetHints":{"allow":["GET"]}}],"collection":[{"href":"https:\/\/vitaliafarm.com\/en\/wp-json\/wp\/v2\/product"}],"about":[{"href":"https:\/\/vitaliafarm.com\/en\/wp-json\/wp\/v2\/types\/product"}],"replies":[{"embeddable":true,"href":"https:\/\/vitaliafarm.com\/en\/wp-json\/wp\/v2\/comments?post=6072"}],"wp:featuredmedia":[{"embeddable":true,"href":"https:\/\/vitaliafarm.com\/en\/wp-json\/wp\/v2\/media\/6073"}],"wp:attachment":[{"href":"https:\/\/vitaliafarm.com\/en\/wp-json\/wp\/v2\/media?parent=6072"}],"wp:term":[{"taxonomy":"product_brand","embeddable":true,"href":"https:\/\/vitaliafarm.com\/en\/wp-json\/wp\/v2\/product_brand?post=6072"},{"taxonomy":"product_cat","embeddable":true,"href":"https:\/\/vitaliafarm.com\/en\/wp-json\/wp\/v2\/product_cat?post=6072"},{"taxonomy":"product_tag","embeddable":true,"href":"https:\/\/vitaliafarm.com\/en\/wp-json\/wp\/v2\/product_tag?post=6072"}],"curies":[{"name":"wp","href":"https:\/\/api.w.org\/{rel}","templated":true}]}}