
{"id":6138,"date":"2024-08-13T13:14:45","date_gmt":"2024-08-13T11:14:45","guid":{"rendered":"https:\/\/vitaliafarm.com\/?post_type=product&#038;p=6138"},"modified":"2026-03-16T00:13:18","modified_gmt":"2026-03-15T23:13:18","slug":"magnolija-prirodni-dezodorans","status":"publish","type":"product","link":"https:\/\/vitaliafarm.com\/en\/prodavnica\/kozmetika\/magnolija-prirodni-dezodorans\/","title":{"rendered":"Prirodni dezodorans \u2013 Magnolija"},"content":{"rendered":"<p><strong>Sastojci:\u00a0<\/strong>Caprylic\/Capric Triglyceride (emolijens prirodnog porekla),\u00a0Maydis Amylum (kukuruzni skrob), Cera Alba (p\u010delinji vosak), Butyrospermum Parkii (Shea) Butter, Cocos Nucifera (Coconut) Oil (kokosovo ulje), Sodium Bicarbonate (soda bikarbona),\u00a0Parfum (mirisno ulje magnolija), Tocopheryl Acetate (vitamin E), *a-Isomethyl Ionone, *Benzyl Benzoate, *Benzyl Salicylate, *Citronellol, *Eugenol, *Geraniol, *Hexyl Cinnamal, *Butylphenyl Methylpropional, *Linallol.<\/p>\n<p>*sastojci mirisnog ulja<\/p>\n<p><strong>Na\u010din upotrebe<\/strong>: Naneti na \u010distu i suvu ko\u017eu. Izbegavati nano\u0161enje neposredno nakon depilacije i na o\u0161te\u0107enu ko\u017eu.<\/p>\n<p><strong>Na\u010din \u010duvanja:<\/strong>\u00a0\u010cuvati na sobnoj temperaturi.<\/p>\n<p><strong>Pakovanje: 30 gr<\/strong><\/p>\n<p><strong>Upozorenje na alergene:<\/strong> Osobama sa izrazito osetljivom ko\u017eom na odre\u0111ene alergene savetujemo oprez i prethodno testiranje dezodoransa na ko\u017ei jer u sastav mirisnog ulja magnolija ulaze alergeni:<em> a-Isomethyl Ionone, Benzyl Benzoate, Benzyl Salicylate, Citronellol, Eugenol, Geraniol, Hexyl Cinnamal, Butylphenyl Methylpropional, Linallol.<\/em><\/p>\n<p>&nbsp;<\/p>\n<p><strong>Proizvodi<\/strong>: \u201cVitalia Farm\u201cd.o.o., Beograd, Srbija<\/p>","protected":false},"excerpt":{"rendered":"<p>Prirodni dezodorans u stiku veoma efikasno neutrali\u0161e neprijatne mirise i\u00a0ne spre\u010dava normalnu funkciju znojenja. Izra\u0111en je od prirodnih ulja i butera, ne sadr\u017ei alkohol, parabene i soli aluminijuma.<\/p>\n<p>Zahvaljuju\u0107i konstantnom unapre\u0111enju formulacije postignuta je visoka efikasnost i dobra razmazivost. Koriste\u0107i minimalan sadr\u017eaj masno\u0107a smanjena je mogu\u0107nost stvaranja masnih fleka na ode\u0107i.<\/p>","protected":false},"featured_media":6139,"comment_status":"open","ping_status":"closed","template":"","meta":{"_monsterinsights_skip_tracking":false,"_monsterinsights_sitenote_active":false,"_monsterinsights_sitenote_note":"","_monsterinsights_sitenote_category":0},"product_brand":[],"product_cat":[964],"product_tag":[1052,1012,1013,1037,1004,1007,830],"class_list":{"0":"post-6138","1":"product","2":"type-product","3":"status-publish","4":"has-post-thumbnail","6":"product_cat-kozmetika","7":"product_tag-kvalitetna-prirodna-kozmetika","8":"product_tag-magnolija","9":"product_tag-prirodni-dezodorans","10":"product_tag-prirodni-kozmeticki-proizvodi","11":"product_tag-prirodni-lek","12":"product_tag-prirodni-preparat","13":"product_tag-vitalia-farm","15":"first","16":"instock","17":"taxable","18":"shipping-taxable","19":"purchasable","20":"product-type-simple"},"aioseo_notices":[],"yoast_head":"<!-- This site is optimized with the Yoast SEO plugin v26.2 - https:\/\/yoast.com\/wordpress\/plugins\/seo\/ -->\n<title>Prirodni dezodorans \u2013 Magnolija - Vitalia Farm<\/title>\n<meta name=\"description\" content=\"Prirodni dezodorans u stiku veoma efikasno neutrali\u0161e neprijatne mirise i\u00a0ne spre\u010dava normalnu funkciju znojenja. Izra\u0111en je od prirodnih ulja i butera, ne sadr\u017ei alkohol, parabene i soli aluminijuma.\" \/>\n<meta name=\"robots\" content=\"index, follow, max-snippet:-1, max-image-preview:large, max-video-preview:-1\" \/>\n<link rel=\"canonical\" href=\"https:\/\/vitaliafarm.com\/en\/prodavnica\/kozmetika\/magnolija-prirodni-dezodorans\/\" \/>\n<meta property=\"og:locale\" content=\"en_US\" \/>\n<meta property=\"og:type\" content=\"article\" \/>\n<meta property=\"og:title\" content=\"Prirodni dezodorans \u2013 Magnolija - Vitalia Farm\" \/>\n<meta property=\"og:description\" content=\"Prirodni dezodorans u stiku veoma efikasno neutrali\u0161e neprijatne mirise i\u00a0ne spre\u010dava normalnu funkciju znojenja. Izra\u0111en je od prirodnih ulja i butera, ne sadr\u017ei alkohol, parabene i soli aluminijuma.\" \/>\n<meta property=\"og:url\" content=\"https:\/\/vitaliafarm.com\/en\/prodavnica\/kozmetika\/magnolija-prirodni-dezodorans\/\" \/>\n<meta property=\"og:site_name\" content=\"Vitalia Farm\" \/>\n<meta property=\"article:publisher\" content=\"https:\/\/www.facebook.com\/vitaliafarm\/\" \/>\n<meta property=\"article:modified_time\" content=\"2026-03-15T23:13:18+00:00\" \/>\n<meta property=\"og:image\" content=\"https:\/\/vitaliafarm.com\/wp-content\/uploads\/2024\/08\/Magnolija-prirodni-dezodorans.png\" \/>\n\t<meta property=\"og:image:width\" content=\"600\" \/>\n\t<meta property=\"og:image:height\" content=\"665\" \/>\n\t<meta property=\"og:image:type\" content=\"image\/png\" \/>\n<meta name=\"twitter:card\" content=\"summary_large_image\" \/>\n<meta name=\"twitter:label1\" content=\"Est. reading time\" \/>\n\t<meta name=\"twitter:data1\" content=\"1 minute\" \/>\n<script type=\"application\/ld+json\" class=\"yoast-schema-graph\">{\"@context\":\"https:\/\/schema.org\",\"@graph\":[{\"@type\":\"WebPage\",\"@id\":\"https:\/\/vitaliafarm.com\/prodavnica\/kozmetika\/magnolija-prirodni-dezodorans\/\",\"url\":\"https:\/\/vitaliafarm.com\/prodavnica\/kozmetika\/magnolija-prirodni-dezodorans\/\",\"name\":\"Prirodni dezodorans \u2013 Magnolija - Vitalia Farm\",\"isPartOf\":{\"@id\":\"https:\/\/vitaliafarm.com\/#website\"},\"primaryImageOfPage\":{\"@id\":\"https:\/\/vitaliafarm.com\/prodavnica\/kozmetika\/magnolija-prirodni-dezodorans\/#primaryimage\"},\"image\":{\"@id\":\"https:\/\/vitaliafarm.com\/prodavnica\/kozmetika\/magnolija-prirodni-dezodorans\/#primaryimage\"},\"thumbnailUrl\":\"https:\/\/vitaliafarm.com\/wp-content\/uploads\/2024\/08\/Magnolija-prirodni-dezodorans.png\",\"datePublished\":\"2024-08-13T11:14:45+00:00\",\"dateModified\":\"2026-03-15T23:13:18+00:00\",\"description\":\"Prirodni dezodorans u stiku veoma efikasno neutrali\u0161e neprijatne mirise i\u00a0ne spre\u010dava normalnu funkciju znojenja. Izra\u0111en je od prirodnih ulja i butera, ne sadr\u017ei alkohol, parabene i soli aluminijuma.\",\"breadcrumb\":{\"@id\":\"https:\/\/vitaliafarm.com\/prodavnica\/kozmetika\/magnolija-prirodni-dezodorans\/#breadcrumb\"},\"inLanguage\":\"en-US\",\"potentialAction\":[{\"@type\":\"ReadAction\",\"target\":[\"https:\/\/vitaliafarm.com\/prodavnica\/kozmetika\/magnolija-prirodni-dezodorans\/\"]}]},{\"@type\":\"ImageObject\",\"inLanguage\":\"en-US\",\"@id\":\"https:\/\/vitaliafarm.com\/prodavnica\/kozmetika\/magnolija-prirodni-dezodorans\/#primaryimage\",\"url\":\"https:\/\/vitaliafarm.com\/wp-content\/uploads\/2024\/08\/Magnolija-prirodni-dezodorans.png\",\"contentUrl\":\"https:\/\/vitaliafarm.com\/wp-content\/uploads\/2024\/08\/Magnolija-prirodni-dezodorans.png\",\"width\":600,\"height\":665,\"caption\":\"Magnolija - prirodni dezodorans\"},{\"@type\":\"BreadcrumbList\",\"@id\":\"https:\/\/vitaliafarm.com\/prodavnica\/kozmetika\/magnolija-prirodni-dezodorans\/#breadcrumb\",\"itemListElement\":[{\"@type\":\"ListItem\",\"position\":1,\"name\":\"Po\u010detna\",\"item\":\"https:\/\/vitaliafarm.com\/\"},{\"@type\":\"ListItem\",\"position\":2,\"name\":\"Prodavnica\",\"item\":\"https:\/\/vitaliafarm.com\/prodavnica\/\"},{\"@type\":\"ListItem\",\"position\":3,\"name\":\"Prirodni dezodorans \u2013 Magnolija\"}]},{\"@type\":\"WebSite\",\"@id\":\"https:\/\/vitaliafarm.com\/#website\",\"url\":\"https:\/\/vitaliafarm.com\/\",\"name\":\"Vitalia Farm\",\"description\":\"Svet lekovitog bilja\",\"publisher\":{\"@id\":\"https:\/\/vitaliafarm.com\/#organization\"},\"potentialAction\":[{\"@type\":\"SearchAction\",\"target\":{\"@type\":\"EntryPoint\",\"urlTemplate\":\"https:\/\/vitaliafarm.com\/?s={search_term_string}\"},\"query-input\":{\"@type\":\"PropertyValueSpecification\",\"valueRequired\":true,\"valueName\":\"search_term_string\"}}],\"inLanguage\":\"en-US\"},{\"@type\":\"Organization\",\"@id\":\"https:\/\/vitaliafarm.com\/#organization\",\"name\":\"Vitalia Farm d.o.o.\",\"url\":\"https:\/\/vitaliafarm.com\/\",\"logo\":{\"@type\":\"ImageObject\",\"inLanguage\":\"en-US\",\"@id\":\"https:\/\/vitaliafarm.com\/#\/schema\/logo\/image\/\",\"url\":\"https:\/\/vitaliafarm.com\/wp-content\/uploads\/2022\/02\/logo.png\",\"contentUrl\":\"https:\/\/vitaliafarm.com\/wp-content\/uploads\/2022\/02\/logo.png\",\"width\":270,\"height\":111,\"caption\":\"Vitalia Farm d.o.o.\"},\"image\":{\"@id\":\"https:\/\/vitaliafarm.com\/#\/schema\/logo\/image\/\"},\"sameAs\":[\"https:\/\/www.facebook.com\/vitaliafarm\/\",\"https:\/\/www.instagram.com\/vitaliafarm\/\"]}]}<\/script>\n<!-- \/ Yoast SEO plugin. -->","yoast_head_json":{"title":"Prirodni dezodorans \u2013 Magnolija - Vitalia Farm","description":"Prirodni dezodorans u stiku veoma efikasno neutrali\u0161e neprijatne mirise i\u00a0ne spre\u010dava normalnu funkciju znojenja. Izra\u0111en je od prirodnih ulja i butera, ne sadr\u017ei alkohol, parabene i soli aluminijuma.","robots":{"index":"index","follow":"follow","max-snippet":"max-snippet:-1","max-image-preview":"max-image-preview:large","max-video-preview":"max-video-preview:-1"},"canonical":"https:\/\/vitaliafarm.com\/en\/prodavnica\/kozmetika\/magnolija-prirodni-dezodorans\/","og_locale":"en_US","og_type":"article","og_title":"Prirodni dezodorans \u2013 Magnolija - Vitalia Farm","og_description":"Prirodni dezodorans u stiku veoma efikasno neutrali\u0161e neprijatne mirise i\u00a0ne spre\u010dava normalnu funkciju znojenja. Izra\u0111en je od prirodnih ulja i butera, ne sadr\u017ei alkohol, parabene i soli aluminijuma.","og_url":"https:\/\/vitaliafarm.com\/en\/prodavnica\/kozmetika\/magnolija-prirodni-dezodorans\/","og_site_name":"Vitalia Farm","article_publisher":"https:\/\/www.facebook.com\/vitaliafarm\/","article_modified_time":"2026-03-15T23:13:18+00:00","og_image":[{"width":600,"height":665,"url":"https:\/\/vitaliafarm.com\/wp-content\/uploads\/2024\/08\/Magnolija-prirodni-dezodorans.png","type":"image\/png"}],"twitter_card":"summary_large_image","twitter_misc":{"Est. reading time":"1 minute"},"schema":{"@context":"https:\/\/schema.org","@graph":[{"@type":"WebPage","@id":"https:\/\/vitaliafarm.com\/prodavnica\/kozmetika\/magnolija-prirodni-dezodorans\/","url":"https:\/\/vitaliafarm.com\/prodavnica\/kozmetika\/magnolija-prirodni-dezodorans\/","name":"Prirodni dezodorans \u2013 Magnolija - Vitalia Farm","isPartOf":{"@id":"https:\/\/vitaliafarm.com\/#website"},"primaryImageOfPage":{"@id":"https:\/\/vitaliafarm.com\/prodavnica\/kozmetika\/magnolija-prirodni-dezodorans\/#primaryimage"},"image":{"@id":"https:\/\/vitaliafarm.com\/prodavnica\/kozmetika\/magnolija-prirodni-dezodorans\/#primaryimage"},"thumbnailUrl":"https:\/\/vitaliafarm.com\/wp-content\/uploads\/2024\/08\/Magnolija-prirodni-dezodorans.png","datePublished":"2024-08-13T11:14:45+00:00","dateModified":"2026-03-15T23:13:18+00:00","description":"Prirodni dezodorans u stiku veoma efikasno neutrali\u0161e neprijatne mirise i\u00a0ne spre\u010dava normalnu funkciju znojenja. Izra\u0111en je od prirodnih ulja i butera, ne sadr\u017ei alkohol, parabene i soli aluminijuma.","breadcrumb":{"@id":"https:\/\/vitaliafarm.com\/prodavnica\/kozmetika\/magnolija-prirodni-dezodorans\/#breadcrumb"},"inLanguage":"en-US","potentialAction":[{"@type":"ReadAction","target":["https:\/\/vitaliafarm.com\/prodavnica\/kozmetika\/magnolija-prirodni-dezodorans\/"]}]},{"@type":"ImageObject","inLanguage":"en-US","@id":"https:\/\/vitaliafarm.com\/prodavnica\/kozmetika\/magnolija-prirodni-dezodorans\/#primaryimage","url":"https:\/\/vitaliafarm.com\/wp-content\/uploads\/2024\/08\/Magnolija-prirodni-dezodorans.png","contentUrl":"https:\/\/vitaliafarm.com\/wp-content\/uploads\/2024\/08\/Magnolija-prirodni-dezodorans.png","width":600,"height":665,"caption":"Magnolija - prirodni dezodorans"},{"@type":"BreadcrumbList","@id":"https:\/\/vitaliafarm.com\/prodavnica\/kozmetika\/magnolija-prirodni-dezodorans\/#breadcrumb","itemListElement":[{"@type":"ListItem","position":1,"name":"Po\u010detna","item":"https:\/\/vitaliafarm.com\/"},{"@type":"ListItem","position":2,"name":"Prodavnica","item":"https:\/\/vitaliafarm.com\/prodavnica\/"},{"@type":"ListItem","position":3,"name":"Prirodni dezodorans \u2013 Magnolija"}]},{"@type":"WebSite","@id":"https:\/\/vitaliafarm.com\/#website","url":"https:\/\/vitaliafarm.com\/","name":"Vitalia Farm","description":"Svet lekovitog bilja","publisher":{"@id":"https:\/\/vitaliafarm.com\/#organization"},"potentialAction":[{"@type":"SearchAction","target":{"@type":"EntryPoint","urlTemplate":"https:\/\/vitaliafarm.com\/?s={search_term_string}"},"query-input":{"@type":"PropertyValueSpecification","valueRequired":true,"valueName":"search_term_string"}}],"inLanguage":"en-US"},{"@type":"Organization","@id":"https:\/\/vitaliafarm.com\/#organization","name":"Vitalia Farm d.o.o.","url":"https:\/\/vitaliafarm.com\/","logo":{"@type":"ImageObject","inLanguage":"en-US","@id":"https:\/\/vitaliafarm.com\/#\/schema\/logo\/image\/","url":"https:\/\/vitaliafarm.com\/wp-content\/uploads\/2022\/02\/logo.png","contentUrl":"https:\/\/vitaliafarm.com\/wp-content\/uploads\/2022\/02\/logo.png","width":270,"height":111,"caption":"Vitalia Farm d.o.o."},"image":{"@id":"https:\/\/vitaliafarm.com\/#\/schema\/logo\/image\/"},"sameAs":["https:\/\/www.facebook.com\/vitaliafarm\/","https:\/\/www.instagram.com\/vitaliafarm\/"]}]}},"_links":{"self":[{"href":"https:\/\/vitaliafarm.com\/en\/wp-json\/wp\/v2\/product\/6138","targetHints":{"allow":["GET"]}}],"collection":[{"href":"https:\/\/vitaliafarm.com\/en\/wp-json\/wp\/v2\/product"}],"about":[{"href":"https:\/\/vitaliafarm.com\/en\/wp-json\/wp\/v2\/types\/product"}],"replies":[{"embeddable":true,"href":"https:\/\/vitaliafarm.com\/en\/wp-json\/wp\/v2\/comments?post=6138"}],"wp:featuredmedia":[{"embeddable":true,"href":"https:\/\/vitaliafarm.com\/en\/wp-json\/wp\/v2\/media\/6139"}],"wp:attachment":[{"href":"https:\/\/vitaliafarm.com\/en\/wp-json\/wp\/v2\/media?parent=6138"}],"wp:term":[{"taxonomy":"product_brand","embeddable":true,"href":"https:\/\/vitaliafarm.com\/en\/wp-json\/wp\/v2\/product_brand?post=6138"},{"taxonomy":"product_cat","embeddable":true,"href":"https:\/\/vitaliafarm.com\/en\/wp-json\/wp\/v2\/product_cat?post=6138"},{"taxonomy":"product_tag","embeddable":true,"href":"https:\/\/vitaliafarm.com\/en\/wp-json\/wp\/v2\/product_tag?post=6138"}],"curies":[{"name":"wp","href":"https:\/\/api.w.org\/{rel}","templated":true}]}}