
{"id":6142,"date":"2024-08-13T13:30:08","date_gmt":"2024-08-13T11:30:08","guid":{"rendered":"https:\/\/vitaliafarm.com\/?post_type=product&#038;p=6142"},"modified":"2026-03-16T00:12:55","modified_gmt":"2026-03-15T23:12:55","slug":"ruza-tonik-za-lice","status":"publish","type":"product","link":"https:\/\/vitaliafarm.com\/en\/prodavnica\/kozmetika\/ruza-tonik-za-lice\/","title":{"rendered":"Tonik za lice &#8211; Ru\u017ea"},"content":{"rendered":"<p><strong>Sastojci:<\/strong>\u00a0Rosa Damascena Flower Water (hidrolat ru\u017ee), Glycerin, Benzyl Alcohol and Dehydroacetic Acid (*Geogard 221), Allantoin.<\/p>\n<p>*\u00a0konzervans dozvoljen u prirodnoj kozmetici<\/p>\n<p><strong>Na\u010din upotrebe:<\/strong>\u00a0Tonik naneti tuferom na \u010disto lice pre seruma. Mo\u017ee se koristiti vi\u0161e puta u toku dana.<\/p>\n<p><strong>Na\u010din \u010duvanja:<\/strong>\u00a0\u010cuvati na sobnoj temperaturi.<\/p>\n<p><strong>Pakovanje: 50 ml<\/strong><\/p>\n<p><strong>Proizvodi<\/strong>: \u201cVitalia Farm\u201cd.o.o., Beograd, Srbija<\/p>","protected":false},"excerpt":{"rendered":"<p>Prirodni tonik za lice je na bazi hidrolata ru\u017ee koji je nastao prilikom destilacije etarskog ulja ru\u017ee pa samim tim ne sadr\u017ei alkohol i ne iritira ko\u017eu. Obezbe\u0111uje dubinsku hidrataciju, blago \u010disti i osve\u017eava ko\u017eu, uklanja zaostale ne\u010disto\u0107e iz pora i su\u017eava ih.<\/p>\n<p><strong>Preporu\u010duje se za:<\/strong><\/p>\n<ul>\n<li>negu suve i zrele ko\u017ee<\/li>\n<\/ul>\n<p><strong>Redovna upotreba tonika doprinosi:<\/strong><\/p>\n<ul>\n<li>umanjenju znakova starenja<\/li>\n<li>umirenju upalnih procesa i iritacije ko\u017ee<\/li>\n<li>zarastanju manjih o\u0161te\u0107enja<\/li>\n<\/ul>","protected":false},"featured_media":6144,"comment_status":"open","ping_status":"closed","template":"","meta":{"_monsterinsights_skip_tracking":false,"_monsterinsights_sitenote_active":false,"_monsterinsights_sitenote_note":"","_monsterinsights_sitenote_category":0},"product_brand":[],"product_cat":[964],"product_tag":[702,1004,1007,1016,1018,1017,1015,830,1019],"class_list":{"0":"post-6142","1":"product","2":"type-product","3":"status-publish","4":"has-post-thumbnail","6":"product_cat-kozmetika","7":"product_tag-iritacija-koze","8":"product_tag-prirodni-lek","9":"product_tag-prirodni-preparat","10":"product_tag-prirodni-tonik","11":"product_tag-smirenje-upala","12":"product_tag-tonik-ruza","13":"product_tag-tonik-za-lice","14":"product_tag-vitalia-farm","15":"product_tag-zarastanje","17":"first","18":"instock","19":"taxable","20":"shipping-taxable","21":"purchasable","22":"product-type-simple"},"aioseo_notices":[],"yoast_head":"<!-- This site is optimized with the Yoast SEO plugin v26.2 - https:\/\/yoast.com\/wordpress\/plugins\/seo\/ -->\n<title>Tonik za lice - Ru\u017ea - Vitalia Farm<\/title>\n<meta name=\"description\" content=\"Prirodni tonik za lice na bazi hidrolata ru\u017ee obezbe\u0111uje dubinsku hidrataciju, blago \u010disti i osve\u017eava ko\u017eu, uklanja zaostale ne\u010disto\u0107e iz pora i su\u017eava ih.\" \/>\n<meta name=\"robots\" content=\"index, follow, max-snippet:-1, max-image-preview:large, max-video-preview:-1\" \/>\n<link rel=\"canonical\" href=\"https:\/\/vitaliafarm.com\/en\/prodavnica\/kozmetika\/ruza-tonik-za-lice\/\" \/>\n<meta property=\"og:locale\" content=\"en_US\" \/>\n<meta property=\"og:type\" content=\"article\" \/>\n<meta property=\"og:title\" content=\"Tonik za lice - Ru\u017ea - Vitalia Farm\" \/>\n<meta property=\"og:description\" content=\"Prirodni tonik za lice na bazi hidrolata ru\u017ee obezbe\u0111uje dubinsku hidrataciju, blago \u010disti i osve\u017eava ko\u017eu, uklanja zaostale ne\u010disto\u0107e iz pora i su\u017eava ih.\" \/>\n<meta property=\"og:url\" content=\"https:\/\/vitaliafarm.com\/en\/prodavnica\/kozmetika\/ruza-tonik-za-lice\/\" \/>\n<meta property=\"og:site_name\" content=\"Vitalia Farm\" \/>\n<meta property=\"article:publisher\" content=\"https:\/\/www.facebook.com\/vitaliafarm\/\" \/>\n<meta property=\"article:modified_time\" content=\"2026-03-15T23:12:55+00:00\" \/>\n<meta property=\"og:image\" content=\"https:\/\/vitaliafarm.com\/wp-content\/uploads\/2024\/08\/Ruza-tonik-za-lice.png\" \/>\n\t<meta property=\"og:image:width\" content=\"600\" \/>\n\t<meta property=\"og:image:height\" content=\"665\" \/>\n\t<meta property=\"og:image:type\" content=\"image\/png\" \/>\n<meta name=\"twitter:card\" content=\"summary_large_image\" \/>\n<script type=\"application\/ld+json\" class=\"yoast-schema-graph\">{\"@context\":\"https:\/\/schema.org\",\"@graph\":[{\"@type\":\"WebPage\",\"@id\":\"https:\/\/vitaliafarm.com\/prodavnica\/kozmetika\/ruza-tonik-za-lice\/\",\"url\":\"https:\/\/vitaliafarm.com\/prodavnica\/kozmetika\/ruza-tonik-za-lice\/\",\"name\":\"Tonik za lice - Ru\u017ea - Vitalia Farm\",\"isPartOf\":{\"@id\":\"https:\/\/vitaliafarm.com\/#website\"},\"primaryImageOfPage\":{\"@id\":\"https:\/\/vitaliafarm.com\/prodavnica\/kozmetika\/ruza-tonik-za-lice\/#primaryimage\"},\"image\":{\"@id\":\"https:\/\/vitaliafarm.com\/prodavnica\/kozmetika\/ruza-tonik-za-lice\/#primaryimage\"},\"thumbnailUrl\":\"https:\/\/vitaliafarm.com\/wp-content\/uploads\/2024\/08\/Ruza-tonik-za-lice.png\",\"datePublished\":\"2024-08-13T11:30:08+00:00\",\"dateModified\":\"2026-03-15T23:12:55+00:00\",\"description\":\"Prirodni tonik za lice na bazi hidrolata ru\u017ee obezbe\u0111uje dubinsku hidrataciju, blago \u010disti i osve\u017eava ko\u017eu, uklanja zaostale ne\u010disto\u0107e iz pora i su\u017eava ih.\",\"breadcrumb\":{\"@id\":\"https:\/\/vitaliafarm.com\/prodavnica\/kozmetika\/ruza-tonik-za-lice\/#breadcrumb\"},\"inLanguage\":\"en-US\",\"potentialAction\":[{\"@type\":\"ReadAction\",\"target\":[\"https:\/\/vitaliafarm.com\/prodavnica\/kozmetika\/ruza-tonik-za-lice\/\"]}]},{\"@type\":\"ImageObject\",\"inLanguage\":\"en-US\",\"@id\":\"https:\/\/vitaliafarm.com\/prodavnica\/kozmetika\/ruza-tonik-za-lice\/#primaryimage\",\"url\":\"https:\/\/vitaliafarm.com\/wp-content\/uploads\/2024\/08\/Ruza-tonik-za-lice.png\",\"contentUrl\":\"https:\/\/vitaliafarm.com\/wp-content\/uploads\/2024\/08\/Ruza-tonik-za-lice.png\",\"width\":600,\"height\":665,\"caption\":\"Ru\u017ea - tonik za lice\"},{\"@type\":\"BreadcrumbList\",\"@id\":\"https:\/\/vitaliafarm.com\/prodavnica\/kozmetika\/ruza-tonik-za-lice\/#breadcrumb\",\"itemListElement\":[{\"@type\":\"ListItem\",\"position\":1,\"name\":\"Po\u010detna\",\"item\":\"https:\/\/vitaliafarm.com\/\"},{\"@type\":\"ListItem\",\"position\":2,\"name\":\"Prodavnica\",\"item\":\"https:\/\/vitaliafarm.com\/prodavnica\/\"},{\"@type\":\"ListItem\",\"position\":3,\"name\":\"Tonik za lice &#8211; Ru\u017ea\"}]},{\"@type\":\"WebSite\",\"@id\":\"https:\/\/vitaliafarm.com\/#website\",\"url\":\"https:\/\/vitaliafarm.com\/\",\"name\":\"Vitalia Farm\",\"description\":\"Svet lekovitog bilja\",\"publisher\":{\"@id\":\"https:\/\/vitaliafarm.com\/#organization\"},\"potentialAction\":[{\"@type\":\"SearchAction\",\"target\":{\"@type\":\"EntryPoint\",\"urlTemplate\":\"https:\/\/vitaliafarm.com\/?s={search_term_string}\"},\"query-input\":{\"@type\":\"PropertyValueSpecification\",\"valueRequired\":true,\"valueName\":\"search_term_string\"}}],\"inLanguage\":\"en-US\"},{\"@type\":\"Organization\",\"@id\":\"https:\/\/vitaliafarm.com\/#organization\",\"name\":\"Vitalia Farm d.o.o.\",\"url\":\"https:\/\/vitaliafarm.com\/\",\"logo\":{\"@type\":\"ImageObject\",\"inLanguage\":\"en-US\",\"@id\":\"https:\/\/vitaliafarm.com\/#\/schema\/logo\/image\/\",\"url\":\"https:\/\/vitaliafarm.com\/wp-content\/uploads\/2022\/02\/logo.png\",\"contentUrl\":\"https:\/\/vitaliafarm.com\/wp-content\/uploads\/2022\/02\/logo.png\",\"width\":270,\"height\":111,\"caption\":\"Vitalia Farm d.o.o.\"},\"image\":{\"@id\":\"https:\/\/vitaliafarm.com\/#\/schema\/logo\/image\/\"},\"sameAs\":[\"https:\/\/www.facebook.com\/vitaliafarm\/\",\"https:\/\/www.instagram.com\/vitaliafarm\/\"]}]}<\/script>\n<!-- \/ Yoast SEO plugin. -->","yoast_head_json":{"title":"Tonik za lice - Ru\u017ea - Vitalia Farm","description":"Prirodni tonik za lice na bazi hidrolata ru\u017ee obezbe\u0111uje dubinsku hidrataciju, blago \u010disti i osve\u017eava ko\u017eu, uklanja zaostale ne\u010disto\u0107e iz pora i su\u017eava ih.","robots":{"index":"index","follow":"follow","max-snippet":"max-snippet:-1","max-image-preview":"max-image-preview:large","max-video-preview":"max-video-preview:-1"},"canonical":"https:\/\/vitaliafarm.com\/en\/prodavnica\/kozmetika\/ruza-tonik-za-lice\/","og_locale":"en_US","og_type":"article","og_title":"Tonik za lice - Ru\u017ea - Vitalia Farm","og_description":"Prirodni tonik za lice na bazi hidrolata ru\u017ee obezbe\u0111uje dubinsku hidrataciju, blago \u010disti i osve\u017eava ko\u017eu, uklanja zaostale ne\u010disto\u0107e iz pora i su\u017eava ih.","og_url":"https:\/\/vitaliafarm.com\/en\/prodavnica\/kozmetika\/ruza-tonik-za-lice\/","og_site_name":"Vitalia Farm","article_publisher":"https:\/\/www.facebook.com\/vitaliafarm\/","article_modified_time":"2026-03-15T23:12:55+00:00","og_image":[{"width":600,"height":665,"url":"https:\/\/vitaliafarm.com\/wp-content\/uploads\/2024\/08\/Ruza-tonik-za-lice.png","type":"image\/png"}],"twitter_card":"summary_large_image","schema":{"@context":"https:\/\/schema.org","@graph":[{"@type":"WebPage","@id":"https:\/\/vitaliafarm.com\/prodavnica\/kozmetika\/ruza-tonik-za-lice\/","url":"https:\/\/vitaliafarm.com\/prodavnica\/kozmetika\/ruza-tonik-za-lice\/","name":"Tonik za lice - Ru\u017ea - Vitalia Farm","isPartOf":{"@id":"https:\/\/vitaliafarm.com\/#website"},"primaryImageOfPage":{"@id":"https:\/\/vitaliafarm.com\/prodavnica\/kozmetika\/ruza-tonik-za-lice\/#primaryimage"},"image":{"@id":"https:\/\/vitaliafarm.com\/prodavnica\/kozmetika\/ruza-tonik-za-lice\/#primaryimage"},"thumbnailUrl":"https:\/\/vitaliafarm.com\/wp-content\/uploads\/2024\/08\/Ruza-tonik-za-lice.png","datePublished":"2024-08-13T11:30:08+00:00","dateModified":"2026-03-15T23:12:55+00:00","description":"Prirodni tonik za lice na bazi hidrolata ru\u017ee obezbe\u0111uje dubinsku hidrataciju, blago \u010disti i osve\u017eava ko\u017eu, uklanja zaostale ne\u010disto\u0107e iz pora i su\u017eava ih.","breadcrumb":{"@id":"https:\/\/vitaliafarm.com\/prodavnica\/kozmetika\/ruza-tonik-za-lice\/#breadcrumb"},"inLanguage":"en-US","potentialAction":[{"@type":"ReadAction","target":["https:\/\/vitaliafarm.com\/prodavnica\/kozmetika\/ruza-tonik-za-lice\/"]}]},{"@type":"ImageObject","inLanguage":"en-US","@id":"https:\/\/vitaliafarm.com\/prodavnica\/kozmetika\/ruza-tonik-za-lice\/#primaryimage","url":"https:\/\/vitaliafarm.com\/wp-content\/uploads\/2024\/08\/Ruza-tonik-za-lice.png","contentUrl":"https:\/\/vitaliafarm.com\/wp-content\/uploads\/2024\/08\/Ruza-tonik-za-lice.png","width":600,"height":665,"caption":"Ru\u017ea - tonik za lice"},{"@type":"BreadcrumbList","@id":"https:\/\/vitaliafarm.com\/prodavnica\/kozmetika\/ruza-tonik-za-lice\/#breadcrumb","itemListElement":[{"@type":"ListItem","position":1,"name":"Po\u010detna","item":"https:\/\/vitaliafarm.com\/"},{"@type":"ListItem","position":2,"name":"Prodavnica","item":"https:\/\/vitaliafarm.com\/prodavnica\/"},{"@type":"ListItem","position":3,"name":"Tonik za lice &#8211; Ru\u017ea"}]},{"@type":"WebSite","@id":"https:\/\/vitaliafarm.com\/#website","url":"https:\/\/vitaliafarm.com\/","name":"Vitalia Farm","description":"Svet lekovitog bilja","publisher":{"@id":"https:\/\/vitaliafarm.com\/#organization"},"potentialAction":[{"@type":"SearchAction","target":{"@type":"EntryPoint","urlTemplate":"https:\/\/vitaliafarm.com\/?s={search_term_string}"},"query-input":{"@type":"PropertyValueSpecification","valueRequired":true,"valueName":"search_term_string"}}],"inLanguage":"en-US"},{"@type":"Organization","@id":"https:\/\/vitaliafarm.com\/#organization","name":"Vitalia Farm d.o.o.","url":"https:\/\/vitaliafarm.com\/","logo":{"@type":"ImageObject","inLanguage":"en-US","@id":"https:\/\/vitaliafarm.com\/#\/schema\/logo\/image\/","url":"https:\/\/vitaliafarm.com\/wp-content\/uploads\/2022\/02\/logo.png","contentUrl":"https:\/\/vitaliafarm.com\/wp-content\/uploads\/2022\/02\/logo.png","width":270,"height":111,"caption":"Vitalia Farm d.o.o."},"image":{"@id":"https:\/\/vitaliafarm.com\/#\/schema\/logo\/image\/"},"sameAs":["https:\/\/www.facebook.com\/vitaliafarm\/","https:\/\/www.instagram.com\/vitaliafarm\/"]}]}},"_links":{"self":[{"href":"https:\/\/vitaliafarm.com\/en\/wp-json\/wp\/v2\/product\/6142","targetHints":{"allow":["GET"]}}],"collection":[{"href":"https:\/\/vitaliafarm.com\/en\/wp-json\/wp\/v2\/product"}],"about":[{"href":"https:\/\/vitaliafarm.com\/en\/wp-json\/wp\/v2\/types\/product"}],"replies":[{"embeddable":true,"href":"https:\/\/vitaliafarm.com\/en\/wp-json\/wp\/v2\/comments?post=6142"}],"wp:featuredmedia":[{"embeddable":true,"href":"https:\/\/vitaliafarm.com\/en\/wp-json\/wp\/v2\/media\/6144"}],"wp:attachment":[{"href":"https:\/\/vitaliafarm.com\/en\/wp-json\/wp\/v2\/media?parent=6142"}],"wp:term":[{"taxonomy":"product_brand","embeddable":true,"href":"https:\/\/vitaliafarm.com\/en\/wp-json\/wp\/v2\/product_brand?post=6142"},{"taxonomy":"product_cat","embeddable":true,"href":"https:\/\/vitaliafarm.com\/en\/wp-json\/wp\/v2\/product_cat?post=6142"},{"taxonomy":"product_tag","embeddable":true,"href":"https:\/\/vitaliafarm.com\/en\/wp-json\/wp\/v2\/product_tag?post=6142"}],"curies":[{"name":"wp","href":"https:\/\/api.w.org\/{rel}","templated":true}]}}