
{"id":6147,"date":"2024-08-13T13:36:20","date_gmt":"2024-08-13T11:36:20","guid":{"rendered":"https:\/\/vitaliafarm.com\/?post_type=product&#038;p=6147"},"modified":"2026-03-16T00:12:32","modified_gmt":"2026-03-15T23:12:32","slug":"serum-za-lice-za-normalnu-i-suvu-kozu","status":"publish","type":"product","link":"https:\/\/vitaliafarm.com\/en\/prodavnica\/kozmetika\/serum-za-lice-za-normalnu-i-suvu-kozu\/","title":{"rendered":"Serum za lice &#8211; za normalnu i suvu ko\u017eu"},"content":{"rendered":"<p><strong>Sastojci:<\/strong>\u00a0Prunus Amygdalus Dulcis Oil (ulje badema),\u00a0Caprylic\/Capric Triglyceride (emolijens prirodnog porekla),\u00a0Vitis Vinifera\u00a0Seed Oil (ulje semenki gro\u017e\u0111a),\u00a0Simmondsia Chinensis (Jojoba) Seed Oil (ulje jojobe),\u00a0Prunus Domestica Seed Oil (ulje ko\u0161tica \u0161ljive), Macadamia Integrifolia Seed Oil (ulje makadamije),\u00a0Cannabis Sativa Seed Oil (ulje konoplje),\u00a0Rosa Rubiginosa Seed Oil (ulje divlje ru\u017ee),\u00a0Tocopheryl Acetate (vitamin E), Rosmarinus Officinalis Leaf Extract (ekstrakt ruzmarina).<\/p>\n<p><strong>Na\u010din upotrebe:<\/strong>\u00a0Nekoliko kapi seruma umasirati na \u010distu i vla\u017enu ko\u017eu lica.<\/p>\n<p><strong>Na\u010din \u010duvanja:<\/strong>\u00a0\u010cuvati na sobnoj temperaturi.<\/p>\n<p><strong>Pakovanje: 30 ml<\/strong><\/p>\n<p><strong>Proizvodi<\/strong>: \u201cVitalia Farm\u201cd.o.o., Beograd, Srbija<\/p>","protected":false},"excerpt":{"rendered":"<p>Formulisan je kao anti age serum za lice jer sadr\u017ei biljna ulja koja stimuli\u0161u sintezu kolagena i koja su neophodna\u00a0za intenzivnu\u00a0ishranu, hidrataciju i regeneraciju ko\u017ee.<\/p>\n<p>Redovnom upotrebom ko\u017ea postaje meka, elasti\u010dna i glatka.<\/p>\n<p>Ne sadr\u017ei etarska ni mirisna ulja pa je pogodan i za osobe koje su osetljive na njih. Blag miris poti\u010de od ulja ko\u0161tica \u0161ljive koje ujedno ima izra\u017eenu regenerativnu sposobnost.<\/p>\n<p><strong>Preporu\u010duje se za:<\/strong><\/p>\n<ul>\n<li>negu suve i normalne ko\u017ee<\/li>\n<li>za regeneraciju ko\u017ee<\/li>\n<\/ul>\n<p><strong>Redovna upotreba seruma doprinosi:<\/strong><\/p>\n<ul>\n<li>pobolj\u0161anju elasti\u010dnosti ko\u017ee koja postaje meka i glatka<\/li>\n<li>smanjenju transepidermalnog gubitka vlage<\/li>\n<li>pove\u0107anju otpornosti hidrolipidnog sloja ko\u017ee na spolja\u0161nje uticaje<\/li>\n<li>spre\u010davanju stvaranja bora i umanjenju ve\u0107 postoje\u0107ih<\/li>\n<\/ul>","protected":false},"featured_media":6148,"comment_status":"open","ping_status":"closed","template":"","meta":{"_monsterinsights_skip_tracking":false,"_monsterinsights_sitenote_active":false,"_monsterinsights_sitenote_note":"","_monsterinsights_sitenote_category":0},"product_brand":[],"product_cat":[964],"product_tag":[968,953,1004,1007,730,1022,830,1023],"class_list":{"0":"post-6147","1":"product","2":"type-product","3":"status-publish","4":"has-post-thumbnail","6":"product_cat-kozmetika","7":"product_tag-elasticnost-koze","8":"product_tag-nega-koze","9":"product_tag-prirodni-lek","10":"product_tag-prirodni-preparat","11":"product_tag-regeneracija-koze","12":"product_tag-serum-za-lice","13":"product_tag-vitalia-farm","14":"product_tag-za-normalnu-i-suvu-kozu","16":"first","17":"instock","18":"taxable","19":"shipping-taxable","20":"purchasable","21":"product-type-simple"},"aioseo_notices":[],"yoast_head":"<!-- This site is optimized with the Yoast SEO plugin v26.2 - https:\/\/yoast.com\/wordpress\/plugins\/seo\/ -->\n<title>Serum za lice - za normalnu i suvu ko\u017eu - Vitalia Farm<\/title>\n<meta name=\"description\" content=\"Anti age serum za lice, sadr\u017ei biljna ulja koja stimuli\u0161u sintezu kolagena i koja su neophodna\u00a0za intenzivnu\u00a0ishranu, hidrataciju i regeneraciju ko\u017ee.\" \/>\n<meta name=\"robots\" content=\"index, follow, max-snippet:-1, max-image-preview:large, max-video-preview:-1\" \/>\n<link rel=\"canonical\" href=\"https:\/\/vitaliafarm.com\/en\/prodavnica\/kozmetika\/serum-za-lice-za-normalnu-i-suvu-kozu\/\" \/>\n<meta property=\"og:locale\" content=\"en_US\" \/>\n<meta property=\"og:type\" content=\"article\" \/>\n<meta property=\"og:title\" content=\"Serum za lice - za normalnu i suvu ko\u017eu - Vitalia Farm\" \/>\n<meta property=\"og:description\" content=\"Anti age serum za lice, sadr\u017ei biljna ulja koja stimuli\u0161u sintezu kolagena i koja su neophodna\u00a0za intenzivnu\u00a0ishranu, hidrataciju i regeneraciju ko\u017ee.\" \/>\n<meta property=\"og:url\" content=\"https:\/\/vitaliafarm.com\/en\/prodavnica\/kozmetika\/serum-za-lice-za-normalnu-i-suvu-kozu\/\" \/>\n<meta property=\"og:site_name\" content=\"Vitalia Farm\" \/>\n<meta property=\"article:publisher\" content=\"https:\/\/www.facebook.com\/vitaliafarm\/\" \/>\n<meta property=\"article:modified_time\" content=\"2026-03-15T23:12:32+00:00\" \/>\n<meta property=\"og:image\" content=\"https:\/\/vitaliafarm.com\/wp-content\/uploads\/2024\/08\/Serum-za-lice.png\" \/>\n\t<meta property=\"og:image:width\" content=\"600\" \/>\n\t<meta property=\"og:image:height\" content=\"665\" \/>\n\t<meta property=\"og:image:type\" content=\"image\/png\" \/>\n<meta name=\"twitter:card\" content=\"summary_large_image\" \/>\n<script type=\"application\/ld+json\" class=\"yoast-schema-graph\">{\"@context\":\"https:\/\/schema.org\",\"@graph\":[{\"@type\":\"WebPage\",\"@id\":\"https:\/\/vitaliafarm.com\/prodavnica\/kozmetika\/serum-za-lice-za-normalnu-i-suvu-kozu\/\",\"url\":\"https:\/\/vitaliafarm.com\/prodavnica\/kozmetika\/serum-za-lice-za-normalnu-i-suvu-kozu\/\",\"name\":\"Serum za lice - za normalnu i suvu ko\u017eu - Vitalia Farm\",\"isPartOf\":{\"@id\":\"https:\/\/vitaliafarm.com\/#website\"},\"primaryImageOfPage\":{\"@id\":\"https:\/\/vitaliafarm.com\/prodavnica\/kozmetika\/serum-za-lice-za-normalnu-i-suvu-kozu\/#primaryimage\"},\"image\":{\"@id\":\"https:\/\/vitaliafarm.com\/prodavnica\/kozmetika\/serum-za-lice-za-normalnu-i-suvu-kozu\/#primaryimage\"},\"thumbnailUrl\":\"https:\/\/vitaliafarm.com\/wp-content\/uploads\/2024\/08\/Serum-za-lice.png\",\"datePublished\":\"2024-08-13T11:36:20+00:00\",\"dateModified\":\"2026-03-15T23:12:32+00:00\",\"description\":\"Anti age serum za lice, sadr\u017ei biljna ulja koja stimuli\u0161u sintezu kolagena i koja su neophodna\u00a0za intenzivnu\u00a0ishranu, hidrataciju i regeneraciju ko\u017ee.\",\"breadcrumb\":{\"@id\":\"https:\/\/vitaliafarm.com\/prodavnica\/kozmetika\/serum-za-lice-za-normalnu-i-suvu-kozu\/#breadcrumb\"},\"inLanguage\":\"en-US\",\"potentialAction\":[{\"@type\":\"ReadAction\",\"target\":[\"https:\/\/vitaliafarm.com\/prodavnica\/kozmetika\/serum-za-lice-za-normalnu-i-suvu-kozu\/\"]}]},{\"@type\":\"ImageObject\",\"inLanguage\":\"en-US\",\"@id\":\"https:\/\/vitaliafarm.com\/prodavnica\/kozmetika\/serum-za-lice-za-normalnu-i-suvu-kozu\/#primaryimage\",\"url\":\"https:\/\/vitaliafarm.com\/wp-content\/uploads\/2024\/08\/Serum-za-lice.png\",\"contentUrl\":\"https:\/\/vitaliafarm.com\/wp-content\/uploads\/2024\/08\/Serum-za-lice.png\",\"width\":600,\"height\":665,\"caption\":\"Serum za lice\"},{\"@type\":\"BreadcrumbList\",\"@id\":\"https:\/\/vitaliafarm.com\/prodavnica\/kozmetika\/serum-za-lice-za-normalnu-i-suvu-kozu\/#breadcrumb\",\"itemListElement\":[{\"@type\":\"ListItem\",\"position\":1,\"name\":\"Po\u010detna\",\"item\":\"https:\/\/vitaliafarm.com\/\"},{\"@type\":\"ListItem\",\"position\":2,\"name\":\"Prodavnica\",\"item\":\"https:\/\/vitaliafarm.com\/prodavnica\/\"},{\"@type\":\"ListItem\",\"position\":3,\"name\":\"Serum za lice &#8211; za normalnu i suvu ko\u017eu\"}]},{\"@type\":\"WebSite\",\"@id\":\"https:\/\/vitaliafarm.com\/#website\",\"url\":\"https:\/\/vitaliafarm.com\/\",\"name\":\"Vitalia Farm\",\"description\":\"Svet lekovitog bilja\",\"publisher\":{\"@id\":\"https:\/\/vitaliafarm.com\/#organization\"},\"potentialAction\":[{\"@type\":\"SearchAction\",\"target\":{\"@type\":\"EntryPoint\",\"urlTemplate\":\"https:\/\/vitaliafarm.com\/?s={search_term_string}\"},\"query-input\":{\"@type\":\"PropertyValueSpecification\",\"valueRequired\":true,\"valueName\":\"search_term_string\"}}],\"inLanguage\":\"en-US\"},{\"@type\":\"Organization\",\"@id\":\"https:\/\/vitaliafarm.com\/#organization\",\"name\":\"Vitalia Farm d.o.o.\",\"url\":\"https:\/\/vitaliafarm.com\/\",\"logo\":{\"@type\":\"ImageObject\",\"inLanguage\":\"en-US\",\"@id\":\"https:\/\/vitaliafarm.com\/#\/schema\/logo\/image\/\",\"url\":\"https:\/\/vitaliafarm.com\/wp-content\/uploads\/2022\/02\/logo.png\",\"contentUrl\":\"https:\/\/vitaliafarm.com\/wp-content\/uploads\/2022\/02\/logo.png\",\"width\":270,\"height\":111,\"caption\":\"Vitalia Farm d.o.o.\"},\"image\":{\"@id\":\"https:\/\/vitaliafarm.com\/#\/schema\/logo\/image\/\"},\"sameAs\":[\"https:\/\/www.facebook.com\/vitaliafarm\/\",\"https:\/\/www.instagram.com\/vitaliafarm\/\"]}]}<\/script>\n<!-- \/ Yoast SEO plugin. -->","yoast_head_json":{"title":"Serum za lice - za normalnu i suvu ko\u017eu - Vitalia Farm","description":"Anti age serum za lice, sadr\u017ei biljna ulja koja stimuli\u0161u sintezu kolagena i koja su neophodna\u00a0za intenzivnu\u00a0ishranu, hidrataciju i regeneraciju ko\u017ee.","robots":{"index":"index","follow":"follow","max-snippet":"max-snippet:-1","max-image-preview":"max-image-preview:large","max-video-preview":"max-video-preview:-1"},"canonical":"https:\/\/vitaliafarm.com\/en\/prodavnica\/kozmetika\/serum-za-lice-za-normalnu-i-suvu-kozu\/","og_locale":"en_US","og_type":"article","og_title":"Serum za lice - za normalnu i suvu ko\u017eu - Vitalia Farm","og_description":"Anti age serum za lice, sadr\u017ei biljna ulja koja stimuli\u0161u sintezu kolagena i koja su neophodna\u00a0za intenzivnu\u00a0ishranu, hidrataciju i regeneraciju ko\u017ee.","og_url":"https:\/\/vitaliafarm.com\/en\/prodavnica\/kozmetika\/serum-za-lice-za-normalnu-i-suvu-kozu\/","og_site_name":"Vitalia Farm","article_publisher":"https:\/\/www.facebook.com\/vitaliafarm\/","article_modified_time":"2026-03-15T23:12:32+00:00","og_image":[{"width":600,"height":665,"url":"https:\/\/vitaliafarm.com\/wp-content\/uploads\/2024\/08\/Serum-za-lice.png","type":"image\/png"}],"twitter_card":"summary_large_image","schema":{"@context":"https:\/\/schema.org","@graph":[{"@type":"WebPage","@id":"https:\/\/vitaliafarm.com\/prodavnica\/kozmetika\/serum-za-lice-za-normalnu-i-suvu-kozu\/","url":"https:\/\/vitaliafarm.com\/prodavnica\/kozmetika\/serum-za-lice-za-normalnu-i-suvu-kozu\/","name":"Serum za lice - za normalnu i suvu ko\u017eu - Vitalia Farm","isPartOf":{"@id":"https:\/\/vitaliafarm.com\/#website"},"primaryImageOfPage":{"@id":"https:\/\/vitaliafarm.com\/prodavnica\/kozmetika\/serum-za-lice-za-normalnu-i-suvu-kozu\/#primaryimage"},"image":{"@id":"https:\/\/vitaliafarm.com\/prodavnica\/kozmetika\/serum-za-lice-za-normalnu-i-suvu-kozu\/#primaryimage"},"thumbnailUrl":"https:\/\/vitaliafarm.com\/wp-content\/uploads\/2024\/08\/Serum-za-lice.png","datePublished":"2024-08-13T11:36:20+00:00","dateModified":"2026-03-15T23:12:32+00:00","description":"Anti age serum za lice, sadr\u017ei biljna ulja koja stimuli\u0161u sintezu kolagena i koja su neophodna\u00a0za intenzivnu\u00a0ishranu, hidrataciju i regeneraciju ko\u017ee.","breadcrumb":{"@id":"https:\/\/vitaliafarm.com\/prodavnica\/kozmetika\/serum-za-lice-za-normalnu-i-suvu-kozu\/#breadcrumb"},"inLanguage":"en-US","potentialAction":[{"@type":"ReadAction","target":["https:\/\/vitaliafarm.com\/prodavnica\/kozmetika\/serum-za-lice-za-normalnu-i-suvu-kozu\/"]}]},{"@type":"ImageObject","inLanguage":"en-US","@id":"https:\/\/vitaliafarm.com\/prodavnica\/kozmetika\/serum-za-lice-za-normalnu-i-suvu-kozu\/#primaryimage","url":"https:\/\/vitaliafarm.com\/wp-content\/uploads\/2024\/08\/Serum-za-lice.png","contentUrl":"https:\/\/vitaliafarm.com\/wp-content\/uploads\/2024\/08\/Serum-za-lice.png","width":600,"height":665,"caption":"Serum za lice"},{"@type":"BreadcrumbList","@id":"https:\/\/vitaliafarm.com\/prodavnica\/kozmetika\/serum-za-lice-za-normalnu-i-suvu-kozu\/#breadcrumb","itemListElement":[{"@type":"ListItem","position":1,"name":"Po\u010detna","item":"https:\/\/vitaliafarm.com\/"},{"@type":"ListItem","position":2,"name":"Prodavnica","item":"https:\/\/vitaliafarm.com\/prodavnica\/"},{"@type":"ListItem","position":3,"name":"Serum za lice &#8211; za normalnu i suvu ko\u017eu"}]},{"@type":"WebSite","@id":"https:\/\/vitaliafarm.com\/#website","url":"https:\/\/vitaliafarm.com\/","name":"Vitalia Farm","description":"Svet lekovitog bilja","publisher":{"@id":"https:\/\/vitaliafarm.com\/#organization"},"potentialAction":[{"@type":"SearchAction","target":{"@type":"EntryPoint","urlTemplate":"https:\/\/vitaliafarm.com\/?s={search_term_string}"},"query-input":{"@type":"PropertyValueSpecification","valueRequired":true,"valueName":"search_term_string"}}],"inLanguage":"en-US"},{"@type":"Organization","@id":"https:\/\/vitaliafarm.com\/#organization","name":"Vitalia Farm d.o.o.","url":"https:\/\/vitaliafarm.com\/","logo":{"@type":"ImageObject","inLanguage":"en-US","@id":"https:\/\/vitaliafarm.com\/#\/schema\/logo\/image\/","url":"https:\/\/vitaliafarm.com\/wp-content\/uploads\/2022\/02\/logo.png","contentUrl":"https:\/\/vitaliafarm.com\/wp-content\/uploads\/2022\/02\/logo.png","width":270,"height":111,"caption":"Vitalia Farm d.o.o."},"image":{"@id":"https:\/\/vitaliafarm.com\/#\/schema\/logo\/image\/"},"sameAs":["https:\/\/www.facebook.com\/vitaliafarm\/","https:\/\/www.instagram.com\/vitaliafarm\/"]}]}},"_links":{"self":[{"href":"https:\/\/vitaliafarm.com\/en\/wp-json\/wp\/v2\/product\/6147","targetHints":{"allow":["GET"]}}],"collection":[{"href":"https:\/\/vitaliafarm.com\/en\/wp-json\/wp\/v2\/product"}],"about":[{"href":"https:\/\/vitaliafarm.com\/en\/wp-json\/wp\/v2\/types\/product"}],"replies":[{"embeddable":true,"href":"https:\/\/vitaliafarm.com\/en\/wp-json\/wp\/v2\/comments?post=6147"}],"wp:featuredmedia":[{"embeddable":true,"href":"https:\/\/vitaliafarm.com\/en\/wp-json\/wp\/v2\/media\/6148"}],"wp:attachment":[{"href":"https:\/\/vitaliafarm.com\/en\/wp-json\/wp\/v2\/media?parent=6147"}],"wp:term":[{"taxonomy":"product_brand","embeddable":true,"href":"https:\/\/vitaliafarm.com\/en\/wp-json\/wp\/v2\/product_brand?post=6147"},{"taxonomy":"product_cat","embeddable":true,"href":"https:\/\/vitaliafarm.com\/en\/wp-json\/wp\/v2\/product_cat?post=6147"},{"taxonomy":"product_tag","embeddable":true,"href":"https:\/\/vitaliafarm.com\/en\/wp-json\/wp\/v2\/product_tag?post=6147"}],"curies":[{"name":"wp","href":"https:\/\/api.w.org\/{rel}","templated":true}]}}