
{"id":6260,"date":"2024-11-26T19:19:40","date_gmt":"2024-11-26T18:19:40","guid":{"rendered":"https:\/\/vitaliafarm.com\/?post_type=product&#038;p=6260"},"modified":"2026-01-15T23:37:26","modified_gmt":"2026-01-15T22:37:26","slug":"ulje-nara","status":"publish","type":"product","link":"https:\/\/vitaliafarm.com\/en\/prodavnica\/biljna-ulja\/ulje-nara\/","title":{"rendered":"Ulje nara"},"content":{"rendered":"<p><strong>Biolo\u0161ki izvor:<\/strong> Oleum Granati<\/p>\n<p><strong>Sastav:<\/strong> <em>100% hladno ce\u0111eno organsko ulje semena nara (Punica granatum L.)<\/em>\u00a0koje je bogato\u00a0\u00a0omega- 5 polinezasi\u0107enom masnom kiselinom\u00a0(punicinska kiselina), vitaminom E I fitoestrogenima.<\/p>\n<p><strong>Dejstvo:<\/strong><\/p>\n<p>Punicinska kiselina, smatra se jednim od najja\u010dih prirodnih antioksidanasa<\/p>\n<p>(5 puta ja\u010dii antioksidans od zelenog \u010daja i 2 puta ja\u010di antioksidans od ekstrakta iz ko\u0161tica gro\u017e\u0111a).<\/p>\n<p>Vitamin E i fitoestrogeni blagotvorno deluju na fiziolo\u0161ke funkcije reproduktivnih organa.<\/p>\n<p>Zbog svojih lekovitih efekata ulje nara primenjuje se oralno i za spoljnu upotrebu.<\/p>\n<p><strong>Upotreba<\/strong>: piti 2\u00a0\u00a0puta dnevno po\u00a0\u00a020 kapi ulja u toku jela.<\/p>\n<p><strong>Spoljna upotreba<\/strong>: 4-5 kapi ulja nakapati na dlan, naneti na \u010distu i suvu ko\u017eu i blago masirati dok se ne upije.<\/p>\n<p><strong>Mere opreza<\/strong>: pre upotrebe obavezno pro\u010ditati uputstvo. O indikacijama, merama opreza i ne\u017eeljenim dejstvima posavetujte se sa lekarom ili farmaceutom.<\/p>\n<p><strong>Upozorenje:<\/strong>\u00a0Ne preporu\u010duje se uzimanje osobama preosetljivim na neki sastojak proizvoda,\u00a0\u00a0deci mla\u0111oj od 6 godina, trudnicama i \u017eenama koje doje.<\/p>\n<p><strong>Na\u010din \u010duvanja: <\/strong>\u010cuvati na tamnom i hladnom mestu van doma\u0161aja dece.<\/p>\n<p><strong>Rok upotrebe<\/strong>: 18 meseci<\/p>\n<p><strong>Pakovanje:<\/strong>\u00a030ml<\/p>\n<p><strong>Puni i pakuje<\/strong>:\u201cVitalia Farm\u201cd.o.o., Beograd, Srbija<\/p>\n<p><a href=\"https:\/\/vitaliafarm.com\/en\/\">www.vitaliafarm.com<\/a><\/p>\n<table>\n<tbody>\n<tr>\n<td width=\"157\"><strong>Nutritivne informacije:<\/strong><\/td>\n<td width=\"120\"><strong>20 kapi (1 ml)<\/strong><\/td>\n<td width=\"114\"><strong>100 g<\/strong><\/td>\n<\/tr>\n<tr>\n<td width=\"157\">Proteini<\/td>\n<td width=\"120\">0,8\u00a0\u00a0g<\/td>\n<td width=\"114\">99,45 g<\/td>\n<\/tr>\n<tr>\n<td width=\"157\">Masti<\/td>\n<td width=\"120\">0 g<\/td>\n<td width=\"114\">0 g<\/td>\n<\/tr>\n<tr>\n<td width=\"157\">Ugljeni hidrati<\/td>\n<td width=\"120\">0 g<\/td>\n<td width=\"114\"><\/td>\n<\/tr>\n<tr>\n<td width=\"157\">Energetska vrednost<\/td>\n<td width=\"120\">30,14 kj\/7,2 kcal<\/td>\n<td width=\"114\">3747 kj\/895 kcal<\/td>\n<\/tr>\n<\/tbody>\n<\/table>\n<p>&nbsp;<\/p>","protected":false},"excerpt":{"rendered":"<p><strong>Oralna upotreba<\/strong>\u00a0ulja nara preporu\u010duje se:<\/p>\n<ul>\n<li>kao za\u0161tita od dejstva slobodnih radikala i za usporavanje starenja \u0107elija<\/li>\n<li>za normalizovanje nivoa masti i holesterola u krvi<\/li>\n<li>kao dopuna terapije kod le\u010denja neplodnosti<\/li>\n<li>kod bolnih menstruacija kao i za ubla\u017eavanje simptoma PMS i menopauze<\/li>\n<\/ul>\n<p><strong>Spoljna upotreba<\/strong>\u00a0ulja nara preporu\u010duje se:<\/p>\n<ul>\n<li>za regeneraciju i hidrataciju zrele ko\u017ee<\/li>\n<li>za spre\u010davanje nastanka i ubla\u017eavanje postoje\u0107ih bora<\/li>\n<li>za ubla\u017eavanje simptoma ekcema i dermatitisa<\/li>\n<\/ul>","protected":false},"featured_media":6261,"comment_status":"open","ping_status":"closed","template":"","meta":{"_monsterinsights_skip_tracking":false,"_monsterinsights_sitenote_active":false,"_monsterinsights_sitenote_note":"","_monsterinsights_sitenote_category":0},"product_brand":[],"product_cat":[15],"product_tag":[731,1014,1004,730,969,1054,733,1053],"class_list":{"0":"post-6260","1":"product","2":"type-product","3":"status-publish","4":"has-post-thumbnail","6":"product_cat-biljna-ulja","7":"product_tag-hidratacija-koze","8":"product_tag-lek-iz-prirode","9":"product_tag-prirodni-lek","10":"product_tag-regeneracija-koze","11":"product_tag-ublazavanje-bora","12":"product_tag-ublazavanje-simptoma-dermatitisa","13":"product_tag-ublazavanje-simptoma-ekcema","14":"product_tag-usporavanje-starenja","16":"first","17":"instock","18":"taxable","19":"shipping-taxable","20":"purchasable","21":"product-type-simple"},"aioseo_notices":[],"yoast_head":"<!-- This site is optimized with the Yoast SEO plugin v26.2 - https:\/\/yoast.com\/wordpress\/plugins\/seo\/ -->\n<title>Ulje nara - Vitalia Farm<\/title>\n<meta name=\"description\" content=\"Ulje nara preporu\u010duje se za normalizovanje nivoa masti i holesterola u krvi, kod bolnih menstruacija i ubla\u017eavanja simtpoma PMS-a.\" \/>\n<meta name=\"robots\" content=\"index, follow, max-snippet:-1, max-image-preview:large, max-video-preview:-1\" \/>\n<link rel=\"canonical\" href=\"https:\/\/vitaliafarm.com\/en\/prodavnica\/biljna-ulja\/ulje-nara\/\" \/>\n<meta property=\"og:locale\" content=\"en_US\" \/>\n<meta property=\"og:type\" content=\"article\" \/>\n<meta property=\"og:title\" content=\"Ulje nara - Vitalia Farm\" \/>\n<meta property=\"og:description\" content=\"Ulje nara preporu\u010duje se za normalizovanje nivoa masti i holesterola u krvi, kod bolnih menstruacija i ubla\u017eavanja simtpoma PMS-a.\" \/>\n<meta property=\"og:url\" content=\"https:\/\/vitaliafarm.com\/en\/prodavnica\/biljna-ulja\/ulje-nara\/\" \/>\n<meta property=\"og:site_name\" content=\"Vitalia Farm\" \/>\n<meta property=\"article:publisher\" content=\"https:\/\/www.facebook.com\/vitaliafarm\/\" \/>\n<meta property=\"article:modified_time\" content=\"2026-01-15T22:37:26+00:00\" \/>\n<meta property=\"og:image\" content=\"https:\/\/vitaliafarm.com\/wp-content\/uploads\/2024\/11\/ulje-nara.webp\" \/>\n\t<meta property=\"og:image:width\" content=\"300\" \/>\n\t<meta property=\"og:image:height\" content=\"400\" \/>\n\t<meta property=\"og:image:type\" content=\"image\/webp\" \/>\n<meta name=\"twitter:card\" content=\"summary_large_image\" \/>\n<meta name=\"twitter:label1\" content=\"Est. reading time\" \/>\n\t<meta name=\"twitter:data1\" content=\"1 minute\" \/>\n<script type=\"application\/ld+json\" class=\"yoast-schema-graph\">{\"@context\":\"https:\/\/schema.org\",\"@graph\":[{\"@type\":\"WebPage\",\"@id\":\"https:\/\/vitaliafarm.com\/prodavnica\/biljna-ulja\/ulje-nara\/\",\"url\":\"https:\/\/vitaliafarm.com\/prodavnica\/biljna-ulja\/ulje-nara\/\",\"name\":\"Ulje nara - Vitalia Farm\",\"isPartOf\":{\"@id\":\"https:\/\/vitaliafarm.com\/#website\"},\"primaryImageOfPage\":{\"@id\":\"https:\/\/vitaliafarm.com\/prodavnica\/biljna-ulja\/ulje-nara\/#primaryimage\"},\"image\":{\"@id\":\"https:\/\/vitaliafarm.com\/prodavnica\/biljna-ulja\/ulje-nara\/#primaryimage\"},\"thumbnailUrl\":\"https:\/\/vitaliafarm.com\/wp-content\/uploads\/2024\/11\/ulje-nara.webp\",\"datePublished\":\"2024-11-26T18:19:40+00:00\",\"dateModified\":\"2026-01-15T22:37:26+00:00\",\"description\":\"Ulje nara preporu\u010duje se za normalizovanje nivoa masti i holesterola u krvi, kod bolnih menstruacija i ubla\u017eavanja simtpoma PMS-a.\",\"breadcrumb\":{\"@id\":\"https:\/\/vitaliafarm.com\/prodavnica\/biljna-ulja\/ulje-nara\/#breadcrumb\"},\"inLanguage\":\"en-US\",\"potentialAction\":[{\"@type\":\"ReadAction\",\"target\":[\"https:\/\/vitaliafarm.com\/prodavnica\/biljna-ulja\/ulje-nara\/\"]}]},{\"@type\":\"ImageObject\",\"inLanguage\":\"en-US\",\"@id\":\"https:\/\/vitaliafarm.com\/prodavnica\/biljna-ulja\/ulje-nara\/#primaryimage\",\"url\":\"https:\/\/vitaliafarm.com\/wp-content\/uploads\/2024\/11\/ulje-nara.webp\",\"contentUrl\":\"https:\/\/vitaliafarm.com\/wp-content\/uploads\/2024\/11\/ulje-nara.webp\",\"width\":300,\"height\":400,\"caption\":\"Vitalia Farm - ulje nara\"},{\"@type\":\"BreadcrumbList\",\"@id\":\"https:\/\/vitaliafarm.com\/prodavnica\/biljna-ulja\/ulje-nara\/#breadcrumb\",\"itemListElement\":[{\"@type\":\"ListItem\",\"position\":1,\"name\":\"Po\u010detna\",\"item\":\"https:\/\/vitaliafarm.com\/\"},{\"@type\":\"ListItem\",\"position\":2,\"name\":\"Prodavnica\",\"item\":\"https:\/\/vitaliafarm.com\/prodavnica\/\"},{\"@type\":\"ListItem\",\"position\":3,\"name\":\"Ulje nara\"}]},{\"@type\":\"WebSite\",\"@id\":\"https:\/\/vitaliafarm.com\/#website\",\"url\":\"https:\/\/vitaliafarm.com\/\",\"name\":\"Vitalia Farm\",\"description\":\"Svet lekovitog bilja\",\"publisher\":{\"@id\":\"https:\/\/vitaliafarm.com\/#organization\"},\"potentialAction\":[{\"@type\":\"SearchAction\",\"target\":{\"@type\":\"EntryPoint\",\"urlTemplate\":\"https:\/\/vitaliafarm.com\/?s={search_term_string}\"},\"query-input\":{\"@type\":\"PropertyValueSpecification\",\"valueRequired\":true,\"valueName\":\"search_term_string\"}}],\"inLanguage\":\"en-US\"},{\"@type\":\"Organization\",\"@id\":\"https:\/\/vitaliafarm.com\/#organization\",\"name\":\"Vitalia Farm d.o.o.\",\"url\":\"https:\/\/vitaliafarm.com\/\",\"logo\":{\"@type\":\"ImageObject\",\"inLanguage\":\"en-US\",\"@id\":\"https:\/\/vitaliafarm.com\/#\/schema\/logo\/image\/\",\"url\":\"https:\/\/vitaliafarm.com\/wp-content\/uploads\/2022\/02\/logo.png\",\"contentUrl\":\"https:\/\/vitaliafarm.com\/wp-content\/uploads\/2022\/02\/logo.png\",\"width\":270,\"height\":111,\"caption\":\"Vitalia Farm d.o.o.\"},\"image\":{\"@id\":\"https:\/\/vitaliafarm.com\/#\/schema\/logo\/image\/\"},\"sameAs\":[\"https:\/\/www.facebook.com\/vitaliafarm\/\",\"https:\/\/www.instagram.com\/vitaliafarm\/\"]}]}<\/script>\n<!-- \/ Yoast SEO plugin. -->","yoast_head_json":{"title":"Ulje nara - Vitalia Farm","description":"Ulje nara preporu\u010duje se za normalizovanje nivoa masti i holesterola u krvi, kod bolnih menstruacija i ubla\u017eavanja simtpoma PMS-a.","robots":{"index":"index","follow":"follow","max-snippet":"max-snippet:-1","max-image-preview":"max-image-preview:large","max-video-preview":"max-video-preview:-1"},"canonical":"https:\/\/vitaliafarm.com\/en\/prodavnica\/biljna-ulja\/ulje-nara\/","og_locale":"en_US","og_type":"article","og_title":"Ulje nara - Vitalia Farm","og_description":"Ulje nara preporu\u010duje se za normalizovanje nivoa masti i holesterola u krvi, kod bolnih menstruacija i ubla\u017eavanja simtpoma PMS-a.","og_url":"https:\/\/vitaliafarm.com\/en\/prodavnica\/biljna-ulja\/ulje-nara\/","og_site_name":"Vitalia Farm","article_publisher":"https:\/\/www.facebook.com\/vitaliafarm\/","article_modified_time":"2026-01-15T22:37:26+00:00","og_image":[{"width":300,"height":400,"url":"https:\/\/vitaliafarm.com\/wp-content\/uploads\/2024\/11\/ulje-nara.webp","type":"image\/webp"}],"twitter_card":"summary_large_image","twitter_misc":{"Est. reading time":"1 minute"},"schema":{"@context":"https:\/\/schema.org","@graph":[{"@type":"WebPage","@id":"https:\/\/vitaliafarm.com\/prodavnica\/biljna-ulja\/ulje-nara\/","url":"https:\/\/vitaliafarm.com\/prodavnica\/biljna-ulja\/ulje-nara\/","name":"Ulje nara - Vitalia Farm","isPartOf":{"@id":"https:\/\/vitaliafarm.com\/#website"},"primaryImageOfPage":{"@id":"https:\/\/vitaliafarm.com\/prodavnica\/biljna-ulja\/ulje-nara\/#primaryimage"},"image":{"@id":"https:\/\/vitaliafarm.com\/prodavnica\/biljna-ulja\/ulje-nara\/#primaryimage"},"thumbnailUrl":"https:\/\/vitaliafarm.com\/wp-content\/uploads\/2024\/11\/ulje-nara.webp","datePublished":"2024-11-26T18:19:40+00:00","dateModified":"2026-01-15T22:37:26+00:00","description":"Ulje nara preporu\u010duje se za normalizovanje nivoa masti i holesterola u krvi, kod bolnih menstruacija i ubla\u017eavanja simtpoma PMS-a.","breadcrumb":{"@id":"https:\/\/vitaliafarm.com\/prodavnica\/biljna-ulja\/ulje-nara\/#breadcrumb"},"inLanguage":"en-US","potentialAction":[{"@type":"ReadAction","target":["https:\/\/vitaliafarm.com\/prodavnica\/biljna-ulja\/ulje-nara\/"]}]},{"@type":"ImageObject","inLanguage":"en-US","@id":"https:\/\/vitaliafarm.com\/prodavnica\/biljna-ulja\/ulje-nara\/#primaryimage","url":"https:\/\/vitaliafarm.com\/wp-content\/uploads\/2024\/11\/ulje-nara.webp","contentUrl":"https:\/\/vitaliafarm.com\/wp-content\/uploads\/2024\/11\/ulje-nara.webp","width":300,"height":400,"caption":"Vitalia Farm - ulje nara"},{"@type":"BreadcrumbList","@id":"https:\/\/vitaliafarm.com\/prodavnica\/biljna-ulja\/ulje-nara\/#breadcrumb","itemListElement":[{"@type":"ListItem","position":1,"name":"Po\u010detna","item":"https:\/\/vitaliafarm.com\/"},{"@type":"ListItem","position":2,"name":"Prodavnica","item":"https:\/\/vitaliafarm.com\/prodavnica\/"},{"@type":"ListItem","position":3,"name":"Ulje nara"}]},{"@type":"WebSite","@id":"https:\/\/vitaliafarm.com\/#website","url":"https:\/\/vitaliafarm.com\/","name":"Vitalia Farm","description":"Svet lekovitog bilja","publisher":{"@id":"https:\/\/vitaliafarm.com\/#organization"},"potentialAction":[{"@type":"SearchAction","target":{"@type":"EntryPoint","urlTemplate":"https:\/\/vitaliafarm.com\/?s={search_term_string}"},"query-input":{"@type":"PropertyValueSpecification","valueRequired":true,"valueName":"search_term_string"}}],"inLanguage":"en-US"},{"@type":"Organization","@id":"https:\/\/vitaliafarm.com\/#organization","name":"Vitalia Farm d.o.o.","url":"https:\/\/vitaliafarm.com\/","logo":{"@type":"ImageObject","inLanguage":"en-US","@id":"https:\/\/vitaliafarm.com\/#\/schema\/logo\/image\/","url":"https:\/\/vitaliafarm.com\/wp-content\/uploads\/2022\/02\/logo.png","contentUrl":"https:\/\/vitaliafarm.com\/wp-content\/uploads\/2022\/02\/logo.png","width":270,"height":111,"caption":"Vitalia Farm d.o.o."},"image":{"@id":"https:\/\/vitaliafarm.com\/#\/schema\/logo\/image\/"},"sameAs":["https:\/\/www.facebook.com\/vitaliafarm\/","https:\/\/www.instagram.com\/vitaliafarm\/"]}]}},"_links":{"self":[{"href":"https:\/\/vitaliafarm.com\/en\/wp-json\/wp\/v2\/product\/6260","targetHints":{"allow":["GET"]}}],"collection":[{"href":"https:\/\/vitaliafarm.com\/en\/wp-json\/wp\/v2\/product"}],"about":[{"href":"https:\/\/vitaliafarm.com\/en\/wp-json\/wp\/v2\/types\/product"}],"replies":[{"embeddable":true,"href":"https:\/\/vitaliafarm.com\/en\/wp-json\/wp\/v2\/comments?post=6260"}],"wp:featuredmedia":[{"embeddable":true,"href":"https:\/\/vitaliafarm.com\/en\/wp-json\/wp\/v2\/media\/6261"}],"wp:attachment":[{"href":"https:\/\/vitaliafarm.com\/en\/wp-json\/wp\/v2\/media?parent=6260"}],"wp:term":[{"taxonomy":"product_brand","embeddable":true,"href":"https:\/\/vitaliafarm.com\/en\/wp-json\/wp\/v2\/product_brand?post=6260"},{"taxonomy":"product_cat","embeddable":true,"href":"https:\/\/vitaliafarm.com\/en\/wp-json\/wp\/v2\/product_cat?post=6260"},{"taxonomy":"product_tag","embeddable":true,"href":"https:\/\/vitaliafarm.com\/en\/wp-json\/wp\/v2\/product_tag?post=6260"}],"curies":[{"name":"wp","href":"https:\/\/api.w.org\/{rel}","templated":true}]}}