
{"id":6381,"date":"2025-03-04T22:36:58","date_gmt":"2025-03-04T21:36:58","guid":{"rendered":"https:\/\/vitaliafarm.com\/?post_type=product&#038;p=6381"},"modified":"2026-03-16T00:11:35","modified_gmt":"2026-03-15T23:11:35","slug":"ulje-za-telo-aloha-prirodni-dezodorans-magnolija","status":"publish","type":"product","link":"https:\/\/vitaliafarm.com\/en\/prodavnica\/novo\/ulje-za-telo-aloha-prirodni-dezodorans-magnolija\/","title":{"rendered":"Poklon set &#8211; Ulje za negu tela &#8211; Aloha i Prirodni dezodorans &#8211; Magnolija"},"content":{"rendered":"<p><span style=\"color: #333333;\">Ulje za negu tela &#8211; Aloha, 50 ml sadr\u017ei biljna ulja koja pru\u017eaju intenzivnu ishranu i regeneraciju ko\u017ee a \u010dine je mekom i elasti\u010dnom. Preporu\u010duje se za negu suve i dehidrirane ko\u017ee, regeneraciju i negu ko\u017ee nakon sun\u010danja.<\/span><\/p>\n<p><span style=\"color: #333333;\">Prirodni dezodorans &#8211; Magnolija, 30 gr je dezodorans u stiku koji veoma efikasno neutrali\u0161e neprijatne mirise i ne spre\u010dava normalnu funkciju znojenja. Izra\u0111en je od prirodnih ulja i butera, ne sadr\u017ei alkohol, parabene i soli aluminijuma.<\/span><\/p>","protected":false},"excerpt":{"rendered":"<p>Ulje za negu tela &#8211; Aloha, 50 ml sadr\u017ei biljna ulja koja pru\u017eaju intenzivnu ishranu i regeneraciju ko\u017ee a \u010dine je mekom i elasti\u010dnom. Preporu\u010duje se za negu suve i dehidrirane ko\u017ee, regeneraciju i negu ko\u017ee nakon sun\u010danja. Prirodni dezodorans &#8211;&#8230; <a class=\"di-continue-reading\" href=\"https:\/\/vitaliafarm.com\/en\/prodavnica\/novo\/ulje-za-telo-aloha-prirodni-dezodorans-magnolija\/\"> Continue Reading&#8230;<\/a><\/p>","protected":false},"featured_media":6383,"comment_status":"open","ping_status":"closed","template":"","meta":{"_monsterinsights_skip_tracking":false,"_monsterinsights_sitenote_active":false,"_monsterinsights_sitenote_note":"","_monsterinsights_sitenote_category":0},"product_brand":[],"product_cat":[964,942],"product_tag":[1013,1004,1057],"class_list":{"0":"post-6381","1":"product","2":"type-product","3":"status-publish","4":"has-post-thumbnail","6":"product_cat-kozmetika","7":"product_cat-novo","8":"product_tag-prirodni-dezodorans","9":"product_tag-prirodni-lek","10":"product_tag-ulje-za-telo","12":"first","13":"instock","14":"taxable","15":"shipping-taxable","16":"purchasable","17":"product-type-simple"},"aioseo_notices":[],"yoast_head":"<!-- This site is optimized with the Yoast SEO plugin v26.2 - https:\/\/yoast.com\/wordpress\/plugins\/seo\/ -->\n<title>Poklon set - Ulje za negu tela - Aloha i Prirodni dezodorans - Magnolija - Vitalia Farm<\/title>\n<meta name=\"description\" content=\"Poklon set koji sadr\u017ei Ulje za telo Aloha (za negu ko\u017ee posle sun\u010danja) i prirodni dezodorans u stiku mirisa magnolije\" \/>\n<meta name=\"robots\" content=\"index, follow, max-snippet:-1, max-image-preview:large, max-video-preview:-1\" \/>\n<link rel=\"canonical\" href=\"https:\/\/vitaliafarm.com\/en\/prodavnica\/novo\/ulje-za-telo-aloha-prirodni-dezodorans-magnolija\/\" \/>\n<meta property=\"og:locale\" content=\"en_US\" \/>\n<meta property=\"og:type\" content=\"article\" \/>\n<meta property=\"og:title\" content=\"Poklon set - Ulje za negu tela - Aloha i Prirodni dezodorans - Magnolija - Vitalia Farm\" \/>\n<meta property=\"og:description\" content=\"Poklon set koji sadr\u017ei Ulje za telo Aloha (za negu ko\u017ee posle sun\u010danja) i prirodni dezodorans u stiku mirisa magnolije\" \/>\n<meta property=\"og:url\" content=\"https:\/\/vitaliafarm.com\/en\/prodavnica\/novo\/ulje-za-telo-aloha-prirodni-dezodorans-magnolija\/\" \/>\n<meta property=\"og:site_name\" content=\"Vitalia Farm\" \/>\n<meta property=\"article:publisher\" content=\"https:\/\/www.facebook.com\/vitaliafarm\/\" \/>\n<meta property=\"article:modified_time\" content=\"2026-03-15T23:11:35+00:00\" \/>\n<meta property=\"og:image\" content=\"https:\/\/vitaliafarm.com\/wp-content\/uploads\/2025\/03\/Vitalia-Farm-poklon-set-2.webp\" \/>\n\t<meta property=\"og:image:width\" content=\"600\" \/>\n\t<meta property=\"og:image:height\" content=\"665\" \/>\n\t<meta property=\"og:image:type\" content=\"image\/webp\" \/>\n<meta name=\"twitter:card\" content=\"summary_large_image\" \/>\n<script type=\"application\/ld+json\" class=\"yoast-schema-graph\">{\"@context\":\"https:\/\/schema.org\",\"@graph\":[{\"@type\":\"WebPage\",\"@id\":\"https:\/\/vitaliafarm.com\/prodavnica\/novo\/ulje-za-telo-aloha-prirodni-dezodorans-magnolija\/\",\"url\":\"https:\/\/vitaliafarm.com\/prodavnica\/novo\/ulje-za-telo-aloha-prirodni-dezodorans-magnolija\/\",\"name\":\"Poklon set - Ulje za negu tela - Aloha i Prirodni dezodorans - Magnolija - Vitalia Farm\",\"isPartOf\":{\"@id\":\"https:\/\/vitaliafarm.com\/#website\"},\"primaryImageOfPage\":{\"@id\":\"https:\/\/vitaliafarm.com\/prodavnica\/novo\/ulje-za-telo-aloha-prirodni-dezodorans-magnolija\/#primaryimage\"},\"image\":{\"@id\":\"https:\/\/vitaliafarm.com\/prodavnica\/novo\/ulje-za-telo-aloha-prirodni-dezodorans-magnolija\/#primaryimage\"},\"thumbnailUrl\":\"https:\/\/vitaliafarm.com\/wp-content\/uploads\/2025\/03\/Vitalia-Farm-poklon-set-2.webp\",\"datePublished\":\"2025-03-04T21:36:58+00:00\",\"dateModified\":\"2026-03-15T23:11:35+00:00\",\"description\":\"Poklon set koji sadr\u017ei Ulje za telo Aloha (za negu ko\u017ee posle sun\u010danja) i prirodni dezodorans u stiku mirisa magnolije\",\"breadcrumb\":{\"@id\":\"https:\/\/vitaliafarm.com\/prodavnica\/novo\/ulje-za-telo-aloha-prirodni-dezodorans-magnolija\/#breadcrumb\"},\"inLanguage\":\"en-US\",\"potentialAction\":[{\"@type\":\"ReadAction\",\"target\":[\"https:\/\/vitaliafarm.com\/prodavnica\/novo\/ulje-za-telo-aloha-prirodni-dezodorans-magnolija\/\"]}]},{\"@type\":\"ImageObject\",\"inLanguage\":\"en-US\",\"@id\":\"https:\/\/vitaliafarm.com\/prodavnica\/novo\/ulje-za-telo-aloha-prirodni-dezodorans-magnolija\/#primaryimage\",\"url\":\"https:\/\/vitaliafarm.com\/wp-content\/uploads\/2025\/03\/Vitalia-Farm-poklon-set-2.webp\",\"contentUrl\":\"https:\/\/vitaliafarm.com\/wp-content\/uploads\/2025\/03\/Vitalia-Farm-poklon-set-2.webp\",\"width\":600,\"height\":665,\"caption\":\"Vitalia Farm - poklon set 2\"},{\"@type\":\"BreadcrumbList\",\"@id\":\"https:\/\/vitaliafarm.com\/prodavnica\/novo\/ulje-za-telo-aloha-prirodni-dezodorans-magnolija\/#breadcrumb\",\"itemListElement\":[{\"@type\":\"ListItem\",\"position\":1,\"name\":\"Po\u010detna\",\"item\":\"https:\/\/vitaliafarm.com\/\"},{\"@type\":\"ListItem\",\"position\":2,\"name\":\"Prodavnica\",\"item\":\"https:\/\/vitaliafarm.com\/prodavnica\/\"},{\"@type\":\"ListItem\",\"position\":3,\"name\":\"Poklon set &#8211; Ulje za negu tela &#8211; Aloha i Prirodni dezodorans &#8211; Magnolija\"}]},{\"@type\":\"WebSite\",\"@id\":\"https:\/\/vitaliafarm.com\/#website\",\"url\":\"https:\/\/vitaliafarm.com\/\",\"name\":\"Vitalia Farm\",\"description\":\"Svet lekovitog bilja\",\"publisher\":{\"@id\":\"https:\/\/vitaliafarm.com\/#organization\"},\"potentialAction\":[{\"@type\":\"SearchAction\",\"target\":{\"@type\":\"EntryPoint\",\"urlTemplate\":\"https:\/\/vitaliafarm.com\/?s={search_term_string}\"},\"query-input\":{\"@type\":\"PropertyValueSpecification\",\"valueRequired\":true,\"valueName\":\"search_term_string\"}}],\"inLanguage\":\"en-US\"},{\"@type\":\"Organization\",\"@id\":\"https:\/\/vitaliafarm.com\/#organization\",\"name\":\"Vitalia Farm d.o.o.\",\"url\":\"https:\/\/vitaliafarm.com\/\",\"logo\":{\"@type\":\"ImageObject\",\"inLanguage\":\"en-US\",\"@id\":\"https:\/\/vitaliafarm.com\/#\/schema\/logo\/image\/\",\"url\":\"https:\/\/vitaliafarm.com\/wp-content\/uploads\/2022\/02\/logo.png\",\"contentUrl\":\"https:\/\/vitaliafarm.com\/wp-content\/uploads\/2022\/02\/logo.png\",\"width\":270,\"height\":111,\"caption\":\"Vitalia Farm d.o.o.\"},\"image\":{\"@id\":\"https:\/\/vitaliafarm.com\/#\/schema\/logo\/image\/\"},\"sameAs\":[\"https:\/\/www.facebook.com\/vitaliafarm\/\",\"https:\/\/www.instagram.com\/vitaliafarm\/\"]}]}<\/script>\n<!-- \/ Yoast SEO plugin. -->","yoast_head_json":{"title":"Poklon set - Ulje za negu tela - Aloha i Prirodni dezodorans - Magnolija - Vitalia Farm","description":"Poklon set koji sadr\u017ei Ulje za telo Aloha (za negu ko\u017ee posle sun\u010danja) i prirodni dezodorans u stiku mirisa magnolije","robots":{"index":"index","follow":"follow","max-snippet":"max-snippet:-1","max-image-preview":"max-image-preview:large","max-video-preview":"max-video-preview:-1"},"canonical":"https:\/\/vitaliafarm.com\/en\/prodavnica\/novo\/ulje-za-telo-aloha-prirodni-dezodorans-magnolija\/","og_locale":"en_US","og_type":"article","og_title":"Poklon set - Ulje za negu tela - Aloha i Prirodni dezodorans - Magnolija - Vitalia Farm","og_description":"Poklon set koji sadr\u017ei Ulje za telo Aloha (za negu ko\u017ee posle sun\u010danja) i prirodni dezodorans u stiku mirisa magnolije","og_url":"https:\/\/vitaliafarm.com\/en\/prodavnica\/novo\/ulje-za-telo-aloha-prirodni-dezodorans-magnolija\/","og_site_name":"Vitalia Farm","article_publisher":"https:\/\/www.facebook.com\/vitaliafarm\/","article_modified_time":"2026-03-15T23:11:35+00:00","og_image":[{"width":600,"height":665,"url":"https:\/\/vitaliafarm.com\/wp-content\/uploads\/2025\/03\/Vitalia-Farm-poklon-set-2.webp","type":"image\/webp"}],"twitter_card":"summary_large_image","schema":{"@context":"https:\/\/schema.org","@graph":[{"@type":"WebPage","@id":"https:\/\/vitaliafarm.com\/prodavnica\/novo\/ulje-za-telo-aloha-prirodni-dezodorans-magnolija\/","url":"https:\/\/vitaliafarm.com\/prodavnica\/novo\/ulje-za-telo-aloha-prirodni-dezodorans-magnolija\/","name":"Poklon set - Ulje za negu tela - Aloha i Prirodni dezodorans - Magnolija - Vitalia Farm","isPartOf":{"@id":"https:\/\/vitaliafarm.com\/#website"},"primaryImageOfPage":{"@id":"https:\/\/vitaliafarm.com\/prodavnica\/novo\/ulje-za-telo-aloha-prirodni-dezodorans-magnolija\/#primaryimage"},"image":{"@id":"https:\/\/vitaliafarm.com\/prodavnica\/novo\/ulje-za-telo-aloha-prirodni-dezodorans-magnolija\/#primaryimage"},"thumbnailUrl":"https:\/\/vitaliafarm.com\/wp-content\/uploads\/2025\/03\/Vitalia-Farm-poklon-set-2.webp","datePublished":"2025-03-04T21:36:58+00:00","dateModified":"2026-03-15T23:11:35+00:00","description":"Poklon set koji sadr\u017ei Ulje za telo Aloha (za negu ko\u017ee posle sun\u010danja) i prirodni dezodorans u stiku mirisa magnolije","breadcrumb":{"@id":"https:\/\/vitaliafarm.com\/prodavnica\/novo\/ulje-za-telo-aloha-prirodni-dezodorans-magnolija\/#breadcrumb"},"inLanguage":"en-US","potentialAction":[{"@type":"ReadAction","target":["https:\/\/vitaliafarm.com\/prodavnica\/novo\/ulje-za-telo-aloha-prirodni-dezodorans-magnolija\/"]}]},{"@type":"ImageObject","inLanguage":"en-US","@id":"https:\/\/vitaliafarm.com\/prodavnica\/novo\/ulje-za-telo-aloha-prirodni-dezodorans-magnolija\/#primaryimage","url":"https:\/\/vitaliafarm.com\/wp-content\/uploads\/2025\/03\/Vitalia-Farm-poklon-set-2.webp","contentUrl":"https:\/\/vitaliafarm.com\/wp-content\/uploads\/2025\/03\/Vitalia-Farm-poklon-set-2.webp","width":600,"height":665,"caption":"Vitalia Farm - poklon set 2"},{"@type":"BreadcrumbList","@id":"https:\/\/vitaliafarm.com\/prodavnica\/novo\/ulje-za-telo-aloha-prirodni-dezodorans-magnolija\/#breadcrumb","itemListElement":[{"@type":"ListItem","position":1,"name":"Po\u010detna","item":"https:\/\/vitaliafarm.com\/"},{"@type":"ListItem","position":2,"name":"Prodavnica","item":"https:\/\/vitaliafarm.com\/prodavnica\/"},{"@type":"ListItem","position":3,"name":"Poklon set &#8211; Ulje za negu tela &#8211; Aloha i Prirodni dezodorans &#8211; Magnolija"}]},{"@type":"WebSite","@id":"https:\/\/vitaliafarm.com\/#website","url":"https:\/\/vitaliafarm.com\/","name":"Vitalia Farm","description":"Svet lekovitog bilja","publisher":{"@id":"https:\/\/vitaliafarm.com\/#organization"},"potentialAction":[{"@type":"SearchAction","target":{"@type":"EntryPoint","urlTemplate":"https:\/\/vitaliafarm.com\/?s={search_term_string}"},"query-input":{"@type":"PropertyValueSpecification","valueRequired":true,"valueName":"search_term_string"}}],"inLanguage":"en-US"},{"@type":"Organization","@id":"https:\/\/vitaliafarm.com\/#organization","name":"Vitalia Farm d.o.o.","url":"https:\/\/vitaliafarm.com\/","logo":{"@type":"ImageObject","inLanguage":"en-US","@id":"https:\/\/vitaliafarm.com\/#\/schema\/logo\/image\/","url":"https:\/\/vitaliafarm.com\/wp-content\/uploads\/2022\/02\/logo.png","contentUrl":"https:\/\/vitaliafarm.com\/wp-content\/uploads\/2022\/02\/logo.png","width":270,"height":111,"caption":"Vitalia Farm d.o.o."},"image":{"@id":"https:\/\/vitaliafarm.com\/#\/schema\/logo\/image\/"},"sameAs":["https:\/\/www.facebook.com\/vitaliafarm\/","https:\/\/www.instagram.com\/vitaliafarm\/"]}]}},"_links":{"self":[{"href":"https:\/\/vitaliafarm.com\/en\/wp-json\/wp\/v2\/product\/6381","targetHints":{"allow":["GET"]}}],"collection":[{"href":"https:\/\/vitaliafarm.com\/en\/wp-json\/wp\/v2\/product"}],"about":[{"href":"https:\/\/vitaliafarm.com\/en\/wp-json\/wp\/v2\/types\/product"}],"replies":[{"embeddable":true,"href":"https:\/\/vitaliafarm.com\/en\/wp-json\/wp\/v2\/comments?post=6381"}],"wp:featuredmedia":[{"embeddable":true,"href":"https:\/\/vitaliafarm.com\/en\/wp-json\/wp\/v2\/media\/6383"}],"wp:attachment":[{"href":"https:\/\/vitaliafarm.com\/en\/wp-json\/wp\/v2\/media?parent=6381"}],"wp:term":[{"taxonomy":"product_brand","embeddable":true,"href":"https:\/\/vitaliafarm.com\/en\/wp-json\/wp\/v2\/product_brand?post=6381"},{"taxonomy":"product_cat","embeddable":true,"href":"https:\/\/vitaliafarm.com\/en\/wp-json\/wp\/v2\/product_cat?post=6381"},{"taxonomy":"product_tag","embeddable":true,"href":"https:\/\/vitaliafarm.com\/en\/wp-json\/wp\/v2\/product_tag?post=6381"}],"curies":[{"name":"wp","href":"https:\/\/api.w.org\/{rel}","templated":true}]}}