
{"id":6450,"date":"2025-03-26T13:42:01","date_gmt":"2025-03-26T12:42:01","guid":{"rendered":"https:\/\/vitaliafarm.com\/?post_type=product&#038;p=6450"},"modified":"2026-01-15T23:36:56","modified_gmt":"2026-01-15T22:36:56","slug":"tribulus-caj","status":"publish","type":"product","link":"https:\/\/vitaliafarm.com\/en\/prodavnica\/cajevi-monokomponentni\/tribulus-caj\/","title":{"rendered":"Tribulus \u010daj"},"content":{"rendered":"<table>\n<tbody>\n<tr>\n<td width=\"227\">Naziv proizvoda -podnaslov<\/td>\n<td width=\"281\">Tribuli terrestris fructus<\/td>\n<\/tr>\n<tr>\n<td width=\"227\"><\/td>\n<td width=\"281\">\u010caj od ploda babinog zuba<\/td>\n<\/tr>\n<tr>\n<td width=\"227\">Pakovanje:<\/td>\n<td width=\"281\">50 g<\/td>\n<\/tr>\n<tr>\n<td width=\"227\"><strong>Na\u010din pripreme \u010daja:\u00a0<\/strong><\/p>\n<p><strong>\u00a0<\/strong><\/td>\n<td width=\"281\">Kafenu ka\u0161iku \u010daja preliti sa 200 ml klju\u010dale vode, poklopiti i ostaviti da stoji 30 minuta pa procediti. Piti dva puta dnevno po 200 ml nezasla\u0111enog \u010daja.<\/td>\n<\/tr>\n<\/tbody>\n<\/table>","protected":false},"excerpt":{"rendered":"<p>Delovanje:<\/p>\n<ul>\n<li>koristi se za pove\u0107anje mi\u0161i\u0107ne mase i odr\u017eavanje mi\u0161i\u0107nog tonusa<\/li>\n<li>poma\u017ee odr\u017eavanju zdravlja reproduktivnih organa i urinarnog trakta<\/li>\n<li>smanjuje mogu\u0107nost stvaranja infekcija genitourinarnog sistema<\/li>\n<li>smanjuje mogu\u0107nost stvaranja kamena u bubregu<\/li>\n<li>povoljno uti\u010de na zdravlje kardiovaskularnog sistema i odr\u017eavanje sadr\u017eaja gvo\u017e\u0111a u krvi<\/li>\n<li>ima umiruju\u0107e dejstvo na nervni sistem<\/li>\n<\/ul>","protected":false},"featured_media":6454,"comment_status":"open","ping_status":"closed","template":"","meta":{"_monsterinsights_skip_tracking":false,"_monsterinsights_sitenote_active":false,"_monsterinsights_sitenote_note":"","_monsterinsights_sitenote_category":0},"product_brand":[],"product_cat":[942,315],"product_tag":[1062,1059,1058,1004,1007,1061,664,1060],"class_list":{"0":"post-6450","1":"product","2":"type-product","3":"status-publish","4":"has-post-thumbnail","6":"product_cat-novo","7":"product_cat-cajevi-monokomponentni","8":"product_tag-kardiovaskularni-sistem","9":"product_tag-odrzavanje-misicnog-tonusa","10":"product_tag-povecanje-misicne-mase","11":"product_tag-prirodni-lek","12":"product_tag-prirodni-preparat","13":"product_tag-smanjenje-infekcija","14":"product_tag-umirujuce-dejstvo","15":"product_tag-zdravlje-reproduktivnih-organa","17":"first","18":"instock","19":"taxable","20":"shipping-taxable","21":"purchasable","22":"product-type-simple"},"aioseo_notices":[],"yoast_head":"<!-- This site is optimized with the Yoast SEO plugin v26.2 - https:\/\/yoast.com\/wordpress\/plugins\/seo\/ -->\n<title>Tribulus \u010daj - Vitalia Farm<\/title>\n<meta name=\"robots\" content=\"index, follow, max-snippet:-1, max-image-preview:large, max-video-preview:-1\" \/>\n<link rel=\"canonical\" href=\"https:\/\/vitaliafarm.com\/en\/prodavnica\/cajevi-monokomponentni\/tribulus-caj\/\" \/>\n<meta property=\"og:locale\" content=\"en_US\" \/>\n<meta property=\"og:type\" content=\"article\" \/>\n<meta property=\"og:title\" content=\"Tribulus \u010daj - Vitalia Farm\" \/>\n<meta property=\"og:description\" content=\"Delovanje:   koristi se za pove\u0107anje mi\u0161i\u0107ne mase i odr\u017eavanje mi\u0161i\u0107nog tonusa  poma\u017ee odr\u017eavanju zdravlja reproduktivnih organa i urinarnog trakta  smanjuje mogu\u0107nost stvaranja infekcija genitourinarnog sistema  smanjuje mogu\u0107nost stvaranja kamena u bubregu  povoljno uti\u010de na zdravlje kardiovaskularnog sistema i odr\u017eavanje sadr\u017eaja gvo\u017e\u0111a u krvi  ima umiruju\u0107e dejstvo na nervni sistem\" \/>\n<meta property=\"og:url\" content=\"https:\/\/vitaliafarm.com\/en\/prodavnica\/cajevi-monokomponentni\/tribulus-caj\/\" \/>\n<meta property=\"og:site_name\" content=\"Vitalia Farm\" \/>\n<meta property=\"article:publisher\" content=\"https:\/\/www.facebook.com\/vitaliafarm\/\" \/>\n<meta property=\"article:modified_time\" content=\"2026-01-15T22:36:56+00:00\" \/>\n<meta property=\"og:image\" content=\"https:\/\/vitaliafarm.com\/wp-content\/uploads\/2025\/03\/Vitalia-Farm-Tribulus-caj-1.webp\" \/>\n\t<meta property=\"og:image:width\" content=\"500\" \/>\n\t<meta property=\"og:image:height\" content=\"600\" \/>\n\t<meta property=\"og:image:type\" content=\"image\/webp\" \/>\n<meta name=\"twitter:card\" content=\"summary_large_image\" \/>\n<script type=\"application\/ld+json\" class=\"yoast-schema-graph\">{\"@context\":\"https:\/\/schema.org\",\"@graph\":[{\"@type\":\"WebPage\",\"@id\":\"https:\/\/vitaliafarm.com\/prodavnica\/cajevi-monokomponentni\/tribulus-caj\/\",\"url\":\"https:\/\/vitaliafarm.com\/prodavnica\/cajevi-monokomponentni\/tribulus-caj\/\",\"name\":\"Tribulus \u010daj - Vitalia Farm\",\"isPartOf\":{\"@id\":\"https:\/\/vitaliafarm.com\/#website\"},\"primaryImageOfPage\":{\"@id\":\"https:\/\/vitaliafarm.com\/prodavnica\/cajevi-monokomponentni\/tribulus-caj\/#primaryimage\"},\"image\":{\"@id\":\"https:\/\/vitaliafarm.com\/prodavnica\/cajevi-monokomponentni\/tribulus-caj\/#primaryimage\"},\"thumbnailUrl\":\"https:\/\/vitaliafarm.com\/wp-content\/uploads\/2025\/03\/Vitalia-Farm-Tribulus-caj-1.webp\",\"datePublished\":\"2025-03-26T12:42:01+00:00\",\"dateModified\":\"2026-01-15T22:36:56+00:00\",\"breadcrumb\":{\"@id\":\"https:\/\/vitaliafarm.com\/prodavnica\/cajevi-monokomponentni\/tribulus-caj\/#breadcrumb\"},\"inLanguage\":\"en-US\",\"potentialAction\":[{\"@type\":\"ReadAction\",\"target\":[\"https:\/\/vitaliafarm.com\/prodavnica\/cajevi-monokomponentni\/tribulus-caj\/\"]}]},{\"@type\":\"ImageObject\",\"inLanguage\":\"en-US\",\"@id\":\"https:\/\/vitaliafarm.com\/prodavnica\/cajevi-monokomponentni\/tribulus-caj\/#primaryimage\",\"url\":\"https:\/\/vitaliafarm.com\/wp-content\/uploads\/2025\/03\/Vitalia-Farm-Tribulus-caj-1.webp\",\"contentUrl\":\"https:\/\/vitaliafarm.com\/wp-content\/uploads\/2025\/03\/Vitalia-Farm-Tribulus-caj-1.webp\",\"width\":500,\"height\":600,\"caption\":\"Vitalia Farm - Tribulus \u010daj\"},{\"@type\":\"BreadcrumbList\",\"@id\":\"https:\/\/vitaliafarm.com\/prodavnica\/cajevi-monokomponentni\/tribulus-caj\/#breadcrumb\",\"itemListElement\":[{\"@type\":\"ListItem\",\"position\":1,\"name\":\"Po\u010detna\",\"item\":\"https:\/\/vitaliafarm.com\/\"},{\"@type\":\"ListItem\",\"position\":2,\"name\":\"Prodavnica\",\"item\":\"https:\/\/vitaliafarm.com\/prodavnica\/\"},{\"@type\":\"ListItem\",\"position\":3,\"name\":\"Tribulus \u010daj\"}]},{\"@type\":\"WebSite\",\"@id\":\"https:\/\/vitaliafarm.com\/#website\",\"url\":\"https:\/\/vitaliafarm.com\/\",\"name\":\"Vitalia Farm\",\"description\":\"Svet lekovitog bilja\",\"publisher\":{\"@id\":\"https:\/\/vitaliafarm.com\/#organization\"},\"potentialAction\":[{\"@type\":\"SearchAction\",\"target\":{\"@type\":\"EntryPoint\",\"urlTemplate\":\"https:\/\/vitaliafarm.com\/?s={search_term_string}\"},\"query-input\":{\"@type\":\"PropertyValueSpecification\",\"valueRequired\":true,\"valueName\":\"search_term_string\"}}],\"inLanguage\":\"en-US\"},{\"@type\":\"Organization\",\"@id\":\"https:\/\/vitaliafarm.com\/#organization\",\"name\":\"Vitalia Farm d.o.o.\",\"url\":\"https:\/\/vitaliafarm.com\/\",\"logo\":{\"@type\":\"ImageObject\",\"inLanguage\":\"en-US\",\"@id\":\"https:\/\/vitaliafarm.com\/#\/schema\/logo\/image\/\",\"url\":\"https:\/\/vitaliafarm.com\/wp-content\/uploads\/2022\/02\/logo.png\",\"contentUrl\":\"https:\/\/vitaliafarm.com\/wp-content\/uploads\/2022\/02\/logo.png\",\"width\":270,\"height\":111,\"caption\":\"Vitalia Farm d.o.o.\"},\"image\":{\"@id\":\"https:\/\/vitaliafarm.com\/#\/schema\/logo\/image\/\"},\"sameAs\":[\"https:\/\/www.facebook.com\/vitaliafarm\/\",\"https:\/\/www.instagram.com\/vitaliafarm\/\"]}]}<\/script>\n<!-- \/ Yoast SEO plugin. -->","yoast_head_json":{"title":"Tribulus \u010daj - Vitalia Farm","robots":{"index":"index","follow":"follow","max-snippet":"max-snippet:-1","max-image-preview":"max-image-preview:large","max-video-preview":"max-video-preview:-1"},"canonical":"https:\/\/vitaliafarm.com\/en\/prodavnica\/cajevi-monokomponentni\/tribulus-caj\/","og_locale":"en_US","og_type":"article","og_title":"Tribulus \u010daj - Vitalia Farm","og_description":"Delovanje:   koristi se za pove\u0107anje mi\u0161i\u0107ne mase i odr\u017eavanje mi\u0161i\u0107nog tonusa  poma\u017ee odr\u017eavanju zdravlja reproduktivnih organa i urinarnog trakta  smanjuje mogu\u0107nost stvaranja infekcija genitourinarnog sistema  smanjuje mogu\u0107nost stvaranja kamena u bubregu  povoljno uti\u010de na zdravlje kardiovaskularnog sistema i odr\u017eavanje sadr\u017eaja gvo\u017e\u0111a u krvi  ima umiruju\u0107e dejstvo na nervni sistem","og_url":"https:\/\/vitaliafarm.com\/en\/prodavnica\/cajevi-monokomponentni\/tribulus-caj\/","og_site_name":"Vitalia Farm","article_publisher":"https:\/\/www.facebook.com\/vitaliafarm\/","article_modified_time":"2026-01-15T22:36:56+00:00","og_image":[{"width":500,"height":600,"url":"https:\/\/vitaliafarm.com\/wp-content\/uploads\/2025\/03\/Vitalia-Farm-Tribulus-caj-1.webp","type":"image\/webp"}],"twitter_card":"summary_large_image","schema":{"@context":"https:\/\/schema.org","@graph":[{"@type":"WebPage","@id":"https:\/\/vitaliafarm.com\/prodavnica\/cajevi-monokomponentni\/tribulus-caj\/","url":"https:\/\/vitaliafarm.com\/prodavnica\/cajevi-monokomponentni\/tribulus-caj\/","name":"Tribulus \u010daj - Vitalia Farm","isPartOf":{"@id":"https:\/\/vitaliafarm.com\/#website"},"primaryImageOfPage":{"@id":"https:\/\/vitaliafarm.com\/prodavnica\/cajevi-monokomponentni\/tribulus-caj\/#primaryimage"},"image":{"@id":"https:\/\/vitaliafarm.com\/prodavnica\/cajevi-monokomponentni\/tribulus-caj\/#primaryimage"},"thumbnailUrl":"https:\/\/vitaliafarm.com\/wp-content\/uploads\/2025\/03\/Vitalia-Farm-Tribulus-caj-1.webp","datePublished":"2025-03-26T12:42:01+00:00","dateModified":"2026-01-15T22:36:56+00:00","breadcrumb":{"@id":"https:\/\/vitaliafarm.com\/prodavnica\/cajevi-monokomponentni\/tribulus-caj\/#breadcrumb"},"inLanguage":"en-US","potentialAction":[{"@type":"ReadAction","target":["https:\/\/vitaliafarm.com\/prodavnica\/cajevi-monokomponentni\/tribulus-caj\/"]}]},{"@type":"ImageObject","inLanguage":"en-US","@id":"https:\/\/vitaliafarm.com\/prodavnica\/cajevi-monokomponentni\/tribulus-caj\/#primaryimage","url":"https:\/\/vitaliafarm.com\/wp-content\/uploads\/2025\/03\/Vitalia-Farm-Tribulus-caj-1.webp","contentUrl":"https:\/\/vitaliafarm.com\/wp-content\/uploads\/2025\/03\/Vitalia-Farm-Tribulus-caj-1.webp","width":500,"height":600,"caption":"Vitalia Farm - Tribulus \u010daj"},{"@type":"BreadcrumbList","@id":"https:\/\/vitaliafarm.com\/prodavnica\/cajevi-monokomponentni\/tribulus-caj\/#breadcrumb","itemListElement":[{"@type":"ListItem","position":1,"name":"Po\u010detna","item":"https:\/\/vitaliafarm.com\/"},{"@type":"ListItem","position":2,"name":"Prodavnica","item":"https:\/\/vitaliafarm.com\/prodavnica\/"},{"@type":"ListItem","position":3,"name":"Tribulus \u010daj"}]},{"@type":"WebSite","@id":"https:\/\/vitaliafarm.com\/#website","url":"https:\/\/vitaliafarm.com\/","name":"Vitalia Farm","description":"Svet lekovitog bilja","publisher":{"@id":"https:\/\/vitaliafarm.com\/#organization"},"potentialAction":[{"@type":"SearchAction","target":{"@type":"EntryPoint","urlTemplate":"https:\/\/vitaliafarm.com\/?s={search_term_string}"},"query-input":{"@type":"PropertyValueSpecification","valueRequired":true,"valueName":"search_term_string"}}],"inLanguage":"en-US"},{"@type":"Organization","@id":"https:\/\/vitaliafarm.com\/#organization","name":"Vitalia Farm d.o.o.","url":"https:\/\/vitaliafarm.com\/","logo":{"@type":"ImageObject","inLanguage":"en-US","@id":"https:\/\/vitaliafarm.com\/#\/schema\/logo\/image\/","url":"https:\/\/vitaliafarm.com\/wp-content\/uploads\/2022\/02\/logo.png","contentUrl":"https:\/\/vitaliafarm.com\/wp-content\/uploads\/2022\/02\/logo.png","width":270,"height":111,"caption":"Vitalia Farm d.o.o."},"image":{"@id":"https:\/\/vitaliafarm.com\/#\/schema\/logo\/image\/"},"sameAs":["https:\/\/www.facebook.com\/vitaliafarm\/","https:\/\/www.instagram.com\/vitaliafarm\/"]}]}},"_links":{"self":[{"href":"https:\/\/vitaliafarm.com\/en\/wp-json\/wp\/v2\/product\/6450","targetHints":{"allow":["GET"]}}],"collection":[{"href":"https:\/\/vitaliafarm.com\/en\/wp-json\/wp\/v2\/product"}],"about":[{"href":"https:\/\/vitaliafarm.com\/en\/wp-json\/wp\/v2\/types\/product"}],"replies":[{"embeddable":true,"href":"https:\/\/vitaliafarm.com\/en\/wp-json\/wp\/v2\/comments?post=6450"}],"wp:featuredmedia":[{"embeddable":true,"href":"https:\/\/vitaliafarm.com\/en\/wp-json\/wp\/v2\/media\/6454"}],"wp:attachment":[{"href":"https:\/\/vitaliafarm.com\/en\/wp-json\/wp\/v2\/media?parent=6450"}],"wp:term":[{"taxonomy":"product_brand","embeddable":true,"href":"https:\/\/vitaliafarm.com\/en\/wp-json\/wp\/v2\/product_brand?post=6450"},{"taxonomy":"product_cat","embeddable":true,"href":"https:\/\/vitaliafarm.com\/en\/wp-json\/wp\/v2\/product_cat?post=6450"},{"taxonomy":"product_tag","embeddable":true,"href":"https:\/\/vitaliafarm.com\/en\/wp-json\/wp\/v2\/product_tag?post=6450"}],"curies":[{"name":"wp","href":"https:\/\/api.w.org\/{rel}","templated":true}]}}