
{"id":7033,"date":"2026-03-23T13:25:46","date_gmt":"2026-03-23T12:25:46","guid":{"rendered":"https:\/\/vitaliafarm.com\/?post_type=product&#038;p=7033"},"modified":"2026-04-23T19:34:52","modified_gmt":"2026-04-23T17:34:52","slug":"etarsko-ulje-tamjana","status":"publish","type":"product","link":"https:\/\/vitaliafarm.com\/en\/prodavnica\/etarska-ulja\/etarsko-ulje-tamjana\/","title":{"rendered":"Etarsko ulje tamjana"},"content":{"rendered":"<p><strong>Biolo\u0161ki izvor:<\/strong>\u00a0\u00a0<strong><em>Boswellia carterii<\/em><\/strong><strong>\u00a0Birdw., Burseraceae<\/strong><\/p>\n<p><strong>Na\u010din dobijanja:<\/strong>\u00a0Destilacijom pomo\u0107u vodene pare iz smole drveta.<\/p>\n<p><strong>Osobine:<\/strong>\u00a0Naj\u010de\u0161\u0107e bez boje, veoma karakteristi\u010dnog osve\u017eavaju\u0107eg mirisa <strong>dubokog smolastog i drvenastog karaktera.<\/strong><\/p>\n<p><strong>Sastav:<\/strong>\u00a0<strong>\u03b1-pinene<\/strong> (30-50%), <strong>Limonen, <\/strong>\u03b2-pinen, p-Cymene i dr.<\/p>\n<p>&nbsp;<\/p>\n<p><strong>Preporuka za upotrebu:<\/strong><\/p>\n<ul>\n<li><strong>Za negu lica:<\/strong><\/li>\n<\/ul>\n<p>2-3 kapi etarskog ulja tamjana razbla\u017eiti u 10 ml biljnog ulja i umasirati na \u010distu i vla\u017enu ko\u017eu lica.<\/p>\n<ul>\n<li><strong>Za ubla\u017eavanje bolova u mi\u0161i\u0107ima: <\/strong><\/li>\n<\/ul>\n<p>4-5 kapi etarskog ulja tamjana razbla\u017eiti u 10 ml biljnog ulja i blago masirati<\/p>\n<ul>\n<li><strong>Za j<\/strong><strong>a\u010danje imuniteta, ubla\u017eavanja ose\u0107aja napetosti, neutralisanje neprijatnih mirisa i blage dezinfekcije vazduha i ubla\u017eavanja respiratornih infekcija primenjuje se inhalacija:<\/strong><\/li>\n<\/ul>\n<p>&#8211; <strong>U difuzoru:<\/strong> dodati 5\u20136 kapi etarskog ulja u vodu;<\/p>\n<p>&#8211; <strong>Direktna inhalacija:<\/strong> naneti 1\u20132 kapi na papirnu maramicu i duboko udisati po potrebi.<\/p>\n<p><strong>Napomena:<\/strong><\/p>\n<ul>\n<li>\u00a0 Pre upotrebe obavezno pro\u010ditati uputstvo<\/li>\n<li>\u00a0 Ne preporu\u010duje se upotreba kod dece mla\u0111e od 6 godina<\/li>\n<li>\u00a0 Ne preporu\u010duje se upotreba kod \u00a0trudnica i dojilja, kao i osobama koje su osetljive na neki od sastojaka.<\/li>\n<li>\u00a0 Nerazbla\u017eeno etarsko ulje tamjana ne nanositi direktno na ko\u017eu.<\/li>\n<li>\u00a0 Preporu\u010dena dnevna doza se ne sme prekora\u010diti<\/li>\n<li>\u00a0 U slu\u010daju da do\u0111e do iritacije o\u010diju sa etarskim uljem tamjana, o\u010di \u0161to pre isprati hladnom vodom i po potrebi potra\u017eiti pomo\u0107 lekara.<\/li>\n<li>\u00a0 O indikacijma, merama opreza i ne\u017eeljenim dejstvima posavetujte se sa lekarom ili farmaceutom.<\/li>\n<\/ul>\n<p><strong>Na\u010din \u010duvanja:<\/strong>\u00a0\u010cuvati na tamnom i hladnom mestu za\u0161ti\u0107eno od svetlosti,van doma\u0161aja dece. Od otvaranja bo\u010dice, savetuje se da se koristi najdu\u017ee godinu dana.<\/p>\n<p><strong>Rok trajanja:<\/strong>\u00a0 24 meseca<\/p>\n<p><strong>Pakovanje: \u00a0<\/strong>10 ml<\/p>","protected":false},"excerpt":{"rendered":"<p><strong>Preporu\u010duje se kod:<\/strong><\/p>\n<ul>\n<li>Ubla\u017eavanja postoje\u0107ih bora i spre\u010davanja stvaranja novih<\/li>\n<li>Regeneracije ko\u017ee<\/li>\n<li>Ja\u010danja imuniteta (podsti\u010de prirodnu otpornost organizma)<\/li>\n<li>Ubla\u017eavanja ose\u0107aja napetosti<\/li>\n<li>Neutralisanja neprijatnih mirisa i blage dezinfekcije vazduha<\/li>\n<li>Ubla\u017eavanja respiratornih infekcija<\/li>\n<li>Ubla\u017eavanja\u00a0 bolova u mi\u0161i\u0107ima<\/li>\n<\/ul>\n<p><strong>Pakovanje:\u00a0<\/strong>10 ml<\/p>","protected":false},"featured_media":7043,"comment_status":"open","ping_status":"closed","template":"","meta":{"_monsterinsights_skip_tracking":false,"_monsterinsights_sitenote_active":false,"_monsterinsights_sitenote_note":"","_monsterinsights_sitenote_category":0},"product_brand":[],"product_cat":[942,316],"product_tag":[380,1076],"class_list":{"0":"post-7033","1":"product","2":"type-product","3":"status-publish","4":"has-post-thumbnail","6":"product_cat-novo","7":"product_cat-etarska-ulja","8":"product_tag-etarsko-ulje","9":"product_tag-etarsko-ulje-tamjana","11":"first","12":"instock","13":"taxable","14":"shipping-taxable","15":"purchasable","16":"product-type-simple"},"aioseo_notices":[],"yoast_head":"<!-- This site is optimized with the Yoast SEO plugin v26.2 - https:\/\/yoast.com\/wordpress\/plugins\/seo\/ -->\n<title>Etarsko ulje tamjana - Vitalia Farm<\/title>\n<meta name=\"description\" content=\"Preporu\u010duje se kod: ula\u017eavanja postoje\u0107ih bora i spre\u010davanja stvaranja novih, regeneracije ko\u017ee, ja\u010danja imuniteta (podsti\u010de prirodnu otpornost organizma), Ubla\u017eavanja ose\u0107aja napetosti, Neutralisanja neprijatnih mirisa i blage dezinfekcije vazduha Ubla\u017eavanja respiratornih infekcijaUbla\u017eavanja\u00a0 bolova u mi\u0161i\u0107ima\" \/>\n<meta name=\"robots\" content=\"index, follow, max-snippet:-1, max-image-preview:large, max-video-preview:-1\" \/>\n<link rel=\"canonical\" href=\"https:\/\/vitaliafarm.com\/en\/prodavnica\/etarska-ulja\/etarsko-ulje-tamjana\/\" \/>\n<meta property=\"og:locale\" content=\"en_US\" \/>\n<meta property=\"og:type\" content=\"article\" \/>\n<meta property=\"og:title\" content=\"Etarsko ulje tamjana - Vitalia Farm\" \/>\n<meta property=\"og:description\" content=\"Preporu\u010duje se kod: ula\u017eavanja postoje\u0107ih bora i spre\u010davanja stvaranja novih, regeneracije ko\u017ee, ja\u010danja imuniteta (podsti\u010de prirodnu otpornost organizma), Ubla\u017eavanja ose\u0107aja napetosti, Neutralisanja neprijatnih mirisa i blage dezinfekcije vazduha Ubla\u017eavanja respiratornih infekcijaUbla\u017eavanja\u00a0 bolova u mi\u0161i\u0107ima\" \/>\n<meta property=\"og:url\" content=\"https:\/\/vitaliafarm.com\/en\/prodavnica\/etarska-ulja\/etarsko-ulje-tamjana\/\" \/>\n<meta property=\"og:site_name\" content=\"Vitalia Farm\" \/>\n<meta property=\"article:publisher\" content=\"https:\/\/www.facebook.com\/vitaliafarm\/\" \/>\n<meta property=\"article:modified_time\" content=\"2026-04-23T17:34:52+00:00\" \/>\n<meta property=\"og:image\" content=\"https:\/\/vitaliafarm.com\/wp-content\/uploads\/2026\/03\/EU-tamjana-2-scaled.png\" \/>\n\t<meta property=\"og:image:width\" content=\"1920\" \/>\n\t<meta property=\"og:image:height\" content=\"2560\" \/>\n\t<meta property=\"og:image:type\" content=\"image\/png\" \/>\n<meta name=\"twitter:card\" content=\"summary_large_image\" \/>\n<meta name=\"twitter:label1\" content=\"Est. reading time\" \/>\n\t<meta name=\"twitter:data1\" content=\"1 minute\" \/>\n<script type=\"application\/ld+json\" class=\"yoast-schema-graph\">{\"@context\":\"https:\/\/schema.org\",\"@graph\":[{\"@type\":\"WebPage\",\"@id\":\"https:\/\/vitaliafarm.com\/prodavnica\/etarska-ulja\/etarsko-ulje-tamjana\/\",\"url\":\"https:\/\/vitaliafarm.com\/prodavnica\/etarska-ulja\/etarsko-ulje-tamjana\/\",\"name\":\"Etarsko ulje tamjana - Vitalia Farm\",\"isPartOf\":{\"@id\":\"https:\/\/vitaliafarm.com\/#website\"},\"primaryImageOfPage\":{\"@id\":\"https:\/\/vitaliafarm.com\/prodavnica\/etarska-ulja\/etarsko-ulje-tamjana\/#primaryimage\"},\"image\":{\"@id\":\"https:\/\/vitaliafarm.com\/prodavnica\/etarska-ulja\/etarsko-ulje-tamjana\/#primaryimage\"},\"thumbnailUrl\":\"https:\/\/vitaliafarm.com\/wp-content\/uploads\/2026\/03\/EU-tamjana-2-scaled.png\",\"datePublished\":\"2026-03-23T12:25:46+00:00\",\"dateModified\":\"2026-04-23T17:34:52+00:00\",\"description\":\"Preporu\u010duje se kod: ula\u017eavanja postoje\u0107ih bora i spre\u010davanja stvaranja novih, regeneracije ko\u017ee, ja\u010danja imuniteta (podsti\u010de prirodnu otpornost organizma), Ubla\u017eavanja ose\u0107aja napetosti, Neutralisanja neprijatnih mirisa i blage dezinfekcije vazduha Ubla\u017eavanja respiratornih infekcijaUbla\u017eavanja\u00a0 bolova u mi\u0161i\u0107ima\",\"breadcrumb\":{\"@id\":\"https:\/\/vitaliafarm.com\/prodavnica\/etarska-ulja\/etarsko-ulje-tamjana\/#breadcrumb\"},\"inLanguage\":\"en-US\",\"potentialAction\":[{\"@type\":\"ReadAction\",\"target\":[\"https:\/\/vitaliafarm.com\/prodavnica\/etarska-ulja\/etarsko-ulje-tamjana\/\"]}]},{\"@type\":\"ImageObject\",\"inLanguage\":\"en-US\",\"@id\":\"https:\/\/vitaliafarm.com\/prodavnica\/etarska-ulja\/etarsko-ulje-tamjana\/#primaryimage\",\"url\":\"https:\/\/vitaliafarm.com\/wp-content\/uploads\/2026\/03\/EU-tamjana-2-scaled.png\",\"contentUrl\":\"https:\/\/vitaliafarm.com\/wp-content\/uploads\/2026\/03\/EU-tamjana-2-scaled.png\",\"width\":1920,\"height\":2560},{\"@type\":\"BreadcrumbList\",\"@id\":\"https:\/\/vitaliafarm.com\/prodavnica\/etarska-ulja\/etarsko-ulje-tamjana\/#breadcrumb\",\"itemListElement\":[{\"@type\":\"ListItem\",\"position\":1,\"name\":\"Po\u010detna\",\"item\":\"https:\/\/vitaliafarm.com\/\"},{\"@type\":\"ListItem\",\"position\":2,\"name\":\"Prodavnica\",\"item\":\"https:\/\/vitaliafarm.com\/prodavnica\/\"},{\"@type\":\"ListItem\",\"position\":3,\"name\":\"Etarsko ulje tamjana\"}]},{\"@type\":\"WebSite\",\"@id\":\"https:\/\/vitaliafarm.com\/#website\",\"url\":\"https:\/\/vitaliafarm.com\/\",\"name\":\"Vitalia Farm\",\"description\":\"Svet lekovitog bilja\",\"publisher\":{\"@id\":\"https:\/\/vitaliafarm.com\/#organization\"},\"potentialAction\":[{\"@type\":\"SearchAction\",\"target\":{\"@type\":\"EntryPoint\",\"urlTemplate\":\"https:\/\/vitaliafarm.com\/?s={search_term_string}\"},\"query-input\":{\"@type\":\"PropertyValueSpecification\",\"valueRequired\":true,\"valueName\":\"search_term_string\"}}],\"inLanguage\":\"en-US\"},{\"@type\":\"Organization\",\"@id\":\"https:\/\/vitaliafarm.com\/#organization\",\"name\":\"Vitalia Farm d.o.o.\",\"url\":\"https:\/\/vitaliafarm.com\/\",\"logo\":{\"@type\":\"ImageObject\",\"inLanguage\":\"en-US\",\"@id\":\"https:\/\/vitaliafarm.com\/#\/schema\/logo\/image\/\",\"url\":\"https:\/\/vitaliafarm.com\/wp-content\/uploads\/2022\/02\/logo.png\",\"contentUrl\":\"https:\/\/vitaliafarm.com\/wp-content\/uploads\/2022\/02\/logo.png\",\"width\":270,\"height\":111,\"caption\":\"Vitalia Farm d.o.o.\"},\"image\":{\"@id\":\"https:\/\/vitaliafarm.com\/#\/schema\/logo\/image\/\"},\"sameAs\":[\"https:\/\/www.facebook.com\/vitaliafarm\/\",\"https:\/\/www.instagram.com\/vitaliafarm\/\"]}]}<\/script>\n<!-- \/ Yoast SEO plugin. -->","yoast_head_json":{"title":"Etarsko ulje tamjana - Vitalia Farm","description":"Preporu\u010duje se kod: ula\u017eavanja postoje\u0107ih bora i spre\u010davanja stvaranja novih, regeneracije ko\u017ee, ja\u010danja imuniteta (podsti\u010de prirodnu otpornost organizma), Ubla\u017eavanja ose\u0107aja napetosti, Neutralisanja neprijatnih mirisa i blage dezinfekcije vazduha Ubla\u017eavanja respiratornih infekcijaUbla\u017eavanja\u00a0 bolova u mi\u0161i\u0107ima","robots":{"index":"index","follow":"follow","max-snippet":"max-snippet:-1","max-image-preview":"max-image-preview:large","max-video-preview":"max-video-preview:-1"},"canonical":"https:\/\/vitaliafarm.com\/en\/prodavnica\/etarska-ulja\/etarsko-ulje-tamjana\/","og_locale":"en_US","og_type":"article","og_title":"Etarsko ulje tamjana - Vitalia Farm","og_description":"Preporu\u010duje se kod: ula\u017eavanja postoje\u0107ih bora i spre\u010davanja stvaranja novih, regeneracije ko\u017ee, ja\u010danja imuniteta (podsti\u010de prirodnu otpornost organizma), Ubla\u017eavanja ose\u0107aja napetosti, Neutralisanja neprijatnih mirisa i blage dezinfekcije vazduha Ubla\u017eavanja respiratornih infekcijaUbla\u017eavanja\u00a0 bolova u mi\u0161i\u0107ima","og_url":"https:\/\/vitaliafarm.com\/en\/prodavnica\/etarska-ulja\/etarsko-ulje-tamjana\/","og_site_name":"Vitalia Farm","article_publisher":"https:\/\/www.facebook.com\/vitaliafarm\/","article_modified_time":"2026-04-23T17:34:52+00:00","og_image":[{"width":1920,"height":2560,"url":"https:\/\/vitaliafarm.com\/wp-content\/uploads\/2026\/03\/EU-tamjana-2-scaled.png","type":"image\/png"}],"twitter_card":"summary_large_image","twitter_misc":{"Est. reading time":"1 minute"},"schema":{"@context":"https:\/\/schema.org","@graph":[{"@type":"WebPage","@id":"https:\/\/vitaliafarm.com\/prodavnica\/etarska-ulja\/etarsko-ulje-tamjana\/","url":"https:\/\/vitaliafarm.com\/prodavnica\/etarska-ulja\/etarsko-ulje-tamjana\/","name":"Etarsko ulje tamjana - Vitalia Farm","isPartOf":{"@id":"https:\/\/vitaliafarm.com\/#website"},"primaryImageOfPage":{"@id":"https:\/\/vitaliafarm.com\/prodavnica\/etarska-ulja\/etarsko-ulje-tamjana\/#primaryimage"},"image":{"@id":"https:\/\/vitaliafarm.com\/prodavnica\/etarska-ulja\/etarsko-ulje-tamjana\/#primaryimage"},"thumbnailUrl":"https:\/\/vitaliafarm.com\/wp-content\/uploads\/2026\/03\/EU-tamjana-2-scaled.png","datePublished":"2026-03-23T12:25:46+00:00","dateModified":"2026-04-23T17:34:52+00:00","description":"Preporu\u010duje se kod: ula\u017eavanja postoje\u0107ih bora i spre\u010davanja stvaranja novih, regeneracije ko\u017ee, ja\u010danja imuniteta (podsti\u010de prirodnu otpornost organizma), Ubla\u017eavanja ose\u0107aja napetosti, Neutralisanja neprijatnih mirisa i blage dezinfekcije vazduha Ubla\u017eavanja respiratornih infekcijaUbla\u017eavanja\u00a0 bolova u mi\u0161i\u0107ima","breadcrumb":{"@id":"https:\/\/vitaliafarm.com\/prodavnica\/etarska-ulja\/etarsko-ulje-tamjana\/#breadcrumb"},"inLanguage":"en-US","potentialAction":[{"@type":"ReadAction","target":["https:\/\/vitaliafarm.com\/prodavnica\/etarska-ulja\/etarsko-ulje-tamjana\/"]}]},{"@type":"ImageObject","inLanguage":"en-US","@id":"https:\/\/vitaliafarm.com\/prodavnica\/etarska-ulja\/etarsko-ulje-tamjana\/#primaryimage","url":"https:\/\/vitaliafarm.com\/wp-content\/uploads\/2026\/03\/EU-tamjana-2-scaled.png","contentUrl":"https:\/\/vitaliafarm.com\/wp-content\/uploads\/2026\/03\/EU-tamjana-2-scaled.png","width":1920,"height":2560},{"@type":"BreadcrumbList","@id":"https:\/\/vitaliafarm.com\/prodavnica\/etarska-ulja\/etarsko-ulje-tamjana\/#breadcrumb","itemListElement":[{"@type":"ListItem","position":1,"name":"Po\u010detna","item":"https:\/\/vitaliafarm.com\/"},{"@type":"ListItem","position":2,"name":"Prodavnica","item":"https:\/\/vitaliafarm.com\/prodavnica\/"},{"@type":"ListItem","position":3,"name":"Etarsko ulje tamjana"}]},{"@type":"WebSite","@id":"https:\/\/vitaliafarm.com\/#website","url":"https:\/\/vitaliafarm.com\/","name":"Vitalia Farm","description":"Svet lekovitog bilja","publisher":{"@id":"https:\/\/vitaliafarm.com\/#organization"},"potentialAction":[{"@type":"SearchAction","target":{"@type":"EntryPoint","urlTemplate":"https:\/\/vitaliafarm.com\/?s={search_term_string}"},"query-input":{"@type":"PropertyValueSpecification","valueRequired":true,"valueName":"search_term_string"}}],"inLanguage":"en-US"},{"@type":"Organization","@id":"https:\/\/vitaliafarm.com\/#organization","name":"Vitalia Farm d.o.o.","url":"https:\/\/vitaliafarm.com\/","logo":{"@type":"ImageObject","inLanguage":"en-US","@id":"https:\/\/vitaliafarm.com\/#\/schema\/logo\/image\/","url":"https:\/\/vitaliafarm.com\/wp-content\/uploads\/2022\/02\/logo.png","contentUrl":"https:\/\/vitaliafarm.com\/wp-content\/uploads\/2022\/02\/logo.png","width":270,"height":111,"caption":"Vitalia Farm d.o.o."},"image":{"@id":"https:\/\/vitaliafarm.com\/#\/schema\/logo\/image\/"},"sameAs":["https:\/\/www.facebook.com\/vitaliafarm\/","https:\/\/www.instagram.com\/vitaliafarm\/"]}]}},"_links":{"self":[{"href":"https:\/\/vitaliafarm.com\/en\/wp-json\/wp\/v2\/product\/7033","targetHints":{"allow":["GET"]}}],"collection":[{"href":"https:\/\/vitaliafarm.com\/en\/wp-json\/wp\/v2\/product"}],"about":[{"href":"https:\/\/vitaliafarm.com\/en\/wp-json\/wp\/v2\/types\/product"}],"replies":[{"embeddable":true,"href":"https:\/\/vitaliafarm.com\/en\/wp-json\/wp\/v2\/comments?post=7033"}],"wp:featuredmedia":[{"embeddable":true,"href":"https:\/\/vitaliafarm.com\/en\/wp-json\/wp\/v2\/media\/7043"}],"wp:attachment":[{"href":"https:\/\/vitaliafarm.com\/en\/wp-json\/wp\/v2\/media?parent=7033"}],"wp:term":[{"taxonomy":"product_brand","embeddable":true,"href":"https:\/\/vitaliafarm.com\/en\/wp-json\/wp\/v2\/product_brand?post=7033"},{"taxonomy":"product_cat","embeddable":true,"href":"https:\/\/vitaliafarm.com\/en\/wp-json\/wp\/v2\/product_cat?post=7033"},{"taxonomy":"product_tag","embeddable":true,"href":"https:\/\/vitaliafarm.com\/en\/wp-json\/wp\/v2\/product_tag?post=7033"}],"curies":[{"name":"wp","href":"https:\/\/api.w.org\/{rel}","templated":true}]}}