
{"id":7041,"date":"2026-03-26T14:32:49","date_gmt":"2026-03-26T13:32:49","guid":{"rendered":"https:\/\/vitaliafarm.com\/?post_type=product&#038;p=7041"},"modified":"2026-03-27T14:51:06","modified_gmt":"2026-03-27T13:51:06","slug":"biljne-kapi-korena-koprive","status":"publish","type":"product","link":"https:\/\/vitaliafarm.com\/en\/prodavnica\/biljne-kapi-tinkture\/biljne-kapi-korena-koprive\/","title":{"rendered":"Biljne kapi korena koprive"},"content":{"rendered":"<p>Opis<\/p>\n<p><strong>Sastav:<\/strong>\u00a0Etanolno-vodeni ekstrakt korena koprive (Urticae radix)<\/p>\n<p><strong>Preporuka za upotrebu:<\/strong><\/p>\n<p>Oralno: Piti 3 puta dnevno po 30 kapi tinkture korena koprive u malo vode ili \u010daja posle jela.<\/p>\n<p>Za kosu: Umasirati nekoliko kapi u teme pola sata pre pranja<\/p>\n<p><strong>Napomena:<\/strong><\/p>\n<p>\u2013\u00a0 Pre upotrebe obavezno pro\u010ditati uputstvo.<\/p>\n<p>\u2013\u00a0 Preparat sadr\u017ei alkohol (etanol)..<\/p>\n<p>\u2013 Ne preporu\u010duje se trudnicama, dojiljama i deci mla\u0111oj od 18 godina<\/p>\n<p>\u2013 Preporu\u010dena doza se ne sme prekora\u010diti<\/p>\n<p>\u2013 U slu\u010daju da do\u0111e do iritacije o\u010diju sa biljnim kapima, \u0161to pre o\u010di isprati hladnom vodom i po potrebi potra\u017eiti pomo\u0107 lekara.<\/p>\n<p>\u2013 O indikacijma ,merama opreza i ne\u017eeljenim dejstvima posavetujte se sa lekarom ili farmaceutom.<\/p>\n<p><strong>\u00a0Na\u010din \u010duvanja:<\/strong>\u00a0\u010cuvati na tamnom i hladnom mestu,van doma\u0161aja dece.<\/p>\n<p><strong>Rok trajanja:<\/strong>\u00a0 24 meseca<\/p>\n<p><strong>Pakovanje: \u00a0<\/strong>30 ml<\/p>","protected":false},"excerpt":{"rendered":"<p><strong>Koren koprive povoljno deluje kod:<\/strong><\/p>\n<ul>\n<li>ubla\u017eavanja simptoma poreme\u0107aja mokrenja\u00a0 povezanih sa benignom hiperplazijom prostate<\/li>\n<li>urinarnih infekcija<\/li>\n<li>izbacivanja vi\u0161ka vode iz organizma i \u010di\u0161\u0107enja creva<\/li>\n<li>ubla\u017eavanja bolova kod reumatizma i artritisa<\/li>\n<li>spre\u010davanja opadanja kose &#8211; podsti\u010de cirkulaciju i ja\u010da koren.<\/li>\n<\/ul>\n<p><strong>Pakovanje:\u00a0<\/strong>30 ml<\/p>","protected":false},"featured_media":7042,"comment_status":"open","ping_status":"closed","template":"","meta":{"_monsterinsights_skip_tracking":false,"_monsterinsights_sitenote_active":false,"_monsterinsights_sitenote_note":"","_monsterinsights_sitenote_category":0},"product_brand":[],"product_cat":[942,318],"product_tag":[],"class_list":{"0":"post-7041","1":"product","2":"type-product","3":"status-publish","4":"has-post-thumbnail","6":"product_cat-novo","7":"product_cat-biljne-kapi-tinkture","9":"first","10":"instock","11":"taxable","12":"shipping-taxable","13":"purchasable","14":"product-type-simple"},"aioseo_notices":[],"yoast_head":"<!-- This site is optimized with the Yoast SEO plugin v26.2 - https:\/\/yoast.com\/wordpress\/plugins\/seo\/ -->\n<title>Biljne kapi korena koprive - Vitalia Farm<\/title>\n<meta name=\"robots\" content=\"index, follow, max-snippet:-1, max-image-preview:large, max-video-preview:-1\" \/>\n<link rel=\"canonical\" href=\"https:\/\/vitaliafarm.com\/en\/prodavnica\/biljne-kapi-tinkture\/biljne-kapi-korena-koprive\/\" \/>\n<meta property=\"og:locale\" content=\"en_US\" \/>\n<meta property=\"og:type\" content=\"article\" \/>\n<meta property=\"og:title\" content=\"Biljne kapi korena koprive - Vitalia Farm\" \/>\n<meta property=\"og:description\" content=\"Koren koprive povoljno deluje kod:   ubla\u017eavanja simptoma poreme\u0107aja mokrenja\u00a0 povezanih sa benignom hiperplazijom prostate  urinarnih infekcija  izbacivanja vi\u0161ka vode iz organizma i \u010di\u0161\u0107enja creva  ubla\u017eavanja bolova kod reumatizma i artritisa  spre\u010davanja opadanja kose - podsti\u010de cirkulaciju i ja\u010da koren.  Pakovanje:\u00a030 ml\" \/>\n<meta property=\"og:url\" content=\"https:\/\/vitaliafarm.com\/en\/prodavnica\/biljne-kapi-tinkture\/biljne-kapi-korena-koprive\/\" \/>\n<meta property=\"og:site_name\" content=\"Vitalia Farm\" \/>\n<meta property=\"article:publisher\" content=\"https:\/\/www.facebook.com\/vitaliafarm\/\" \/>\n<meta property=\"article:modified_time\" content=\"2026-03-27T13:51:06+00:00\" \/>\n<meta property=\"og:image\" content=\"https:\/\/vitaliafarm.com\/wp-content\/uploads\/2026\/03\/bk-korena-koprive-scaled.png\" \/>\n\t<meta property=\"og:image:width\" content=\"1920\" \/>\n\t<meta property=\"og:image:height\" content=\"2560\" \/>\n\t<meta property=\"og:image:type\" content=\"image\/png\" \/>\n<meta name=\"twitter:card\" content=\"summary_large_image\" \/>\n<meta name=\"twitter:label1\" content=\"Est. reading time\" \/>\n\t<meta name=\"twitter:data1\" content=\"1 minute\" \/>\n<script type=\"application\/ld+json\" class=\"yoast-schema-graph\">{\"@context\":\"https:\/\/schema.org\",\"@graph\":[{\"@type\":\"WebPage\",\"@id\":\"https:\/\/vitaliafarm.com\/prodavnica\/biljne-kapi-tinkture\/biljne-kapi-korena-koprive\/\",\"url\":\"https:\/\/vitaliafarm.com\/prodavnica\/biljne-kapi-tinkture\/biljne-kapi-korena-koprive\/\",\"name\":\"Biljne kapi korena koprive - Vitalia Farm\",\"isPartOf\":{\"@id\":\"https:\/\/vitaliafarm.com\/#website\"},\"primaryImageOfPage\":{\"@id\":\"https:\/\/vitaliafarm.com\/prodavnica\/biljne-kapi-tinkture\/biljne-kapi-korena-koprive\/#primaryimage\"},\"image\":{\"@id\":\"https:\/\/vitaliafarm.com\/prodavnica\/biljne-kapi-tinkture\/biljne-kapi-korena-koprive\/#primaryimage\"},\"thumbnailUrl\":\"https:\/\/vitaliafarm.com\/wp-content\/uploads\/2026\/03\/bk-korena-koprive-scaled.png\",\"datePublished\":\"2026-03-26T13:32:49+00:00\",\"dateModified\":\"2026-03-27T13:51:06+00:00\",\"breadcrumb\":{\"@id\":\"https:\/\/vitaliafarm.com\/prodavnica\/biljne-kapi-tinkture\/biljne-kapi-korena-koprive\/#breadcrumb\"},\"inLanguage\":\"en-US\",\"potentialAction\":[{\"@type\":\"ReadAction\",\"target\":[\"https:\/\/vitaliafarm.com\/prodavnica\/biljne-kapi-tinkture\/biljne-kapi-korena-koprive\/\"]}]},{\"@type\":\"ImageObject\",\"inLanguage\":\"en-US\",\"@id\":\"https:\/\/vitaliafarm.com\/prodavnica\/biljne-kapi-tinkture\/biljne-kapi-korena-koprive\/#primaryimage\",\"url\":\"https:\/\/vitaliafarm.com\/wp-content\/uploads\/2026\/03\/bk-korena-koprive-scaled.png\",\"contentUrl\":\"https:\/\/vitaliafarm.com\/wp-content\/uploads\/2026\/03\/bk-korena-koprive-scaled.png\",\"width\":1920,\"height\":2560},{\"@type\":\"BreadcrumbList\",\"@id\":\"https:\/\/vitaliafarm.com\/prodavnica\/biljne-kapi-tinkture\/biljne-kapi-korena-koprive\/#breadcrumb\",\"itemListElement\":[{\"@type\":\"ListItem\",\"position\":1,\"name\":\"Po\u010detna\",\"item\":\"https:\/\/vitaliafarm.com\/\"},{\"@type\":\"ListItem\",\"position\":2,\"name\":\"Prodavnica\",\"item\":\"https:\/\/vitaliafarm.com\/prodavnica\/\"},{\"@type\":\"ListItem\",\"position\":3,\"name\":\"Biljne kapi korena koprive\"}]},{\"@type\":\"WebSite\",\"@id\":\"https:\/\/vitaliafarm.com\/#website\",\"url\":\"https:\/\/vitaliafarm.com\/\",\"name\":\"Vitalia Farm\",\"description\":\"Svet lekovitog bilja\",\"publisher\":{\"@id\":\"https:\/\/vitaliafarm.com\/#organization\"},\"potentialAction\":[{\"@type\":\"SearchAction\",\"target\":{\"@type\":\"EntryPoint\",\"urlTemplate\":\"https:\/\/vitaliafarm.com\/?s={search_term_string}\"},\"query-input\":{\"@type\":\"PropertyValueSpecification\",\"valueRequired\":true,\"valueName\":\"search_term_string\"}}],\"inLanguage\":\"en-US\"},{\"@type\":\"Organization\",\"@id\":\"https:\/\/vitaliafarm.com\/#organization\",\"name\":\"Vitalia Farm d.o.o.\",\"url\":\"https:\/\/vitaliafarm.com\/\",\"logo\":{\"@type\":\"ImageObject\",\"inLanguage\":\"en-US\",\"@id\":\"https:\/\/vitaliafarm.com\/#\/schema\/logo\/image\/\",\"url\":\"https:\/\/vitaliafarm.com\/wp-content\/uploads\/2022\/02\/logo.png\",\"contentUrl\":\"https:\/\/vitaliafarm.com\/wp-content\/uploads\/2022\/02\/logo.png\",\"width\":270,\"height\":111,\"caption\":\"Vitalia Farm d.o.o.\"},\"image\":{\"@id\":\"https:\/\/vitaliafarm.com\/#\/schema\/logo\/image\/\"},\"sameAs\":[\"https:\/\/www.facebook.com\/vitaliafarm\/\",\"https:\/\/www.instagram.com\/vitaliafarm\/\"]}]}<\/script>\n<!-- \/ Yoast SEO plugin. -->","yoast_head_json":{"title":"Biljne kapi korena koprive - Vitalia Farm","robots":{"index":"index","follow":"follow","max-snippet":"max-snippet:-1","max-image-preview":"max-image-preview:large","max-video-preview":"max-video-preview:-1"},"canonical":"https:\/\/vitaliafarm.com\/en\/prodavnica\/biljne-kapi-tinkture\/biljne-kapi-korena-koprive\/","og_locale":"en_US","og_type":"article","og_title":"Biljne kapi korena koprive - Vitalia Farm","og_description":"Koren koprive povoljno deluje kod:   ubla\u017eavanja simptoma poreme\u0107aja mokrenja\u00a0 povezanih sa benignom hiperplazijom prostate  urinarnih infekcija  izbacivanja vi\u0161ka vode iz organizma i \u010di\u0161\u0107enja creva  ubla\u017eavanja bolova kod reumatizma i artritisa  spre\u010davanja opadanja kose - podsti\u010de cirkulaciju i ja\u010da koren.  Pakovanje:\u00a030 ml","og_url":"https:\/\/vitaliafarm.com\/en\/prodavnica\/biljne-kapi-tinkture\/biljne-kapi-korena-koprive\/","og_site_name":"Vitalia Farm","article_publisher":"https:\/\/www.facebook.com\/vitaliafarm\/","article_modified_time":"2026-03-27T13:51:06+00:00","og_image":[{"width":1920,"height":2560,"url":"https:\/\/vitaliafarm.com\/wp-content\/uploads\/2026\/03\/bk-korena-koprive-scaled.png","type":"image\/png"}],"twitter_card":"summary_large_image","twitter_misc":{"Est. reading time":"1 minute"},"schema":{"@context":"https:\/\/schema.org","@graph":[{"@type":"WebPage","@id":"https:\/\/vitaliafarm.com\/prodavnica\/biljne-kapi-tinkture\/biljne-kapi-korena-koprive\/","url":"https:\/\/vitaliafarm.com\/prodavnica\/biljne-kapi-tinkture\/biljne-kapi-korena-koprive\/","name":"Biljne kapi korena koprive - Vitalia Farm","isPartOf":{"@id":"https:\/\/vitaliafarm.com\/#website"},"primaryImageOfPage":{"@id":"https:\/\/vitaliafarm.com\/prodavnica\/biljne-kapi-tinkture\/biljne-kapi-korena-koprive\/#primaryimage"},"image":{"@id":"https:\/\/vitaliafarm.com\/prodavnica\/biljne-kapi-tinkture\/biljne-kapi-korena-koprive\/#primaryimage"},"thumbnailUrl":"https:\/\/vitaliafarm.com\/wp-content\/uploads\/2026\/03\/bk-korena-koprive-scaled.png","datePublished":"2026-03-26T13:32:49+00:00","dateModified":"2026-03-27T13:51:06+00:00","breadcrumb":{"@id":"https:\/\/vitaliafarm.com\/prodavnica\/biljne-kapi-tinkture\/biljne-kapi-korena-koprive\/#breadcrumb"},"inLanguage":"en-US","potentialAction":[{"@type":"ReadAction","target":["https:\/\/vitaliafarm.com\/prodavnica\/biljne-kapi-tinkture\/biljne-kapi-korena-koprive\/"]}]},{"@type":"ImageObject","inLanguage":"en-US","@id":"https:\/\/vitaliafarm.com\/prodavnica\/biljne-kapi-tinkture\/biljne-kapi-korena-koprive\/#primaryimage","url":"https:\/\/vitaliafarm.com\/wp-content\/uploads\/2026\/03\/bk-korena-koprive-scaled.png","contentUrl":"https:\/\/vitaliafarm.com\/wp-content\/uploads\/2026\/03\/bk-korena-koprive-scaled.png","width":1920,"height":2560},{"@type":"BreadcrumbList","@id":"https:\/\/vitaliafarm.com\/prodavnica\/biljne-kapi-tinkture\/biljne-kapi-korena-koprive\/#breadcrumb","itemListElement":[{"@type":"ListItem","position":1,"name":"Po\u010detna","item":"https:\/\/vitaliafarm.com\/"},{"@type":"ListItem","position":2,"name":"Prodavnica","item":"https:\/\/vitaliafarm.com\/prodavnica\/"},{"@type":"ListItem","position":3,"name":"Biljne kapi korena koprive"}]},{"@type":"WebSite","@id":"https:\/\/vitaliafarm.com\/#website","url":"https:\/\/vitaliafarm.com\/","name":"Vitalia Farm","description":"Svet lekovitog bilja","publisher":{"@id":"https:\/\/vitaliafarm.com\/#organization"},"potentialAction":[{"@type":"SearchAction","target":{"@type":"EntryPoint","urlTemplate":"https:\/\/vitaliafarm.com\/?s={search_term_string}"},"query-input":{"@type":"PropertyValueSpecification","valueRequired":true,"valueName":"search_term_string"}}],"inLanguage":"en-US"},{"@type":"Organization","@id":"https:\/\/vitaliafarm.com\/#organization","name":"Vitalia Farm d.o.o.","url":"https:\/\/vitaliafarm.com\/","logo":{"@type":"ImageObject","inLanguage":"en-US","@id":"https:\/\/vitaliafarm.com\/#\/schema\/logo\/image\/","url":"https:\/\/vitaliafarm.com\/wp-content\/uploads\/2022\/02\/logo.png","contentUrl":"https:\/\/vitaliafarm.com\/wp-content\/uploads\/2022\/02\/logo.png","width":270,"height":111,"caption":"Vitalia Farm d.o.o."},"image":{"@id":"https:\/\/vitaliafarm.com\/#\/schema\/logo\/image\/"},"sameAs":["https:\/\/www.facebook.com\/vitaliafarm\/","https:\/\/www.instagram.com\/vitaliafarm\/"]}]}},"_links":{"self":[{"href":"https:\/\/vitaliafarm.com\/en\/wp-json\/wp\/v2\/product\/7041","targetHints":{"allow":["GET"]}}],"collection":[{"href":"https:\/\/vitaliafarm.com\/en\/wp-json\/wp\/v2\/product"}],"about":[{"href":"https:\/\/vitaliafarm.com\/en\/wp-json\/wp\/v2\/types\/product"}],"replies":[{"embeddable":true,"href":"https:\/\/vitaliafarm.com\/en\/wp-json\/wp\/v2\/comments?post=7041"}],"wp:featuredmedia":[{"embeddable":true,"href":"https:\/\/vitaliafarm.com\/en\/wp-json\/wp\/v2\/media\/7042"}],"wp:attachment":[{"href":"https:\/\/vitaliafarm.com\/en\/wp-json\/wp\/v2\/media?parent=7041"}],"wp:term":[{"taxonomy":"product_brand","embeddable":true,"href":"https:\/\/vitaliafarm.com\/en\/wp-json\/wp\/v2\/product_brand?post=7041"},{"taxonomy":"product_cat","embeddable":true,"href":"https:\/\/vitaliafarm.com\/en\/wp-json\/wp\/v2\/product_cat?post=7041"},{"taxonomy":"product_tag","embeddable":true,"href":"https:\/\/vitaliafarm.com\/en\/wp-json\/wp\/v2\/product_tag?post=7041"}],"curies":[{"name":"wp","href":"https:\/\/api.w.org\/{rel}","templated":true}]}}